{"id":11761,"date":"2026-04-30T11:45:11","date_gmt":"2026-04-30T09:45:11","guid":{"rendered":"https:\/\/drukarnia-danpol.pl\/?page_id=11761"},"modified":"2026-05-01T11:46:44","modified_gmt":"2026-05-01T09:46:44","slug":"knihtiskarna-siemianowice-slaskie","status":"publish","type":"page","link":"https:\/\/drukarnia-danpol.pl\/cs\/drukarnia-ksiazek-siemianowice-slaskie\/","title":{"rendered":"Knihtisk\u00e1rna Siemianowice \u015al\u0105skie"},"content":{"rendered":"<div data-elementor-type=\"wp-page\" data-elementor-id=\"11761\" class=\"elementor elementor-11761\">\n\t\t\t\t<div class=\"elementor-element elementor-element-b70a2ac e-flex e-con-boxed e-con e-parent\" data-id=\"b70a2ac\" data-element_type=\"container\" data-e-type=\"container\">\n\t\t\t\t\t<div class=\"e-con-inner\">\n\t\t<div class=\"elementor-element elementor-element-c2bfeb2 e-con-full e-flex e-con e-child\" data-id=\"c2bfeb2\" data-element_type=\"container\" data-e-type=\"container\">\n\t\t<div class=\"elementor-element elementor-element-c340858 e-con-full e-flex e-con e-child\" data-id=\"c340858\" data-element_type=\"container\" data-e-type=\"container\">\n\t\t\t\t<div class=\"elementor-element elementor-element-98f7808 elementor-widget elementor-widget-spacer\" data-id=\"98f7808\" data-element_type=\"widget\" data-e-type=\"widget\" data-widget_type=\"spacer.default\">\n\t\t\t\t<div class=\"elementor-widget-container\">\n\t\t\t\t\t\t\t<div class=\"elementor-spacer\">\n\t\t\t<div class=\"elementor-spacer-inner\"><\/div>\n\t\t<\/div>\n\t\t\t\t\t\t<\/div>\n\t\t\t\t<\/div>\n\t\t\t\t<div class=\"elementor-element elementor-element-0d358d8 elementor-widget elementor-widget-heading\" data-id=\"0d358d8\" data-element_type=\"widget\" data-e-type=\"widget\" data-widget_type=\"heading.default\">\n\t\t\t\t<div class=\"elementor-widget-container\">\n\t\t\t\t\t<h1 class=\"elementor-heading-title elementor-size-default\">Knihtisk\u00e1rna Siemianowice \u015al\u0105skie<\/h1>\t\t\t\t<\/div>\n\t\t\t\t<\/div>\n\t\t\t\t<div class=\"elementor-element elementor-element-2b13552 elementor-widget elementor-widget-spacer\" data-id=\"2b13552\" data-element_type=\"widget\" data-e-type=\"widget\" data-widget_type=\"spacer.default\">\n\t\t\t\t<div class=\"elementor-widget-container\">\n\t\t\t\t\t\t\t<div class=\"elementor-spacer\">\n\t\t\t<div class=\"elementor-spacer-inner\"><\/div>\n\t\t<\/div>\n\t\t\t\t\t\t<\/div>\n\t\t\t\t<\/div>\n\t\t\n\t\t<div class=\"elementor-element elementor-element-e0a7147 elementor-widget elementor-widget-text-editor\" data-id=\"e0a7147\" data-element_type=\"widget\" data-e-type=\"widget\" data-widget_type=\"text-editor.default\">\n\t\t\t\t<div class=\"elementor-widget-container\">\n\t\t\t\t\t\t\t\t\t<p class=\"p1\">N\u011bkter\u00e9 knihy je prost\u011b pot\u0159eba vytisknout, zat\u00edmco jin\u00e9 vy\u017eaduj\u00ed pe\u010dliv\u00e9 pl\u00e1nov\u00e1n\u00ed od sam\u00e9ho za\u010d\u00e1tku. Rozd\u00edl se obvykle projev\u00ed a\u017e na konci \u2013 v kvalit\u011b vazby, snadnosti \u010dten\u00ed, vzhledu ob\u00e1lky a v tom, zda si cel\u00fd n\u00e1klad udr\u017euje konzistentn\u00ed standard. Proto <strong>P\u0159i v\u00fdb\u011bru tisk\u00e1rny se nevyplat\u00ed d\u00edvat jen na cenu<\/strong> nebo um\u00edst\u011bn\u00ed. Mnohem d\u016fle\u017eit\u011bj\u0161\u00ed je, zda bude projekt dob\u0159e \u0159\u00edzen z technick\u00e9ho a organiza\u010dn\u00edho hlediska.<\/p><p class=\"p1\"><strong>DANPOL<\/strong> je tisk\u00e1rna ze Zabrze, kter\u00e1 vyr\u00e1b\u00ed knihy pro klienty z cel\u00e9ho Slezska, v\u010detn\u011b <strong>Siemianowice Slezsk\u00e9<\/strong>. Spolupracujeme s autory, kte\u0159\u00ed si p\u0159ipravuj\u00ed vlastn\u00ed publikace, ale i s firmami, nakladatelstv\u00edmi a institucemi, kter\u00e9 si zad\u00e1vaj\u00ed v\u011bt\u0161\u00ed s\u00e9rie. <strong>Cel\u00fd proces lze dokon\u010dit online a hotov\u00fd produkt je odesl\u00e1n<\/strong>, ale v p\u0159\u00edpad\u011b pot\u0159eby je zde i mo\u017enost p\u0159\u00edm\u00e9ho kontaktu a domluven\u00ed detail\u016f realizace.<\/p>\t\t\t\t\t\t\t\t<\/div>\n\t\t\t\t<\/div>\n\t\t\t\t<div class=\"elementor-element elementor-element-e49ff4c elementor-widget elementor-widget-spacer\" data-id=\"e49ff4c\" data-element_type=\"widget\" data-e-type=\"widget\" data-widget_type=\"spacer.default\">\n\t\t\t\t<div class=\"elementor-widget-container\">\n\t\t\t\t\t\t\t<div class=\"elementor-spacer\">\n\t\t\t<div class=\"elementor-spacer-inner\"><\/div>\n\t\t<\/div>\n\t\t\t\t\t\t<\/div>\n\t\t\t\t<\/div>\n\t\t\t\t<div class=\"elementor-element elementor-element-c1ec6a3 elementor-button-default elementor-widget elementor-widget-button\" data-id=\"c1ec6a3\" data-element_type=\"widget\" data-e-type=\"widget\" data-widget_type=\"button.default\">\n\t\t\t\t<div class=\"elementor-widget-container\">\n\t\t\t\t\t\t\t\t\t<div class=\"elementor-button-wrapper\">\n\t\t\t\t\t<a class=\"elementor-button elementor-button-link elementor-size-sm\" href=\"https:\/\/drukarnia-danpol.pl\/cs\/kontakt\/\">\n\t\t\t\t\t\t<span class=\"elementor-button-content-wrapper\">\n\t\t\t\t\t\t\t\t\t<span class=\"elementor-button-text\">Objednat cenovou nab\u00eddku na tisk knih \u2192<\/span>\n\t\t\t\t\t<\/span>\n\t\t\t\t\t<\/a>\n\t\t\t\t<\/div>\n\t\t\t\t\t\t\t\t<\/div>\n\t\t\t\t<\/div>\n\t\t\t\t<\/div>\n\t\t\t\t<\/div>\n\t\t\t\t\t<\/div>\n\t\t\t\t<\/div>\n\t\t<div class=\"elementor-element elementor-element-61e0f52 e-flex e-con-boxed e-con e-parent\" data-id=\"61e0f52\" data-element_type=\"container\" data-e-type=\"container\" data-settings=\"{&quot;background_background&quot;:&quot;classic&quot;}\">\n\t\t\t\t\t<div class=\"e-con-inner\">\n\t\t<div class=\"elementor-element elementor-element-6808c7e e-con-full e-flex e-con e-child\" data-id=\"6808c7e\" data-element_type=\"container\" data-e-type=\"container\" data-settings=\"{&quot;background_background&quot;:&quot;classic&quot;}\">\n\t\t<div class=\"elementor-element elementor-element-76e6df8 e-con-full e-flex e-con e-child\" data-id=\"76e6df8\" data-element_type=\"container\" data-e-type=\"container\" data-settings=\"{&quot;background_background&quot;:&quot;classic&quot;}\">\n\t\t\t\t<div class=\"elementor-element elementor-element-3bdfae7 elementor-widget elementor-widget-heading\" data-id=\"3bdfae7\" data-element_type=\"widget\" data-e-type=\"widget\" data-widget_type=\"heading.default\">\n\t\t\t\t<div class=\"elementor-widget-container\">\n\t\t\t\t\t<h2 class=\"elementor-heading-title elementor-size-default\">Profesion\u00e1ln\u00ed tisk knih pro autory, vydavatele a firmy<\/h2>\t\t\t\t<\/div>\n\t\t\t\t<\/div>\n\t\t\t\t<div class=\"elementor-element elementor-element-8465009 elementor-widget elementor-widget-spacer\" data-id=\"8465009\" data-element_type=\"widget\" data-e-type=\"widget\" data-widget_type=\"spacer.default\">\n\t\t\t\t<div class=\"elementor-widget-container\">\n\t\t\t\t\t\t\t<div class=\"elementor-spacer\">\n\t\t\t<div class=\"elementor-spacer-inner\"><\/div>\n\t\t<\/div>\n\t\t\t\t\t\t<\/div>\n\t\t\t\t<\/div>\n\t\t\t\t<div class=\"elementor-element elementor-element-02078ae elementor-widget elementor-widget-text-editor\" data-id=\"02078ae\" data-element_type=\"widget\" data-e-type=\"widget\" data-widget_type=\"text-editor.default\">\n\t\t\t\t<div class=\"elementor-widget-container\">\n\t\t\t\t\t\t\t\t\t<p class=\"p1\">Ka\u017ed\u00e1 publikace m\u00e1 sv\u016fj vlastn\u00ed \u00fa\u010del, tak\u017ee pr\u00e1ce na knize ur\u010den\u00e9 k prodeji se li\u0161\u00ed od pr\u00e1ce na firemn\u00edm vyd\u00e1n\u00ed a pr\u00e1ce na kr\u00e1tk\u00e9 origin\u00e1ln\u00ed s\u00e9rii je st\u00e1le jin\u00e1. <strong>rom\u00e1ny, pr\u016fvodci, u\u010debnice<\/strong>, sb\u00edrky b\u00e1sn\u00ed, alba, odborn\u00e9 publikace, v\u011bdeck\u00e9 knihy a \u0161kolic\u00ed materi\u00e1ly. Jedn\u00e1 se o \u0161irokou \u0161k\u00e1lu projekt\u016f, ale v\u0161echny maj\u00ed jedno spole\u010dn\u00e9: ka\u017ed\u00fd vy\u017eaduje pe\u010dliv\u011b zvolenou technologii, vhodn\u00fd pap\u00edr a pe\u010dliv\u011b napl\u00e1novanou kone\u010dnou \u00fapravu.<\/p><p class=\"p1\">Pro z\u00e1kazn\u00edky z <strong>Siemianowice Slezsk\u00e9<\/strong> Obvykle je d\u016fle\u017eit\u00e9, \u017ee tisk knih neznamen\u00e1 nutnost hledat v\u00edce dodavatel\u016f zvl\u00e1\u0161\u0165. V praxi jde o mo\u017enost zadat v\u0161e z jednoho m\u00edsta a dos\u00e1hnout v\u00fdsledku, kter\u00fd odpov\u00edd\u00e1 nejen rozpo\u010dtu, ale i povaze publikace.<\/p>\t\t\t\t\t\t\t\t<\/div>\n\t\t\t\t<\/div>\n\t\t\t\t<\/div>\n\t\t\t\t<\/div>\n\t\t\t\t\t<\/div>\n\t\t\t\t<\/div>\n\t\t<div class=\"elementor-element elementor-element-34bd0e4 e-flex e-con-boxed e-con e-parent\" data-id=\"34bd0e4\" data-element_type=\"container\" data-e-type=\"container\">\n\t\t\t\t\t<div class=\"e-con-inner\">\n\t\t<div class=\"elementor-element elementor-element-d290a1d e-con-full e-flex e-con e-child\" data-id=\"d290a1d\" data-element_type=\"container\" data-e-type=\"container\">\n\t\t<div class=\"elementor-element elementor-element-0cd0e27 e-con-full e-flex e-con e-child\" data-id=\"0cd0e27\" data-element_type=\"container\" data-e-type=\"container\">\n\t\t\t\t<div class=\"elementor-element elementor-element-6a3f539 elementor-widget elementor-widget-heading\" data-id=\"6a3f539\" data-element_type=\"widget\" data-e-type=\"widget\" data-widget_type=\"heading.default\">\n\t\t\t\t<div class=\"elementor-widget-container\">\n\t\t\t\t\t<h2 class=\"elementor-heading-title elementor-size-default\">Komplexn\u00ed tisk knih s p\u0159\u00edpravou, v\u00fdrobou a expedic\u00ed<\/h2>\t\t\t\t<\/div>\n\t\t\t\t<\/div>\n\t\t\t\t<div class=\"elementor-element elementor-element-9d4ab95 elementor-widget elementor-widget-spacer\" data-id=\"9d4ab95\" data-element_type=\"widget\" data-e-type=\"widget\" data-widget_type=\"spacer.default\">\n\t\t\t\t<div class=\"elementor-widget-container\">\n\t\t\t\t\t\t\t<div class=\"elementor-spacer\">\n\t\t\t<div class=\"elementor-spacer-inner\"><\/div>\n\t\t<\/div>\n\t\t\t\t\t\t<\/div>\n\t\t\t\t<\/div>\n\t\t\t\t<div class=\"elementor-element elementor-element-6d9c835 elementor-widget elementor-widget-text-editor\" data-id=\"6d9c835\" data-element_type=\"widget\" data-e-type=\"widget\" data-widget_type=\"text-editor.default\">\n\t\t\t\t<div class=\"elementor-widget-container\">\n\t\t\t\t\t\t\t\t\t<p class=\"p1\">Dob\u0159e proveden\u00e1 publikace nen\u00ed v\u00fdsledkem jedn\u00e9 f\u00e1ze, ale cel\u00e9 \u0159ady aktivit, kter\u00e9 do sebe mus\u00ed zapadat. <strong>Nejprve je t\u0159eba zkontrolovat materi\u00e1ly, ur\u010dit technick\u00e9 parametry, zvolit zp\u016fsob tisku a napl\u00e1novat kone\u010dnou \u00fapravu.<\/strong>. Teprve pot\u00e9 m\u016f\u017eeme p\u0159ej\u00edt k v\u00fdrob\u011b s v\u011bt\u0161\u00ed jistotou, \u017ee kone\u010dn\u00fd v\u00fdstup bude konzistentn\u00ed a spln\u00ed o\u010dek\u00e1v\u00e1n\u00ed.<\/p><p class=\"p1\"><strong>Nab\u00edz\u00edme slu\u017eby v\u010detn\u011b p\u0159\u00edpravy soubor\u016f, tisku, kone\u010dn\u00e9 \u00fapravy, balen\u00ed a p\u0159epravy hotov\u00fdch kopi\u00ed.<\/strong>. D\u00edky tomu si z\u00e1kazn\u00edci ze Siemianowic \u015al\u0105skie mohou objednat v\u0161e z jednoho m\u00edsta, ani\u017e by museli proces rozd\u011blovat mezi v\u00edce spole\u010dnost\u00ed. Je to pohodln\u011bj\u0161\u00ed, p\u0159edv\u00eddateln\u011bj\u0161\u00ed a bezpe\u010dn\u011bj\u0161\u00ed pro kvalitu cel\u00e9ho projektu.<\/p><h3><span class=\"s1\"><b>Nej\u010dast\u011bji tiskneme:<\/b><\/span><\/h3><ul><li>Bro\u017eovan\u00e9 a pevn\u00e9 vazby knih<\/li><li>Rom\u00e1ny, pr\u00f3za, poezie<\/li><li>V\u011bdeck\u00e9 a technick\u00e9 knihy<\/li><li>Pr\u00e9miov\u00e1 alba a publikace<\/li><li>Tisky pro vydavatele a jednotliv\u00e9 autory<\/li><\/ul><h3><span class=\"s1\"><b>Mo\u017en\u00e9 mo\u017enosti kone\u010dn\u00e9 \u00fapravy knih a tisk\u016f:<\/b><\/span><\/h3><ul><li>Matn\u00e1 \/ leskl\u00e1 \/ m\u011bkk\u00e1 laminace<\/li><li>Hork\u00e1 ra\u017eba (zlato\/st\u0159\u00edbro)<\/li><li>Ra\u017eba a selektivn\u00ed UV lak<\/li><\/ul>\t\t\t\t\t\t\t\t<\/div>\n\t\t\t\t<\/div>\n\t\t\t\t<\/div>\n\t\t\t\t<\/div>\n\t\t\t\t\t<\/div>\n\t\t\t\t<\/div>\n\t\t<div class=\"elementor-element elementor-element-2863e40 e-flex e-con-boxed e-con e-parent\" data-id=\"2863e40\" data-element_type=\"container\" data-e-type=\"container\" data-settings=\"{&quot;background_background&quot;:&quot;classic&quot;}\">\n\t\t\t\t\t<div class=\"e-con-inner\">\n\t\t<div class=\"elementor-element elementor-element-79d9386 e-con-full e-flex e-con e-child\" data-id=\"79d9386\" data-element_type=\"container\" data-e-type=\"container\" data-settings=\"{&quot;background_background&quot;:&quot;classic&quot;}\">\n\t\t<div class=\"elementor-element elementor-element-bd0eda2 e-con-full e-flex e-con e-child\" data-id=\"bd0eda2\" data-element_type=\"container\" data-e-type=\"container\" data-settings=\"{&quot;background_background&quot;:&quot;classic&quot;}\">\n\t\t\t\t<div class=\"elementor-element elementor-element-93b8dfd elementor-widget elementor-widget-heading\" data-id=\"93b8dfd\" data-element_type=\"widget\" data-e-type=\"widget\" data-widget_type=\"heading.default\">\n\t\t\t\t<div class=\"elementor-widget-container\">\n\t\t\t\t\t<h2 class=\"elementor-heading-title elementor-size-default\">Jak si objednat tisk knihy?<\/h2>\t\t\t\t<\/div>\n\t\t\t\t<\/div>\n\t\t\t\t<div class=\"elementor-element elementor-element-06b12e5 elementor-widget elementor-widget-spacer\" data-id=\"06b12e5\" data-element_type=\"widget\" data-e-type=\"widget\" data-widget_type=\"spacer.default\">\n\t\t\t\t<div class=\"elementor-widget-container\">\n\t\t\t\t\t\t\t<div class=\"elementor-spacer\">\n\t\t\t<div class=\"elementor-spacer-inner\"><\/div>\n\t\t<\/div>\n\t\t\t\t\t\t<\/div>\n\t\t\t\t<\/div>\n\t\t\t\t<div class=\"elementor-element elementor-element-57e9332 elementor-widget elementor-widget-text-editor\" data-id=\"57e9332\" data-element_type=\"widget\" data-e-type=\"widget\" data-widget_type=\"text-editor.default\">\n\t\t\t\t<div class=\"elementor-widget-container\">\n\t\t\t\t\t\t\t\t\t<ol><li>Za\u0161lete PDF soubory nebo n\u00e1vrh pro cenovou nab\u00eddku.<\/li><li>P\u0159esnou cenovou nab\u00eddku a term\u00edn dokon\u010den\u00ed obdr\u017e\u00edte do 24 hodin.<\/li><li>Po schv\u00e1len\u00ed za\u010dneme s tiskem.<\/li><li>Osobn\u00ed odb\u011br v Zabrze nebo zasl\u00e1n\u00ed kur\u00fdrem.<\/li><\/ol>\t\t\t\t\t\t\t\t<\/div>\n\t\t\t\t<\/div>\n\t\t\t\t<div class=\"elementor-element elementor-element-a084360 elementor-button-default elementor-widget elementor-widget-button\" data-id=\"a084360\" data-element_type=\"widget\" data-e-type=\"widget\" data-widget_type=\"button.default\">\n\t\t\t\t<div class=\"elementor-widget-container\">\n\t\t\t\t\t\t\t\t\t<div class=\"elementor-button-wrapper\">\n\t\t\t\t\t<a class=\"elementor-button elementor-button-link elementor-size-sm\" href=\"https:\/\/drukarnia-danpol.pl\/cs\/kontakt\/\">\n\t\t\t\t\t\t<span class=\"elementor-button-content-wrapper\">\n\t\t\t\t\t\t\t\t\t<span class=\"elementor-button-text\">Vy\u017e\u00e1dejte si cenovou nab\u00eddku \u2192<\/span>\n\t\t\t\t\t<\/span>\n\t\t\t\t\t<\/a>\n\t\t\t\t<\/div>\n\t\t\t\t\t\t\t\t<\/div>\n\t\t\t\t<\/div>\n\t\t\t\t<\/div>\n\t\t\t\t<\/div>\n\t\t\t\t\t<\/div>\n\t\t\t\t<\/div>\n\t\t<div class=\"elementor-element elementor-element-eed4e48 e-flex e-con-boxed e-con e-parent\" data-id=\"eed4e48\" data-element_type=\"container\" data-e-type=\"container\">\n\t\t\t\t\t<div class=\"e-con-inner\">\n\t\t<div class=\"elementor-element elementor-element-9e6bb3f e-con-full e-flex e-con e-child\" data-id=\"9e6bb3f\" data-element_type=\"container\" data-e-type=\"container\">\n\t\t<div class=\"elementor-element elementor-element-968e592 e-con-full e-flex e-con e-child\" data-id=\"968e592\" data-element_type=\"container\" data-e-type=\"container\">\n\t\t\t\t<div class=\"elementor-element elementor-element-0ffca94 elementor-widget elementor-widget-heading\" data-id=\"0ffca94\" data-element_type=\"widget\" data-e-type=\"widget\" data-widget_type=\"heading.default\">\n\t\t\t\t<div class=\"elementor-widget-container\">\n\t\t\t\t\t<h2 class=\"elementor-heading-title elementor-size-default\">Co krom\u011b samotn\u00e9ho tisku ovliv\u0148uje p\u0159ijet\u00ed hotov\u00e9 knihy?<\/h2>\t\t\t\t<\/div>\n\t\t\t\t<\/div>\n\t\t\t\t<div class=\"elementor-element elementor-element-c4e152f elementor-widget elementor-widget-spacer\" data-id=\"c4e152f\" data-element_type=\"widget\" data-e-type=\"widget\" data-widget_type=\"spacer.default\">\n\t\t\t\t<div class=\"elementor-widget-container\">\n\t\t\t\t\t\t\t<div class=\"elementor-spacer\">\n\t\t\t<div class=\"elementor-spacer-inner\"><\/div>\n\t\t<\/div>\n\t\t\t\t\t\t<\/div>\n\t\t\t\t<\/div>\n\t\t\t\t<div class=\"elementor-element elementor-element-184954f elementor-widget elementor-widget-text-editor\" data-id=\"184954f\" data-element_type=\"widget\" data-e-type=\"widget\" data-widget_type=\"text-editor.default\">\n\t\t\t\t<div class=\"elementor-widget-container\">\n\t\t\t\t\t\t\t\t\t<p class=\"p1\">\u010cten\u00e1\u0159 nebo koncov\u00fd z\u00e1kazn\u00edk neposuzuje knihu pouze podle jej\u00edho obsahu. D\u016fle\u017eit\u00e9 je tak\u00e9 to, jak publikace vypad\u00e1, jak se dr\u017e\u00ed v ruce, zda ob\u00e1lka vypad\u00e1 solidn\u011b a zda je cel\u00fd text uhlazen\u00fd. Proto jsou tak d\u016fle\u017eit\u00e9 prvky, kter\u00e9 jsou na prvn\u00ed pohled \u010dasto pova\u017eov\u00e1ny za pouh\u00e9 dopl\u0148ky. <strong>F\u00f3lie, ra\u017eba, hork\u00e1 ra\u017eba nebo selektivn\u00ed UV lakov\u00e1n\u00ed<\/strong> Mohou v\u00fdznamn\u011b ovlivnit vn\u00edm\u00e1n\u00ed hotov\u00e9ho vyd\u00e1n\u00ed. Dob\u0159e zvolen\u00e1 povrchov\u00e1 \u00faprava zvy\u0161uje nejen estetiku, ale \u010dasto i trvanlivost publikace. To je obzvl\u00e1\u0161t\u011b d\u016fle\u017eit\u00e9 u knih ur\u010den\u00fdch k prodeji, prezentac\u00edm a firemn\u00edmu pou\u017eit\u00ed, kde na prvn\u00edm dojmu skute\u010dn\u011b z\u00e1le\u017e\u00ed.<\/p>\t\t\t\t\t\t\t\t<\/div>\n\t\t\t\t<\/div>\n\t\t\t\t<\/div>\n\t\t\t\t<\/div>\n\t\t\t\t\t<\/div>\n\t\t\t\t<\/div>\n\t\t<div class=\"elementor-element elementor-element-9190521 e-flex e-con-boxed e-con e-parent\" data-id=\"9190521\" data-element_type=\"container\" data-e-type=\"container\" data-settings=\"{&quot;background_background&quot;:&quot;classic&quot;}\">\n\t\t\t\t\t<div class=\"e-con-inner\">\n\t\t<div class=\"elementor-element elementor-element-fc5004b e-con-full e-flex e-con e-child\" data-id=\"fc5004b\" data-element_type=\"container\" data-e-type=\"container\" data-settings=\"{&quot;background_background&quot;:&quot;classic&quot;}\">\n\t\t<div class=\"elementor-element elementor-element-554178d e-con-full e-flex e-con e-child\" data-id=\"554178d\" data-element_type=\"container\" data-e-type=\"container\" data-settings=\"{&quot;background_background&quot;:&quot;classic&quot;}\">\n\t\t\t\t<div class=\"elementor-element elementor-element-5f83433 elementor-widget elementor-widget-heading\" data-id=\"5f83433\" data-element_type=\"widget\" data-e-type=\"widget\" data-widget_type=\"heading.default\">\n\t\t\t\t<div class=\"elementor-widget-container\">\n\t\t\t\t\t<h2 class=\"elementor-heading-title elementor-size-default\">Tisk\u00e1rna knih pro z\u00e1kazn\u00edky ze Siemianowic Slezsk\u00fdch a okol\u00ed<\/h2>\t\t\t\t<\/div>\n\t\t\t\t<\/div>\n\t\t\t\t<div class=\"elementor-element elementor-element-e1259ef elementor-widget elementor-widget-spacer\" data-id=\"e1259ef\" data-element_type=\"widget\" data-e-type=\"widget\" data-widget_type=\"spacer.default\">\n\t\t\t\t<div class=\"elementor-widget-container\">\n\t\t\t\t\t\t\t<div class=\"elementor-spacer\">\n\t\t\t<div class=\"elementor-spacer-inner\"><\/div>\n\t\t<\/div>\n\t\t\t\t\t\t<\/div>\n\t\t\t\t<\/div>\n\t\t\t\t<div class=\"elementor-element elementor-element-205ee6b elementor-widget elementor-widget-text-editor\" data-id=\"205ee6b\" data-element_type=\"widget\" data-e-type=\"widget\" data-widget_type=\"text-editor.default\">\n\t\t\t\t<div class=\"elementor-widget-container\">\n\t\t\t\t\t\t\t\t\t<p class=\"p1\">Pln\u00edme objedn\u00e1vky pro z\u00e1kazn\u00edky od <strong>Siemianowice Slezsk\u00e9<\/strong> a sousedn\u00edch m\u011bst, <strong>zvl\u00e1d\u00e1n\u00ed jak jednotliv\u00fdch projekt\u016f, tak i v\u011bt\u0161\u00edch objem\u016f prov\u00e1d\u011bn\u00fdch cyklicky<\/strong>. Pro n\u011bkter\u00e9 bude nejv\u011bt\u0161\u00ed v\u00fdhodou mo\u017enost <strong>pohodln\u00e9 online objedn\u00e1v\u00e1n\u00ed<\/strong>, pro jin\u00e9 skute\u010dnost, \u017ee tisk\u00e1rna skute\u010dn\u011b funguje <strong>Slezsko<\/strong> a v p\u0159\u00edpad\u011b pot\u0159eby si m\u016f\u017eete rychle domluvit podrobnosti spolupr\u00e1ce.<\/p><p class=\"p1\">Pokud hled\u00e1te m\u00edsto, kde bude tisk knih pova\u017eov\u00e1n za kompletn\u00ed proces, nejen za rychl\u00fd technick\u00fd servis, <strong>DANPOL<\/strong> bude tak\u00e9 dobrou volbou pro projekty prov\u00e1d\u011bn\u00e9 s <strong>Siemianowice Slezsk\u00e9<\/strong>.<\/p><p>Tiskneme tak\u00e9 pro dal\u0161\u00ed bl\u00edzk\u00e1 m\u011bsta, jako nap\u0159\u00edklad:<\/p><ul><li class=\"p1\"><a href=\"https:\/\/drukarnia-danpol.pl\/cs\/drukarnia-ksiazek-gliwice\/\">Tisk knih v Gliwic\u00edch<\/a><\/li><li><a href=\"https:\/\/drukarnia-danpol.pl\/cs\/drukarnia-ksiazek-katowice\/\">Tisk knih Katovice<\/a><\/li><\/ul>\t\t\t\t\t\t\t\t<\/div>\n\t\t\t\t<\/div>\n\t\t\t\t<div class=\"elementor-element elementor-element-83ff27f elementor-button-default elementor-widget elementor-widget-button\" data-id=\"83ff27f\" data-element_type=\"widget\" data-e-type=\"widget\" data-widget_type=\"button.default\">\n\t\t\t\t<div class=\"elementor-widget-container\">\n\t\t\t\t\t\t\t\t\t<div class=\"elementor-button-wrapper\">\n\t\t\t\t\t<a class=\"elementor-button elementor-button-link elementor-size-sm\" href=\"https:\/\/drukarnia-danpol.pl\/cs\/kontakt\/\">\n\t\t\t\t\t\t<span class=\"elementor-button-content-wrapper\">\n\t\t\t\t\t\t\t\t\t<span class=\"elementor-button-text\">Kontaktujte n\u00e1s \u2192<\/span>\n\t\t\t\t\t<\/span>\n\t\t\t\t\t<\/a>\n\t\t\t\t<\/div>\n\t\t\t\t\t\t\t\t<\/div>\n\t\t\t\t<\/div>\n\t\t\t\t<div class=\"elementor-element elementor-element-fe77e89 elementor-widget elementor-widget-spacer\" data-id=\"fe77e89\" data-element_type=\"widget\" data-e-type=\"widget\" data-widget_type=\"spacer.default\">\n\t\t\t\t<div class=\"elementor-widget-container\">\n\t\t\t\t\t\t\t<div class=\"elementor-spacer\">\n\t\t\t<div class=\"elementor-spacer-inner\"><\/div>\n\t\t<\/div>\n\t\t\t\t\t\t<\/div>\n\t\t\t\t<\/div>\n\t\t\t\t<div class=\"elementor-element elementor-element-81558a4 elementor-widget elementor-widget-html\" data-id=\"81558a4\" data-element_type=\"widget\" data-e-type=\"widget\" data-widget_type=\"html.default\">\n\t\t\t\t<div class=\"elementor-widget-container\">\n\t\t\t\t\t<iframe src=\"https:\/\/www.google.com\/maps\/embed?pb=!1m18!1m12!1m3!1d40978.824707079715!2d18.981995074948415!3d50.31234114033177!2m3!1f0!2f0!3f0!3m2!1i1024!2i768!4f13.1!3m3!1m2!1s0x4716d1856b6e7147%3A0xce181eb69a74764c!2sSiemianowice%20%C5%9Al%C4%85skie!5e1!3m2!1sen!2spl!4v1777574351865!5m2!1sen!2spl\" width=\"100%\" height=\"377\" style=\"border:0;\" allowfullscreen=\"\" loading=\"lazy\" referrerpolicy=\"no-referrer-when-downgrade\"><\/iframe>\t\t\t\t<\/div>\n\t\t\t\t<\/div>\n\t\t\t\t<\/div>\n\t\t\t\t<\/div>\n\t\t\t\t\t<\/div>\n\t\t\t\t<\/div>\n\t\t\t\t<\/div>","protected":false},"excerpt":{"rendered":"<p>Drukarnia ksi\u0105\u017cek Siemianowice \u015al\u0105skie S\u0105 ksi\u0105\u017cki, kt\u00f3re maj\u0105 po prostu zosta\u0107 wydrukowane, i s\u0105 takie, kt\u00f3re od pocz\u0105tku wymagaj\u0105 przemy\u015blanej realizacji. R\u00f3\u017cnica najcz\u0119\u015bciej wychodzi dopiero na ko\u0144cu &#8211; w jako\u015bci oprawy, wygodzie czytania, wygl\u0105dzie ok\u0142adki i tym, czy ca\u0142y nak\u0142ad trzyma r\u00f3wny poziom. Dlatego przy wyborze drukarni nie warto patrze\u0107 wy\u0142\u0105cznie na sam\u0105 cen\u0119 albo [&hellip;]<\/p>\n","protected":false},"author":149,"featured_media":0,"parent":0,"menu_order":0,"comment_status":"closed","ping_status":"closed","template":"","meta":{"footnotes":""},"class_list":["post-11761","page","type-page","status-publish","hentry"],"_links":{"self":[{"href":"https:\/\/drukarnia-danpol.pl\/cs\/wp-json\/wp\/v2\/pages\/11761","targetHints":{"allow":["GET"]}}],"collection":[{"href":"https:\/\/drukarnia-danpol.pl\/cs\/wp-json\/wp\/v2\/pages"}],"about":[{"href":"https:\/\/drukarnia-danpol.pl\/cs\/wp-json\/wp\/v2\/types\/page"}],"author":[{"embeddable":true,"href":"https:\/\/drukarnia-danpol.pl\/cs\/wp-json\/wp\/v2\/users\/149"}],"replies":[{"embeddable":true,"href":"https:\/\/drukarnia-danpol.pl\/cs\/wp-json\/wp\/v2\/comments?post=11761"}],"version-history":[{"count":10,"href":"https:\/\/drukarnia-danpol.pl\/cs\/wp-json\/wp\/v2\/pages\/11761\/revisions"}],"predecessor-version":[{"id":11772,"href":"https:\/\/drukarnia-danpol.pl\/cs\/wp-json\/wp\/v2\/pages\/11761\/revisions\/11772"}],"wp:attachment":[{"href":"https:\/\/drukarnia-danpol.pl\/cs\/wp-json\/wp\/v2\/media?parent=11761"}],"curies":[{"name":"wp","href":"https:\/\/api.w.org\/{rel}","templated":true}]}}