{"id":10422,"date":"2025-05-01T13:39:59","date_gmt":"2025-05-01T11:39:59","guid":{"rendered":"https:\/\/drukarnia-danpol.pl\/?post_type=product&#038;p=10422"},"modified":"2026-03-23T14:25:16","modified_gmt":"2026-03-23T13:25:16","slug":"eko-knihy","status":"publish","type":"product","link":"https:\/\/drukarnia-danpol.pl\/cs\/produkt\/ksiazki-eko\/","title":{"rendered":"EKO knihy"},"content":{"rendered":"<h2 style=\"font-size: 34px;\"><b>Knihy DANPOL EKO z recyklovan\u00e9ho pap\u00edru<\/b><b><\/b><\/h2>\n<p class=\"p3\">V\u00e1\u0161 text si zaslou\u017e\u00ed ekologick\u00e9 vyd\u00e1n\u00ed. V ECO verzi <strong>Tiskneme knihy na certifikovan\u00fd recyklovan\u00fd pap\u00edr<\/strong>.<\/p>\n<p class=\"p3\"><span class=\"s1\"><b>\u00a0 \u00a0 \u00a0 \u00a0 \u00a0 \u00a0Ekologick\u00fd pap\u00edr<\/b><\/span>Nautilus, SuperWhite, b\u00edl\u00e1, nepotahovan\u00e1, recyklovan\u00e1 buni\u010dina 100%, 80 g\/m2, FSC Recycled 100%<\/p>\n<p>\u00a0 \u00a0 \u00a0 \u00a0 \u00a0 \u00a0 \u00a0 \u00a0 \u00a0 \u00a0 \u00a0 \u00a0 \u00a0 \u00a0 \u00a0 \u00a0 \u00a0 \u00a0 \u00a0 \u00a0 \u00a0 \u00a0 \u00a0 Cocoon, SILK, sat\u00e9n, oboustrann\u011b pota\u017een\u00fd, b\u00edl\u00fd, 100% recyklovan\u00e1 buni\u010dina, FSC recyklovan\u00fd kredit<\/p>\n<ul>\n<li>\n<p class=\"p1\"><span class=\"s1\"><b>Udr\u017eiteln\u00fd tisk<\/b><\/span>: barvy na vodn\u00ed b\u00e1zi.<\/p>\n<\/li>\n<li>\n<p class=\"p1\"><span class=\"s1\"><b>P\u0159\u00edsp\u011bvky<\/b><\/span>m\u011bkk\u00fd<\/p>\n<\/li>\n<li>\n<p class=\"p1\"><span class=\"s1\"><b>Ob\u011bh<\/b><\/span>od 1 kopie \u2013 digit\u00e1ln\u00ed nebo ofsetov\u00fd tisk v z\u00e1vislosti na objemu.<\/p>\n<\/li>\n<\/ul>\n<p><strong>V\u00fdb\u011br knih o ekologii<\/strong>, z\u00edsk\u00e1te profesion\u00e1ln\u00ed produkt, kter\u00fd vypad\u00e1 skv\u011ble a zanech\u00e1v\u00e1 men\u0161\u00ed ekologickou stopu.<\/p>\n<p><strong>Knihy s ekologick\u00fdm pap\u00edrem z na\u0161\u00ed tisk\u00e1rny DANPOL<\/strong> Tato mo\u017enost je ur\u010dena pro autory, vydavatele a spole\u010dnosti, kter\u00fdm z\u00e1le\u017e\u00ed nejen na obsahu, ale tak\u00e9 na dopadu publikov\u00e1n\u00ed na \u017eivotn\u00ed prost\u0159ed\u00ed. <strong>tisk se prov\u00e1d\u00ed na certifikovan\u00fd recyklovan\u00fd pap\u00edr<\/strong> jak uvnit\u0159, tak na obalu, co\u017e znamen\u00e1 men\u0161\u00ed ekologickou stopu bez ob\u011btov\u00e1n\u00ed kvality. <strong>Pap\u00edr Nautilus SuperWhite 80g<\/strong> s vysok\u00fdm obsahem recyklovan\u00fdch materi\u00e1l\u016f a ekologick\u00fdm <strong>Kokonov\u00fd obal 250g<\/strong> Vytv\u00e1\u0159ej\u00ed ucelenou, ekologickou publikaci, kter\u00e1 se p\u0159\u00edjemn\u011b \u010dte a je vizu\u00e1ln\u011b esteticky atraktivn\u00ed. M\u016f\u017eete si vybrat z r\u016fzn\u00fdch form\u00e1t\u016f, barev a dal\u0161\u00edch povrchov\u00fdch \u00faprav a ka\u017ed\u00fd v\u00fdtisk je vytvo\u0159en s d\u016frazem na detail \u2013 od digit\u00e1ln\u00edho tisku a\u017e po ofsetov\u00fd tisk, v z\u00e1vislosti na n\u00e1kladu a designu. D\u00edky tomu <strong>EKO knihy<\/strong> jsou \u0159e\u0161en\u00edm, kter\u00e9 kombinuje udr\u017eiteln\u00fd tisk s profesion\u00e1ln\u00edm vzhledem hotov\u00e9 publikace.<\/p>\n<h2 style=\"font-size: 34px;\">Ekologick\u00fd tisk knih v Zabrze nebo v internetov\u00e9m obchod\u011b<\/h2>\n<p>V\u00fdb\u011brem ECO varianty v na\u0161\u00ed tisk\u00e1rn\u011b v Zabrze z\u00edsk\u00e1te nejen ekologick\u00fd produkt, ale tak\u00e9 cenovou v\u00fdhodu \u2013 <strong>automatick\u00e1 sleva 5% p\u0159i objedn\u00e1n\u00ed t\u00e9to varianty knihy<\/strong>, viditeln\u00e9 po p\u0159id\u00e1n\u00ed do ko\u0161\u00edku. Ekologick\u00fd pap\u00edr a inkousty na vodn\u00ed b\u00e1zi d\u011blaj\u00ed z t\u00e9to publikace obl\u00edbenou volbu mezi autory, vydavateli a firemn\u00edmi klienty, kte\u0159\u00ed si sami vyd\u00e1vaj\u00ed knihy, a pl\u00e1nuj\u00ed vzd\u011bl\u00e1vac\u00ed s\u00e9rie, pr\u016fvodce nebo firemn\u00ed publikace.<\/p>\n<p><strong>Na\u0161e m\u00edstn\u00ed tisk\u00e1rna<\/strong> kombinuje tradi\u010dn\u00ed hodnoty zodpov\u011bdn\u00e9 v\u00fdroby s modern\u00edm p\u0159\u00edstupem k online objedn\u00e1v\u00e1n\u00ed, co\u017e znamen\u00e1 efektivn\u00ed realizaci i v kr\u00e1tk\u00fdch term\u00ednech. <strong>Knihy EKO si m\u016f\u017eete objednat s doru\u010den\u00edm dom\u016f, do kancel\u00e1\u0159e nebo do firmy<\/strong>, p\u0159i\u010dem\u017e zd\u016fraz\u0148uje spole\u010densky odpov\u011bdnou povahu sv\u00e9 publikace.<\/p>\n<h2 style=\"font-size: 34px;\">Pro\u010d se vyplat\u00ed zvolit recyklovan\u00fd pap\u00edr p\u0159i tisku knih?<\/h2>\n<p>Recyklovan\u00fd pap\u00edr je volba, kter\u00e1 je d\u016fle\u017eit\u00e1 nejen pro \u017eivotn\u00ed prost\u0159ed\u00ed, ale i pro p\u0159\u00edjemce va\u0161\u00ed knihy. <strong>St\u00e1le v\u00edce \u010dten\u00e1\u0159\u016f a obchodn\u00edch partner\u016f v\u011bnuje pozornost udr\u017eiteln\u00e9mu rozvoji<\/strong> a spole\u010densky odpov\u011bdn\u00e9 jedn\u00e1n\u00ed, proto publikace vytvo\u0159en\u00e9 na ekologick\u00e9m pap\u00ed\u0159e z\u00edsk\u00e1vaj\u00ed dal\u0161\u00ed kontext hodnoty.<\/p>\n<p>Tento typ pap\u00edru je vyroben z recyklovan\u00fdch surovin, co\u017e sni\u017euje spot\u0159ebu energie a vody a emise CO\u2082 spojen\u00e9 s v\u00fdrobou surov\u00e9ho pap\u00edru, a z\u00e1rove\u0148 zachov\u00e1v\u00e1 dobr\u00e9 tiskov\u00e9 a tiskov\u00e9 parametry. <strong>p\u0159irozen\u00fd, lehce kr\u00e9mov\u00fd t\u00f3n str\u00e1nek, kter\u00fd si mnoho lid\u00ed spojuje s tradi\u010dn\u00edm a p\u0159\u00edjemn\u00fdm \u010dten\u00e1\u0159sk\u00fdm z\u00e1\u017eitkem<\/strong>. D\u00edky tomu je ekologick\u00fd tisk knih \u0159e\u0161en\u00edm, kter\u00e9 kombinuje estetiku, funk\u010dnost a p\u00e9\u010di o budouc\u00ed generace \u010dten\u00e1\u0159\u016f.<\/p>","protected":false},"excerpt":{"rendered":"<h2 style=\"font-size: 34px;\">Ekologick\u00fd tisk knih na certifikovan\u00fd recyklovan\u00fd pap\u00edr<\/h2>\n<p class=\"p1\">Prost\u0159edn\u00ed str\u00e1nky jsou vyti\u0161t\u011bny na b\u00edl\u00e9m, nenat\u00edran\u00e9m pap\u00edru Nautilus 80g, SuperWhite, 100% z recyklovan\u00e9 buni\u010diny.<\/p>\n<p class=\"p1\">Cocoon wrap, SILK, sat\u00e9nov\u00fd, oboustrann\u011b potahovan\u00fd, b\u00edl\u00fd, 100% recyklovan\u00e1 buni\u010dina, 250 g\/m2<\/p>\n<p class=\"p1\"><strong>P\u0159\u00edrodn\u00ed kr\u00e9mov\u00fd odst\u00edn str\u00e1nek a \u0159emesln\u00e9ho obalu<\/strong> dodat mu ekologick\u00fd charakter a z\u00e1rove\u0148 zaru\u010dit profesion\u00e1ln\u00ed kvalitu tisku ji\u017e od 1 kopie.<\/p>\n<div style=\"background-color: #e5f7e0; border-left: 6px solid #4caf50; padding: 12px; margin-top: 16px; border-radius: 8px;\">\n<p><strong>\ud83c\udf3f Ekologick\u00e1 pr\u00e9miov\u00e1:<\/strong> P\u0159i objedn\u00e1v\u00e1n\u00ed knihy v <strong>EKO<\/strong> automaticky obdr\u017e\u00edte <strong>sleva 5%<\/strong> jako vyj\u00e1d\u0159en\u00ed na\u0161\u00ed podpory v\u011bdom\u00e9 volby ekologicky \u0161etrn\u00e9ho tisku.<\/p>\n<p><em>Sleva je viditeln\u00e1 po p\u0159id\u00e1n\u00ed produktu do ko\u0161\u00edku.<\/em><\/p>\n<\/div>","protected":false},"featured_media":10932,"template":"","meta":[],"product_cat":[85],"product_tag":[97,103,101,96,104,98,99,95,100,102],"class_list":{"0":"post-10422","1":"product","2":"type-product","3":"status-publish","4":"has-post-thumbnail","6":"product_cat-ksiazki","7":"product_tag-biodegradowalny-papier","8":"product_tag-certyfikat-fsc","9":"product_tag-druk-bez-chemii","10":"product_tag-druk-ekologiczny","11":"product_tag-druk-niskonakladowy","12":"product_tag-ksiazki-na-zamowienie","13":"product_tag-miekka-oprawa","14":"product_tag-papier-ekologiczny","15":"product_tag-selfpublishing","16":"product_tag-zrownowazony-druk","18":"first","19":"instock","20":"taxable","21":"shipping-taxable","22":"purchasable","23":"product-type-simple"},"_links":{"self":[{"href":"https:\/\/drukarnia-danpol.pl\/cs\/wp-json\/wp\/v2\/product\/10422","targetHints":{"allow":["GET"]}}],"collection":[{"href":"https:\/\/drukarnia-danpol.pl\/cs\/wp-json\/wp\/v2\/product"}],"about":[{"href":"https:\/\/drukarnia-danpol.pl\/cs\/wp-json\/wp\/v2\/types\/product"}],"version-history":[{"count":6,"href":"https:\/\/drukarnia-danpol.pl\/cs\/wp-json\/wp\/v2\/product\/10422\/revisions"}],"predecessor-version":[{"id":11482,"href":"https:\/\/drukarnia-danpol.pl\/cs\/wp-json\/wp\/v2\/product\/10422\/revisions\/11482"}],"wp:featuredmedia":[{"embeddable":true,"href":"https:\/\/drukarnia-danpol.pl\/cs\/wp-json\/wp\/v2\/media\/10932"}],"wp:attachment":[{"href":"https:\/\/drukarnia-danpol.pl\/cs\/wp-json\/wp\/v2\/media?parent=10422"}],"wp:term":[{"taxonomy":"product_cat","embeddable":true,"href":"https:\/\/drukarnia-danpol.pl\/cs\/wp-json\/wp\/v2\/product_cat?post=10422"},{"taxonomy":"product_tag","embeddable":true,"href":"https:\/\/drukarnia-danpol.pl\/cs\/wp-json\/wp\/v2\/product_tag?post=10422"}],"curies":[{"name":"wp","href":"https:\/\/api.w.org\/{rel}","templated":true}]}}