{"id":38,"date":"2023-08-18T11:03:40","date_gmt":"2023-08-18T09:03:40","guid":{"rendered":"https:\/\/drukarnia-danpol.pl\/michalgce@gmail.com\/?post_type=product&#038;p=38"},"modified":"2026-01-29T14:37:05","modified_gmt":"2026-01-29T13:37:05","slug":"laminovani","status":"publish","type":"product","link":"https:\/\/drukarnia-danpol.pl\/cs\/produkt\/foliowanie\/","title":{"rendered":"F\u00f3lie"},"content":{"rendered":"<p><strong>F\u00f3lie<\/strong> Toto je jedna z nej\u010dast\u011bji volen\u00fdch f\u00e1z\u00ed povrchov\u00e9 \u00fapravy tisku, kter\u00e1 m\u00e1 skute\u010dn\u00fd vliv na trvanlivost a vizu\u00e1ln\u00ed atraktivitu hotov\u00e9ho v\u00fdrobku. D\u00edky pou\u017eit\u00ed vhodn\u00e9 f\u00f3lie, <strong>Tiskov\u00fd povrch z\u00edsk\u00e1v\u00e1 dal\u0161\u00ed ochrannou vrstvu<\/strong>, chr\u00e1n\u00edc\u00ed p\u0159ed po\u0161kr\u00e1b\u00e1n\u00edm, ne\u010distotami a vlhkost\u00ed. <strong>V na\u0161\u00ed tisk\u00e1rn\u011b v Zabrze prov\u00e1d\u00edme laminov\u00e1n\u00ed ob\u00e1lek a ti\u0161t\u011bn\u00fdch materi\u00e1l\u016f.<\/strong> v r\u016fzn\u00fdch variant\u00e1ch, p\u0159izp\u016fsoben\u00fdch povaze projektu. Tato slu\u017eba je <strong>pou\u017eit\u00ed v knih\u00e1ch, kataloz\u00edch, bro\u017eur\u00e1ch, reklamn\u00edch materi\u00e1lech a obalech<\/strong>, kde se po\u010d\u00edt\u00e1 s estetikou a solidn\u00ed povrchovou \u00fapravou. <strong>F\u00f3lie<\/strong> umo\u017e\u0148uje nejen prodlou\u017eit \u017eivotnost potisku, ale tak\u00e9 zv\u00fdraznit barvy a detaily designu, co\u017e je d\u016fle\u017eit\u00e9 u materi\u00e1l\u016f ur\u010den\u00fdch k prodeji, prezentaci nebo intenzivn\u00edmu pou\u017e\u00edv\u00e1n\u00ed.<\/p>\n<h2 style=\"font-size: 34px;\">Vizu\u00e1ln\u00ed efekt a ochrana povrchu v jednom procesu<\/h2>\n<p>Jednou z nejv\u011bt\u0161\u00edch v\u00fdhod <strong>zma\u0159en\u00ed<\/strong> je kombinovat ochrannou funkci s estetick\u00fdm vzhledem. Spr\u00e1vn\u011b zvolen\u00e1 f\u00f3lie posiluje strukturu poti\u0161t\u011bn\u00e9ho povrchu, dod\u00e1v\u00e1 mu profesion\u00e1ln\u011bj\u0161\u00ed vzhled a zvy\u0161uje jeho odolnost p\u0159i ka\u017edodenn\u00edm pou\u017e\u00edv\u00e1n\u00ed. <strong>Laminace tisku<\/strong> d\u00edky tomu jsou barvy syt\u011bj\u0161\u00ed a detaily jasn\u011bj\u0161\u00ed, co\u017e <strong>funguje obzvl\u00e1\u0161t\u011b dob\u0159e na ob\u00e1lk\u00e1ch knih a marketingov\u00fdch materi\u00e1lech<\/strong>. V z\u00e1vislosti na projektu je mo\u017en\u00e9 dos\u00e1hnout jemn\u00e9ho nebo v\u00fdrazn\u011bj\u0161\u00edho efektu, ani\u017e by se zasahovalo do samotn\u00e9ho grafick\u00e9ho obsahu. D\u00edky tomu je laminace univerz\u00e1ln\u00edm \u0159e\u0161en\u00edm jak pro u\u017eitn\u00e9 publikace, tak pro obrazov\u00e9 materi\u00e1ly, kter\u00e9 si mus\u00ed dlouhodob\u011b zachovat atraktivn\u00ed vzhled.<\/p>\n<p>R\u016fzn\u00e9 mo\u017enosti laminace v\u00e1m umo\u017e\u0148uj\u00ed p\u0159esn\u011b sladit povrchovou \u00fapravu se stylem publikace. <strong>Leskl\u00e1 f\u00f3lie<\/strong> zv\u00fdraz\u0148uje intenzitu barev a dod\u00e1v\u00e1 povrchu v\u00fdrazn\u00fd lesk, co\u017e se \u010dasto vyu\u017e\u00edv\u00e1 v propaga\u010dn\u00edch projektech. <strong>Matn\u00e1 f\u00f3lie<\/strong> poskytuje tlumen\u011bj\u0161\u00ed, elegantn\u011bj\u0161\u00ed efekt a sni\u017euje odrazy sv\u011btla, co\u017e zvy\u0161uje komfort pou\u017e\u00edv\u00e1n\u00ed. <strong>M\u011bkk\u00fd dotek<\/strong> je \u0159e\u0161en\u00edm pro projekty, kde je kl\u00ed\u010dov\u00e1 hmatov\u00e1 zp\u011btn\u00e1 vazba \u2013 sametov\u00fd povrch dod\u00e1v\u00e1 tisk\u016fm pr\u00e9miov\u00fd vzhled a odli\u0161uje je od standardn\u00edch n\u00e1vrh\u016f. <strong>Tisk\u00e1rna DANPOL<\/strong> Pom\u016f\u017eeme v\u00e1m vybrat variantu laminace tak, aby byla v souladu s pap\u00edrem, potiskem a dal\u0161\u00edmi povrchov\u00fdmi \u00fapravami.<\/p>\n<h2 style=\"font-size: 34px;\">Laminov\u00e1n\u00ed tisku v na\u0161\u00ed tisk\u00e1rn\u011b v Zabrze s online objedn\u00e1vkou<\/h2>\n<p><strong>Laminovac\u00ed slu\u017eby poskytujeme p\u0159\u00edmo v na\u0161\u00ed tisk\u00e1rn\u011b v Zabrze.<\/strong>, co\u017e v\u00e1m umo\u017e\u0148uje m\u00edt plnou kontrolu nad kvalitou a opakovatelnost\u00ed povrchov\u00e9 \u00fapravy. <strong>Objedn\u00e1vky lze zadat v internetov\u00e9m obchod\u011b<\/strong>, v\u00fdb\u011brem vhodn\u00e9 varianty f\u00f3lie a jej\u00ed kombinac\u00ed s dal\u0161\u00edmi slu\u017ebami, jako je tisk nebo vazba. Tento model spolupr\u00e1ce funguje dob\u0159e jak pro jednor\u00e1zov\u00e9 objedn\u00e1vky, tak pro pravideln\u00e9, opakuj\u00edc\u00ed se objedn\u00e1vky. <strong>Lok\u00e1ln\u00ed v\u00fdroba znamen\u00e1 krat\u0161\u00ed dodac\u00ed lh\u016fty<\/strong> a snaz\u0161\u00ed komunikaci b\u011bhem f\u00e1ze technick\u00fdch \u00faprav. D\u00edky tomu se laminace st\u00e1v\u00e1 p\u0159irozenou sou\u010d\u00e1st\u00ed cel\u00e9ho v\u00fdrobn\u00edho procesu, nikoli samostatn\u00fdm krokem vy\u017eaduj\u00edc\u00edm dodate\u010dnou koordinaci.<\/p>","protected":false},"excerpt":{"rendered":"<h2 style=\"font-size: 34px;\">Laminace tisku lesklou, matnou nebo m\u011bkkou f\u00f3li\u00ed<\/h2>\n<p class=\"p1\">Laminov\u00e1n\u00ed je zp\u016fsob, jak zv\u00fd\u0161it trvanlivost a estetiku tisk\u016f. Povrch pokr\u00fdv\u00e1me lesklou, matnou nebo m\u011bkkou f\u00f3li\u00ed v z\u00e1vislosti na po\u017eadovan\u00e9m efektu. Laminov\u00e1n\u00ed je ide\u00e1ln\u00ed pro ob\u00e1lky, vizitky a katalogy a dod\u00e1 va\u0161im n\u00e1vrh\u016fm vyniknout eleganc\u00ed a trvanlivost\u00ed.<\/p>\n<p class=\"p2\"><b>Kontaktujte n\u00e1s a vyberte si perfektn\u00ed laminovac\u00ed \u0159e\u0161en\u00ed pro va\u0161e materi\u00e1ly.<\/b><\/p>","protected":false},"featured_media":10938,"template":"","meta":[],"product_cat":[86],"product_tag":[],"class_list":{"0":"post-38","1":"product","2":"type-product","3":"status-publish","4":"has-post-thumbnail","6":"product_cat-introligatornia","8":"first","9":"instock","10":"sold-individually","11":"taxable","12":"shipping-taxable","13":"product-type-simple"},"_links":{"self":[{"href":"https:\/\/drukarnia-danpol.pl\/cs\/wp-json\/wp\/v2\/product\/38","targetHints":{"allow":["GET"]}}],"collection":[{"href":"https:\/\/drukarnia-danpol.pl\/cs\/wp-json\/wp\/v2\/product"}],"about":[{"href":"https:\/\/drukarnia-danpol.pl\/cs\/wp-json\/wp\/v2\/types\/product"}],"version-history":[{"count":2,"href":"https:\/\/drukarnia-danpol.pl\/cs\/wp-json\/wp\/v2\/product\/38\/revisions"}],"predecessor-version":[{"id":11485,"href":"https:\/\/drukarnia-danpol.pl\/cs\/wp-json\/wp\/v2\/product\/38\/revisions\/11485"}],"wp:featuredmedia":[{"embeddable":true,"href":"https:\/\/drukarnia-danpol.pl\/cs\/wp-json\/wp\/v2\/media\/10938"}],"wp:attachment":[{"href":"https:\/\/drukarnia-danpol.pl\/cs\/wp-json\/wp\/v2\/media?parent=38"}],"wp:term":[{"taxonomy":"product_cat","embeddable":true,"href":"https:\/\/drukarnia-danpol.pl\/cs\/wp-json\/wp\/v2\/product_cat?post=38"},{"taxonomy":"product_tag","embeddable":true,"href":"https:\/\/drukarnia-danpol.pl\/cs\/wp-json\/wp\/v2\/product_tag?post=38"}],"curies":[{"name":"wp","href":"https:\/\/api.w.org\/{rel}","templated":true}]}}