{"id":43,"date":"2023-08-18T11:42:21","date_gmt":"2023-08-18T09:42:21","guid":{"rendered":"https:\/\/drukarnia-danpol.pl\/michalgce@gmail.com\/?post_type=product&#038;p=43"},"modified":"2026-01-29T14:26:20","modified_gmt":"2026-01-29T13:26:20","slug":"vysekavani","status":"publish","type":"product","link":"https:\/\/drukarnia-danpol.pl\/cs\/produkt\/sztancowanie\/","title":{"rendered":"Vy\u0159ez\u00e1v\u00e1n\u00ed"},"content":{"rendered":"<p><strong>Vy\u0159ez\u00e1v\u00e1n\u00ed je slu\u017eba, kter\u00e1 v\u00e1m umo\u017e\u0148uje d\u00e1t va\u0161im tisk\u016fm individu\u00e1ln\u00ed charakter a tvar.<\/strong> nad r\u00e1mec standardn\u00edho obd\u00e9ln\u00edku. P\u0159esn\u00e9 vy\u0159ez\u00e1v\u00e1n\u00ed umo\u017e\u0148uje vytv\u00e1\u0159et vlastn\u00ed tvary, otvory, okna a k\u0159ivky, kter\u00e9 p\u0159itahuj\u00ed pozornost a zvy\u0161uj\u00ed funk\u010dnost ti\u0161t\u011bn\u00fdch materi\u00e1l\u016f. V na\u0161em <strong>tisk\u00e1rna v Zabrze<\/strong> Nab\u00edz\u00edme vysek\u00e1v\u00e1n\u00ed jak pro jednoduch\u00e9 n\u00e1vrhy, tak i pro slo\u017eit\u011bj\u0161\u00ed \u0159ezy p\u0159izp\u016fsoben\u00e9 specifick\u00fdm pot\u0159eb\u00e1m z\u00e1kazn\u00edka. Tato slu\u017eba se vyu\u017e\u00edv\u00e1 ve v\u00fdrob\u011b. <strong>obaly, slo\u017eky, etikety, pozv\u00e1nky, blahop\u0159\u00e1n\u00ed a reklamn\u00ed materi\u00e1ly<\/strong>. Zad\u00e1n\u00edm objedn\u00e1vek prost\u0159ednictv\u00edm internetov\u00e9ho obchodu si m\u016f\u017eete pohodln\u011b vybrat parametry slu\u017eby a cel\u00fd proces prob\u00edh\u00e1 lok\u00e1ln\u011b s plnou kontrolou kvality a konzistence.<\/p>\n<h2 style=\"font-size: 34px;\">Vy\u0159ez\u00e1v\u00e1n\u00ed tisk\u016f, tj. zp\u016fsob, jak nechat tisky vyniknout<\/h2>\n<p>Vysek\u00e1v\u00e1n\u00ed nab\u00edz\u00ed mo\u017enost skute\u010dn\u011b odli\u0161it v\u00e1\u0161 tisk od konkurence, zejm\u00e9na v marketingov\u00fdch materi\u00e1lech a obalech. Vlastn\u00ed tvary, p\u0159esn\u00e9 v\u00fd\u0159ezy nebo funk\u010dn\u00ed ok\u00e9nka u\u010din\u00ed v\u00e1\u0161 produkt vizu\u00e1ln\u011b atraktivn\u011bj\u0161\u00edm a zapamatovateln\u011bj\u0161\u00edm. V praxi se vysek\u00e1v\u00e1n\u00ed pou\u017e\u00edv\u00e1 nejen z estetick\u00fdch d\u016fvod\u016f, ale i z praktick\u00fdch d\u016fvod\u016f, co\u017e v\u00e1m umo\u017e\u0148uje vytv\u00e1\u0159et snadno skl\u00e1dateln\u00e9 obaly, slo\u017eky s uz\u00e1v\u011bry nebo etikety p\u0159izp\u016fsoben\u00e9 konkr\u00e9tn\u00edmu produktu. <strong>V na\u0161\u00ed tisk\u00e1rn\u011b prov\u00e1d\u00edme vysek\u00e1v\u00e1n\u00ed na pap\u00edr a karton r\u016fzn\u00fdch gram\u00e1\u017e\u00ed.<\/strong>, co\u017e zaji\u0161\u0165uje p\u0159esn\u00e9 \u0159ez\u00e1n\u00ed a estetick\u00e9 dokon\u010den\u00ed hran. Toto \u0159e\u0161en\u00ed \u010dasto vol\u00ed spole\u010dnosti, vydavatel\u00e9 a zna\u010dky, kter\u00e9 si cen\u00ed konzistentn\u00edho obrazu a vysoce kvalitn\u00edch poti\u0161t\u011bn\u00fdch materi\u00e1l\u016f.<\/p>\n<h2 style=\"font-size: 34px;\">Vlastn\u00ed v\u00fdsekov\u00e9 n\u00e1stroje a precizn\u00ed zpracov\u00e1n\u00ed v tisk\u00e1rn\u011b v Zabrze<\/h2>\n<p>Jedn\u00edm z kl\u00ed\u010dov\u00fdch prvk\u016f efektivn\u00edho vy\u0159ez\u00e1v\u00e1n\u00ed je spr\u00e1vn\u011b p\u0159ipraven\u00e1 raznice, p\u0159izp\u016fsoben\u00e1 konkr\u00e9tn\u00edmu projektu. <strong>Tisk\u00e1rna DANPOL<\/strong> Nab\u00edz\u00edme vysek\u00e1v\u00e1n\u00ed na z\u00e1klad\u011b hotov\u00fdch \u0159e\u0161en\u00ed, ale i projekty vy\u017eaduj\u00edc\u00ed zak\u00e1zkov\u00e9 \u0159ez\u00e1n\u00ed. To umo\u017e\u0148uje naprostou volnost v navrhov\u00e1n\u00ed tvaru tisku, ani\u017e bychom se omezovali na standardn\u00ed tvary. <strong>M\u00edstn\u00ed produkce v tisk\u00e1rn\u011b v Zabrze<\/strong> To umo\u017e\u0148uje pr\u016fb\u011b\u017enou kontrolu procesu a rychlou reakci na jak\u00e9koli technick\u00e9 \u00fapravy. To n\u00e1m umo\u017e\u0148uje dos\u00e1hnout vysok\u00e9 opakovatelnosti u v\u011bt\u0161\u00edch objem\u016f a p\u0159esnosti u mal\u00fdch s\u00e9ri\u00ed a speci\u00e1ln\u00edch projekt\u016f. Vysek\u00e1v\u00e1n\u00ed lze kombinovat s dal\u0161\u00edmi dokon\u010dovac\u00edmi procesy, co\u017e d\u00e1le zvy\u0161uje kvalitu a akceptaci hotov\u00e9ho v\u00fdrobku.<\/p>\n<h2 style=\"font-size: 34px;\">Objednejte si vysek\u00e1v\u00e1n\u00ed v na\u0161em internetov\u00e9m obchod\u011b<\/h2>\n<p><strong>Slu\u017ebu vy\u0159ez\u00e1v\u00e1n\u00ed si m\u016f\u017eete pohodln\u011b objednat prost\u0159ednictv\u00edm na\u0161eho internetov\u00e9ho obchodu.<\/strong>, bez nutnosti osobn\u00ed n\u00e1v\u0161t\u011bvy tisk\u00e1rny. Toto \u0159e\u0161en\u00ed funguje dob\u0159e jak pro individu\u00e1ln\u00ed projekty, tak pro pr\u016fb\u011b\u017enou spolupr\u00e1ci s firmami a velkoobchodn\u00edky, kte\u0159\u00ed objedn\u00e1vaj\u00ed v\u011bt\u0161\u00ed mno\u017estv\u00ed ti\u0161t\u011bn\u00fdch materi\u00e1l\u016f.<\/p>\n<p>Objedn\u00e1vky zadan\u00e9 online jsou zpracov\u00e1v\u00e1ny v na\u0161em <strong>tisk\u00e1rna v Zabrze<\/strong>, co\u017e zaji\u0161\u0165uje konzistentn\u00ed kvalitu a krat\u0161\u00ed dodac\u00ed lh\u016fty. Z\u00e1kazn\u00edci si \u010dasto vyb\u00edraj\u00ed vysek\u00e1v\u00e1n\u00ed jako charakteristick\u00fd prvek pro prodejn\u00ed materi\u00e1ly, obaly produkt\u016f nebo reklamn\u00ed potisky, kter\u00e9 mus\u00ed spl\u0148ovat specifick\u00e9 estetick\u00e9 a funk\u010dn\u00ed po\u017eadavky. <strong>Kombinace pohodln\u00e9ho online objedn\u00e1v\u00e1n\u00ed s lok\u00e1ln\u00ed produkc\u00ed v\u00e1m d\u00e1v\u00e1 flexibilitu, kontrolu a<\/strong> jistota, \u017ee kone\u010dn\u00fd efekt bude v souladu s p\u0159edpoklady projektu.<\/p>","protected":false},"excerpt":{"rendered":"<h2 style=\"font-size: 34px;\">Vy\u0159ez\u00e1v\u00e1n\u00ed tisk\u016f a vy\u0159ez\u00e1v\u00e1n\u00ed tvar\u016f z pap\u00edru<\/h2>\n<p class=\"p1\">Vy\u0159ez\u00e1v\u00e1n\u00ed v\u00e1m umo\u017e\u0148uje vytv\u00e1\u0159et na va\u0161ich tisc\u00edch jedine\u010dn\u00e9 tvary \u2013 od zaoblen\u00fdch roh\u016f a\u017e po v\u00fd\u0159ezy a ok\u00e9nka. Touto technikou dok\u00e1\u017eeme vytvo\u0159it poutav\u00e9 slo\u017eky, visa\u010dky, etikety a obaly. P\u0159esn\u00e9 vy\u0159ez\u00e1vac\u00ed \u0161ablony zaru\u010duj\u00ed konzistenci a kvalitu.<\/p>\n<p class=\"p2\"><b>Chcete vytvo\u0159it n\u011bco jedine\u010dn\u00e9ho? Kontaktujte n\u00e1s a my v\u00e1m navrhneme nejlep\u0161\u00ed \u0159e\u0161en\u00ed.<\/b><b><\/b><\/p>","protected":false},"featured_media":10940,"template":"","meta":[],"product_cat":[86],"product_tag":[],"class_list":{"0":"post-43","1":"product","2":"type-product","3":"status-publish","4":"has-post-thumbnail","6":"product_cat-introligatornia","8":"first","9":"instock","10":"sold-individually","11":"taxable","12":"shipping-taxable","13":"product-type-simple"},"_links":{"self":[{"href":"https:\/\/drukarnia-danpol.pl\/cs\/wp-json\/wp\/v2\/product\/43","targetHints":{"allow":["GET"]}}],"collection":[{"href":"https:\/\/drukarnia-danpol.pl\/cs\/wp-json\/wp\/v2\/product"}],"about":[{"href":"https:\/\/drukarnia-danpol.pl\/cs\/wp-json\/wp\/v2\/types\/product"}],"version-history":[{"count":2,"href":"https:\/\/drukarnia-danpol.pl\/cs\/wp-json\/wp\/v2\/product\/43\/revisions"}],"predecessor-version":[{"id":11484,"href":"https:\/\/drukarnia-danpol.pl\/cs\/wp-json\/wp\/v2\/product\/43\/revisions\/11484"}],"wp:featuredmedia":[{"embeddable":true,"href":"https:\/\/drukarnia-danpol.pl\/cs\/wp-json\/wp\/v2\/media\/10940"}],"wp:attachment":[{"href":"https:\/\/drukarnia-danpol.pl\/cs\/wp-json\/wp\/v2\/media?parent=43"}],"wp:term":[{"taxonomy":"product_cat","embeddable":true,"href":"https:\/\/drukarnia-danpol.pl\/cs\/wp-json\/wp\/v2\/product_cat?post=43"},{"taxonomy":"product_tag","embeddable":true,"href":"https:\/\/drukarnia-danpol.pl\/cs\/wp-json\/wp\/v2\/product_tag?post=43"}],"curies":[{"name":"wp","href":"https:\/\/api.w.org\/{rel}","templated":true}]}}