{"id":11715,"date":"2026-03-29T18:26:48","date_gmt":"2026-03-29T16:26:48","guid":{"rendered":"https:\/\/drukarnia-danpol.pl\/?page_id=11715"},"modified":"2026-03-29T18:29:07","modified_gmt":"2026-03-29T16:29:07","slug":"drukarnia-ksiazek-tychy","status":"publish","type":"page","link":"https:\/\/drukarnia-danpol.pl\/de\/drukarnia-ksiazek-tychy\/","title":{"rendered":"Buchdruckerei Tychy"},"content":{"rendered":"<div data-elementor-type=\"wp-page\" data-elementor-id=\"11715\" class=\"elementor elementor-11715\">\n\t\t\t\t<div class=\"elementor-element elementor-element-f5c99b5 e-flex e-con-boxed e-con e-parent\" data-id=\"f5c99b5\" data-element_type=\"container\" data-e-type=\"container\">\n\t\t\t\t\t<div class=\"e-con-inner\">\n\t\t<div class=\"elementor-element elementor-element-1bf4489 e-con-full e-flex e-con e-child\" data-id=\"1bf4489\" data-element_type=\"container\" data-e-type=\"container\">\n\t\t\t\t<div class=\"elementor-element elementor-element-59988c7 elementor-widget elementor-widget-spacer\" data-id=\"59988c7\" data-element_type=\"widget\" data-e-type=\"widget\" data-widget_type=\"spacer.default\">\n\t\t\t\t<div class=\"elementor-widget-container\">\n\t\t\t\t\t\t\t<div class=\"elementor-spacer\">\n\t\t\t<div class=\"elementor-spacer-inner\"><\/div>\n\t\t<\/div>\n\t\t\t\t\t\t<\/div>\n\t\t\t\t<\/div>\n\t\t\t\t<div class=\"elementor-element elementor-element-850d7b3 elementor-widget elementor-widget-heading\" data-id=\"850d7b3\" data-element_type=\"widget\" data-e-type=\"widget\" data-widget_type=\"heading.default\">\n\t\t\t\t<div class=\"elementor-widget-container\">\n\t\t\t\t\t<h1 class=\"elementor-heading-title elementor-size-default\">Buchdruckerei Tychy<\/h1>\t\t\t\t<\/div>\n\t\t\t\t<\/div>\n\t\t\t\t<div class=\"elementor-element elementor-element-03fcea6 elementor-widget elementor-widget-spacer\" data-id=\"03fcea6\" data-element_type=\"widget\" data-e-type=\"widget\" data-widget_type=\"spacer.default\">\n\t\t\t\t<div class=\"elementor-widget-container\">\n\t\t\t\t\t\t\t<div class=\"elementor-spacer\">\n\t\t\t<div class=\"elementor-spacer-inner\"><\/div>\n\t\t<\/div>\n\t\t\t\t\t\t<\/div>\n\t\t\t\t<\/div>\n\t\t\n\t\t<div class=\"elementor-element elementor-element-da87313 elementor-widget elementor-widget-text-editor\" data-id=\"da87313\" data-element_type=\"widget\" data-e-type=\"widget\" data-widget_type=\"text-editor.default\">\n\t\t\t\t<div class=\"elementor-widget-container\">\n\t\t\t\t\t\t\t\t\t<p class=\"p1\">Wydruk ksi\u0105\u017cki to etap, w kt\u00f3rym pomys\u0142 zaczyna przybiera\u0107 realn\u0105 form\u0119, dlatego tak du\u017ce znaczenie ma wyb\u00f3r drukarni, kt\u00f3ra potrafi po\u0142\u0105czy\u0107 jako\u015b\u0107 wykonania z wygodn\u0105 organizacj\u0105 ca\u0142ego procesu. Klienci z <strong>Tych\u00f3w<\/strong> coraz cz\u0119\u015bciej szukaj\u0105 nie tylko samej us\u0142ugi druku, ale te\u017c partnera, kt\u00f3ry pomo\u017ce sprawnie przej\u015b\u0107 od gotowego pliku do estetycznie wyko\u0144czonej publikacji. <strong>DANPOL<\/strong> to drukarnia z Zabrza, kt\u00f3ra od lat realizuje ksi\u0105\u017cki dla autor\u00f3w, wydawnictw i firm z ca\u0142ego \u015al\u0105ska, obs\u0142uguj\u0105c zam\u00f3wienia zar\u00f3wno stacjonarnie, jak i online.<\/p><p class=\"p1\">Dla klient\u00f3w z Tych\u00f3w oznacza to wygodny model wsp\u00f3\u0142pracy. <strong>Z jednej strony mo\u017cna szybko z\u0142o\u017cy\u0107 zam\u00f3wienie przez internet<\/strong> i zam\u00f3wi\u0107 wysy\u0142k\u0119 gotowego nak\u0142adu, <strong>a z drugiej w razie potrzeby skorzysta\u0107 z bezpo\u015bredniego kontaktu<\/strong> i om\u00f3wi\u0107 projekt w naszej siedzibie.<\/p><p class=\"p1\">Taki uk\u0142ad dobrze sprawdza si\u0119 przy r\u00f3\u017cnych typach publikacji, od kr\u00f3tkich serii autorskich po wi\u0119ksze realizacje przeznaczone do sprzeda\u017cy, dystrybucji lub dzia\u0142a\u0144 firmowych.<\/p>\t\t\t\t\t\t\t\t<\/div>\n\t\t\t\t<\/div>\n\t\t\t\t<div class=\"elementor-element elementor-element-e5f63a5 elementor-widget elementor-widget-spacer\" data-id=\"e5f63a5\" data-element_type=\"widget\" data-e-type=\"widget\" data-widget_type=\"spacer.default\">\n\t\t\t\t<div class=\"elementor-widget-container\">\n\t\t\t\t\t\t\t<div class=\"elementor-spacer\">\n\t\t\t<div class=\"elementor-spacer-inner\"><\/div>\n\t\t<\/div>\n\t\t\t\t\t\t<\/div>\n\t\t\t\t<\/div>\n\t\t\t\t<div class=\"elementor-element elementor-element-692663c elementor-button-default elementor-widget elementor-widget-button\" data-id=\"692663c\" data-element_type=\"widget\" data-e-type=\"widget\" data-widget_type=\"button.default\">\n\t\t\t\t<div class=\"elementor-widget-container\">\n\t\t\t\t\t\t\t\t\t<div class=\"elementor-button-wrapper\">\n\t\t\t\t\t<a class=\"elementor-button elementor-button-link elementor-size-sm\" href=\"https:\/\/drukarnia-danpol.pl\/de\/kontakt\/\">\n\t\t\t\t\t\t<span class=\"elementor-button-content-wrapper\">\n\t\t\t\t\t\t\t\t\t<span class=\"elementor-button-text\">Zam\u00f3w wycen\u0119 druku ksi\u0105\u017cki \u2192<\/span>\n\t\t\t\t\t<\/span>\n\t\t\t\t\t<\/a>\n\t\t\t\t<\/div>\n\t\t\t\t\t\t\t\t<\/div>\n\t\t\t\t<\/div>\n\t\t\t\t<\/div>\n\t\t\t\t\t<\/div>\n\t\t\t\t<\/div>\n\t\t<div class=\"elementor-element elementor-element-2e90972 e-flex e-con-boxed e-con e-parent\" data-id=\"2e90972\" data-element_type=\"container\" data-e-type=\"container\" data-settings=\"{&quot;background_background&quot;:&quot;classic&quot;}\">\n\t\t\t\t\t<div class=\"e-con-inner\">\n\t\t<div class=\"elementor-element elementor-element-9bf26e4 e-con-full e-flex e-con e-child\" data-id=\"9bf26e4\" data-element_type=\"container\" data-e-type=\"container\" data-settings=\"{&quot;background_background&quot;:&quot;classic&quot;}\">\n\t\t\t\t<div class=\"elementor-element elementor-element-7cd654f elementor-widget elementor-widget-heading\" data-id=\"7cd654f\" data-element_type=\"widget\" data-e-type=\"widget\" data-widget_type=\"heading.default\">\n\t\t\t\t<div class=\"elementor-widget-container\">\n\t\t\t\t\t<h2 class=\"elementor-heading-title elementor-size-default\">Druk ksi\u0105\u017cek dla autor\u00f3w, wydawnictw i firm z Tych\u00f3w<\/h2>\t\t\t\t<\/div>\n\t\t\t\t<\/div>\n\t\t\t\t<div class=\"elementor-element elementor-element-b85b1a9 elementor-widget elementor-widget-spacer\" data-id=\"b85b1a9\" data-element_type=\"widget\" data-e-type=\"widget\" data-widget_type=\"spacer.default\">\n\t\t\t\t<div class=\"elementor-widget-container\">\n\t\t\t\t\t\t\t<div class=\"elementor-spacer\">\n\t\t\t<div class=\"elementor-spacer-inner\"><\/div>\n\t\t<\/div>\n\t\t\t\t\t\t<\/div>\n\t\t\t\t<\/div>\n\t\t\t\t<div class=\"elementor-element elementor-element-4086cd6 elementor-widget elementor-widget-text-editor\" data-id=\"4086cd6\" data-element_type=\"widget\" data-e-type=\"widget\" data-widget_type=\"text-editor.default\">\n\t\t\t\t<div class=\"elementor-widget-container\">\n\t\t\t\t\t\t\t\t\t<p class=\"p1\">Realizujemy druk ksi\u0105\u017cek o bardzo r\u00f3\u017cnym charakterze, dopasowuj\u0105c spos\u00f3b produkcji do celu, jaki ma spe\u0142nia\u0107 gotowa publikacja. Powstaj\u0105 u nas mi\u0119dzy innymi <strong>powie\u015bci, poradniki, podr\u0119czniki, albumy, tomiki poezji, raporty, materia\u0142y szkoleniowe oraz publikacje firmowe<\/strong>. Ka\u017cdy z tych projekt\u00f3w wymaga innego podej\u015bcia, poniewa\u017c inne znaczenie ma cena jednostkowa przy du\u017cym nak\u0142adzie, a inne elastyczno\u015b\u0107 produkcji przy kr\u00f3tkiej serii lub pierwszym wydaniu.<\/p><p class=\"p1\">Wsp\u00f3\u0142pracujemy zar\u00f3wno z autorami niezale\u017cnymi, kt\u00f3rzy chc\u0105 wyda\u0107 w\u0142asn\u0105 ksi\u0105\u017ck\u0119, jak i z wydawnictwami oraz firmami potrzebuj\u0105cymi sprawdzonego partnera do regularnych realizacji. Dzi\u0119ki do\u015bwiadczeniu i w\u0142asnemu zapleczu mo\u017cemy zadba\u0107 nie tylko o sam druk, ale te\u017c o jako\u015b\u0107 wykonania, sp\u00f3jno\u015b\u0107 ca\u0142ej serii i odpowiednie wyko\u0144czenie publikacji. Dla <strong>klient\u00f3w z Tych\u00f3w<\/strong> oznacza to mo\u017cliwo\u015b\u0107 zam\u00f3wienia ksi\u0105\u017cki w spos\u00f3b uporz\u0105dkowany, bez przypadkowych decyzji na etapie produkcji.<\/p>\t\t\t\t\t\t\t\t<\/div>\n\t\t\t\t<\/div>\n\t\t\t\t<\/div>\n\t\t\t\t\t<\/div>\n\t\t\t\t<\/div>\n\t\t<div class=\"elementor-element elementor-element-53fd0bf e-flex e-con-boxed e-con e-parent\" data-id=\"53fd0bf\" data-element_type=\"container\" data-e-type=\"container\">\n\t\t\t\t\t<div class=\"e-con-inner\">\n\t\t<div class=\"elementor-element elementor-element-f1a6fa4 e-con-full e-flex e-con e-child\" data-id=\"f1a6fa4\" data-element_type=\"container\" data-e-type=\"container\">\n\t\t\t\t<div class=\"elementor-element elementor-element-407213a elementor-widget elementor-widget-heading\" data-id=\"407213a\" data-element_type=\"widget\" data-e-type=\"widget\" data-widget_type=\"heading.default\">\n\t\t\t\t<div class=\"elementor-widget-container\">\n\t\t\t\t\t<h2 class=\"elementor-heading-title elementor-size-default\">Kompleksowy druk ksi\u0105\u017cek od przygotowania plik\u00f3w po wysy\u0142k\u0119 gotowego nak\u0142adu<\/h2>\t\t\t\t<\/div>\n\t\t\t\t<\/div>\n\t\t\t\t<div class=\"elementor-element elementor-element-a827e9e elementor-widget elementor-widget-spacer\" data-id=\"a827e9e\" data-element_type=\"widget\" data-e-type=\"widget\" data-widget_type=\"spacer.default\">\n\t\t\t\t<div class=\"elementor-widget-container\">\n\t\t\t\t\t\t\t<div class=\"elementor-spacer\">\n\t\t\t<div class=\"elementor-spacer-inner\"><\/div>\n\t\t<\/div>\n\t\t\t\t\t\t<\/div>\n\t\t\t\t<\/div>\n\t\t\t\t<div class=\"elementor-element elementor-element-398f7cb elementor-widget elementor-widget-text-editor\" data-id=\"398f7cb\" data-element_type=\"widget\" data-e-type=\"widget\" data-widget_type=\"text-editor.default\">\n\t\t\t\t<div class=\"elementor-widget-container\">\n\t\t\t\t\t\t\t\t\t<p class=\"p1\">Realizujemy <strong>druk ksi\u0105\u017cek dla autor\u00f3w, firm, wydawnictw i partner\u00f3w handlowych<\/strong>, zapewniaj\u0105c pe\u0142n\u0105 obs\u0142ug\u0119 na ka\u017cdym etapie zam\u00f3wienia. Obejmuje ona zar\u00f3wno przygotowanie plik\u00f3w do druku, jak i sam\u0105 produkcj\u0119, wyko\u0144czenie, pakowanie oraz wysy\u0142k\u0119 gotowych publikacji.<\/p><p class=\"p1\">Dzi\u0119ki temu ca\u0142y proces przebiega sprawnie, a klient mo\u017ce zleci\u0107 realizacj\u0119 w jednym miejscu.<\/p><h3>Co drukujemy:<\/h3><ul><li>Ksi\u0105\u017cki w mi\u0119kkiej i twardej oprawie<\/li><li>Powie\u015bci, proza, poezja<\/li><li>Ksi\u0105\u017cki naukowe i techniczne<\/li><li>Albumy i publikacje premium<\/li><li>Druki dla wydawnictw i autor\u00f3w indywidualnych<\/li><\/ul><h3>Uszlachetnienia ksi\u0105\u017cek i druk\u00f3w:<\/h3><ul><li>Foliowanie mat \/ b\u0142ysk \/ soft touch<\/li><li>Hot-stamping (z\u0142oto \/ srebro)<\/li><li>T\u0142oczenia i lakier UV wybi\u00f3rczy<\/li><\/ul>\t\t\t\t\t\t\t\t<\/div>\n\t\t\t\t<\/div>\n\t\t\t\t<\/div>\n\t\t\t\t\t<\/div>\n\t\t\t\t<\/div>\n\t\t<div class=\"elementor-element elementor-element-201beed e-flex e-con-boxed e-con e-parent\" data-id=\"201beed\" data-element_type=\"container\" data-e-type=\"container\" data-settings=\"{&quot;background_background&quot;:&quot;classic&quot;}\">\n\t\t\t\t\t<div class=\"e-con-inner\">\n\t\t<div class=\"elementor-element elementor-element-b607f94 e-con-full e-flex e-con e-child\" data-id=\"b607f94\" data-element_type=\"container\" data-e-type=\"container\" data-settings=\"{&quot;background_background&quot;:&quot;classic&quot;}\">\n\t\t\t\t<div class=\"elementor-element elementor-element-3e2d1e4 elementor-widget elementor-widget-heading\" data-id=\"3e2d1e4\" data-element_type=\"widget\" data-e-type=\"widget\" data-widget_type=\"heading.default\">\n\t\t\t\t<div class=\"elementor-widget-container\">\n\t\t\t\t\t<h2 class=\"elementor-heading-title elementor-size-default\">W jaki spos\u00f3b zam\u00f3wi\u0107 druk ksi\u0105\u017cek?<\/h2>\t\t\t\t<\/div>\n\t\t\t\t<\/div>\n\t\t\t\t<div class=\"elementor-element elementor-element-6470964 elementor-widget elementor-widget-spacer\" data-id=\"6470964\" data-element_type=\"widget\" data-e-type=\"widget\" data-widget_type=\"spacer.default\">\n\t\t\t\t<div class=\"elementor-widget-container\">\n\t\t\t\t\t\t\t<div class=\"elementor-spacer\">\n\t\t\t<div class=\"elementor-spacer-inner\"><\/div>\n\t\t<\/div>\n\t\t\t\t\t\t<\/div>\n\t\t\t\t<\/div>\n\t\t\t\t<div class=\"elementor-element elementor-element-fe08bc1 elementor-widget elementor-widget-text-editor\" data-id=\"fe08bc1\" data-element_type=\"widget\" data-e-type=\"widget\" data-widget_type=\"text-editor.default\">\n\t\t\t\t<div class=\"elementor-widget-container\">\n\t\t\t\t\t\t\t\t\t<ol><li>Wy\u015blij pliki PDF lub projekt do wyceny.<\/li><li>W 24h otrzymasz dok\u0142adn\u0105 wycen\u0119 i termin realizacji.<\/li><li>Po akceptacji zaczynamy druk.<\/li><li>Odbi\u00f3r osobisty w Zabrzu lub wysy\u0142ka kurierem.<\/li><\/ol>\t\t\t\t\t\t\t\t<\/div>\n\t\t\t\t<\/div>\n\t\t\t\t<div class=\"elementor-element elementor-element-417811d elementor-button-default elementor-widget elementor-widget-button\" data-id=\"417811d\" data-element_type=\"widget\" data-e-type=\"widget\" data-widget_type=\"button.default\">\n\t\t\t\t<div class=\"elementor-widget-container\">\n\t\t\t\t\t\t\t\t\t<div class=\"elementor-button-wrapper\">\n\t\t\t\t\t<a class=\"elementor-button elementor-button-link elementor-size-sm\" href=\"https:\/\/drukarnia-danpol.pl\/de\/kontakt\/\">\n\t\t\t\t\t\t<span class=\"elementor-button-content-wrapper\">\n\t\t\t\t\t\t\t\t\t<span class=\"elementor-button-text\">Zam\u00f3w wycen\u0119 \u2192<\/span>\n\t\t\t\t\t<\/span>\n\t\t\t\t\t<\/a>\n\t\t\t\t<\/div>\n\t\t\t\t\t\t\t\t<\/div>\n\t\t\t\t<\/div>\n\t\t\t\t<\/div>\n\t\t\t\t\t<\/div>\n\t\t\t\t<\/div>\n\t\t<div class=\"elementor-element elementor-element-37b16a9 e-flex e-con-boxed e-con e-parent\" data-id=\"37b16a9\" data-element_type=\"container\" data-e-type=\"container\">\n\t\t\t\t\t<div class=\"e-con-inner\">\n\t\t<div class=\"elementor-element elementor-element-620ae8d e-con-full e-flex e-con e-child\" data-id=\"620ae8d\" data-element_type=\"container\" data-e-type=\"container\">\n\t\t\t\t<div class=\"elementor-element elementor-element-b10c240 elementor-widget elementor-widget-heading\" data-id=\"b10c240\" data-element_type=\"widget\" data-e-type=\"widget\" data-widget_type=\"heading.default\">\n\t\t\t\t<div class=\"elementor-widget-container\">\n\t\t\t\t\t<h2 class=\"elementor-heading-title elementor-size-default\">Od pliku do gotowej ksi\u0105\u017cki w jednym procesie<\/h2>\t\t\t\t<\/div>\n\t\t\t\t<\/div>\n\t\t\t\t<div class=\"elementor-element elementor-element-001d642 elementor-widget elementor-widget-spacer\" data-id=\"001d642\" data-element_type=\"widget\" data-e-type=\"widget\" data-widget_type=\"spacer.default\">\n\t\t\t\t<div class=\"elementor-widget-container\">\n\t\t\t\t\t\t\t<div class=\"elementor-spacer\">\n\t\t\t<div class=\"elementor-spacer-inner\"><\/div>\n\t\t<\/div>\n\t\t\t\t\t\t<\/div>\n\t\t\t\t<\/div>\n\t\t\t\t<div class=\"elementor-element elementor-element-466ab93 elementor-widget elementor-widget-text-editor\" data-id=\"466ab93\" data-element_type=\"widget\" data-e-type=\"widget\" data-widget_type=\"text-editor.default\">\n\t\t\t\t<div class=\"elementor-widget-container\">\n\t\t\t\t\t\t\t\t\t<p class=\"p1\">Dobrze zorganizowany druk ksi\u0105\u017cki nie ko\u0144czy si\u0119 na wydrukowaniu \u015brodka i ok\u0142adki. R\u00f3wnie istotne jest to, jak publikacja zostanie wyko\u0144czona i przygotowana do dalszego obiegu.<\/p><p class=\"p1\">W naszej drukarni realizujemy tak\u017ce etapy, kt\u00f3re wp\u0142ywaj\u0105 na trwa\u0142o\u015b\u0107, estetyk\u0119 i odbi\u00f3r gotowego produktu. Dzi\u0119ki temu ksi\u0105\u017cka mo\u017ce by\u0107 od razu przygotowana do sprzeda\u017cy, prezentacji, dystrybucji lub przekazania klientom ko\u0144cowym.<\/p><p class=\"p1\">Taki model pracy daje wi\u0119kszy porz\u0105dek organizacyjny i zmniejsza ryzyko b\u0142\u0119d\u00f3w wynikaj\u0105cych z dzielenia realizacji mi\u0119dzy kilka firm. <strong>Autorzy, wydawnictwa i firmy z Tych\u00f3w<\/strong> mog\u0105 dzi\u0119ki temu przej\u015b\u0107 przez ca\u0142y proces w jednym miejscu, od ustalenia parametr\u00f3w po finalne wyko\u0144czenie i dostaw\u0119 gotowego nak\u0142adu. To wygodniejsze rozwi\u0105zanie, zw\u0142aszcza przy projektach, w kt\u00f3rych liczy si\u0119 sp\u00f3jno\u015b\u0107 ca\u0142ej publikacji.<\/p>\t\t\t\t\t\t\t\t<\/div>\n\t\t\t\t<\/div>\n\t\t\t\t<\/div>\n\t\t\t\t\t<\/div>\n\t\t\t\t<\/div>\n\t\t<div class=\"elementor-element elementor-element-2283bc7 e-flex e-con-boxed e-con e-parent\" data-id=\"2283bc7\" data-element_type=\"container\" data-e-type=\"container\" data-settings=\"{&quot;background_background&quot;:&quot;classic&quot;}\">\n\t\t\t\t\t<div class=\"e-con-inner\">\n\t\t<div class=\"elementor-element elementor-element-2701c80 e-con-full e-flex e-con e-child\" data-id=\"2701c80\" data-element_type=\"container\" data-e-type=\"container\" data-settings=\"{&quot;background_background&quot;:&quot;classic&quot;}\">\n\t\t\t\t<div class=\"elementor-element elementor-element-4e1a6da elementor-widget elementor-widget-heading\" data-id=\"4e1a6da\" data-element_type=\"widget\" data-e-type=\"widget\" data-widget_type=\"heading.default\">\n\t\t\t\t<div class=\"elementor-widget-container\">\n\t\t\t\t\t<h2 class=\"elementor-heading-title elementor-size-default\">Obs\u0142ugujemy zam\u00f3wienia z Tych\u00f3w i okolic\n<\/h2>\t\t\t\t<\/div>\n\t\t\t\t<\/div>\n\t\t\t\t<div class=\"elementor-element elementor-element-26136cf elementor-widget elementor-widget-spacer\" data-id=\"26136cf\" data-element_type=\"widget\" data-e-type=\"widget\" data-widget_type=\"spacer.default\">\n\t\t\t\t<div class=\"elementor-widget-container\">\n\t\t\t\t\t\t\t<div class=\"elementor-spacer\">\n\t\t\t<div class=\"elementor-spacer-inner\"><\/div>\n\t\t<\/div>\n\t\t\t\t\t\t<\/div>\n\t\t\t\t<\/div>\n\t\t\t\t<div class=\"elementor-element elementor-element-aa9f215 elementor-widget elementor-widget-text-editor\" data-id=\"aa9f215\" data-element_type=\"widget\" data-e-type=\"widget\" data-widget_type=\"text-editor.default\">\n\t\t\t\t<div class=\"elementor-widget-container\">\n\t\t\t\t\t\t\t\t\t<p class=\"p1\">Realizujemy <strong>druk ksi\u0105\u017cek<\/strong> dla klient\u00f3w z Tych\u00f3w oraz pobliskich miejscowo\u015bci, niezale\u017cnie od tego, czy chodzi o jednorazowe zam\u00f3wienie, czy o bardziej regularn\u0105 wsp\u00f3\u0142prac\u0119. Dla cz\u0119\u015bci klient\u00f3w najwa\u017cniejsza jest mo\u017cliwo\u015b\u0107 szybkiego przes\u0142ania plik\u00f3w i zlecenia druku przez internet. Dla innych du\u017ce znaczenie ma to, \u017ce drukarnia znajduje si\u0119 na \u015al\u0105sku i w razie potrzeby mo\u017cna \u0142atwo <strong>skontaktowa\u0107 si\u0119 bezpo\u015brednio<\/strong> oder <strong>ustali\u0107 szczeg\u00f3\u0142y projektu na miejscu<\/strong>.<\/p><p class=\"p1\">W obu przypadkach cel pozostaje ten sam: dobrze wydrukowana ksi\u0105\u017cka, przygotowana zgodnie z za\u0142o\u017ceniami i gotowa do dalszego wykorzystania.<\/p><p class=\"p1\">Je\u015bli zale\u017cy Ci na wsp\u00f3\u0142pracy z drukarni\u0105, kt\u00f3ra \u0142\u0105czy do\u015bwiadczenie, elastyczne podej\u015bcie i <strong>wygod\u0119 zam\u00f3wie\u0144 online<\/strong>, <strong>DANPOL<\/strong> jest rozwi\u0105zaniem, kt\u00f3re dobrze odpowiada na potrzeby klient\u00f3w z Tych\u00f3w.<\/p><p>Drukujemy r\u00f3wnie\u017c dla innych pobliskich miast takich jak:<\/p><ul><li class=\"p1\"><a href=\"https:\/\/drukarnia-danpol.pl\/de\/tisk-knih-gliwice\/\">Drukowanie ksi\u0105\u017cek Gliwice<\/a><\/li><li><a href=\"https:\/\/drukarnia-danpol.pl\/de\/buchdruck-katowice\/\">Drukowanie ksi\u0105\u017cek Katowice<\/a><\/li><\/ul>\t\t\t\t\t\t\t\t<\/div>\n\t\t\t\t<\/div>\n\t\t\t\t<div class=\"elementor-element elementor-element-033ed55 elementor-button-default elementor-widget elementor-widget-button\" data-id=\"033ed55\" data-element_type=\"widget\" data-e-type=\"widget\" data-widget_type=\"button.default\">\n\t\t\t\t<div class=\"elementor-widget-container\">\n\t\t\t\t\t\t\t\t\t<div class=\"elementor-button-wrapper\">\n\t\t\t\t\t<a class=\"elementor-button elementor-button-link elementor-size-sm\" href=\"https:\/\/drukarnia-danpol.pl\/de\/kontakt\/\">\n\t\t\t\t\t\t<span class=\"elementor-button-content-wrapper\">\n\t\t\t\t\t\t\t\t\t<span class=\"elementor-button-text\">Skontaktuj si\u0119 z nami \u2192<\/span>\n\t\t\t\t\t<\/span>\n\t\t\t\t\t<\/a>\n\t\t\t\t<\/div>\n\t\t\t\t\t\t\t\t<\/div>\n\t\t\t\t<\/div>\n\t\t\t\t<div class=\"elementor-element elementor-element-9fc3cba elementor-widget elementor-widget-spacer\" data-id=\"9fc3cba\" data-element_type=\"widget\" data-e-type=\"widget\" data-widget_type=\"spacer.default\">\n\t\t\t\t<div class=\"elementor-widget-container\">\n\t\t\t\t\t\t\t<div class=\"elementor-spacer\">\n\t\t\t<div class=\"elementor-spacer-inner\"><\/div>\n\t\t<\/div>\n\t\t\t\t\t\t<\/div>\n\t\t\t\t<\/div>\n\t\t\t\t<div class=\"elementor-element elementor-element-f0f63d5 elementor-widget elementor-widget-html\" data-id=\"f0f63d5\" data-element_type=\"widget\" data-e-type=\"widget\" data-widget_type=\"html.default\">\n\t\t\t\t<div class=\"elementor-widget-container\">\n\t\t\t\t\t<iframe src=\"https:\/\/www.google.com\/maps\/embed?pb=!1m18!1m12!1m3!1d81851.23850392163!2d18.852660046679663!3d50.12650625434758!2m3!1f0!2f0!3f0!3m2!1i1024!2i768!4f13.1!3m3!1m2!1s0x4716c7e202408281%3A0xda564472a0b326a1!2sTychy!5e0!3m2!1sen!2spl!4v1774800592003!5m2!1sen!2spl\" width=\"100%\" height=\"377\" style=\"border:0;\" allowfullscreen=\"\" loading=\"lazy\" referrerpolicy=\"no-referrer-when-downgrade\"><\/iframe>\t\t\t\t<\/div>\n\t\t\t\t<\/div>\n\t\t\t\t<\/div>\n\t\t\t\t\t<\/div>\n\t\t\t\t<\/div>\n\t\t\t\t<\/div>","protected":false},"excerpt":{"rendered":"<p>Drukarnia ksi\u0105\u017cek Tychy Wydruk ksi\u0105\u017cki to etap, w kt\u00f3rym pomys\u0142 zaczyna przybiera\u0107 realn\u0105 form\u0119, dlatego tak du\u017ce znaczenie ma wyb\u00f3r drukarni, kt\u00f3ra potrafi po\u0142\u0105czy\u0107 jako\u015b\u0107 wykonania z wygodn\u0105 organizacj\u0105 ca\u0142ego procesu. Klienci z Tych\u00f3w coraz cz\u0119\u015bciej szukaj\u0105 nie tylko samej us\u0142ugi druku, ale te\u017c partnera, kt\u00f3ry pomo\u017ce sprawnie przej\u015b\u0107 od gotowego pliku do estetycznie wyko\u0144czonej [&hellip;]<\/p>\n","protected":false},"author":149,"featured_media":0,"parent":0,"menu_order":0,"comment_status":"closed","ping_status":"closed","template":"","meta":{"footnotes":""},"class_list":["post-11715","page","type-page","status-publish","hentry"],"_links":{"self":[{"href":"https:\/\/drukarnia-danpol.pl\/de\/wp-json\/wp\/v2\/pages\/11715","targetHints":{"allow":["GET"]}}],"collection":[{"href":"https:\/\/drukarnia-danpol.pl\/de\/wp-json\/wp\/v2\/pages"}],"about":[{"href":"https:\/\/drukarnia-danpol.pl\/de\/wp-json\/wp\/v2\/types\/page"}],"author":[{"embeddable":true,"href":"https:\/\/drukarnia-danpol.pl\/de\/wp-json\/wp\/v2\/users\/149"}],"replies":[{"embeddable":true,"href":"https:\/\/drukarnia-danpol.pl\/de\/wp-json\/wp\/v2\/comments?post=11715"}],"version-history":[{"count":4,"href":"https:\/\/drukarnia-danpol.pl\/de\/wp-json\/wp\/v2\/pages\/11715\/revisions"}],"predecessor-version":[{"id":11719,"href":"https:\/\/drukarnia-danpol.pl\/de\/wp-json\/wp\/v2\/pages\/11715\/revisions\/11719"}],"wp:attachment":[{"href":"https:\/\/drukarnia-danpol.pl\/de\/wp-json\/wp\/v2\/media?parent=11715"}],"curies":[{"name":"wp","href":"https:\/\/api.w.org\/{rel}","templated":true}]}}