
{"id":11724,"date":"2026-03-30T00:01:48","date_gmt":"2026-03-29T22:01:48","guid":{"rendered":"https:\/\/drukarnia-danpol.pl\/?page_id=11724"},"modified":"2026-03-30T00:06:18","modified_gmt":"2026-03-29T22:06:18","slug":"buchdruck-sosnowiec","status":"publish","type":"page","link":"https:\/\/drukarnia-danpol.pl\/de\/drukarnia-ksiazek-sosnowiec\/","title":{"rendered":"Buchdruckerei Sosnowiec"},"content":{"rendered":"<div data-elementor-type=\"wp-page\" data-elementor-id=\"11724\" class=\"elementor elementor-11724\">\n\t\t\t\t<div class=\"elementor-element elementor-element-38970c9 e-flex e-con-boxed e-con e-parent\" data-id=\"38970c9\" data-element_type=\"container\" data-e-type=\"container\">\n\t\t\t\t\t<div class=\"e-con-inner\">\n\t\t<div class=\"elementor-element elementor-element-258ce42 e-con-full e-flex e-con e-child\" data-id=\"258ce42\" data-element_type=\"container\" data-e-type=\"container\">\n\t\t\t\t<div class=\"elementor-element elementor-element-7e090eb elementor-widget elementor-widget-spacer\" data-id=\"7e090eb\" data-element_type=\"widget\" data-e-type=\"widget\" data-widget_type=\"spacer.default\">\n\t\t\t\t<div class=\"elementor-widget-container\">\n\t\t\t\t\t\t\t<div class=\"elementor-spacer\">\n\t\t\t<div class=\"elementor-spacer-inner\"><\/div>\n\t\t<\/div>\n\t\t\t\t\t\t<\/div>\n\t\t\t\t<\/div>\n\t\t\t\t<div class=\"elementor-element elementor-element-4e7cc6d elementor-widget elementor-widget-heading\" data-id=\"4e7cc6d\" data-element_type=\"widget\" data-e-type=\"widget\" data-widget_type=\"heading.default\">\n\t\t\t\t<div class=\"elementor-widget-container\">\n\t\t\t\t\t<h1 class=\"elementor-heading-title elementor-size-default\">Buchdruckerei Sosnowiec<\/h1>\t\t\t\t<\/div>\n\t\t\t\t<\/div>\n\t\t\t\t<div class=\"elementor-element elementor-element-6bfc006 elementor-widget elementor-widget-spacer\" data-id=\"6bfc006\" data-element_type=\"widget\" data-e-type=\"widget\" data-widget_type=\"spacer.default\">\n\t\t\t\t<div class=\"elementor-widget-container\">\n\t\t\t\t\t\t\t<div class=\"elementor-spacer\">\n\t\t\t<div class=\"elementor-spacer-inner\"><\/div>\n\t\t<\/div>\n\t\t\t\t\t\t<\/div>\n\t\t\t\t<\/div>\n\t\t\t\t<div class=\"elementor-element elementor-element-8a5df8e elementor-widget elementor-widget-text-editor\" data-id=\"8a5df8e\" data-element_type=\"widget\" data-e-type=\"widget\" data-widget_type=\"text-editor.default\">\n\t\t\t\t<div class=\"elementor-widget-container\">\n\t\t\t\t\t\t\t\t\t<p class=\"p1\">Nie ka\u017cda drukarnia ksi\u0105\u017cek b\u0119dzie dobrym wyborem dla autora, firmy czy wydawnictwa, kt\u00f3re chc\u0105 wyda\u0107 publikacj\u0119 bez chaosu, poprawek na ostatnim etapie i problem\u00f3w z jako\u015bci\u0105. Przy takim projekcie znaczenie ma nie tylko sam wydruk, ale te\u017c spos\u00f3b prowadzenia ca\u0142ej realizacji, dob\u00f3r technologii, jako\u015b\u0107 wyko\u0144czenia i to, czy po drodze da si\u0119 normalnie porozmawia\u0107 z wykonawc\u0105. W\u0142a\u015bnie dlatego klienci z Sosnowca coraz cz\u0119\u015bciej wybieraj\u0105 wsp\u00f3\u0142prac\u0119 z drukarni\u0105, kt\u00f3ra jest blisko, ale jednocze\u015bnie umo\u017cliwia wygodne zam\u00f3wienie online. <strong>DANPOL dzia\u0142a w Zabrzu<\/strong> i od lat realizuje <strong>druk ksi\u0105\u017cek dla klient\u00f3w z ca\u0142ego \u015al\u0105ska<\/strong>, \u0142\u0105cz\u0105c do\u015bwiadczenie produkcyjne z elastycznym podej\u015bciem do r\u00f3\u017cnych typ\u00f3w publikacji.<\/p><p class=\"p1\">Dla jednych najwa\u017cniejsza b\u0119dzie mo\u017cliwo\u015b\u0107 zam\u00f3wienia niewielkiego nak\u0142adu, dla innych stabilna produkcja wi\u0119kszej serii przygotowanej do sprzeda\u017cy, dystrybucji albo sta\u0142ej wsp\u00f3\u0142pracy z partnerami handlowymi. W obu przypadkach liczy si\u0119 to samo: dobrze przygotowany proces i <strong>ksi\u0105\u017cka, kt\u00f3ra po wydrukowaniu wygl\u0105da tak, jak powinna<\/strong>.<\/p>\t\t\t\t\t\t\t\t<\/div>\n\t\t\t\t<\/div>\n\t\t\t\t<div class=\"elementor-element elementor-element-0eec6ac elementor-widget elementor-widget-spacer\" data-id=\"0eec6ac\" data-element_type=\"widget\" data-e-type=\"widget\" data-widget_type=\"spacer.default\">\n\t\t\t\t<div class=\"elementor-widget-container\">\n\t\t\t\t\t\t\t<div class=\"elementor-spacer\">\n\t\t\t<div class=\"elementor-spacer-inner\"><\/div>\n\t\t<\/div>\n\t\t\t\t\t\t<\/div>\n\t\t\t\t<\/div>\n\t\t\t\t<div class=\"elementor-element elementor-element-2f47a22 elementor-button-default elementor-widget elementor-widget-button\" data-id=\"2f47a22\" data-element_type=\"widget\" data-e-type=\"widget\" data-widget_type=\"button.default\">\n\t\t\t\t<div class=\"elementor-widget-container\">\n\t\t\t\t\t\t\t\t\t<div class=\"elementor-button-wrapper\">\n\t\t\t\t\t<a class=\"elementor-button elementor-button-link elementor-size-sm\" href=\"https:\/\/drukarnia-danpol.pl\/de\/kontakt\/\">\n\t\t\t\t\t\t<span class=\"elementor-button-content-wrapper\">\n\t\t\t\t\t\t\t\t\t<span class=\"elementor-button-text\">Zam\u00f3w wycen\u0119 druku ksi\u0105\u017cki \u2192<\/span>\n\t\t\t\t\t<\/span>\n\t\t\t\t\t<\/a>\n\t\t\t\t<\/div>\n\t\t\t\t\t\t\t\t<\/div>\n\t\t\t\t<\/div>\n\t\t\t\t<\/div>\n\t\t\t\t\t<\/div>\n\t\t\t\t<\/div>\n\t\t<div class=\"elementor-element elementor-element-7f09fef e-flex e-con-boxed e-con e-parent\" data-id=\"7f09fef\" data-element_type=\"container\" data-e-type=\"container\" data-settings=\"{&quot;background_background&quot;:&quot;classic&quot;}\">\n\t\t\t\t\t<div class=\"e-con-inner\">\n\t\t<div class=\"elementor-element elementor-element-45f7fb5 e-con-full e-flex e-con e-child\" data-id=\"45f7fb5\" data-element_type=\"container\" data-e-type=\"container\" data-settings=\"{&quot;background_background&quot;:&quot;classic&quot;}\">\n\t\t\t\t<div class=\"elementor-element elementor-element-1d99d2f elementor-widget elementor-widget-heading\" data-id=\"1d99d2f\" data-element_type=\"widget\" data-e-type=\"widget\" data-widget_type=\"heading.default\">\n\t\t\t\t<div class=\"elementor-widget-container\">\n\t\t\t\t\t<h2 class=\"elementor-heading-title elementor-size-default\">Druk ksi\u0105\u017cek dla autor\u00f3w, wydawnictw i firm z Sosnowca<\/h2>\t\t\t\t<\/div>\n\t\t\t\t<\/div>\n\t\t\t\t<div class=\"elementor-element elementor-element-a61d26d elementor-widget elementor-widget-spacer\" data-id=\"a61d26d\" data-element_type=\"widget\" data-e-type=\"widget\" data-widget_type=\"spacer.default\">\n\t\t\t\t<div class=\"elementor-widget-container\">\n\t\t\t\t\t\t\t<div class=\"elementor-spacer\">\n\t\t\t<div class=\"elementor-spacer-inner\"><\/div>\n\t\t<\/div>\n\t\t\t\t\t\t<\/div>\n\t\t\t\t<\/div>\n\t\t\t\t<div class=\"elementor-element elementor-element-07e23f7 elementor-widget elementor-widget-text-editor\" data-id=\"07e23f7\" data-element_type=\"widget\" data-e-type=\"widget\" data-widget_type=\"text-editor.default\">\n\t\t\t\t<div class=\"elementor-widget-container\">\n\t\t\t\t\t\t\t\t\t<p class=\"p1\">Realizujemy ksi\u0105\u017cki o bardzo r\u00f3\u017cnym charakterze, od powie\u015bci i tomik\u00f3w poezji po poradniki, podr\u0119czniki, publikacje firmowe, <strong>ksi\u0105\u017cki techniczne i albumy<\/strong>. Ka\u017cdy taki projekt ma inn\u0105 specyfik\u0119, dlatego nie opieramy produkcji na jednym szablonie. Inaczej planuje si\u0119 pierwsze wydanie autorskie, inaczej ksi\u0105\u017ck\u0119 tworzon\u0105 dla firmy, a jeszcze inaczej nak\u0142ad przygotowany do dalszej sprzeda\u017cy lub dystrybucji przez wydawnictwo.<\/p><p class=\"p1\">Klienci z Sosnowca korzystaj\u0105 z naszej oferty wtedy, gdy zale\u017cy im na jako\u015bci druku, rozs\u0105dnym dopasowaniu technologii i sprawnym przej\u015bciu przez ca\u0142y proces. Dla jednych wa\u017cna jest mo\u017cliwo\u015b\u0107 wydrukowania mniejszej liczby egzemplarzy bez sztucznego podbijania koszt\u00f3w. Dla innych istotne b\u0119dzie zachowanie powtarzalno\u015bci przy wi\u0119kszej produkcji i mo\u017cliwo\u015b\u0107 utrzymania sp\u00f3jnego standardu kolejnych nak\u0142ad\u00f3w. To w\u0142a\u015bnie dlatego <strong>druk ksi\u0105\u017cek<\/strong> powinien by\u0107 dopasowany nie tylko do pliku, ale te\u017c do realnego celu publikacji.<\/p>\t\t\t\t\t\t\t\t<\/div>\n\t\t\t\t<\/div>\n\t\t\t\t<\/div>\n\t\t\t\t\t<\/div>\n\t\t\t\t<\/div>\n\t\t<div class=\"elementor-element elementor-element-06ef515 e-flex e-con-boxed e-con e-parent\" data-id=\"06ef515\" data-element_type=\"container\" data-e-type=\"container\">\n\t\t\t\t\t<div class=\"e-con-inner\">\n\t\t<div class=\"elementor-element elementor-element-329503e e-con-full e-flex e-con e-child\" data-id=\"329503e\" data-element_type=\"container\" data-e-type=\"container\">\n\t\t\t\t<div class=\"elementor-element elementor-element-a0cb50c elementor-widget elementor-widget-heading\" data-id=\"a0cb50c\" data-element_type=\"widget\" data-e-type=\"widget\" data-widget_type=\"heading.default\">\n\t\t\t\t<div class=\"elementor-widget-container\">\n\t\t\t\t\t<h2 class=\"elementor-heading-title elementor-size-default\">Zam\u00f3wienie online z dostaw\u0105 albo bezpo\u015brednio na \u015al\u0105sku<\/h2>\t\t\t\t<\/div>\n\t\t\t\t<\/div>\n\t\t\t\t<div class=\"elementor-element elementor-element-14b03d2 elementor-widget elementor-widget-spacer\" data-id=\"14b03d2\" data-element_type=\"widget\" data-e-type=\"widget\" data-widget_type=\"spacer.default\">\n\t\t\t\t<div class=\"elementor-widget-container\">\n\t\t\t\t\t\t\t<div class=\"elementor-spacer\">\n\t\t\t<div class=\"elementor-spacer-inner\"><\/div>\n\t\t<\/div>\n\t\t\t\t\t\t<\/div>\n\t\t\t\t<\/div>\n\t\t\t\t<div class=\"elementor-element elementor-element-8124585 elementor-widget elementor-widget-text-editor\" data-id=\"8124585\" data-element_type=\"widget\" data-e-type=\"widget\" data-widget_type=\"text-editor.default\">\n\t\t\t\t<div class=\"elementor-widget-container\">\n\t\t\t\t\t\t\t\t\t<p class=\"p1\">Wsp\u00f3\u0142praca z drukarni\u0105 nie musi dzi\u015b oznacza\u0107 osobistych wizyt przy ka\u017cdym etapie realizacji. W wielu przypadkach wygodniejszym rozwi\u0105zaniem jest po prostu <strong>przes\u0142anie plik\u00f3w, ustalenie parametr\u00f3w, akceptacja wyceny i odbi\u00f3r gotowego nak\u0142adu kurierem<\/strong>. Taki model jest szczeg\u00f3lnie wygodny dla klient\u00f3w z Sosnowca, kt\u00f3rzy chc\u0105 zam\u00f3wi\u0107 druk ksi\u0105\u017cek sprawnie i bez zb\u0119dnych formalno\u015bci.<\/p><p class=\"p1\">Jednocze\u015bnie <strong>nasza drukarnia znajduje si\u0119 w Zabrzu<\/strong>, wi\u0119c w razie potrzeby pozostaje r\u00f3wnie\u017c mo\u017cliwo\u015b\u0107 bezpo\u015bredniego kontaktu, om\u00f3wienia szczeg\u00f3\u0142\u00f3w albo konsultacji technicznych. To wa\u017cne zw\u0142aszcza przy publikacjach, kt\u00f3re wymagaj\u0105 dok\u0142adniejszego ustalenia papieru, oprawy, formatu czy wyko\u0144czenia. Dzi\u0119ki temu nie zamykasz si\u0119 ani w modelu wy\u0142\u0105cznie zdalnym, ani w konieczno\u015bci za\u0142atwiania wszystkiego stacjonarnie. Mo\u017cesz po prostu wybra\u0107 spos\u00f3b wsp\u00f3\u0142pracy, kt\u00f3ry najlepiej pasuje do konkretnego projektu.<\/p>\t\t\t\t\t\t\t\t<\/div>\n\t\t\t\t<\/div>\n\t\t\t\t<div class=\"elementor-element elementor-element-4589645 elementor-widget elementor-widget-spacer\" data-id=\"4589645\" data-element_type=\"widget\" data-e-type=\"widget\" data-widget_type=\"spacer.default\">\n\t\t\t\t<div class=\"elementor-widget-container\">\n\t\t\t\t\t\t\t<div class=\"elementor-spacer\">\n\t\t\t<div class=\"elementor-spacer-inner\"><\/div>\n\t\t<\/div>\n\t\t\t\t\t\t<\/div>\n\t\t\t\t<\/div>\n\t\t\t\t<div class=\"elementor-element elementor-element-a1553c5 elementor-widget elementor-widget-heading\" data-id=\"a1553c5\" data-element_type=\"widget\" data-e-type=\"widget\" data-widget_type=\"heading.default\">\n\t\t\t\t<div class=\"elementor-widget-container\">\n\t\t\t\t\t<h2 class=\"elementor-heading-title elementor-size-default\">Kompleksowy druk ksi\u0105\u017cek od przygotowania plik\u00f3w po gotowy nak\u0142ad<\/h2>\t\t\t\t<\/div>\n\t\t\t\t<\/div>\n\t\t\t\t<div class=\"elementor-element elementor-element-7c786a9 elementor-widget elementor-widget-spacer\" data-id=\"7c786a9\" data-element_type=\"widget\" data-e-type=\"widget\" data-widget_type=\"spacer.default\">\n\t\t\t\t<div class=\"elementor-widget-container\">\n\t\t\t\t\t\t\t<div class=\"elementor-spacer\">\n\t\t\t<div class=\"elementor-spacer-inner\"><\/div>\n\t\t<\/div>\n\t\t\t\t\t\t<\/div>\n\t\t\t\t<\/div>\n\t\t\t\t<div class=\"elementor-element elementor-element-f5f9d99 elementor-widget elementor-widget-text-editor\" data-id=\"f5f9d99\" data-element_type=\"widget\" data-e-type=\"widget\" data-widget_type=\"text-editor.default\">\n\t\t\t\t<div class=\"elementor-widget-container\">\n\t\t\t\t\t\t\t\t\t<p class=\"p1\">Przygotowujemy <strong>ksi\u0105\u017cki w oprawie mi\u0119kkiej i twardej<\/strong>, publikacje literackie, naukowe, techniczne, edukacyjne i biznesowe. Realizujemy zar\u00f3wno klasyczne wydania u\u017cytkowe, jak i bardziej dopracowane wizualnie publikacje premium, w kt\u00f3rych du\u017ce znaczenie ma odbi\u00f3r gotowego egzemplarza. To wa\u017cne nie tylko dla wydawnictw, ale te\u017c <strong>dla firm i autor\u00f3w niezale\u017cnych<\/strong>, kt\u00f3rzy chc\u0105, \u017ceby ksi\u0105\u017cka dobrze prezentowa\u0142a si\u0119 od pierwszego kontaktu.<\/p><p class=\"p1\">Du\u017ce znaczenie maj\u0105 r\u00f3wnie\u017c uszlachetnienia. W zale\u017cno\u015bci od projektu mo\u017cemy zastosowa\u0107 <strong>foliowanie matowe, b\u0142yszcz\u0105ce albo soft touch<\/strong>, a tak\u017ce rozwi\u0105zania podkre\u015blaj\u0105ce charakter ok\u0142adki, takie jak <strong>t\u0142oczenia, hot stamping czy lakier UV wybi\u00f3rczy<\/strong>. Dobrze dobrane wyko\u0144czenie nie jest dodatkiem bez znaczenia. Cz\u0119sto to w\u0142a\u015bnie ono wp\u0142ywa na to, czy publikacja sprawia wra\u017cenie standardowej, czy dopracowanej i przygotowanej z my\u015bl\u0105 o jako\u015bciowym odbiorze.<\/p>\t\t\t\t\t\t\t\t<\/div>\n\t\t\t\t<\/div>\n\t\t\t\t<\/div>\n\t\t\t\t\t<\/div>\n\t\t\t\t<\/div>\n\t\t<div class=\"elementor-element elementor-element-b6f5da2 e-flex e-con-boxed e-con e-parent\" data-id=\"b6f5da2\" data-element_type=\"container\" data-e-type=\"container\" data-settings=\"{&quot;background_background&quot;:&quot;classic&quot;}\">\n\t\t\t\t\t<div class=\"e-con-inner\">\n\t\t<div class=\"elementor-element elementor-element-5a76e26 e-con-full e-flex e-con e-child\" data-id=\"5a76e26\" data-element_type=\"container\" data-e-type=\"container\" data-settings=\"{&quot;background_background&quot;:&quot;classic&quot;}\">\n\t\t\t\t<div class=\"elementor-element elementor-element-eea434d elementor-widget elementor-widget-heading\" data-id=\"eea434d\" data-element_type=\"widget\" data-e-type=\"widget\" data-widget_type=\"heading.default\">\n\t\t\t\t<div class=\"elementor-widget-container\">\n\t\t\t\t\t<h2 class=\"elementor-heading-title elementor-size-default\">Jak zam\u00f3wi\u0107 druk ksi\u0105\u017cki bez zb\u0119dnych komplikacji?<\/h2>\t\t\t\t<\/div>\n\t\t\t\t<\/div>\n\t\t\t\t<div class=\"elementor-element elementor-element-7d20e25 elementor-widget elementor-widget-spacer\" data-id=\"7d20e25\" data-element_type=\"widget\" data-e-type=\"widget\" data-widget_type=\"spacer.default\">\n\t\t\t\t<div class=\"elementor-widget-container\">\n\t\t\t\t\t\t\t<div class=\"elementor-spacer\">\n\t\t\t<div class=\"elementor-spacer-inner\"><\/div>\n\t\t<\/div>\n\t\t\t\t\t\t<\/div>\n\t\t\t\t<\/div>\n\t\t\t\t<div class=\"elementor-element elementor-element-2268824 elementor-widget elementor-widget-text-editor\" data-id=\"2268824\" data-element_type=\"widget\" data-e-type=\"widget\" data-widget_type=\"text-editor.default\">\n\t\t\t\t<div class=\"elementor-widget-container\">\n\t\t\t\t\t\t\t\t\t<ol><li>Wy\u015blij pliki PDF lub projekt do wyceny.<\/li><li>W 24h otrzymasz dok\u0142adn\u0105 wycen\u0119 i termin realizacji.<\/li><li>Po akceptacji zaczynamy druk.<\/li><li>Odbi\u00f3r osobisty w Zabrzu lub wysy\u0142ka kurierem.<\/li><\/ol>\t\t\t\t\t\t\t\t<\/div>\n\t\t\t\t<\/div>\n\t\t\t\t<div class=\"elementor-element elementor-element-b04cc52 elementor-button-default elementor-widget elementor-widget-button\" data-id=\"b04cc52\" data-element_type=\"widget\" data-e-type=\"widget\" data-widget_type=\"button.default\">\n\t\t\t\t<div class=\"elementor-widget-container\">\n\t\t\t\t\t\t\t\t\t<div class=\"elementor-button-wrapper\">\n\t\t\t\t\t<a class=\"elementor-button elementor-button-link elementor-size-sm\" href=\"https:\/\/drukarnia-danpol.pl\/de\/kontakt\/\">\n\t\t\t\t\t\t<span class=\"elementor-button-content-wrapper\">\n\t\t\t\t\t\t\t\t\t<span class=\"elementor-button-text\">Zam\u00f3w wycen\u0119 \u2192<\/span>\n\t\t\t\t\t<\/span>\n\t\t\t\t\t<\/a>\n\t\t\t\t<\/div>\n\t\t\t\t\t\t\t\t<\/div>\n\t\t\t\t<\/div>\n\t\t\t\t<\/div>\n\t\t\t\t\t<\/div>\n\t\t\t\t<\/div>\n\t\t<div class=\"elementor-element elementor-element-652d056 e-flex e-con-boxed e-con e-parent\" data-id=\"652d056\" data-element_type=\"container\" data-e-type=\"container\">\n\t\t\t\t\t<div class=\"e-con-inner\">\n\t\t<div class=\"elementor-element elementor-element-54c175c e-con-full e-flex e-con e-child\" data-id=\"54c175c\" data-element_type=\"container\" data-e-type=\"container\">\n\t\t\t\t<div class=\"elementor-element elementor-element-b701062 elementor-widget elementor-widget-heading\" data-id=\"b701062\" data-element_type=\"widget\" data-e-type=\"widget\" data-widget_type=\"heading.default\">\n\t\t\t\t<div class=\"elementor-widget-container\">\n\t\t\t\t\t<h2 class=\"elementor-heading-title elementor-size-default\">Dlatego klienci wybieraj\u0105 w\u0142a\u015bnie nas<\/h2>\t\t\t\t<\/div>\n\t\t\t\t<\/div>\n\t\t\t\t<div class=\"elementor-element elementor-element-4c44d77 elementor-widget elementor-widget-spacer\" data-id=\"4c44d77\" data-element_type=\"widget\" data-e-type=\"widget\" data-widget_type=\"spacer.default\">\n\t\t\t\t<div class=\"elementor-widget-container\">\n\t\t\t\t\t\t\t<div class=\"elementor-spacer\">\n\t\t\t<div class=\"elementor-spacer-inner\"><\/div>\n\t\t<\/div>\n\t\t\t\t\t\t<\/div>\n\t\t\t\t<\/div>\n\t\t\t\t<div class=\"elementor-element elementor-element-a78dca3 elementor-widget elementor-widget-text-editor\" data-id=\"a78dca3\" data-element_type=\"widget\" data-e-type=\"widget\" data-widget_type=\"text-editor.default\">\n\t\t\t\t<div class=\"elementor-widget-container\">\n\t\t\t\t\t\t\t\t\t<p class=\"p1\">W druku ksi\u0105\u017cek liczy si\u0119 nie tylko ko\u0144cowy efekt, ale te\u017c to, jak wygl\u0105da wsp\u00f3\u0142praca po drodze. <strong>Wydawnictwa z Sosnowca<\/strong> wybieraj\u0105 nas wtedy, gdy chc\u0105 po\u0142\u0105czy\u0107 jako\u015b\u0107 wykonania z normalnym kontaktem, elastycznym podej\u015bciem i dobrze pouk\u0142adanym procesem realizacji. Jako <strong>rodzinna drukarnia z do\u015bwiadczeniem<\/strong> wiemy, \u017ce dobra obs\u0142uga nie sprowadza si\u0119 do uruchomienia maszyny. R\u00f3wnie istotne jest <strong>doradztwo, terminowo\u015b\u0107 i umiej\u0119tno\u015b\u0107 dopasowania rozwi\u0105zania<\/strong> do konkretnego celu publikacji.<\/p><p class=\"p1\">Znaczenie ma r\u00f3wnie\u017c lokalizacja. Zabrze pozostaje wygodnie dost\u0119pne, ale jednocze\u015bnie nie narzucamy modelu wy\u0142\u0105cznie stacjonarnego. Mo\u017cesz zam\u00f3wi\u0107 <strong>druk ksi\u0105\u017cek online<\/strong> z wysy\u0142k\u0105 na terenie ca\u0142ej Polski albo skorzysta\u0107 z bezpo\u015bredniego kontaktu wtedy, gdy projekt wymaga dok\u0142adniejszych ustale\u0144. To po\u0142\u0105czenie lokalnego zaplecza i wygody internetowej dla wielu klient\u00f3w okazuje si\u0119 po prostu najbardziej praktyczne.<\/p>\t\t\t\t\t\t\t\t<\/div>\n\t\t\t\t<\/div>\n\t\t\t\t<\/div>\n\t\t\t\t\t<\/div>\n\t\t\t\t<\/div>\n\t\t<div class=\"elementor-element elementor-element-1305df9 e-flex e-con-boxed e-con e-parent\" data-id=\"1305df9\" data-element_type=\"container\" data-e-type=\"container\" data-settings=\"{&quot;background_background&quot;:&quot;classic&quot;}\">\n\t\t\t\t\t<div class=\"e-con-inner\">\n\t\t<div class=\"elementor-element elementor-element-9b5fa53 e-con-full e-flex e-con e-child\" data-id=\"9b5fa53\" data-element_type=\"container\" data-e-type=\"container\" data-settings=\"{&quot;background_background&quot;:&quot;classic&quot;}\">\n\t\t\t\t<div class=\"elementor-element elementor-element-92d2828 elementor-widget elementor-widget-heading\" data-id=\"92d2828\" data-element_type=\"widget\" data-e-type=\"widget\" data-widget_type=\"heading.default\">\n\t\t\t\t<div class=\"elementor-widget-container\">\n\t\t\t\t\t<h2 class=\"elementor-heading-title elementor-size-default\">Drukarnia ksi\u0105\u017cek obs\u0142uguj\u0105ca Sosnowiec i okoliczne miejscowo\u015bci<\/h2>\t\t\t\t<\/div>\n\t\t\t\t<\/div>\n\t\t\t\t<div class=\"elementor-element elementor-element-5a3b585 elementor-widget elementor-widget-spacer\" data-id=\"5a3b585\" data-element_type=\"widget\" data-e-type=\"widget\" data-widget_type=\"spacer.default\">\n\t\t\t\t<div class=\"elementor-widget-container\">\n\t\t\t\t\t\t\t<div class=\"elementor-spacer\">\n\t\t\t<div class=\"elementor-spacer-inner\"><\/div>\n\t\t<\/div>\n\t\t\t\t\t\t<\/div>\n\t\t\t\t<\/div>\n\t\t\t\t<div class=\"elementor-element elementor-element-09374d4 elementor-widget elementor-widget-text-editor\" data-id=\"09374d4\" data-element_type=\"widget\" data-e-type=\"widget\" data-widget_type=\"text-editor.default\">\n\t\t\t\t<div class=\"elementor-widget-container\">\n\t\t\t\t\t\t\t\t\t<p class=\"p1\"><strong>Realizujemy zam\u00f3wienia dla klient\u00f3w z Sosnowca<\/strong> oraz pobliskich miejscowo\u015bci, niezale\u017cnie od tego, czy chodzi o pojedynczy projekt autorski, publikacj\u0119 firmow\u0105 czy wi\u0119kszy nak\u0142ad wydawniczy. <strong>Cz\u0119\u015b\u0107 klient\u00f3w wybiera pe\u0142n\u0105 obs\u0142ug\u0119 online<\/strong>, inni wol\u0105 mie\u0107 mo\u017cliwo\u015b\u0107 kontaktu z drukarni\u0105 dzia\u0142aj\u0105c\u0105 realnie na \u015al\u0105sku. Oba te oczekiwania da si\u0119 po\u0142\u0105czy\u0107 w jednym modelu wsp\u00f3\u0142pracy.<\/p><p class=\"p1\">Je\u017celi szukasz drukarni, kt\u00f3ra przygotuje ksi\u0105\u017ck\u0119 solidnie, estetycznie i w technologii dopasowanej do Twojego projektu, <strong>DANPOL<\/strong> b\u0119dzie dobrym wyborem r\u00f3wnie\u017c dla zam\u00f3wie\u0144 realizowanych z Sosnowca.<\/p><p>Drukujemy r\u00f3wnie\u017c dla innych pobliskich miast takich jak:<\/p><ul><li class=\"p1\"><a href=\"https:\/\/drukarnia-danpol.pl\/de\/tisk-knih-gliwice\/\">Drukowanie ksi\u0105\u017cek Gliwice<\/a><\/li><li><a href=\"https:\/\/drukarnia-danpol.pl\/de\/buchdruck-katowice\/\">Drukowanie ksi\u0105\u017cek Katowice<\/a><\/li><\/ul>\t\t\t\t\t\t\t\t<\/div>\n\t\t\t\t<\/div>\n\t\t\t\t<div class=\"elementor-element elementor-element-9490fa6 elementor-button-default elementor-widget elementor-widget-button\" data-id=\"9490fa6\" data-element_type=\"widget\" data-e-type=\"widget\" data-widget_type=\"button.default\">\n\t\t\t\t<div class=\"elementor-widget-container\">\n\t\t\t\t\t\t\t\t\t<div class=\"elementor-button-wrapper\">\n\t\t\t\t\t<a class=\"elementor-button elementor-button-link elementor-size-sm\" href=\"https:\/\/drukarnia-danpol.pl\/de\/kontakt\/\">\n\t\t\t\t\t\t<span class=\"elementor-button-content-wrapper\">\n\t\t\t\t\t\t\t\t\t<span class=\"elementor-button-text\">Skontaktuj si\u0119 z nami \u2192<\/span>\n\t\t\t\t\t<\/span>\n\t\t\t\t\t<\/a>\n\t\t\t\t<\/div>\n\t\t\t\t\t\t\t\t<\/div>\n\t\t\t\t<\/div>\n\t\t\t\t<div class=\"elementor-element elementor-element-321cae3 elementor-widget elementor-widget-spacer\" data-id=\"321cae3\" data-element_type=\"widget\" data-e-type=\"widget\" data-widget_type=\"spacer.default\">\n\t\t\t\t<div class=\"elementor-widget-container\">\n\t\t\t\t\t\t\t<div class=\"elementor-spacer\">\n\t\t\t<div class=\"elementor-spacer-inner\"><\/div>\n\t\t<\/div>\n\t\t\t\t\t\t<\/div>\n\t\t\t\t<\/div>\n\t\t\t\t<div class=\"elementor-element elementor-element-d1f987a elementor-widget elementor-widget-html\" data-id=\"d1f987a\" data-element_type=\"widget\" data-e-type=\"widget\" data-widget_type=\"html.default\">\n\t\t\t\t<div class=\"elementor-widget-container\">\n\t\t\t\t\t<iframe src=\"https:\/\/www.google.com\/maps\/embed?pb=!1m18!1m12!1m3!1d81603.33021057771!2d19.11206004420069!3d50.27131542427067!2m3!1f0!2f0!3f0!3m2!1i1024!2i768!4f13.1!3m3!1m2!1s0x4716da99feda4b29%3A0xcb6c2aa12b6507db!2sSosnowiec!5e0!3m2!1sen!2spl!4v1774820468076!5m2!1sen!2spl\" width=\"100%\" height=\"377\" style=\"border:0;\" allowfullscreen=\"\" loading=\"lazy\" referrerpolicy=\"no-referrer-when-downgrade\"><\/iframe>\t\t\t\t<\/div>\n\t\t\t\t<\/div>\n\t\t\t\t<\/div>\n\t\t\t\t\t<\/div>\n\t\t\t\t<\/div>\n\t\t\t\t<\/div>","protected":false},"excerpt":{"rendered":"<p>Drukarnia ksi\u0105\u017cek Sosnowiec Nie ka\u017cda drukarnia ksi\u0105\u017cek b\u0119dzie dobrym wyborem dla autora, firmy czy wydawnictwa, kt\u00f3re chc\u0105 wyda\u0107 publikacj\u0119 bez chaosu, poprawek na ostatnim etapie i problem\u00f3w z jako\u015bci\u0105. Przy takim projekcie znaczenie ma nie tylko sam wydruk, ale te\u017c spos\u00f3b prowadzenia ca\u0142ej realizacji, dob\u00f3r technologii, jako\u015b\u0107 wyko\u0144czenia i to, czy po drodze da si\u0119 [&hellip;]<\/p>\n","protected":false},"author":149,"featured_media":0,"parent":0,"menu_order":0,"comment_status":"closed","ping_status":"closed","template":"","meta":{"footnotes":""},"class_list":["post-11724","page","type-page","status-publish","hentry"],"_links":{"self":[{"href":"https:\/\/drukarnia-danpol.pl\/de\/wp-json\/wp\/v2\/pages\/11724","targetHints":{"allow":["GET"]}}],"collection":[{"href":"https:\/\/drukarnia-danpol.pl\/de\/wp-json\/wp\/v2\/pages"}],"about":[{"href":"https:\/\/drukarnia-danpol.pl\/de\/wp-json\/wp\/v2\/types\/page"}],"author":[{"embeddable":true,"href":"https:\/\/drukarnia-danpol.pl\/de\/wp-json\/wp\/v2\/users\/149"}],"replies":[{"embeddable":true,"href":"https:\/\/drukarnia-danpol.pl\/de\/wp-json\/wp\/v2\/comments?post=11724"}],"version-history":[{"count":4,"href":"https:\/\/drukarnia-danpol.pl\/de\/wp-json\/wp\/v2\/pages\/11724\/revisions"}],"predecessor-version":[{"id":11729,"href":"https:\/\/drukarnia-danpol.pl\/de\/wp-json\/wp\/v2\/pages\/11724\/revisions\/11729"}],"wp:attachment":[{"href":"https:\/\/drukarnia-danpol.pl\/de\/wp-json\/wp\/v2\/media?parent=11724"}],"curies":[{"name":"wp","href":"https:\/\/api.w.org\/{rel}","templated":true}]}}