{"id":10422,"date":"2025-05-01T13:39:59","date_gmt":"2025-05-01T11:39:59","guid":{"rendered":"https:\/\/drukarnia-danpol.pl\/?post_type=product&#038;p=10422"},"modified":"2026-03-23T14:25:16","modified_gmt":"2026-03-23T13:25:16","slug":"oeko-buecher","status":"publish","type":"product","link":"https:\/\/drukarnia-danpol.pl\/de\/produkt\/ksiazki-eko\/","title":{"rendered":"\u00d6ko-B\u00fccher"},"content":{"rendered":"<h2 style=\"font-size: 34px;\"><b>DANPOL EKO B\u00fccher aus Recyclingpapier<\/b><b><\/b><\/h2>\n<p class=\"p3\">Ihr Text verdient eine umweltfreundliche Ausgabe. In der ECO-Version <strong>Wir drucken B\u00fccher auf zertifiziertem Recyclingpapier<\/strong>.<\/p>\n<p class=\"p3\"><span class=\"s1\"><b>\u00a0 \u00a0 \u00a0 \u00a0 \u00a0 \u00a0\u00d6kologisches Papier<\/b><\/span>Nautilus, SuperWhite, wei\u00df, ungestrichen, 100%-Recyclingzellstoff, 80 g\/m\u00b2, FSC-zertifiziertes Recyclingpapier 100%<\/p>\n<p>\u00a0 \u00a0 \u00a0 \u00a0 \u00a0 \u00a0 \u00a0 \u00a0 \u00a0 \u00a0 \u00a0 \u00a0 \u00a0 \u00a0 \u00a0 \u00a0 \u00a0 \u00a0 \u00a0 \u00a0 \u00a0 \u00a0 \u00a0 Cocoon, Seide, Satin, beidseitig beschichtet, wei\u00df, 100% Recyclingzellstoff, FSC-zertifiziert<\/p>\n<ul>\n<li>\n<p class=\"p1\"><span class=\"s1\"><b>Nachhaltiges Drucken<\/b><\/span>: Farben auf Wasserbasis.<\/p>\n<\/li>\n<li>\n<p class=\"p1\"><span class=\"s1\"><b>Einrichtungsgegenst\u00e4nde<\/b><\/span>: weich<\/p>\n<\/li>\n<li>\n<p class=\"p1\"><span class=\"s1\"><b>Verkehr<\/b><\/span>: ab 1 Exemplar \u2013 Digital- oder Offsetdruck je nach Auflage.<\/p>\n<\/li>\n<\/ul>\n<p><strong>Auswahl von \u00d6ko-B\u00fcchern<\/strong>, Sie erhalten ein professionelles Produkt, das gut aussieht und eine geringere Umweltbelastung hinterl\u00e4sst.<\/p>\n<p><strong>B\u00fccher mit \u00f6kologischem Papier aus unserer Druckerei DANPOL<\/strong> Diese Option richtet sich an Autoren, Verlage und Unternehmen, denen nicht nur der Inhalt, sondern auch die Umweltauswirkungen des Verlagswesens am Herzen liegen. <strong>Der Druck erfolgt auf zertifiziertem Recyclingpapier.<\/strong> sowohl im Inneren als auch auf dem Cover, was einen kleineren \u00f6kologischen Fu\u00dfabdruck bedeutet, ohne dabei an Qualit\u00e4t einzub\u00fc\u00dfen. <strong>Nautilus SuperWhite Papier 80g<\/strong> mit hohem Recyclinganteil und \u00f6kologisch <strong>Kokonh\u00fclle 250 g<\/strong> Sie schaffen eine stimmige, umweltfreundliche Publikation, die angenehm zu lesen und optisch ansprechend ist. Sie k\u00f6nnen aus verschiedenen Formaten, Farben und Veredelungen w\u00e4hlen, und jedes Exemplar wird mit viel Liebe zum Detail gefertigt \u2013 vom Digital- bis zum Offsetdruck, je nach Auflage und Design. Dank dieser <strong>\u00d6ko-B\u00fccher<\/strong> sind eine L\u00f6sung, die nachhaltiges Drucken mit dem professionellen Erscheinungsbild der fertigen Publikation verbindet.<\/p>\n<h2 style=\"font-size: 34px;\">\u00d6ko-Buchdruck in Zabrze oder im Online-Shop<\/h2>\n<p>Mit der Wahl der ECO-Variante in unserer Druckerei in Zabrze erhalten Sie nicht nur ein umweltfreundliches Produkt, sondern auch einen Preisvorteil \u2013 <strong>Automatischer Rabatt 5% bei Bestellung dieser Buchvariante<\/strong>, Sichtbar nach dem Hinzuf\u00fcgen zum Warenkorb. Umweltfreundliches Papier und wasserbasierte Druckfarben machen diese Publikation zu einer beliebten Wahl f\u00fcr Selfpublisher, Verlage und Gesch\u00e4ftskunden, die Lehrreihen, Leitf\u00e4den oder Unternehmenspublikationen planen.<\/p>\n<p><strong>Unsere \u00f6rtliche Druckerei<\/strong> Verbindet traditionelle Werte verantwortungsvoller Produktion mit einem modernen Ansatz f\u00fcr Online-Bestellungen, was eine effiziente Abwicklung auch bei engen Fristen erm\u00f6glicht. <strong>Sie k\u00f6nnen EKO-B\u00fccher bestellen und sich diese nach Hause, ins B\u00fcro oder ins Unternehmen liefern lassen.<\/strong>, wobei gleichzeitig der sozial verantwortliche Charakter der Ver\u00f6ffentlichung betont wird.<\/p>\n<h2 style=\"font-size: 34px;\">Warum lohnt es sich, beim Buchdruck Recyclingpapier zu verwenden?<\/h2>\n<p>Die Verwendung von Recyclingpapier ist eine Entscheidung, die nicht nur der Umwelt, sondern auch den Empf\u00e4ngern Ihres Buches zugutekommt. <strong>Immer mehr Leser und Gesch\u00e4ftspartner schenken der nachhaltigen Entwicklung Aufmerksamkeit.<\/strong> und sozial verantwortliches Handeln, daher erhalten Publikationen, die auf \u00f6kologischem Papier erstellt wurden, einen zus\u00e4tzlichen Wertkontext.<\/p>\n<p>Diese Papiersorte wird aus recycelten Rohstoffen hergestellt, wodurch der Energie- und Wasserverbrauch sowie die CO\u2082-Emissionen im Zusammenhang mit der Rohpapierproduktion reduziert werden, w\u00e4hrend gleichzeitig gute Druck- und Druckparameter erhalten bleiben. <strong>der nat\u00fcrliche, leicht cremige Farbton der Seiten, den viele Menschen mit einem traditionellen und angenehmen Leseerlebnis verbinden<\/strong>. Damit ist umweltfreundlicher Buchdruck eine L\u00f6sung, die \u00c4sthetik, Funktionalit\u00e4t und R\u00fccksichtnahme auf zuk\u00fcnftige Lesergenerationen vereint.<\/p>","protected":false},"excerpt":{"rendered":"<h2 style=\"font-size: 34px;\">\u00d6ko-Buchdruck auf zertifiziertem Recyclingpapier<\/h2>\n<p class=\"p1\">Die mittleren Seiten sind auf Nautilus 80g, SuperWhite, wei\u00dfem, ungestrichenem 100% Recyclingpapier gedruckt.<\/p>\n<p class=\"p1\">Cocoon-Folie, Seide, Satin, beidseitig beschichtet, wei\u00df, 100% Recyclingzellstoff, 250 g\/m\u00b2<\/p>\n<p class=\"p1\"><strong>Nat\u00fcrlicher, cremiger Farbton der Seiten und des Einbands.<\/strong> Es soll einen umweltfreundlichen Charakter erhalten und gleichzeitig eine professionelle Druckqualit\u00e4t ab nur einem Exemplar garantieren.<\/p>\n<div style=\"background-color: #e5f7e0; border-left: 6px solid #4caf50; padding: 12px; margin-top: 16px; border-radius: 8px;\">\n<p><strong>\ud83c\udf3f \u00d6ko-Premium:<\/strong> Wenn man ein Buch bestellt im <strong>\u00d6KO<\/strong> Sie erhalten automatisch <strong>Rabatt 5%<\/strong> als Ausdruck unserer Unterst\u00fctzung f\u00fcr bewusste Entscheidungen f\u00fcr umweltfreundliche Druckverfahren.<\/p>\n<p><em>Der Rabatt wird sichtbar, nachdem das Produkt in den Warenkorb gelegt wurde.<\/em><\/p>\n<\/div>","protected":false},"featured_media":10932,"template":"","meta":[],"product_cat":[85],"product_tag":[97,103,101,96,104,98,99,95,100,102],"class_list":{"0":"post-10422","1":"product","2":"type-product","3":"status-publish","4":"has-post-thumbnail","6":"product_cat-ksiazki","7":"product_tag-biodegradowalny-papier","8":"product_tag-certyfikat-fsc","9":"product_tag-druk-bez-chemii","10":"product_tag-druk-ekologiczny","11":"product_tag-druk-niskonakladowy","12":"product_tag-ksiazki-na-zamowienie","13":"product_tag-miekka-oprawa","14":"product_tag-papier-ekologiczny","15":"product_tag-selfpublishing","16":"product_tag-zrownowazony-druk","18":"first","19":"instock","20":"taxable","21":"shipping-taxable","22":"purchasable","23":"product-type-simple"},"_links":{"self":[{"href":"https:\/\/drukarnia-danpol.pl\/de\/wp-json\/wp\/v2\/product\/10422","targetHints":{"allow":["GET"]}}],"collection":[{"href":"https:\/\/drukarnia-danpol.pl\/de\/wp-json\/wp\/v2\/product"}],"about":[{"href":"https:\/\/drukarnia-danpol.pl\/de\/wp-json\/wp\/v2\/types\/product"}],"version-history":[{"count":6,"href":"https:\/\/drukarnia-danpol.pl\/de\/wp-json\/wp\/v2\/product\/10422\/revisions"}],"predecessor-version":[{"id":11482,"href":"https:\/\/drukarnia-danpol.pl\/de\/wp-json\/wp\/v2\/product\/10422\/revisions\/11482"}],"wp:featuredmedia":[{"embeddable":true,"href":"https:\/\/drukarnia-danpol.pl\/de\/wp-json\/wp\/v2\/media\/10932"}],"wp:attachment":[{"href":"https:\/\/drukarnia-danpol.pl\/de\/wp-json\/wp\/v2\/media?parent=10422"}],"wp:term":[{"taxonomy":"product_cat","embeddable":true,"href":"https:\/\/drukarnia-danpol.pl\/de\/wp-json\/wp\/v2\/product_cat?post=10422"},{"taxonomy":"product_tag","embeddable":true,"href":"https:\/\/drukarnia-danpol.pl\/de\/wp-json\/wp\/v2\/product_tag?post=10422"}],"curies":[{"name":"wp","href":"https:\/\/api.w.org\/{rel}","templated":true}]}}