{"id":43,"date":"2023-08-18T11:42:21","date_gmt":"2023-08-18T09:42:21","guid":{"rendered":"https:\/\/drukarnia-danpol.pl\/michalgce@gmail.com\/?post_type=product&#038;p=43"},"modified":"2026-01-29T14:26:20","modified_gmt":"2026-01-29T13:26:20","slug":"stanzen","status":"publish","type":"product","link":"https:\/\/drukarnia-danpol.pl\/de\/produkt\/sztancowanie\/","title":{"rendered":"Stanzen"},"content":{"rendered":"<p><strong>Stanzen ist eine Dienstleistung, mit der Sie Ihren Drucken einen individuellen Charakter und eine individuelle Form verleihen k\u00f6nnen.<\/strong> \u00dcber das Standardrechteck hinaus. Pr\u00e4zises Stanzen erm\u00f6glicht die Gestaltung individueller Formen, \u00d6ffnungen, Fenster und Kurven, die Aufmerksamkeit erregen und die Funktionalit\u00e4t von Drucksachen verbessern. In unserem <strong>Druckerei in Zabrze<\/strong> Wir bieten Stanzen sowohl f\u00fcr einfache Designs als auch f\u00fcr komplexere, auf spezifische Kundenbed\u00fcrfnisse zugeschnittene Stanzformen an. Dieser Service wird in der Produktion eingesetzt. <strong>Verpackungen, Ordner, Etiketten, Einladungen, Gru\u00dfkarten und Werbematerialien<\/strong>. Durch die Bestellung \u00fcber den Online-Shop k\u00f6nnen Sie die Serviceparameter bequem ausw\u00e4hlen, und der gesamte Prozess wird lokal durchgef\u00fchrt, mit vollst\u00e4ndiger Qualit\u00e4ts- und Konsistenzkontrolle.<\/p>\n<h2 style=\"font-size: 34px;\">Stanzen von Drucken, eine M\u00f6glichkeit, Drucke hervorzuheben<\/h2>\n<p>Stanzen bietet die M\u00f6glichkeit, Ihre Druckprodukte, insbesondere Marketingmaterialien und Verpackungen, deutlich von der Konkurrenz abzuheben. Individuelle Formen, pr\u00e4zise Ausschnitte oder funktionale Sichtfenster machen Ihr Produkt optisch ansprechender und einpr\u00e4gsamer. In der Praxis wird Stanzen nicht nur aus \u00e4sthetischen, sondern auch aus praktischen Gr\u00fcnden eingesetzt. So lassen sich beispielsweise leicht faltbare Verpackungen, Mappen mit Verschluss oder produktspezifische Etiketten herstellen. <strong>In unserer Druckerei f\u00fchren wir Stanzarbeiten an Papier und Karton unterschiedlicher Grammatur durch.<\/strong>, Dies gew\u00e4hrleistet pr\u00e4zise Schnitte und eine \u00e4sthetische Kantenverarbeitung. Diese L\u00f6sung wird h\u00e4ufig von Unternehmen, Verlagen und Marken gew\u00e4hlt, die Wert auf ein einheitliches Erscheinungsbild und hochwertige Druckerzeugnisse legen.<\/p>\n<h2 style=\"font-size: 34px;\">Eigene Stanzformen und pr\u00e4zise Handarbeit in der Druckerei in Zabrze<\/h2>\n<p>Eines der Schl\u00fcsselelemente f\u00fcr effektives Stanzen ist eine ordnungsgem\u00e4\u00df vorbereitete Stanzform, die auf das jeweilige Projekt zugeschnitten ist. <strong>DANPOL Druckerei<\/strong> Wir bieten Stanzdienstleistungen auf Basis vorgefertigter L\u00f6sungen sowie Projekte mit individuellen Stanzformen an. Dies erm\u00f6glicht Ihnen volle Gestaltungsfreiheit bei der Druckform, ohne auf Standardformen beschr\u00e4nkt zu sein. <strong>Lokale Produktion in der Druckerei in Zabrze<\/strong> Dies erm\u00f6glicht eine kontinuierliche Prozesskontrolle und schnelle Reaktion auf technische Anpassungen. Dadurch erzielen wir hohe Wiederholgenauigkeit bei gr\u00f6\u00dferen St\u00fcckzahlen und Pr\u00e4zision bei Kleinserien und Sonderprojekten. Das Stanzen l\u00e4sst sich mit anderen Veredelungsverfahren kombinieren, was die Qualit\u00e4t und Akzeptanz des Endprodukts weiter steigert.<\/p>\n<h2 style=\"font-size: 34px;\">Bestellen Sie Stanzteile in unserem Online-Shop<\/h2>\n<p><strong>Den Stanzservice k\u00f6nnen Sie bequem \u00fcber unseren Online-Shop bestellen.<\/strong>, So ist kein pers\u00f6nlicher Besuch in der Druckerei erforderlich. Diese L\u00f6sung eignet sich sowohl f\u00fcr Einzelprojekte als auch f\u00fcr die laufende Zusammenarbeit mit Unternehmen und Gro\u00dfh\u00e4ndlern, die gr\u00f6\u00dfere Mengen an Drucksachen bestellen.<\/p>\n<p>Online aufgegebene Bestellungen werden in unserem Lager bearbeitet. <strong>Druckerei in Zabrze<\/strong>, Dies gew\u00e4hrleistet gleichbleibende Qualit\u00e4t und k\u00fcrzere Bearbeitungszeiten. Kunden entscheiden sich h\u00e4ufig f\u00fcr das Stanzen als besonderes Gestaltungselement f\u00fcr Verkaufsmaterialien, Produktverpackungen oder Werbedrucke, die spezifischen \u00e4sthetischen und funktionalen Anforderungen gen\u00fcgen m\u00fcssen. <strong>Die Kombination aus bequemer Online-Bestellung und lokaler Produktion bietet Ihnen Flexibilit\u00e4t, Kontrolle und<\/strong> Die Gewissheit, dass das Endergebnis mit den Projektannahmen \u00fcbereinstimmt.<\/p>","protected":false},"excerpt":{"rendered":"<h2 style=\"font-size: 34px;\">Stanzen von Drucken und Ausschneiden von Formen in Papier<\/h2>\n<p class=\"p1\">Stanzen erm\u00f6glicht die Gestaltung einzigartiger Formen f\u00fcr Ihre Druckprodukte \u2013 von abgerundeten Ecken bis hin zu Ausschnitten und Fenstern. Mit dieser Technik lassen sich attraktive Mappen, Anh\u00e4nger, Etiketten und Verpackungen herstellen. Pr\u00e4zise Stanzformen garantieren gleichbleibende Qualit\u00e4t.<\/p>\n<p class=\"p2\"><b>Sie m\u00f6chten etwas Einzigartiges kreieren? Kontaktieren Sie uns und wir unterbreiten Ihnen die beste L\u00f6sung.<\/b><b><\/b><\/p>","protected":false},"featured_media":10940,"template":"","meta":[],"product_cat":[86],"product_tag":[],"class_list":{"0":"post-43","1":"product","2":"type-product","3":"status-publish","4":"has-post-thumbnail","6":"product_cat-introligatornia","8":"first","9":"instock","10":"sold-individually","11":"taxable","12":"shipping-taxable","13":"product-type-simple"},"_links":{"self":[{"href":"https:\/\/drukarnia-danpol.pl\/de\/wp-json\/wp\/v2\/product\/43","targetHints":{"allow":["GET"]}}],"collection":[{"href":"https:\/\/drukarnia-danpol.pl\/de\/wp-json\/wp\/v2\/product"}],"about":[{"href":"https:\/\/drukarnia-danpol.pl\/de\/wp-json\/wp\/v2\/types\/product"}],"version-history":[{"count":2,"href":"https:\/\/drukarnia-danpol.pl\/de\/wp-json\/wp\/v2\/product\/43\/revisions"}],"predecessor-version":[{"id":11484,"href":"https:\/\/drukarnia-danpol.pl\/de\/wp-json\/wp\/v2\/product\/43\/revisions\/11484"}],"wp:featuredmedia":[{"embeddable":true,"href":"https:\/\/drukarnia-danpol.pl\/de\/wp-json\/wp\/v2\/media\/10940"}],"wp:attachment":[{"href":"https:\/\/drukarnia-danpol.pl\/de\/wp-json\/wp\/v2\/media?parent=43"}],"wp:term":[{"taxonomy":"product_cat","embeddable":true,"href":"https:\/\/drukarnia-danpol.pl\/de\/wp-json\/wp\/v2\/product_cat?post=43"},{"taxonomy":"product_tag","embeddable":true,"href":"https:\/\/drukarnia-danpol.pl\/de\/wp-json\/wp\/v2\/product_tag?post=43"}],"curies":[{"name":"wp","href":"https:\/\/api.w.org\/{rel}","templated":true}]}}