{"id":58,"date":"2023-08-18T14:54:54","date_gmt":"2023-08-18T12:54:54","guid":{"rendered":"https:\/\/drukarnia-danpol.pl\/michalgce@gmail.com\/?post_type=product&#038;p=58"},"modified":"2026-04-07T11:56:58","modified_gmt":"2026-04-07T09:56:58","slug":"bucher","status":"publish","type":"product","link":"https:\/\/drukarnia-danpol.pl\/de\/produkt\/ksiazki\/","title":{"rendered":"B\u00fccher"},"content":{"rendered":"<p><strong>DANPOL B\u00fccher<\/strong> Diese professionell gedruckten Publikationen, erh\u00e4ltlich als Hardcover oder Softcover, sind ideal f\u00fcr Autoren, Unternehmen und Universit\u00e4ten. Hochwertiges Papier, pr\u00e4ziser CMYK-Digitaldruck und optionale Veredelungen (UV-Lackierung, Soft-Touch-Folie, Pr\u00e4gung) verleihen jedem Exemplar ein elegantes Aussehen und Langlebigkeit. Bestellen Sie ab einem Exemplar, w\u00e4hlen Sie Format, Papier und Bindung \u2013 wir k\u00fcmmern uns um den Rest: schnell, zuverl\u00e4ssig und in brillanter Farbe.<\/p>\n<h2 style=\"font-size: 34px;\">Buchdruck, zugeschnitten auf die tats\u00e4chlichen Bed\u00fcrfnisse von Autoren und Unternehmen<\/h2>\n<p>Buchdruck bedeutet heute mehr als nur das Drucken einer Datei. F\u00fcr viele Autoren, Verlage und Unternehmen ist Flexibilit\u00e4t entscheidend, also die M\u00f6glichkeit, zun\u00e4chst nur wenige Exemplare zu bestellen oder in sp\u00e4teren Vertriebsphasen eine gr\u00f6\u00dfere Auflage zu drucken. <strong>DANPOL Druckerei<\/strong> Wir drucken B\u00fccher in verschiedenen Auflagen, ohne starre Vorlagen oder vorgegebene L\u00f6sungen. Durch die Kombination von Digital- und Offsetdruck k\u00f6nnen wir die Technologie individuell an Projekt, Umfang und Budget anpassen. Diese L\u00f6sung eignet sich sowohl f\u00fcr Autoren, die ihr erstes Buch im Selbstverlag ver\u00f6ffentlichen, als auch f\u00fcr Unternehmen und Gro\u00dfh\u00e4ndler, die eine zuverl\u00e4ssige und wiederkehrende Versorgung mit Schulungspublikationen, Handb\u00fcchern und Katalogen ben\u00f6tigen. <strong>Wir bearbeiten jede Bestellung individuell.<\/strong>, wodurch Farbkonsistenz, Haltbarkeit der Bindung und \u00c4sthetik des fertigen Produkts gew\u00e4hrleistet werden.<\/p>\n<h2 style=\"font-size: 34px;\">Buchdruckerei in Zabrze mit Online-Bestellservice<\/h2>\n<p><strong>Die Lage der Druckerei in Zabrze erm\u00f6glicht es uns, Kunden aus Schlesien effizient zu bedienen.<\/strong>, Aber genauso wichtig ist <strong>M\u00f6glichkeit, Online-Bestellungen f\u00fcr ganz Polen aufzugeben<\/strong>. Wenn Sie B\u00fccher \u00fcber unseren Online-Shop bestellen, haben Sie die volle Kontrolle \u00fcber die Parameter der Publikation \u2013 Format, Papier, Bindung und weitere Details. Dies ist eine komfortable L\u00f6sung sowohl f\u00fcr Einzelbestellungen als auch f\u00fcr Unternehmen, die gr\u00f6\u00dfere Reihen planen. <strong>Lokale Produktion bedeutet k\u00fcrzere Vorlaufzeiten und einfachere Kontaktaufnahme w\u00e4hrend der technischen Abstimmungsphase.<\/strong>. In der Praxis kombinieren viele Kunden beide Modelle \u2013 sie besprechen das Projekt mit dem Druckteam und bestellen die weiteren Druckauflagen komplett online. Dadurch wird der Buchdruck zu einem vorhersehbaren und einfach planbaren Prozess.<\/p>\n<h2 style=\"font-size: 34px;\">Klein- und Gro\u00dfhandelsauflagen ohne Qualit\u00e4tseinbu\u00dfen<\/h2>\n<p>Egal ob <strong>Sie drucken ein Taschenbuch<\/strong> Ob Sie mehrere Exemplare anfertigen oder eine gr\u00f6\u00dfere Auflage f\u00fcr den Verkauf oder den Gro\u00dfhandel vorbereiten, die Qualit\u00e4t der Verarbeitung bleibt von entscheidender Bedeutung. <strong>In unserer Druckerei DANPOL aus Zabrze<\/strong> Wir stellen sicher, dass jedes Exemplar, unabh\u00e4ngig von der Auflage, denselben \u00e4sthetischen und technischen Standards entspricht. Sorgf\u00e4ltig ausgew\u00e4hltes Papier, <strong>strapazierf\u00e4higes Softcover geklebt<\/strong> Pr\u00e4ziser Schnitt und Satz gew\u00e4hrleisten, dass B\u00fccher gut aussehen und angenehm zu benutzen sind. Dies ist besonders wichtig f\u00fcr Autoren, die ihre Marke aufbauen, sowie f\u00fcr Gro\u00dfh\u00e4ndler und Unternehmen, f\u00fcr die Einheitlichkeit und Konsistenz innerhalb der gesamten Reihe entscheidend sind. <strong>Buchdruck in verschiedenen Ausgaben<\/strong> erm\u00f6glicht es Ihnen, flexibel auf die Marktnachfrage zu reagieren, ohne gro\u00dfe Mengen an fertigen Publikationen lagern zu m\u00fcssen.<\/p>","protected":false},"excerpt":{"rendered":"<h2 style=\"font-size: 34px;\">Druck von B\u00fcchern mit Softcover und Klebebindung<\/h2>\n<p data-start=\"201\" data-end=\"428\"><strong>In unserer Druckerei stellen wir B\u00fccher mit weicher Klebebindung her.<\/strong>, Sie vereinen Langlebigkeit mit h\u00f6chster \u00c4sthetik. Wir bieten eine umfassende Auswahl an Oberfl\u00e4chenveredelungen, die jeder Publikation einen einzigartigen Charakter und Eleganz verleihen.<\/p>\n<p data-start=\"430\" data-end=\"759\"><strong>Wir verwenden matte, gl\u00e4nzende und Soft-Touch-Laminierung.<\/strong>, Diese verleihen dem Einband eine einzigartige Textur und sch\u00fctzen vor Kratzern. Wir verwenden au\u00dferdem UV-Lack, der Details hervorhebt und die Haltbarkeit erh\u00f6ht, sowie Goldpr\u00e4gung \u2013 ein markantes und prestigetr\u00e4chtiges Finish, das Ihr Buch auf dem Markt hervorstechen l\u00e4sst.<\/p>\n<p data-start=\"761\" data-end=\"853\">Setzen Sie auf Qualit\u00e4t und Professionalit\u00e4t \u2013 Ihre B\u00fccher verdienen die beste Bindung und Verarbeitung.<\/p>","protected":false},"featured_media":10931,"template":"","meta":[],"product_cat":[85],"product_tag":[90,110,105,107,93,109,108,98,111,106,100],"class_list":{"0":"post-58","1":"product","2":"type-product","3":"status-publish","4":"has-post-thumbnail","6":"product_cat-ksiazki","7":"product_tag-a5","8":"product_tag-bez-minimalnego-nakladu","9":"product_tag-druk-cyfrowy","10":"product_tag-druk-czarno-bialy","11":"product_tag-folia-matowa","12":"product_tag-ksiazki-dla-dzieci","13":"product_tag-ksiazki-edukacyjne","14":"product_tag-ksiazki-na-zamowienie","15":"product_tag-ksiazki-od-1-sztuki","16":"product_tag-oprawa-klejona","17":"product_tag-selfpublishing","19":"first","20":"instock","21":"sold-individually","22":"taxable","23":"shipping-taxable","24":"purchasable","25":"product-type-simple"},"_links":{"self":[{"href":"https:\/\/drukarnia-danpol.pl\/de\/wp-json\/wp\/v2\/product\/58","targetHints":{"allow":["GET"]}}],"collection":[{"href":"https:\/\/drukarnia-danpol.pl\/de\/wp-json\/wp\/v2\/product"}],"about":[{"href":"https:\/\/drukarnia-danpol.pl\/de\/wp-json\/wp\/v2\/types\/product"}],"version-history":[{"count":4,"href":"https:\/\/drukarnia-danpol.pl\/de\/wp-json\/wp\/v2\/product\/58\/revisions"}],"predecessor-version":[{"id":11480,"href":"https:\/\/drukarnia-danpol.pl\/de\/wp-json\/wp\/v2\/product\/58\/revisions\/11480"}],"wp:featuredmedia":[{"embeddable":true,"href":"https:\/\/drukarnia-danpol.pl\/de\/wp-json\/wp\/v2\/media\/10931"}],"wp:attachment":[{"href":"https:\/\/drukarnia-danpol.pl\/de\/wp-json\/wp\/v2\/media?parent=58"}],"wp:term":[{"taxonomy":"product_cat","embeddable":true,"href":"https:\/\/drukarnia-danpol.pl\/de\/wp-json\/wp\/v2\/product_cat?post=58"},{"taxonomy":"product_tag","embeddable":true,"href":"https:\/\/drukarnia-danpol.pl\/de\/wp-json\/wp\/v2\/product_tag?post=58"}],"curies":[{"name":"wp","href":"https:\/\/api.w.org\/{rel}","templated":true}]}}