{"id":10304,"date":"2024-08-28T14:58:56","date_gmt":"2024-08-28T12:58:56","guid":{"rendered":"https:\/\/drukarnia-danpol.pl\/?page_id=10304"},"modified":"2025-07-07T21:10:45","modified_gmt":"2025-07-07T19:10:45","slug":"fundusze-europejskie","status":"publish","type":"page","link":"https:\/\/drukarnia-danpol.pl\/en\/fundusze-europejskie\/","title":{"rendered":"European Regional Development Fund"},"content":{"rendered":"<div data-elementor-type=\"wp-page\" data-elementor-id=\"10304\" class=\"elementor elementor-10304\">\n\t\t\t\t<div class=\"elementor-element elementor-element-8d1a746 e-flex e-con-boxed e-con e-parent\" data-id=\"8d1a746\" data-element_type=\"container\">\n\t\t\t\t\t<div class=\"e-con-inner\">\n\t\t\n\t\t<div class=\"elementor-element elementor-element-55f3fbca elementor-widget elementor-widget-text-editor\" data-id=\"55f3fbca\" data-element_type=\"widget\" data-widget_type=\"text-editor.default\">\n\t\t\t\t<div class=\"elementor-widget-container\">\n\t\t\t\t\t\t\t\t\t\n<h2 class=\"wp-block-heading\">European Regional Development Fund<br> <\/h2>\n\n\n\n<p>The company DAN-POL PRZEDSI\u0118BIORSTWO WIELOBRAN\u017bOWE WITKOWSKI DANIEL is implementing a project co-financed by European funds:<\/p>\n\n\n\n<p><strong>Changing the way services are provided and expanding the offer is an opportunity to increase the company&#039;s competitiveness in times of crisis.<\/strong><\/p>\n\n\n\n<p><strong>Project goal:<\/strong> increasing the company&#039;s competitiveness and expanding its technical infrastructure,<br>resulting in maintaining the profitability of the Printing House and the level of employment in times of crisis.<\/p>\n\n\n\n<p><strong>Planned effects of the project implementation:<\/strong> the subject of the project was to change the service provision process<br>post-press at the Printing House through the purchase of a laminating machine and a binder. As a result, the company became independent from<br>using external services, gained price competitiveness and increased attractiveness<br>services provided. As a result of the project, new groups were introduced to the offer<br>products: glued catalogs and books and ecological advertising materials, as well as a new service<br>refining prints with metallized foil.<\/p>\n\n\n\n<p>Project value: PLN 595,311.11<\/p>\n\n\n\n<p>Project financing from European Funds: PLN 403,166.33<\/p>\n\n\n\n<p><\/p>\n\n\n\n<div class=\"wp-block-columns alignwide is-layout-flex wp-container-core-columns-is-layout-9d6595d7 wp-block-columns-is-layout-flex\">\n<div class=\"wp-block-column is-layout-flow wp-block-column-is-layout-flow\">\n<figure class=\"wp-block-image size-large\"><a href=\"https:\/\/drukarnia-danpol.pl\/wp-content\/uploads\/2024\/08\/EFRR_POZIOM_kolor.jpg\"><img fetchpriority=\"high\" decoding=\"async\" width=\"1024\" height=\"103\" src=\"https:\/\/drukarnia-danpol.pl\/wp-content\/uploads\/2024\/08\/EFRR_POZIOM_kolor-1024x103.jpg\" alt=\"\" class=\"wp-image-10337\" srcset=\"https:\/\/drukarnia-danpol.pl\/wp-content\/uploads\/2024\/08\/EFRR_POZIOM_kolor-1024x103.jpg 1024w, https:\/\/drukarnia-danpol.pl\/wp-content\/uploads\/2024\/08\/EFRR_POZIOM_kolor-450x45.jpg 450w, https:\/\/drukarnia-danpol.pl\/wp-content\/uploads\/2024\/08\/EFRR_POZIOM_kolor-800x81.jpg 800w, https:\/\/drukarnia-danpol.pl\/wp-content\/uploads\/2024\/08\/EFRR_POZIOM_kolor-300x30.jpg 300w, https:\/\/drukarnia-danpol.pl\/wp-content\/uploads\/2024\/08\/EFRR_POZIOM_kolor-768x77.jpg 768w, https:\/\/drukarnia-danpol.pl\/wp-content\/uploads\/2024\/08\/EFRR_POZIOM_kolor.jpg 1261w\" sizes=\"(max-width: 1024px) 100vw, 1024px\" \/><\/a><\/figure>\n<\/div>\n<\/div>\n\t\t\t\t\t\t\t\t<\/div>\n\t\t\t\t<\/div>\n\t\t\t\t\t<\/div>\n\t\t\t\t<\/div>\n\t\t\t\t<\/div>","protected":false},"excerpt":{"rendered":"<p>Europejski Fundusz Rozwoju Regionalnego Firma DAN-POL PRZEDSI\u0118BIORSTWO WIELOBRAN\u017bOWE WITKOWSKI DANIEL realizuje projekt dofinansowany z funduszy europejskich: Zmiana sposobu \u015bwiadczenia us\u0142ug oraz rozszerzenie oferty szans\u0105 na wzrost konkurencyjno\u015bci firmy w czasach kryzysu. Cel projektu: wzrost konkurencyjno\u015bci firmy i rozbudowa posiadanej infrastruktury technicznej,skutkuj\u0105ce utrzymaniem rentowno\u015bci Drukarni i poziomu zatrudnienia w czasach kryzysu. Planowane efekty realizacji projektu: przedmiotem [&hellip;]<\/p>\n","protected":false},"author":1,"featured_media":0,"parent":0,"menu_order":0,"comment_status":"closed","ping_status":"closed","template":"","meta":{"footnotes":""},"class_list":["post-10304","page","type-page","status-publish","hentry"],"_links":{"self":[{"href":"https:\/\/drukarnia-danpol.pl\/en\/wp-json\/wp\/v2\/pages\/10304","targetHints":{"allow":["GET"]}}],"collection":[{"href":"https:\/\/drukarnia-danpol.pl\/en\/wp-json\/wp\/v2\/pages"}],"about":[{"href":"https:\/\/drukarnia-danpol.pl\/en\/wp-json\/wp\/v2\/types\/page"}],"author":[{"embeddable":true,"href":"https:\/\/drukarnia-danpol.pl\/en\/wp-json\/wp\/v2\/users\/1"}],"replies":[{"embeddable":true,"href":"https:\/\/drukarnia-danpol.pl\/en\/wp-json\/wp\/v2\/comments?post=10304"}],"version-history":[{"count":0,"href":"https:\/\/drukarnia-danpol.pl\/en\/wp-json\/wp\/v2\/pages\/10304\/revisions"}],"wp:attachment":[{"href":"https:\/\/drukarnia-danpol.pl\/en\/wp-json\/wp\/v2\/media?parent=10304"}],"curies":[{"name":"wp","href":"https:\/\/api.w.org\/{rel}","templated":true}]}}