{"id":10370,"date":"2025-02-15T10:46:17","date_gmt":"2025-02-15T09:46:17","guid":{"rendered":"https:\/\/drukarnia-danpol.pl\/?page_id=10370"},"modified":"2025-12-12T14:17:45","modified_gmt":"2025-12-12T13:17:45","slug":"informacja-o-dofinansowaniu","status":"publish","type":"page","link":"https:\/\/drukarnia-danpol.pl\/en\/informacja-o-dofinansowaniu\/","title":{"rendered":"Information on funding"},"content":{"rendered":"<div data-elementor-type=\"wp-page\" data-elementor-id=\"10370\" class=\"elementor elementor-10370\">\n\t\t\t\t<div class=\"elementor-element elementor-element-c8382a3 e-flex e-con-boxed e-con e-parent\" data-id=\"c8382a3\" data-element_type=\"container\">\n\t\t\t\t\t<div class=\"e-con-inner\">\n\t\t\n\t\t<div class=\"elementor-element elementor-element-2f532b5a elementor-widget elementor-widget-text-editor\" data-id=\"2f532b5a\" data-element_type=\"widget\" data-widget_type=\"text-editor.default\">\n\t\t\t\t<div class=\"elementor-widget-container\">\n\t\t\t\t\t\t\t\t\t<p><\/p>\n<figure class=\"wp-block-image\"><img decoding=\"async\" src=\"https:\/\/lh7-rt.googleusercontent.com\/docsz\/AD_4nXfcjgAV7bjJzTKHnMudofv4-z7PtIeYgPEmSyIttQffZfUO3GAJLYZnhY6qX5Xa3RGuW3ghywUQImtSBZIl7TXotGRtjajbNY-XMN1Zs9D_KBg6Ftu3UM-xtU_r8C8zaO0EL3dfp0Us02pC7Dv97gg?key=l4R1zo8m9tUuzxTlJK5sbb5K\" alt=\"W stopce pisma znajduje si\u0119: znak Funduszy Europejskich, czyli bia\u0142a, \u017c\u00f3\u0142ta i czerwona gwiazda na niebieskim tle wraz z nazw\u0105 programu Fundusze Europejskie dla \u015al\u0105skiego, bia\u0142o-czerwona flaga z napisem Rzeczpospolita Polska, flaga Unii Europejskiej, czyli okr\u0105g u\u0142o\u017cony z dwunastu \u017c\u00f3\u0142tych gwiazd na niebieskim tle z napisem Dofinansowane przez Uni\u0119 Europejsk\u0105 oraz herb wojew\u00f3dztwa \u015bl\u0105skiego, czyli z\u0142oty orze\u0142 na niebieskim tle.\" \/><\/figure>\n<p><\/p>\n<p><strong>DAN-POL MULTINDUSTRIES COMPANY WITKOWSKI DANIEL <\/strong>received a grant from the European Union for the implementation of the project <em>Automation, digitization and pro-environmental investments drive the development of printing houses.<\/em><\/p>\n<p><\/p>\n<p>The aim of the project is to increase the automation of the publishing printing process in our Printing House, digitize the ordering process for book products, including self-publishing, and increase the company&#039;s climate neutrality.<\/p>\n<p><\/p>\n<p>The goals will be achieved through the purchase of a modern three-knife trimmers, the creation of an advanced web2print portal, and an investment in renewable energy. The purchase of the three-knife trimmers will allow for the creation of a complete<\/p>\n<p><\/p>\n<p>automated production line for publishing printing. As a result of this project, we will respond to the growing market demand for low-volume &quot;print-on-demand&quot; services.<\/p>\n<p><\/p>\n<p>Product groups will be improved \u2013 glued books and glued folders\/catalogs. New products will be added to the offering \u2013 books with flap covers, books with trimmed corners, and a new self-publishing service.<\/p>\n<p><\/p>\n<p>By creating an interactive ordering platform dedicated to publishing printing, we are responding to our clients&#039; needs by offering a comprehensive portal enabling the selection of print parameters, personalization, automatic price calculation for orders as low as one copy, and order fulfillment time calculation. Artificial intelligence will propose a graphic design based on the entered phrase.<\/p>\n<p><\/p>\n<p>Our project also addresses environmental goals. Thanks to the investment in photovoltaic panels, the vast majority of our electricity needs will be met from renewable energy sources. The energy-efficient three-knife trimmer we purchased will increase the company&#039;s energy efficiency, reduce paper consumption in the production process, and reduce the amount of waste paper.<\/p>\n<p><\/p>\n<p>The project will contribute to increased employment within the company and increase the competitiveness of our printing house. The investment will increase the number of orders, which will translate into maintaining existing employment and ensuring its stability.<\/p>\n<p><\/p>\n<p>The project&#039;s target group is mainly the Polish market of publishing companies, training companies, SMEs printing catalogues\/folders, as well as individual clients using the self-publishing offer and text authors.<\/p>\n<p><\/p>\n<p>#FunduszeEU #FunduszeEuropejskie<\/p>\n<p><\/p>\n<p>Project value: PLN 1,053,000.00<\/p>\n<p><\/p>\n<p>Amount of contribution from European Funds: PLN 520,020.00<br \/><br \/>Source of financing: Just Transition Fund. The project is co-financed under the European Funds for Silesia 2021-2027 (FE SL 2021-2027), measure FESL.10.03 Support for SMEs in transition.<br \/>Project type: Micro-investments in SMEs.<\/p>\n<p><\/p>\n<p class=\"has-normal-font-size\">\u00a0<\/p>\n<p><\/p>\n<h2 class=\"wp-block-heading\">European Regional Development Fund<\/h2>\n<p><\/p>\n<p>The company DAN-POL PRZEDSI\u0118BIORSTWO WIELOBRAN\u017bOWE WITKOWSKI DANIEL is implementing a project co-financed by European funds:<\/p>\n<p><\/p>\n<p><strong>Changing the way services are provided and expanding the offer is an opportunity to increase the company&#039;s competitiveness in times of crisis.<\/strong><\/p>\n<p><\/p>\n<p><strong>Project goal:<\/strong> increasing the company&#039;s competitiveness and expanding its technical infrastructure,<br \/>resulting in maintaining the profitability of the Printing House and the level of employment in times of crisis.<\/p>\n<p><\/p>\n<p><strong>Planned effects of the project implementation:<\/strong> the subject of the project was to change the service provision process<br \/>post-press at the Printing House through the purchase of a laminating machine and a binder. As a result, the company became independent from<br \/>using external services, gained price competitiveness and increased attractiveness<br \/>services provided. As a result of the project, new groups were introduced to the offer<br \/>products: glued catalogs and books and ecological advertising materials, as well as a new service<br \/>refining prints with metallized foil.<\/p>\n<p><\/p>\n<p>Project value: PLN 595,311.11<\/p>\n<p><\/p>\n<p>Project financing from European Funds: PLN 403,166.33<\/p>\n<p><\/p>\n<p><\/p>\n<div class=\"wp-block-columns alignwide is-layout-flex wp-container-core-columns-is-layout-9d6595d7 wp-block-columns-is-layout-flex\">\n<p><\/p>\n<div class=\"wp-block-column is-layout-flow wp-block-column-is-layout-flow\">\n<p><\/p>\n<figure class=\"wp-block-image size-large\"><a href=\"https:\/\/drukarnia-danpol.pl\/wp-content\/uploads\/2024\/08\/EFRR_POZIOM_kolor.jpg\"><img fetchpriority=\"high\" decoding=\"async\" width=\"1024\" height=\"103\" class=\"wp-image-10337\" src=\"https:\/\/drukarnia-danpol.pl\/wp-content\/uploads\/2024\/08\/EFRR_POZIOM_kolor-1024x103.jpg\" alt=\"\" srcset=\"https:\/\/drukarnia-danpol.pl\/wp-content\/uploads\/2024\/08\/EFRR_POZIOM_kolor-1024x103.jpg 1024w, https:\/\/drukarnia-danpol.pl\/wp-content\/uploads\/2024\/08\/EFRR_POZIOM_kolor-450x45.jpg 450w, https:\/\/drukarnia-danpol.pl\/wp-content\/uploads\/2024\/08\/EFRR_POZIOM_kolor-800x81.jpg 800w, https:\/\/drukarnia-danpol.pl\/wp-content\/uploads\/2024\/08\/EFRR_POZIOM_kolor-300x30.jpg 300w, https:\/\/drukarnia-danpol.pl\/wp-content\/uploads\/2024\/08\/EFRR_POZIOM_kolor-768x77.jpg 768w, https:\/\/drukarnia-danpol.pl\/wp-content\/uploads\/2024\/08\/EFRR_POZIOM_kolor.jpg 1261w\" sizes=\"(max-width: 1024px) 100vw, 1024px\" \/><\/a><\/figure>\n<p><\/p>\n<\/div>\n<p><\/p>\n<\/div>\n<p><\/p>\t\t\t\t\t\t\t\t<\/div>\n\t\t\t\t<\/div>\n\t\t\t\t\t<\/div>\n\t\t\t\t<\/div>\n\t\t\t\t<\/div>","protected":false},"excerpt":{"rendered":"<p>DAN-POL PRZEDSI\u0118BIORSTWO WIELOBRAN\u017bOWE WITKOWSKI DANIEL uzyska\u0142o dotacj\u0119 z Unii Europejskiej na realizacj\u0119 projektu Automatyzacja, cyfryzacja i inwestycje pro-\u015brodowiskowe motorem rozwoju drukarni. Celem projektu jest wzrost automatyzacji procesu druku wydawniczego w naszej Drukarni, cyfryzacja procesu sk\u0142adania zam\u00f3wie\u0144 na produkty ksi\u0105\u017ckowe, w tym self-publishing oraz zwi\u0119kszenie neutralno\u015bci klimatycznej firmy. Cele osi\u0105gni\u0119te zostan\u0105 poprzez zakup nowoczesnego tr\u00f3jno\u017ca, stworzenie [&hellip;]<\/p>\n","protected":false},"author":1,"featured_media":0,"parent":0,"menu_order":0,"comment_status":"closed","ping_status":"closed","template":"","meta":{"footnotes":""},"class_list":["post-10370","page","type-page","status-publish","hentry"],"_links":{"self":[{"href":"https:\/\/drukarnia-danpol.pl\/en\/wp-json\/wp\/v2\/pages\/10370","targetHints":{"allow":["GET"]}}],"collection":[{"href":"https:\/\/drukarnia-danpol.pl\/en\/wp-json\/wp\/v2\/pages"}],"about":[{"href":"https:\/\/drukarnia-danpol.pl\/en\/wp-json\/wp\/v2\/types\/page"}],"author":[{"embeddable":true,"href":"https:\/\/drukarnia-danpol.pl\/en\/wp-json\/wp\/v2\/users\/1"}],"replies":[{"embeddable":true,"href":"https:\/\/drukarnia-danpol.pl\/en\/wp-json\/wp\/v2\/comments?post=10370"}],"version-history":[{"count":6,"href":"https:\/\/drukarnia-danpol.pl\/en\/wp-json\/wp\/v2\/pages\/10370\/revisions"}],"predecessor-version":[{"id":11408,"href":"https:\/\/drukarnia-danpol.pl\/en\/wp-json\/wp\/v2\/pages\/10370\/revisions\/11408"}],"wp:attachment":[{"href":"https:\/\/drukarnia-danpol.pl\/en\/wp-json\/wp\/v2\/media?parent=10370"}],"curies":[{"name":"wp","href":"https:\/\/api.w.org\/{rel}","templated":true}]}}