{"id":10554,"date":"2025-05-17T13:22:07","date_gmt":"2025-05-17T11:22:07","guid":{"rendered":"https:\/\/drukarnia-danpol.pl\/index.php\/accessibility-statement\/"},"modified":"2025-05-18T10:16:19","modified_gmt":"2025-05-18T08:16:19","slug":"oswiadczenie-dostepnosci","status":"publish","type":"page","link":"https:\/\/drukarnia-danpol.pl\/en\/oswiadczenie-dostepnosci\/","title":{"rendered":"Statement of availability"},"content":{"rendered":"<h6 class=\"wp-block-heading has-text-align-center\">Accessibility Statement for drukarnia-danpol.pl<\/h6>\n\n\n\n<p><strong>DANPOL Printing House<\/strong> is committed to ensuring digital accessibility for people with disabilities. We continually improve the user experience for everyone and apply appropriate accessibility standards.<\/p>\n\n\n\n<h6 class=\"wp-block-heading\">Compliance Status<\/h6>\n\n\n\n<p>The Web Content Accessibility Guidelines (WCAG) establish requirements for designers and developers to improve accessibility for people with disabilities. They define three levels of conformance: Level A, Level AA, and Level AAA.<\/p>\n\n\n\n<p><strong>DANPOL Printing House<\/strong> continually strives to improve the accessibility of its website and services, believing that it is our shared moral responsibility to enable seamless, accessible and unrestricted use by people with disabilities.<\/p>\n\n\n\n<p>Our goal is to make all pages and content available on <strong>printing house-danpol.pl<\/strong>, but some content may not yet fully meet the highest accessibility standards. This may be due to difficulties in determining the most appropriate technological solution.<\/p>\n\n\n\n<p>We may periodically review this statement to reflect improvements or changes in our accessibility practices.<\/p>\n\n\n\n<h6 class=\"wp-block-heading\">Comments<\/h6>\n\n\n\n<p>We invite you to share your feedback on website accessibility. <strong>DANPOL Printing House<\/strong>. Please let us know if you encounter accessibility barriers on our website:<\/p>\n\n\n\n<p>E-mail: <strong>biuro@drukarnia-danpol.pl<\/strong><\/p>\n\n\n\n<p>We aim to respond to reviews within 3\u20135 business days.<\/p>\n\n\n\n<p>The statement was created on 17\/05\/2025. <\/p>\n\n\n\n<p><\/p>","protected":false},"excerpt":{"rendered":"<p>O\u015bwiadczenie dost\u0119pno\u015bci dla drukarnia-danpol.pl Drukarnia DANPOL zobowi\u0105zuje si\u0119 do zapewnienia dost\u0119pno\u015bci cyfrowej osobom z niepe\u0142nosprawno\u015bciami. Ci\u0105gle ulepszamy do\u015bwiadczenie u\u017cytkownika dla wszystkich i stosujemy odpowiednie standardy dost\u0119pno\u015bci. Status zgodno\u015bci Wytyczne dotycz\u0105ce dost\u0119pno\u015bci tre\u015bci internetowych (WCAG) okre\u015blaj\u0105 wymagania dla projektant\u00f3w i deweloper\u00f3w w celu poprawy dost\u0119pno\u015bci dla os\u00f3b niepe\u0142nosprawnych. Definiuj\u0105 trzy poziomy zgodno\u015bci: poziom A, poziom AA [&hellip;]<\/p>\n","protected":false},"author":1,"featured_media":0,"parent":0,"menu_order":0,"comment_status":"closed","ping_status":"closed","template":"","meta":{"footnotes":""},"class_list":["post-10554","page","type-page","status-publish","hentry"],"_links":{"self":[{"href":"https:\/\/drukarnia-danpol.pl\/en\/wp-json\/wp\/v2\/pages\/10554","targetHints":{"allow":["GET"]}}],"collection":[{"href":"https:\/\/drukarnia-danpol.pl\/en\/wp-json\/wp\/v2\/pages"}],"about":[{"href":"https:\/\/drukarnia-danpol.pl\/en\/wp-json\/wp\/v2\/types\/page"}],"author":[{"embeddable":true,"href":"https:\/\/drukarnia-danpol.pl\/en\/wp-json\/wp\/v2\/users\/1"}],"replies":[{"embeddable":true,"href":"https:\/\/drukarnia-danpol.pl\/en\/wp-json\/wp\/v2\/comments?post=10554"}],"version-history":[{"count":0,"href":"https:\/\/drukarnia-danpol.pl\/en\/wp-json\/wp\/v2\/pages\/10554\/revisions"}],"wp:attachment":[{"href":"https:\/\/drukarnia-danpol.pl\/en\/wp-json\/wp\/v2\/media?parent=10554"}],"curies":[{"name":"wp","href":"https:\/\/api.w.org\/{rel}","templated":true}]}}