{"id":11528,"date":"2026-02-24T11:24:51","date_gmt":"2026-02-24T10:24:51","guid":{"rendered":"https:\/\/drukarnia-danpol.pl\/?page_id=11528"},"modified":"2026-03-28T15:37:26","modified_gmt":"2026-03-28T14:37:26","slug":"drukarnia-ksiazek-bytom","status":"publish","type":"page","link":"https:\/\/drukarnia-danpol.pl\/en\/drukarnia-ksiazek-bytom\/","title":{"rendered":"Book printing Bytom"},"content":{"rendered":"<div data-elementor-type=\"wp-page\" data-elementor-id=\"11528\" class=\"elementor elementor-11528\">\n\t\t\t\t<div class=\"elementor-element elementor-element-6831564 e-flex e-con-boxed e-con e-parent\" data-id=\"6831564\" data-element_type=\"container\">\n\t\t\t\t\t<div class=\"e-con-inner\">\n\t\t\t\t<div class=\"elementor-element elementor-element-b309317 elementor-widget elementor-widget-spacer\" data-id=\"b309317\" data-element_type=\"widget\" data-widget_type=\"spacer.default\">\n\t\t\t\t<div class=\"elementor-widget-container\">\n\t\t\t\t\t\t\t<div class=\"elementor-spacer\">\n\t\t\t<div class=\"elementor-spacer-inner\"><\/div>\n\t\t<\/div>\n\t\t\t\t\t\t<\/div>\n\t\t\t\t<\/div>\n\t\t\t\t<div class=\"elementor-element elementor-element-94eda68 elementor-widget elementor-widget-heading\" data-id=\"94eda68\" data-element_type=\"widget\" data-widget_type=\"heading.default\">\n\t\t\t\t<div class=\"elementor-widget-container\">\n\t\t\t\t\t<h1 class=\"elementor-heading-title elementor-size-default\">Book printing Bytom<\/h1>\t\t\t\t<\/div>\n\t\t\t\t<\/div>\n\t\t\t\t<div class=\"elementor-element elementor-element-c81ddb5 elementor-widget elementor-widget-spacer\" data-id=\"c81ddb5\" data-element_type=\"widget\" data-widget_type=\"spacer.default\">\n\t\t\t\t<div class=\"elementor-widget-container\">\n\t\t\t\t\t\t\t<div class=\"elementor-spacer\">\n\t\t\t<div class=\"elementor-spacer-inner\"><\/div>\n\t\t<\/div>\n\t\t\t\t\t\t<\/div>\n\t\t\t\t<\/div>\n\t\t\n\t\t<div class=\"elementor-element elementor-element-7d82a08 elementor-widget elementor-widget-text-editor\" data-id=\"7d82a08\" data-element_type=\"widget\" data-widget_type=\"text-editor.default\">\n\t\t\t\t<div class=\"elementor-widget-container\">\n\t\t\t\t\t\t\t\t\t<p>Looking for a reliable printing house in Bytom that specializes in professional book printing? DANPOL Printing House is located in Zabrze, just a few minutes from Bytom, and has been supporting authors, self-publishers, and publishing houses from across Silesia for over 25 years.<\/p>\n<p>We offer high-quality digital and offset printing, and our online store allows you to conveniently place orders online with shipping throughout Poland, while also maintaining the option of direct contact and on-site consultation at our headquarters in Zabrze.<\/p>\t\t\t\t\t\t\t\t<\/div>\n\t\t\t\t<\/div>\n\t\t\t\t<div class=\"elementor-element elementor-element-403d2fc elementor-widget elementor-widget-spacer\" data-id=\"403d2fc\" data-element_type=\"widget\" data-widget_type=\"spacer.default\">\n\t\t\t\t<div class=\"elementor-widget-container\">\n\t\t\t\t\t\t\t<div class=\"elementor-spacer\">\n\t\t\t<div class=\"elementor-spacer-inner\"><\/div>\n\t\t<\/div>\n\t\t\t\t\t\t<\/div>\n\t\t\t\t<\/div>\n\t\t\t\t<div class=\"elementor-element elementor-element-c67d4a3 elementor-button-default elementor-widget elementor-widget-button\" data-id=\"c67d4a3\" data-element_type=\"widget\" data-widget_type=\"button.default\">\n\t\t\t\t<div class=\"elementor-widget-container\">\n\t\t\t\t\t\t\t\t\t<div class=\"elementor-button-wrapper\">\n\t\t\t\t\t<a class=\"elementor-button elementor-button-link elementor-size-sm\" href=\"https:\/\/drukarnia-danpol.pl\/en\/kontakt\/\">\n\t\t\t\t\t\t<span class=\"elementor-button-content-wrapper\">\n\t\t\t\t\t\t\t\t\t<span class=\"elementor-button-text\">Order a quote for book printing \u2192<\/span>\n\t\t\t\t\t<\/span>\n\t\t\t\t\t<\/a>\n\t\t\t\t<\/div>\n\t\t\t\t\t\t\t\t<\/div>\n\t\t\t\t<\/div>\n\t\t\t\t\t<\/div>\n\t\t\t\t<\/div>\n\t\t<div class=\"elementor-element elementor-element-bae6a5e e-flex e-con-boxed e-con e-parent\" data-id=\"bae6a5e\" data-element_type=\"container\" data-settings=\"{&quot;background_background&quot;:&quot;classic&quot;}\">\n\t\t\t\t\t<div class=\"e-con-inner\">\n\t\t\t\t<div class=\"elementor-element elementor-element-0665c9b elementor-widget elementor-widget-heading\" data-id=\"0665c9b\" data-element_type=\"widget\" data-widget_type=\"heading.default\">\n\t\t\t\t<div class=\"elementor-widget-container\">\n\t\t\t\t\t<h2 class=\"elementor-heading-title elementor-size-default\">Professional book printing for authors and companies from Bytom\n<\/h2>\t\t\t\t<\/div>\n\t\t\t\t<\/div>\n\t\t\t\t<div class=\"elementor-element elementor-element-bb1e3a6 elementor-widget elementor-widget-spacer\" data-id=\"bb1e3a6\" data-element_type=\"widget\" data-widget_type=\"spacer.default\">\n\t\t\t\t<div class=\"elementor-widget-container\">\n\t\t\t\t\t\t\t<div class=\"elementor-spacer\">\n\t\t\t<div class=\"elementor-spacer-inner\"><\/div>\n\t\t<\/div>\n\t\t\t\t\t\t<\/div>\n\t\t\t\t<\/div>\n\t\t\t\t<div class=\"elementor-element elementor-element-7eae67d elementor-widget elementor-widget-text-editor\" data-id=\"7eae67d\" data-element_type=\"widget\" data-widget_type=\"text-editor.default\">\n\t\t\t\t<div class=\"elementor-widget-container\">\n\t\t\t\t\t\t\t\t\t<p>For many years, we have focused on professional book printing, producing novels, textbooks, and guides, as well as albums, reportages, and poetry collections. We serve individual authors, publishing houses, and companies across the region, ensuring consistent quality and predictable production, even for the most demanding projects. Our ongoing collaboration with industry partners allows us to maintain refined technological processes and meet agreed deadlines.<\/p><p>By combining digital and offset printing, we can flexibly adapt our production method to the print run, budget, and nature of the publication, producing both single copies and larger series. Our printing house is located in Zabrze, but for customers in Bytom, it&#039;s a very convenient location\u2014traveling usually takes just a few minutes. All orders can be placed online for delivery throughout Poland, and if needed, we can offer personal contact and on-site consultation.<\/p>\t\t\t\t\t\t\t\t<\/div>\n\t\t\t\t<\/div>\n\t\t\t\t\t<\/div>\n\t\t\t\t<\/div>\n\t\t<div class=\"elementor-element elementor-element-46518ef e-flex e-con-boxed e-con e-parent\" data-id=\"46518ef\" data-element_type=\"container\">\n\t\t\t\t\t<div class=\"e-con-inner\">\n\t\t\t\t<div class=\"elementor-element elementor-element-b38b334 elementor-widget elementor-widget-heading\" data-id=\"b38b334\" data-element_type=\"widget\" data-widget_type=\"heading.default\">\n\t\t\t\t<div class=\"elementor-widget-container\">\n\t\t\t\t\t<h2 class=\"elementor-heading-title elementor-size-default\">The range of services offered by our printing house<\/h2>\t\t\t\t<\/div>\n\t\t\t\t<\/div>\n\t\t\t\t<div class=\"elementor-element elementor-element-7e37cb0 elementor-widget elementor-widget-spacer\" data-id=\"7e37cb0\" data-element_type=\"widget\" data-widget_type=\"spacer.default\">\n\t\t\t\t<div class=\"elementor-widget-container\">\n\t\t\t\t\t\t\t<div class=\"elementor-spacer\">\n\t\t\t<div class=\"elementor-spacer-inner\"><\/div>\n\t\t<\/div>\n\t\t\t\t\t\t<\/div>\n\t\t\t\t<\/div>\n\t\t\t\t<div class=\"elementor-element elementor-element-f0f4535 elementor-widget elementor-widget-text-editor\" data-id=\"f0f4535\" data-element_type=\"widget\" data-widget_type=\"text-editor.default\">\n\t\t\t\t<div class=\"elementor-widget-container\">\n\t\t\t\t\t\t\t\t\t<p><strong>We provide comprehensive book printing services<\/strong> For authors, companies, publishers, and wholesalers in Bytom and throughout the Silesian Voivodeship. We offer full service, from file preparation to final packaging and shipping.<\/p>\n<h3>What we print:<\/h3>\n<ul>\n<li>Paperback and hardcover books<\/li>\n<li>Novels, prose, poetry<\/li>\n<li>Scientific and technical books<\/li>\n<li>Premium albums and publications<\/li>\n<li>Prints for publishers and individual authors<\/li>\n<\/ul>\n<h3>Book and print refinement:<\/h3>\n<ul>\n<li>Matte \/ glossy \/ soft touch lamination<\/li>\n<li>Hot stamping (gold\/silver)<\/li>\n<li>Embossing and selective UV varnish<\/li>\n<\/ul>\t\t\t\t\t\t\t\t<\/div>\n\t\t\t\t<\/div>\n\t\t\t\t\t<\/div>\n\t\t\t\t<\/div>\n\t\t<div class=\"elementor-element elementor-element-77c9be0 e-flex e-con-boxed e-con e-parent\" data-id=\"77c9be0\" data-element_type=\"container\" data-settings=\"{&quot;background_background&quot;:&quot;classic&quot;}\">\n\t\t\t\t\t<div class=\"e-con-inner\">\n\t\t\t\t<div class=\"elementor-element elementor-element-4cf5f22 elementor-widget elementor-widget-heading\" data-id=\"4cf5f22\" data-element_type=\"widget\" data-widget_type=\"heading.default\">\n\t\t\t\t<div class=\"elementor-widget-container\">\n\t\t\t\t\t<h2 class=\"elementor-heading-title elementor-size-default\">How to place a printing order?<\/h2>\t\t\t\t<\/div>\n\t\t\t\t<\/div>\n\t\t\t\t<div class=\"elementor-element elementor-element-f405f7c elementor-widget elementor-widget-spacer\" data-id=\"f405f7c\" data-element_type=\"widget\" data-widget_type=\"spacer.default\">\n\t\t\t\t<div class=\"elementor-widget-container\">\n\t\t\t\t\t\t\t<div class=\"elementor-spacer\">\n\t\t\t<div class=\"elementor-spacer-inner\"><\/div>\n\t\t<\/div>\n\t\t\t\t\t\t<\/div>\n\t\t\t\t<\/div>\n\t\t\t\t<div class=\"elementor-element elementor-element-b71a495 elementor-widget elementor-widget-text-editor\" data-id=\"b71a495\" data-element_type=\"widget\" data-widget_type=\"text-editor.default\">\n\t\t\t\t<div class=\"elementor-widget-container\">\n\t\t\t\t\t\t\t\t\t<ol><li>Send PDF files or design for a quote.<\/li><li>You will receive an accurate quote and completion date within 24 hours.<\/li><li>After approval, we start printing.<\/li><li>Personal collection in Zabrze or courier delivery.<\/li><\/ol>\t\t\t\t\t\t\t\t<\/div>\n\t\t\t\t<\/div>\n\t\t\t\t<div class=\"elementor-element elementor-element-0c08457 elementor-button-default elementor-widget elementor-widget-button\" data-id=\"0c08457\" data-element_type=\"widget\" data-widget_type=\"button.default\">\n\t\t\t\t<div class=\"elementor-widget-container\">\n\t\t\t\t\t\t\t\t\t<div class=\"elementor-button-wrapper\">\n\t\t\t\t\t<a class=\"elementor-button elementor-button-link elementor-size-sm\" href=\"https:\/\/drukarnia-danpol.pl\/en\/kontakt\/\">\n\t\t\t\t\t\t<span class=\"elementor-button-content-wrapper\">\n\t\t\t\t\t\t\t\t\t<span class=\"elementor-button-text\">Request a quote \u2192<\/span>\n\t\t\t\t\t<\/span>\n\t\t\t\t\t<\/a>\n\t\t\t\t<\/div>\n\t\t\t\t\t\t\t\t<\/div>\n\t\t\t\t<\/div>\n\t\t\t\t\t<\/div>\n\t\t\t\t<\/div>\n\t\t<div class=\"elementor-element elementor-element-e655ea8 e-flex e-con-boxed e-con e-parent\" data-id=\"e655ea8\" data-element_type=\"container\">\n\t\t\t\t\t<div class=\"e-con-inner\">\n\t\t\t\t<div class=\"elementor-element elementor-element-96d0eb9 elementor-widget elementor-widget-heading\" data-id=\"96d0eb9\" data-element_type=\"widget\" data-widget_type=\"heading.default\">\n\t\t\t\t<div class=\"elementor-widget-container\">\n\t\t\t\t\t<h2 class=\"elementor-heading-title elementor-size-default\">Why do customers from Bytom choose DANPOL?<\/h2>\t\t\t\t<\/div>\n\t\t\t\t<\/div>\n\t\t\t\t<div class=\"elementor-element elementor-element-70fa118 elementor-widget elementor-widget-spacer\" data-id=\"70fa118\" data-element_type=\"widget\" data-widget_type=\"spacer.default\">\n\t\t\t\t<div class=\"elementor-widget-container\">\n\t\t\t\t\t\t\t<div class=\"elementor-spacer\">\n\t\t\t<div class=\"elementor-spacer-inner\"><\/div>\n\t\t<\/div>\n\t\t\t\t\t\t<\/div>\n\t\t\t\t<\/div>\n\t\t\t\t<div class=\"elementor-element elementor-element-f02743a elementor-widget elementor-widget-text-editor\" data-id=\"f02743a\" data-element_type=\"widget\" data-widget_type=\"text-editor.default\">\n\t\t\t\t<div class=\"elementor-widget-container\">\n\t\t\t\t\t\t\t\t\t<p>We are a family-owned printing house with many years of experience, supporting authors, publishers, and companies across the region. Clients from <strong>Bytom<\/strong> They value us above all for our reliability, timely order fulfillment, and consistent high-quality printing, regardless of the print run. Direct contact and expert advice at every stage are also crucial \u2013 from selecting printing technology and paper to finishing the finished publication.<\/p><p>We produce both large-scale print runs for publishing houses and institutions, as well as short runs and single copies for independent authors, self-publishers, and companies requiring custom printed materials. Thanks to our flexible approach and the combination of modern technology and experience, we can tailor the production process to the specific needs of the project, ensuring high quality and efficient service.<\/p>\t\t\t\t\t\t\t\t<\/div>\n\t\t\t\t<\/div>\n\t\t\t\t\t<\/div>\n\t\t\t\t<\/div>\n\t\t<div class=\"elementor-element elementor-element-6ebc23b e-flex e-con-boxed e-con e-parent\" data-id=\"6ebc23b\" data-element_type=\"container\" data-settings=\"{&quot;background_background&quot;:&quot;classic&quot;}\">\n\t\t\t\t\t<div class=\"e-con-inner\">\n\t\t\t\t<div class=\"elementor-element elementor-element-b7cb8c3 elementor-widget elementor-widget-heading\" data-id=\"b7cb8c3\" data-element_type=\"widget\" data-widget_type=\"heading.default\">\n\t\t\t\t<div class=\"elementor-widget-container\">\n\t\t\t\t\t<h2 class=\"elementor-heading-title elementor-size-default\">We serve all of Bytom and the surrounding area<\/h2>\t\t\t\t<\/div>\n\t\t\t\t<\/div>\n\t\t\t\t<div class=\"elementor-element elementor-element-fcb77ac elementor-widget elementor-widget-spacer\" data-id=\"fcb77ac\" data-element_type=\"widget\" data-widget_type=\"spacer.default\">\n\t\t\t\t<div class=\"elementor-widget-container\">\n\t\t\t\t\t\t\t<div class=\"elementor-spacer\">\n\t\t\t<div class=\"elementor-spacer-inner\"><\/div>\n\t\t<\/div>\n\t\t\t\t\t\t<\/div>\n\t\t\t\t<\/div>\n\t\t\t\t<div class=\"elementor-element elementor-element-249ffc8 elementor-widget elementor-widget-text-editor\" data-id=\"249ffc8\" data-element_type=\"widget\" data-widget_type=\"text-editor.default\">\n\t\t\t\t<div class=\"elementor-widget-container\">\n\t\t\t\t\t\t\t\t\t<p>Our printing house is located in Zabrze, but we fulfill a large part of our book orders for clients from Bytom \u2013 both from the city center and from districts such as Szombierki, Miechowice, Stroszek, Karb, Rozbark, \u0141agiewniki and Bobrek.<\/p><p>The proximity means that many customers choose direct contact, on-site consultations or personal collection of finished publications, although all orders can also be conveniently placed online and delivered to the specified address.<\/p><p>We also print for other nearby cities such as:<\/p><ul><li class=\"p1\"><a href=\"https:\/\/drukarnia-danpol.pl\/en\/drukarnia-ksiazek-gliwice\/\">Book printing Gliwice<\/a><\/li><li><a href=\"https:\/\/drukarnia-danpol.pl\/en\/drukarnia-ksiazek-katowice\/\">Book printing Katowice<\/a><\/li><\/ul>\t\t\t\t\t\t\t\t<\/div>\n\t\t\t\t<\/div>\n\t\t\t\t<div class=\"elementor-element elementor-element-39b55d8 elementor-button-default elementor-widget elementor-widget-button\" data-id=\"39b55d8\" data-element_type=\"widget\" data-widget_type=\"button.default\">\n\t\t\t\t<div class=\"elementor-widget-container\">\n\t\t\t\t\t\t\t\t\t<div class=\"elementor-button-wrapper\">\n\t\t\t\t\t<a class=\"elementor-button elementor-button-link elementor-size-sm\" href=\"https:\/\/drukarnia-danpol.pl\/en\/kontakt\/\">\n\t\t\t\t\t\t<span class=\"elementor-button-content-wrapper\">\n\t\t\t\t\t\t\t\t\t<span class=\"elementor-button-text\">Contact us \u2192<\/span>\n\t\t\t\t\t<\/span>\n\t\t\t\t\t<\/a>\n\t\t\t\t<\/div>\n\t\t\t\t\t\t\t\t<\/div>\n\t\t\t\t<\/div>\n\t\t\t\t<div class=\"elementor-element elementor-element-261c236 elementor-widget elementor-widget-spacer\" data-id=\"261c236\" data-element_type=\"widget\" data-widget_type=\"spacer.default\">\n\t\t\t\t<div class=\"elementor-widget-container\">\n\t\t\t\t\t\t\t<div class=\"elementor-spacer\">\n\t\t\t<div class=\"elementor-spacer-inner\"><\/div>\n\t\t<\/div>\n\t\t\t\t\t\t<\/div>\n\t\t\t\t<\/div>\n\t\t\t\t<div class=\"elementor-element elementor-element-bd2dbda elementor-widget elementor-widget-html\" data-id=\"bd2dbda\" data-element_type=\"widget\" data-widget_type=\"html.default\">\n\t\t\t\t<div class=\"elementor-widget-container\">\n\t\t\t\t\t<iframe src=\"https:\/\/www.google.com\/maps\/embed?pb=!1m18!1m12!1m3!1d81442.35775201148!2d18.79394014979818!3d50.365179191894235!2m3!1f0!2f0!3f0!3m2!1i1024!2i768!4f13.1!3m3!1m2!1s0x47112cec67fe9f4b%3A0x15441c90c4a37c96!2sBytom!5e1!3m2!1sen!2spl!4v1771927521355!5m2!1sen!2spl\" width=\"100%\" height=\"377\" style=\"border:0;\" allowfullscreen=\"\" loading=\"lazy\" referrerpolicy=\"no-referrer-when-downgrade\"><\/iframe>\t\t\t\t<\/div>\n\t\t\t\t<\/div>\n\t\t\t\t\t<\/div>\n\t\t\t\t<\/div>\n\t\t\t\t<\/div>","protected":false},"excerpt":{"rendered":"<p>Drukarnia ksi\u0105\u017cek Bytom Szukasz sprawdzonej drukarni w Bytomiu, kt\u00f3ra specjalizuje si\u0119 w profesjonalnym druku ksi\u0105\u017cek? Drukarnia DANPOL mie\u015bci si\u0119 w Zabrzu, zaledwie kilkana\u015bcie minut drogi od Bytomia, i od ponad 25 lat wspiera autor\u00f3w, self-publisher\u00f3w oraz wydawnictwa z ca\u0142ego \u015al\u0105ska. Realizujemy wysokojako\u015bciowy druk cyfrowy i offsetowy, a dzi\u0119ki sklepowi internetowemu umo\u017cliwiamy wygodne sk\u0142adanie zam\u00f3wie\u0144 online [&hellip;]<\/p>\n","protected":false},"author":149,"featured_media":0,"parent":0,"menu_order":0,"comment_status":"closed","ping_status":"closed","template":"","meta":{"footnotes":""},"class_list":["post-11528","page","type-page","status-publish","hentry"],"_links":{"self":[{"href":"https:\/\/drukarnia-danpol.pl\/en\/wp-json\/wp\/v2\/pages\/11528","targetHints":{"allow":["GET"]}}],"collection":[{"href":"https:\/\/drukarnia-danpol.pl\/en\/wp-json\/wp\/v2\/pages"}],"about":[{"href":"https:\/\/drukarnia-danpol.pl\/en\/wp-json\/wp\/v2\/types\/page"}],"author":[{"embeddable":true,"href":"https:\/\/drukarnia-danpol.pl\/en\/wp-json\/wp\/v2\/users\/149"}],"replies":[{"embeddable":true,"href":"https:\/\/drukarnia-danpol.pl\/en\/wp-json\/wp\/v2\/comments?post=11528"}],"version-history":[{"count":131,"href":"https:\/\/drukarnia-danpol.pl\/en\/wp-json\/wp\/v2\/pages\/11528\/revisions"}],"predecessor-version":[{"id":11726,"href":"https:\/\/drukarnia-danpol.pl\/en\/wp-json\/wp\/v2\/pages\/11528\/revisions\/11726"}],"wp:attachment":[{"href":"https:\/\/drukarnia-danpol.pl\/en\/wp-json\/wp\/v2\/media?parent=11528"}],"curies":[{"name":"wp","href":"https:\/\/api.w.org\/{rel}","templated":true}]}}