{"id":11751,"date":"2026-04-30T09:38:01","date_gmt":"2026-04-30T07:38:01","guid":{"rendered":"https:\/\/drukarnia-danpol.pl\/?page_id=11751"},"modified":"2026-04-30T14:30:12","modified_gmt":"2026-04-30T12:30:12","slug":"drukarnia-ksiazek-knurow","status":"publish","type":"page","link":"https:\/\/drukarnia-danpol.pl\/en\/drukarnia-ksiazek-knurow\/","title":{"rendered":"Knur\u00f3w Book Printing House"},"content":{"rendered":"<div data-elementor-type=\"wp-page\" data-elementor-id=\"11751\" class=\"elementor elementor-11751\">\n\t\t\t\t<div class=\"elementor-element elementor-element-336b01c e-flex e-con-boxed e-con e-parent\" data-id=\"336b01c\" data-element_type=\"container\">\n\t\t\t\t\t<div class=\"e-con-inner\">\n\t\t<div class=\"elementor-element elementor-element-0645215 e-con-full e-flex e-con e-child\" data-id=\"0645215\" data-element_type=\"container\">\n\t\t<div class=\"elementor-element elementor-element-95805de e-con-full e-flex e-con e-child\" data-id=\"95805de\" data-element_type=\"container\">\n\t\t\t\t<div class=\"elementor-element elementor-element-611876c elementor-widget elementor-widget-spacer\" data-id=\"611876c\" data-element_type=\"widget\" data-widget_type=\"spacer.default\">\n\t\t\t\t<div class=\"elementor-widget-container\">\n\t\t\t\t\t\t\t<div class=\"elementor-spacer\">\n\t\t\t<div class=\"elementor-spacer-inner\"><\/div>\n\t\t<\/div>\n\t\t\t\t\t\t<\/div>\n\t\t\t\t<\/div>\n\t\t\t\t<div class=\"elementor-element elementor-element-d129c1f elementor-widget elementor-widget-heading\" data-id=\"d129c1f\" data-element_type=\"widget\" data-widget_type=\"heading.default\">\n\t\t\t\t<div class=\"elementor-widget-container\">\n\t\t\t\t\t<h1 class=\"elementor-heading-title elementor-size-default\">Knur\u00f3w Book Printing House<\/h1>\t\t\t\t<\/div>\n\t\t\t\t<\/div>\n\t\t\t\t<div class=\"elementor-element elementor-element-9285cb7 elementor-widget elementor-widget-spacer\" data-id=\"9285cb7\" data-element_type=\"widget\" data-widget_type=\"spacer.default\">\n\t\t\t\t<div class=\"elementor-widget-container\">\n\t\t\t\t\t\t\t<div class=\"elementor-spacer\">\n\t\t\t<div class=\"elementor-spacer-inner\"><\/div>\n\t\t<\/div>\n\t\t\t\t\t\t<\/div>\n\t\t\t\t<\/div>\n\t\t\n\t\t<div class=\"elementor-element elementor-element-bdcaf7d elementor-widget elementor-widget-text-editor\" data-id=\"bdcaf7d\" data-element_type=\"widget\" data-widget_type=\"text-editor.default\">\n\t\t\t\t<div class=\"elementor-widget-container\">\n\t\t\t\t\t\t\t\t\t<p class=\"p1\">Dla wielu klient\u00f3w liczy si\u0119 dzi\u015b nie tylko sam druk ksi\u0105\u017cki, ale te\u017c to, czy ca\u0142y proces da si\u0119 przeprowadzi\u0107 sprawnie i bez zb\u0119dnych komplikacji. Przy publikacjach autorskich, firmowych czy wydawniczych <strong>wa\u017cna jest jako\u015b\u0107 wykonania<\/strong>, odpowiedni dob\u00f3r technologii, trwa\u0142o\u015b\u0107 oprawy oraz pewno\u015b\u0107, \u017ce gotowy nak\u0142ad b\u0119dzie zgodny z za\u0142o\u017ceniami projektu. W\u0142a\u015bnie dlatego <strong>klienci z Knurowa<\/strong> szukaj\u0105 drukarni, kt\u00f3ra potrafi po\u0142\u0105czy\u0107 zaplecze produkcyjne z wygodnym modelem wsp\u00f3\u0142pracy. <strong>DANPOL is a printing house from Zabrze<\/strong>, kt\u00f3ra realizuje <strong>book printing<\/strong> dla klient\u00f3w z <strong>ca\u0142ego<\/strong> <strong>Silesia<\/strong>, a <strong>zam\u00f3wienia<\/strong> mo\u017cna z\u0142o\u017cy\u0107 zar\u00f3wno <strong>online<\/strong>, jak i po wcze\u015bniejszym kontakcie bezpo\u015brednim. Taki spos\u00f3b pracy dobrze sprawdza si\u0119 przy kr\u00f3tkich seriach, wi\u0119kszych nak\u0142adach i regularnych dodrukach.<\/p>\t\t\t\t\t\t\t\t<\/div>\n\t\t\t\t<\/div>\n\t\t\t\t<div class=\"elementor-element elementor-element-ea83e95 elementor-widget elementor-widget-spacer\" data-id=\"ea83e95\" data-element_type=\"widget\" data-widget_type=\"spacer.default\">\n\t\t\t\t<div class=\"elementor-widget-container\">\n\t\t\t\t\t\t\t<div class=\"elementor-spacer\">\n\t\t\t<div class=\"elementor-spacer-inner\"><\/div>\n\t\t<\/div>\n\t\t\t\t\t\t<\/div>\n\t\t\t\t<\/div>\n\t\t\t\t<div class=\"elementor-element elementor-element-6669b10 elementor-button-default elementor-widget elementor-widget-button\" data-id=\"6669b10\" data-element_type=\"widget\" data-widget_type=\"button.default\">\n\t\t\t\t<div class=\"elementor-widget-container\">\n\t\t\t\t\t\t\t\t\t<div class=\"elementor-button-wrapper\">\n\t\t\t\t\t<a class=\"elementor-button elementor-button-link elementor-size-sm\" href=\"https:\/\/drukarnia-danpol.pl\/en\/kontakt\/\">\n\t\t\t\t\t\t<span class=\"elementor-button-content-wrapper\">\n\t\t\t\t\t\t\t\t\t<span class=\"elementor-button-text\">Order a quote for book printing \u2192<\/span>\n\t\t\t\t\t<\/span>\n\t\t\t\t\t<\/a>\n\t\t\t\t<\/div>\n\t\t\t\t\t\t\t\t<\/div>\n\t\t\t\t<\/div>\n\t\t\t\t<\/div>\n\t\t\t\t<\/div>\n\t\t\t\t\t<\/div>\n\t\t\t\t<\/div>\n\t\t<div class=\"elementor-element elementor-element-eb59687 e-flex e-con-boxed e-con e-parent\" data-id=\"eb59687\" data-element_type=\"container\" data-settings=\"{&quot;background_background&quot;:&quot;classic&quot;}\">\n\t\t\t\t\t<div class=\"e-con-inner\">\n\t\t<div class=\"elementor-element elementor-element-1da9a70 e-con-full e-flex e-con e-child\" data-id=\"1da9a70\" data-element_type=\"container\" data-settings=\"{&quot;background_background&quot;:&quot;classic&quot;}\">\n\t\t<div class=\"elementor-element elementor-element-35fd06d e-con-full e-flex e-con e-child\" data-id=\"35fd06d\" data-element_type=\"container\" data-settings=\"{&quot;background_background&quot;:&quot;classic&quot;}\">\n\t\t\t\t<div class=\"elementor-element elementor-element-9e63981 elementor-widget elementor-widget-heading\" data-id=\"9e63981\" data-element_type=\"widget\" data-widget_type=\"heading.default\">\n\t\t\t\t<div class=\"elementor-widget-container\">\n\t\t\t\t\t<h2 class=\"elementor-heading-title elementor-size-default\">Drukowanie ksi\u0105\u017cek dla autor\u00f3w, wydawnictw i firm<\/h2>\t\t\t\t<\/div>\n\t\t\t\t<\/div>\n\t\t\t\t<div class=\"elementor-element elementor-element-f350a9f elementor-widget elementor-widget-spacer\" data-id=\"f350a9f\" data-element_type=\"widget\" data-widget_type=\"spacer.default\">\n\t\t\t\t<div class=\"elementor-widget-container\">\n\t\t\t\t\t\t\t<div class=\"elementor-spacer\">\n\t\t\t<div class=\"elementor-spacer-inner\"><\/div>\n\t\t<\/div>\n\t\t\t\t\t\t<\/div>\n\t\t\t\t<\/div>\n\t\t\t\t<div class=\"elementor-element elementor-element-6457579 elementor-widget elementor-widget-text-editor\" data-id=\"6457579\" data-element_type=\"widget\" data-widget_type=\"text-editor.default\">\n\t\t\t\t<div class=\"elementor-widget-container\">\n\t\t\t\t\t\t\t\t\t<p class=\"p1\">Przygotowujemy ksi\u0105\u017cki o bardzo r\u00f3\u017cnym charakterze &#8211; od powie\u015bci, poradnik\u00f3w i tomik\u00f3w poezji po podr\u0119czniki, publikacje techniczne, albumy oraz materia\u0142y firmowe. Ka\u017cda z tych realizacji ma inn\u0105 specyfik\u0119, dlatego spos\u00f3b produkcji zawsze warto dopasowa\u0107 do celu, nak\u0142adu i oczekiwanego efektu ko\u0144cowego. Inne potrzeby ma <strong>autor wydaj\u0105cy pierwsz\u0105 ksi\u0105\u017ck\u0119<\/strong>, inne <strong>wydawnictwo<\/strong> planuj\u0105ce kolejn\u0105 seri\u0119, a jeszcze inne <strong>firma<\/strong> zamawiaj\u0105ca publikacj\u0119 szkoleniow\u0105 lub sprzeda\u017cow\u0105.<\/p><p class=\"p1\">Dla klient\u00f3w z Knurowa oznacza to mo\u017cliwo\u015b\u0107 zam\u00f3wienia druku ksi\u0105\u017cek w modelu bardziej uporz\u0105dkowanym i przewidywalnym. Zamiast wybiera\u0107 przypadkowe rozwi\u0105zania, mo\u017cna dobra\u0107 technologi\u0119, opraw\u0119 i wyko\u0144czenie do realnego zastosowania publikacji. To szczeg\u00f3lnie wa\u017cne wtedy, gdy ksi\u0105\u017cka ma nie tylko dobrze wygl\u0105da\u0107, ale te\u017c spe\u0142nia\u0107 konkretn\u0105 funkcj\u0119 w sprzeda\u017cy, dystrybucji lub komunikacji marki.<\/p>\t\t\t\t\t\t\t\t<\/div>\n\t\t\t\t<\/div>\n\t\t\t\t<\/div>\n\t\t\t\t<\/div>\n\t\t\t\t\t<\/div>\n\t\t\t\t<\/div>\n\t\t<div class=\"elementor-element elementor-element-6bf9487 e-flex e-con-boxed e-con e-parent\" data-id=\"6bf9487\" data-element_type=\"container\">\n\t\t\t\t\t<div class=\"e-con-inner\">\n\t\t<div class=\"elementor-element elementor-element-fee5cd3 e-con-full e-flex e-con e-child\" data-id=\"fee5cd3\" data-element_type=\"container\">\n\t\t<div class=\"elementor-element elementor-element-76c42d3 e-con-full e-flex e-con e-child\" data-id=\"76c42d3\" data-element_type=\"container\">\n\t\t\t\t<div class=\"elementor-element elementor-element-d6b49ff elementor-widget elementor-widget-heading\" data-id=\"d6b49ff\" data-element_type=\"widget\" data-widget_type=\"heading.default\">\n\t\t\t\t<div class=\"elementor-widget-container\">\n\t\t\t\t\t<h2 class=\"elementor-heading-title elementor-size-default\">Druk ksi\u0105\u017cek z pe\u0142n\u0105 obs\u0142ug\u0105 od plik\u00f3w po gotowy nak\u0142ad<\/h2>\t\t\t\t<\/div>\n\t\t\t\t<\/div>\n\t\t\t\t<div class=\"elementor-element elementor-element-01d2521 elementor-widget elementor-widget-spacer\" data-id=\"01d2521\" data-element_type=\"widget\" data-widget_type=\"spacer.default\">\n\t\t\t\t<div class=\"elementor-widget-container\">\n\t\t\t\t\t\t\t<div class=\"elementor-spacer\">\n\t\t\t<div class=\"elementor-spacer-inner\"><\/div>\n\t\t<\/div>\n\t\t\t\t\t\t<\/div>\n\t\t\t\t<\/div>\n\t\t\t\t<div class=\"elementor-element elementor-element-2698f59 elementor-widget elementor-widget-text-editor\" data-id=\"2698f59\" data-element_type=\"widget\" data-widget_type=\"text-editor.default\">\n\t\t\t\t<div class=\"elementor-widget-container\">\n\t\t\t\t\t\t\t\t\t<p class=\"p1\">Dobrze zorganizowana realizacja nie zaczyna si\u0119 od samego wydruku. Najpierw trzeba sprawdzi\u0107 materia\u0142y, ustali\u0107 parametry ksi\u0105\u017cki, dobra\u0107 odpowiedni\u0105 technologi\u0119 i <strong>zaplanowa\u0107 spos\u00f3b wyko\u0144czenia<\/strong>. Dopiero wtedy ca\u0142y proces ma sens jako sp\u00f3jna produkcja, kt\u00f3ra daje przewidywalny efekt ko\u0144cowy.<\/p><p class=\"p1\">That&#039;s why <strong>zapewniamy obs\u0142ug\u0119 obejmuj\u0105c\u0105 przygotowanie plik\u00f3w do druku, sam\u0105 produkcj\u0119, wyko\u0144czenie, pakowanie i wysy\u0142k\u0119 gotowych egzemplarzy<\/strong>. Dla klient\u00f3w z Knurowa to wygodniejsze rozwi\u0105zanie ni\u017c dzielenie realizacji mi\u0119dzy kilka firm, bo ca\u0142y projekt mo\u017cna przeprowadzi\u0107 w jednym miejscu i w jednym ustalonym procesie.<\/p><h3>Drukujemy:<\/h3><ul><li>Paperback and hardcover books<\/li><li>Novels, prose, poetry<\/li><li>Scientific and technical books<\/li><li>Premium albums and publications<\/li><li>Prints for publishers and individual authors<\/li><\/ul><h3>Uszlachetnienia druku:<\/h3><ul><li>Matte \/ glossy \/ soft touch lamination<\/li><li>Hot stamping (gold\/silver)<\/li><li>Embossing and selective UV varnish<\/li><\/ul>\t\t\t\t\t\t\t\t<\/div>\n\t\t\t\t<\/div>\n\t\t\t\t<\/div>\n\t\t\t\t<\/div>\n\t\t\t\t\t<\/div>\n\t\t\t\t<\/div>\n\t\t<div class=\"elementor-element elementor-element-b2d05ff e-flex e-con-boxed e-con e-parent\" data-id=\"b2d05ff\" data-element_type=\"container\" data-settings=\"{&quot;background_background&quot;:&quot;classic&quot;}\">\n\t\t\t\t\t<div class=\"e-con-inner\">\n\t\t<div class=\"elementor-element elementor-element-08a61f9 e-con-full e-flex e-con e-child\" data-id=\"08a61f9\" data-element_type=\"container\" data-settings=\"{&quot;background_background&quot;:&quot;classic&quot;}\">\n\t\t<div class=\"elementor-element elementor-element-35e76c5 e-con-full e-flex e-con e-child\" data-id=\"35e76c5\" data-element_type=\"container\" data-settings=\"{&quot;background_background&quot;:&quot;classic&quot;}\">\n\t\t\t\t<div class=\"elementor-element elementor-element-f19145a elementor-widget elementor-widget-heading\" data-id=\"f19145a\" data-element_type=\"widget\" data-widget_type=\"heading.default\">\n\t\t\t\t<div class=\"elementor-widget-container\">\n\t\t\t\t\t<h2 class=\"elementor-heading-title elementor-size-default\">Jak zam\u00f3wi\u0107 druk ksi\u0105\u017cki przez internet<\/h2>\t\t\t\t<\/div>\n\t\t\t\t<\/div>\n\t\t\t\t<div class=\"elementor-element elementor-element-a852529 elementor-widget elementor-widget-spacer\" data-id=\"a852529\" data-element_type=\"widget\" data-widget_type=\"spacer.default\">\n\t\t\t\t<div class=\"elementor-widget-container\">\n\t\t\t\t\t\t\t<div class=\"elementor-spacer\">\n\t\t\t<div class=\"elementor-spacer-inner\"><\/div>\n\t\t<\/div>\n\t\t\t\t\t\t<\/div>\n\t\t\t\t<\/div>\n\t\t\t\t<div class=\"elementor-element elementor-element-6d819a9 elementor-widget elementor-widget-text-editor\" data-id=\"6d819a9\" data-element_type=\"widget\" data-widget_type=\"text-editor.default\">\n\t\t\t\t<div class=\"elementor-widget-container\">\n\t\t\t\t\t\t\t\t\t<ol><li>Send PDF files or design for a quote.<\/li><li>You will receive an accurate quote and completion date within 24 hours.<\/li><li>After approval, we start printing.<\/li><li>Personal collection in Zabrze or courier delivery.<\/li><\/ol>\t\t\t\t\t\t\t\t<\/div>\n\t\t\t\t<\/div>\n\t\t\t\t<div class=\"elementor-element elementor-element-6f8d3d3 elementor-button-default elementor-widget elementor-widget-button\" data-id=\"6f8d3d3\" data-element_type=\"widget\" data-widget_type=\"button.default\">\n\t\t\t\t<div class=\"elementor-widget-container\">\n\t\t\t\t\t\t\t\t\t<div class=\"elementor-button-wrapper\">\n\t\t\t\t\t<a class=\"elementor-button elementor-button-link elementor-size-sm\" href=\"https:\/\/drukarnia-danpol.pl\/en\/kontakt\/\">\n\t\t\t\t\t\t<span class=\"elementor-button-content-wrapper\">\n\t\t\t\t\t\t\t\t\t<span class=\"elementor-button-text\">Request a quote \u2192<\/span>\n\t\t\t\t\t<\/span>\n\t\t\t\t\t<\/a>\n\t\t\t\t<\/div>\n\t\t\t\t\t\t\t\t<\/div>\n\t\t\t\t<\/div>\n\t\t\t\t<\/div>\n\t\t\t\t<\/div>\n\t\t\t\t\t<\/div>\n\t\t\t\t<\/div>\n\t\t<div class=\"elementor-element elementor-element-d5f2123 e-flex e-con-boxed e-con e-parent\" data-id=\"d5f2123\" data-element_type=\"container\">\n\t\t\t\t\t<div class=\"e-con-inner\">\n\t\t<div class=\"elementor-element elementor-element-eda0e11 e-con-full e-flex e-con e-child\" data-id=\"eda0e11\" data-element_type=\"container\">\n\t\t<div class=\"elementor-element elementor-element-b314514 e-con-full e-flex e-con e-child\" data-id=\"b314514\" data-element_type=\"container\">\n\t\t\t\t<div class=\"elementor-element elementor-element-9a7370c elementor-widget elementor-widget-heading\" data-id=\"9a7370c\" data-element_type=\"widget\" data-widget_type=\"heading.default\">\n\t\t\t\t<div class=\"elementor-widget-container\">\n\t\t\t\t\t<h2 class=\"elementor-heading-title elementor-size-default\">Jakie ksi\u0105\u017cki drukujemy?<\/h2>\t\t\t\t<\/div>\n\t\t\t\t<\/div>\n\t\t\t\t<div class=\"elementor-element elementor-element-0f7e160 elementor-widget elementor-widget-spacer\" data-id=\"0f7e160\" data-element_type=\"widget\" data-widget_type=\"spacer.default\">\n\t\t\t\t<div class=\"elementor-widget-container\">\n\t\t\t\t\t\t\t<div class=\"elementor-spacer\">\n\t\t\t<div class=\"elementor-spacer-inner\"><\/div>\n\t\t<\/div>\n\t\t\t\t\t\t<\/div>\n\t\t\t\t<\/div>\n\t\t\t\t<div class=\"elementor-element elementor-element-f330ac5 elementor-widget elementor-widget-text-editor\" data-id=\"f330ac5\" data-element_type=\"widget\" data-widget_type=\"text-editor.default\">\n\t\t\t\t<div class=\"elementor-widget-container\">\n\t\t\t\t\t\t\t\t\t<p class=\"p1\">Zakres realizacji obejmuje <strong>softcover and hardcover books<\/strong>, publikacje literackie, edukacyjne, naukowe, firmowe i techniczne. Opr\u00f3cz standardowych wyda\u0144 przygotowujemy r\u00f3wnie\u017c bardziej dopracowane wizualnie publikacje premium, w kt\u00f3rych du\u017ce znaczenie ma odbi\u00f3r ok\u0142adki, trwa\u0142o\u015b\u0107 wyko\u0144czenia i ca\u0142o\u015bciowa estetyka egzemplarza.<\/p><p class=\"p1\">To w\u0142a\u015bnie na tym etapie du\u017ce znaczenie zyskuj\u0105 uszlachetnienia. <strong>Foliowanie matowe, b\u0142yszcz\u0105ce lub soft touch<\/strong>, a tak\u017ce wybrane rozwi\u0105zania takie jak t\u0142oczenia, hot stamping czy lakier UV wybi\u00f3rczy, mog\u0105 realnie wp\u0142yn\u0105\u0107 na to, jak ksi\u0105\u017cka prezentuje si\u0119 po odbiorze i jak jest oceniana przez czytelnika lub klienta. Dobrze dobrane wyko\u0144czenie nie tylko poprawia wygl\u0105d publikacji, ale te\u017c wzmacnia jej trwa\u0142o\u015b\u0107 przy codziennym u\u017cytkowaniu.<\/p>\t\t\t\t\t\t\t\t<\/div>\n\t\t\t\t<\/div>\n\t\t\t\t<\/div>\n\t\t\t\t<\/div>\n\t\t\t\t\t<\/div>\n\t\t\t\t<\/div>\n\t\t<div class=\"elementor-element elementor-element-b7e3d6e e-flex e-con-boxed e-con e-parent\" data-id=\"b7e3d6e\" data-element_type=\"container\" data-settings=\"{&quot;background_background&quot;:&quot;classic&quot;}\">\n\t\t\t\t\t<div class=\"e-con-inner\">\n\t\t<div class=\"elementor-element elementor-element-a6e3a8b e-con-full e-flex e-con e-child\" data-id=\"a6e3a8b\" data-element_type=\"container\" data-settings=\"{&quot;background_background&quot;:&quot;classic&quot;}\">\n\t\t<div class=\"elementor-element elementor-element-fbe44b9 e-con-full e-flex e-con e-child\" data-id=\"fbe44b9\" data-element_type=\"container\" data-settings=\"{&quot;background_background&quot;:&quot;classic&quot;}\">\n\t\t\t\t<div class=\"elementor-element elementor-element-f58790a elementor-widget elementor-widget-heading\" data-id=\"f58790a\" data-element_type=\"widget\" data-widget_type=\"heading.default\">\n\t\t\t\t<div class=\"elementor-widget-container\">\n\t\t\t\t\t<h2 class=\"elementor-heading-title elementor-size-default\">Drukujemy dla klient\u00f3w z Knurowa i okolic<\/h2>\t\t\t\t<\/div>\n\t\t\t\t<\/div>\n\t\t\t\t<div class=\"elementor-element elementor-element-3ff48ec elementor-widget elementor-widget-spacer\" data-id=\"3ff48ec\" data-element_type=\"widget\" data-widget_type=\"spacer.default\">\n\t\t\t\t<div class=\"elementor-widget-container\">\n\t\t\t\t\t\t\t<div class=\"elementor-spacer\">\n\t\t\t<div class=\"elementor-spacer-inner\"><\/div>\n\t\t<\/div>\n\t\t\t\t\t\t<\/div>\n\t\t\t\t<\/div>\n\t\t\t\t<div class=\"elementor-element elementor-element-7337b65 elementor-widget elementor-widget-text-editor\" data-id=\"7337b65\" data-element_type=\"widget\" data-widget_type=\"text-editor.default\">\n\t\t\t\t<div class=\"elementor-widget-container\">\n\t\t\t\t\t\t\t\t\t<p class=\"p1\">Obs\u0142ugujemy zam\u00f3wienia z <strong>Knurowa<\/strong> oraz pobliskich miejscowo\u015bci, realizuj\u0105c zar\u00f3wno pojedyncze projekty, jak i wsp\u00f3\u0142prac\u0119 opart\u0105 na kolejnych dodrukach lub wi\u0119kszych seriach.<\/p><p class=\"p1\">Dla jednych klient\u00f3w najwa\u017cniejsza b\u0119dzie wygoda zam\u00f3wienia online, dla innych mo\u017cliwo\u015b\u0107 skorzystania z drukarni dzia\u0142aj\u0105cej realnie na \u015al\u0105sku i zapewniaj\u0105cej bezpo\u015bredni kontakt w razie potrzeby. W obu przypadkach celem pozostaje to samo &#8211; dobrze wykonana ksi\u0105\u017cka, przygotowana w technologii dopasowanej do konkretnego projektu.<\/p><p>We also print for other nearby cities such as:<\/p><ul><li class=\"p1\"><a href=\"https:\/\/drukarnia-danpol.pl\/en\/drukarnia-ksiazek-gliwice\/\">Book printing Gliwice<\/a><\/li><li><a href=\"https:\/\/drukarnia-danpol.pl\/en\/drukarnia-ksiazek-katowice\/\">Book printing Katowice<\/a><\/li><\/ul>\t\t\t\t\t\t\t\t<\/div>\n\t\t\t\t<\/div>\n\t\t\t\t<div class=\"elementor-element elementor-element-d7b38f2 elementor-button-default elementor-widget elementor-widget-button\" data-id=\"d7b38f2\" data-element_type=\"widget\" data-widget_type=\"button.default\">\n\t\t\t\t<div class=\"elementor-widget-container\">\n\t\t\t\t\t\t\t\t\t<div class=\"elementor-button-wrapper\">\n\t\t\t\t\t<a class=\"elementor-button elementor-button-link elementor-size-sm\" href=\"https:\/\/drukarnia-danpol.pl\/en\/kontakt\/\">\n\t\t\t\t\t\t<span class=\"elementor-button-content-wrapper\">\n\t\t\t\t\t\t\t\t\t<span class=\"elementor-button-text\">Contact us \u2192<\/span>\n\t\t\t\t\t<\/span>\n\t\t\t\t\t<\/a>\n\t\t\t\t<\/div>\n\t\t\t\t\t\t\t\t<\/div>\n\t\t\t\t<\/div>\n\t\t\t\t<div class=\"elementor-element elementor-element-748b3a3 elementor-widget elementor-widget-spacer\" data-id=\"748b3a3\" data-element_type=\"widget\" data-widget_type=\"spacer.default\">\n\t\t\t\t<div class=\"elementor-widget-container\">\n\t\t\t\t\t\t\t<div class=\"elementor-spacer\">\n\t\t\t<div class=\"elementor-spacer-inner\"><\/div>\n\t\t<\/div>\n\t\t\t\t\t\t<\/div>\n\t\t\t\t<\/div>\n\t\t\t\t<div class=\"elementor-element elementor-element-2a89a7e elementor-widget elementor-widget-html\" data-id=\"2a89a7e\" data-element_type=\"widget\" data-widget_type=\"html.default\">\n\t\t\t\t<div class=\"elementor-widget-container\">\n\t\t\t\t\t<iframe src=\"https:\/\/www.google.com\/maps\/embed?pb=!1m18!1m12!1m3!1d41069.357083836694!2d18.626143173345728!3d50.20721788534869!2m3!1f0!2f0!3f0!3m2!1i1024!2i768!4f13.1!3m3!1m2!1s0x4711367cb53e9533%3A0x48dc61fc067c8690!2zS251csOzdw!5e1!3m2!1sen!2spl!4v1777548698078!5m2!1sen!2spl\" width=\"100%\" height=\"377\" style=\"border:0;\" allowfullscreen=\"\" loading=\"lazy\" referrerpolicy=\"no-referrer-when-downgrade\"><\/iframe>\t\t\t\t<\/div>\n\t\t\t\t<\/div>\n\t\t\t\t<\/div>\n\t\t\t\t<\/div>\n\t\t\t\t\t<\/div>\n\t\t\t\t<\/div>\n\t\t\t\t<\/div>","protected":false},"excerpt":{"rendered":"<p>Drukarnia ksi\u0105\u017cek Knur\u00f3w Dla wielu klient\u00f3w liczy si\u0119 dzi\u015b nie tylko sam druk ksi\u0105\u017cki, ale te\u017c to, czy ca\u0142y proces da si\u0119 przeprowadzi\u0107 sprawnie i bez zb\u0119dnych komplikacji. Przy publikacjach autorskich, firmowych czy wydawniczych wa\u017cna jest jako\u015b\u0107 wykonania, odpowiedni dob\u00f3r technologii, trwa\u0142o\u015b\u0107 oprawy oraz pewno\u015b\u0107, \u017ce gotowy nak\u0142ad b\u0119dzie zgodny z za\u0142o\u017ceniami projektu. W\u0142a\u015bnie dlatego [&hellip;]<\/p>\n","protected":false},"author":149,"featured_media":0,"parent":0,"menu_order":0,"comment_status":"closed","ping_status":"closed","template":"","meta":{"footnotes":""},"class_list":["post-11751","page","type-page","status-publish","hentry"],"_links":{"self":[{"href":"https:\/\/drukarnia-danpol.pl\/en\/wp-json\/wp\/v2\/pages\/11751","targetHints":{"allow":["GET"]}}],"collection":[{"href":"https:\/\/drukarnia-danpol.pl\/en\/wp-json\/wp\/v2\/pages"}],"about":[{"href":"https:\/\/drukarnia-danpol.pl\/en\/wp-json\/wp\/v2\/types\/page"}],"author":[{"embeddable":true,"href":"https:\/\/drukarnia-danpol.pl\/en\/wp-json\/wp\/v2\/users\/149"}],"replies":[{"embeddable":true,"href":"https:\/\/drukarnia-danpol.pl\/en\/wp-json\/wp\/v2\/comments?post=11751"}],"version-history":[{"count":4,"href":"https:\/\/drukarnia-danpol.pl\/en\/wp-json\/wp\/v2\/pages\/11751\/revisions"}],"predecessor-version":[{"id":11755,"href":"https:\/\/drukarnia-danpol.pl\/en\/wp-json\/wp\/v2\/pages\/11751\/revisions\/11755"}],"wp:attachment":[{"href":"https:\/\/drukarnia-danpol.pl\/en\/wp-json\/wp\/v2\/media?parent=11751"}],"curies":[{"name":"wp","href":"https:\/\/api.w.org\/{rel}","templated":true}]}}