{"id":11756,"date":"2026-04-30T10:33:53","date_gmt":"2026-04-30T08:33:53","guid":{"rendered":"https:\/\/drukarnia-danpol.pl\/?page_id=11756"},"modified":"2026-04-30T15:03:42","modified_gmt":"2026-04-30T13:03:42","slug":"drukarnia-ksiazek-piekary-slaskie","status":"publish","type":"page","link":"https:\/\/drukarnia-danpol.pl\/en\/drukarnia-ksiazek-piekary-slaskie\/","title":{"rendered":"Book Printing House Piekary \u015al\u0105skie"},"content":{"rendered":"<div data-elementor-type=\"wp-page\" data-elementor-id=\"11756\" class=\"elementor elementor-11756\">\n\t\t\t\t<div class=\"elementor-element elementor-element-bc3d00c e-flex e-con-boxed e-con e-parent\" data-id=\"bc3d00c\" data-element_type=\"container\">\n\t\t\t\t\t<div class=\"e-con-inner\">\n\t\t<div class=\"elementor-element elementor-element-329381f e-con-full e-flex e-con e-child\" data-id=\"329381f\" data-element_type=\"container\">\n\t\t<div class=\"elementor-element elementor-element-a68b010 e-con-full e-flex e-con e-child\" data-id=\"a68b010\" data-element_type=\"container\">\n\t\t\t\t<div class=\"elementor-element elementor-element-7715925 elementor-widget elementor-widget-spacer\" data-id=\"7715925\" data-element_type=\"widget\" data-widget_type=\"spacer.default\">\n\t\t\t\t<div class=\"elementor-widget-container\">\n\t\t\t\t\t\t\t<div class=\"elementor-spacer\">\n\t\t\t<div class=\"elementor-spacer-inner\"><\/div>\n\t\t<\/div>\n\t\t\t\t\t\t<\/div>\n\t\t\t\t<\/div>\n\t\t\t\t<div class=\"elementor-element elementor-element-582cad1 elementor-widget elementor-widget-heading\" data-id=\"582cad1\" data-element_type=\"widget\" data-widget_type=\"heading.default\">\n\t\t\t\t<div class=\"elementor-widget-container\">\n\t\t\t\t\t<h1 class=\"elementor-heading-title elementor-size-default\">Book Printing House Piekary \u015al\u0105skie<\/h1>\t\t\t\t<\/div>\n\t\t\t\t<\/div>\n\t\t\t\t<div class=\"elementor-element elementor-element-c423d3a elementor-widget elementor-widget-spacer\" data-id=\"c423d3a\" data-element_type=\"widget\" data-widget_type=\"spacer.default\">\n\t\t\t\t<div class=\"elementor-widget-container\">\n\t\t\t\t\t\t\t<div class=\"elementor-spacer\">\n\t\t\t<div class=\"elementor-spacer-inner\"><\/div>\n\t\t<\/div>\n\t\t\t\t\t\t<\/div>\n\t\t\t\t<\/div>\n\t\t\n\t\t<div class=\"elementor-element elementor-element-f78cc7e elementor-widget elementor-widget-text-editor\" data-id=\"f78cc7e\" data-element_type=\"widget\" data-widget_type=\"text-editor.default\">\n\t\t\t\t<div class=\"elementor-widget-container\">\n\t\t\t\t\t\t\t\t\t<p class=\"p1\">Wydanie ksi\u0105\u017cki to nie tylko kwestia druku, ale ca\u0142ego procesu, kt\u00f3ry wp\u0142ywa na ko\u0144cowy odbi\u00f3r publikacji. Dobrze przygotowany <strong>nak\u0142ad powinien by\u0107 sp\u00f3jny jako\u015bciowo, wygodny w u\u017cytkowaniu i dopasowany<\/strong> do tego, jak ksi\u0105\u017cka b\u0119dzie p\u00f3\u017aniej sprzedawana, przekazywana lub wykorzystywana. Dla jednych klient\u00f3w najwa\u017cniejszy jest <strong>niski nak\u0142ad i szybka realizacja<\/strong>, dla innych <strong>wi\u0119ksza seria, powtarzalno\u015b\u0107 oraz odpowiednie wyko\u0144czenie<\/strong>. W\u0142a\u015bnie dlatego warto wsp\u00f3\u0142pracowa\u0107 z drukarni\u0105, kt\u00f3ra patrzy na ksi\u0105\u017ck\u0119 szerzej ni\u017c tylko przez pryzmat samego wydruku.<\/p><p class=\"p1\"><strong>DANPOL<\/strong> to drukarnia z Zabrza, kt\u00f3ra realizuje ksi\u0105\u017cki dla klient\u00f3w z ca\u0142ego \u015al\u0105ska, r\u00f3wnie\u017c z Piekar \u015al\u0105skich. <strong>Zam\u00f3wienie mo\u017cna z\u0142o\u017cy\u0107 online<\/strong> i zleci\u0107 wysy\u0142k\u0119 gotowych egzemplarzy, ale w razie potrzeby pozostaje tak\u017ce mo\u017cliwo\u015b\u0107 kontaktu bezpo\u015bredniego i dopracowania szczeg\u00f3\u0142\u00f3w realizacji.<\/p>\t\t\t\t\t\t\t\t<\/div>\n\t\t\t\t<\/div>\n\t\t\t\t<div class=\"elementor-element elementor-element-7fd46de elementor-widget elementor-widget-spacer\" data-id=\"7fd46de\" data-element_type=\"widget\" data-widget_type=\"spacer.default\">\n\t\t\t\t<div class=\"elementor-widget-container\">\n\t\t\t\t\t\t\t<div class=\"elementor-spacer\">\n\t\t\t<div class=\"elementor-spacer-inner\"><\/div>\n\t\t<\/div>\n\t\t\t\t\t\t<\/div>\n\t\t\t\t<\/div>\n\t\t\t\t<div class=\"elementor-element elementor-element-92a6653 elementor-button-default elementor-widget elementor-widget-button\" data-id=\"92a6653\" data-element_type=\"widget\" data-widget_type=\"button.default\">\n\t\t\t\t<div class=\"elementor-widget-container\">\n\t\t\t\t\t\t\t\t\t<div class=\"elementor-button-wrapper\">\n\t\t\t\t\t<a class=\"elementor-button elementor-button-link elementor-size-sm\" href=\"https:\/\/drukarnia-danpol.pl\/en\/kontakt\/\">\n\t\t\t\t\t\t<span class=\"elementor-button-content-wrapper\">\n\t\t\t\t\t\t\t\t\t<span class=\"elementor-button-text\">Order a quote for book printing \u2192<\/span>\n\t\t\t\t\t<\/span>\n\t\t\t\t\t<\/a>\n\t\t\t\t<\/div>\n\t\t\t\t\t\t\t\t<\/div>\n\t\t\t\t<\/div>\n\t\t\t\t<\/div>\n\t\t\t\t<\/div>\n\t\t\t\t\t<\/div>\n\t\t\t\t<\/div>\n\t\t<div class=\"elementor-element elementor-element-1ecb3ec e-flex e-con-boxed e-con e-parent\" data-id=\"1ecb3ec\" data-element_type=\"container\" data-settings=\"{&quot;background_background&quot;:&quot;classic&quot;}\">\n\t\t\t\t\t<div class=\"e-con-inner\">\n\t\t<div class=\"elementor-element elementor-element-acd9361 e-con-full e-flex e-con e-child\" data-id=\"acd9361\" data-element_type=\"container\" data-settings=\"{&quot;background_background&quot;:&quot;classic&quot;}\">\n\t\t<div class=\"elementor-element elementor-element-2ae7242 e-con-full e-flex e-con e-child\" data-id=\"2ae7242\" data-element_type=\"container\" data-settings=\"{&quot;background_background&quot;:&quot;classic&quot;}\">\n\t\t\t\t<div class=\"elementor-element elementor-element-578d6d8 elementor-widget elementor-widget-heading\" data-id=\"578d6d8\" data-element_type=\"widget\" data-widget_type=\"heading.default\">\n\t\t\t\t<div class=\"elementor-widget-container\">\n\t\t\t\t\t<h2 class=\"elementor-heading-title elementor-size-default\">Drukujemy ksi\u0105\u017cki dla ma\u0142ych autor\u00f3w jak i du\u017cych wydawnictw<\/h2>\t\t\t\t<\/div>\n\t\t\t\t<\/div>\n\t\t\t\t<div class=\"elementor-element elementor-element-3d481ae elementor-widget elementor-widget-spacer\" data-id=\"3d481ae\" data-element_type=\"widget\" data-widget_type=\"spacer.default\">\n\t\t\t\t<div class=\"elementor-widget-container\">\n\t\t\t\t\t\t\t<div class=\"elementor-spacer\">\n\t\t\t<div class=\"elementor-spacer-inner\"><\/div>\n\t\t<\/div>\n\t\t\t\t\t\t<\/div>\n\t\t\t\t<\/div>\n\t\t\t\t<div class=\"elementor-element elementor-element-ae90d26 elementor-widget elementor-widget-text-editor\" data-id=\"ae90d26\" data-element_type=\"widget\" data-widget_type=\"text-editor.default\">\n\t\t\t\t<div class=\"elementor-widget-container\">\n\t\t\t\t\t\t\t\t\t<p class=\"p1\">Pracujemy z r\u00f3\u017cnymi typami publikacji, dlatego nie zamykamy ka\u017cdego projektu w jednym gotowym schemacie. Drukujemy <strong>powie\u015bci, poradniki, albumy, podr\u0119czniki, tomiki poezji, ksi\u0105\u017cki naukowe, materia\u0142y techniczne<\/strong> oraz wydania tworzone na potrzeby firm. Ka\u017cda z tych realizacji ma inn\u0105 funkcj\u0119, inny bud\u017cet i inny planowany nak\u0142ad, dlatego ju\u017c na pocz\u0105tku warto dobra\u0107 rozwi\u0105zania do celu, jaki ma spe\u0142nia\u0107 gotowa ksi\u0105\u017cka.<\/p><p class=\"p1\">For customers from <strong>Piekar \u015al\u0105skich<\/strong> oznacza to wygodniejsz\u0105 wsp\u00f3\u0142prac\u0119 i wi\u0119kszy porz\u0105dek w ca\u0142ym procesie. Zamiast szuka\u0107 przypadkowych rozwi\u0105za\u0144, mo\u017cna od razu zaplanowa\u0107 druk tak, aby publikacja by\u0142a dopasowana do sprzeda\u017cy, dystrybucji, dzia\u0142a\u0144 promocyjnych albo u\u017cytku wewn\u0119trznego. To szczeg\u00f3lnie wa\u017cne wtedy, gdy ksi\u0105\u017cka ma dobrze wygl\u0105da\u0107 nie tylko w dniu odbioru, ale r\u00f3wnie\u017c po d\u0142u\u017cszym czasie u\u017cytkowania.<\/p>\t\t\t\t\t\t\t\t<\/div>\n\t\t\t\t<\/div>\n\t\t\t\t<\/div>\n\t\t\t\t<\/div>\n\t\t\t\t\t<\/div>\n\t\t\t\t<\/div>\n\t\t<div class=\"elementor-element elementor-element-a73c612 e-flex e-con-boxed e-con e-parent\" data-id=\"a73c612\" data-element_type=\"container\">\n\t\t\t\t\t<div class=\"e-con-inner\">\n\t\t<div class=\"elementor-element elementor-element-7c35d08 e-con-full e-flex e-con e-child\" data-id=\"7c35d08\" data-element_type=\"container\">\n\t\t<div class=\"elementor-element elementor-element-05ef6ee e-con-full e-flex e-con e-child\" data-id=\"05ef6ee\" data-element_type=\"container\">\n\t\t\t\t<div class=\"elementor-element elementor-element-41534ce elementor-widget elementor-widget-heading\" data-id=\"41534ce\" data-element_type=\"widget\" data-widget_type=\"heading.default\">\n\t\t\t\t<div class=\"elementor-widget-container\">\n\t\t\t\t\t<h2 class=\"elementor-heading-title elementor-size-default\">Jak dopracowujemy ksi\u0105\u017cki przed oddaniem gotowego nak\u0142adu<\/h2>\t\t\t\t<\/div>\n\t\t\t\t<\/div>\n\t\t\t\t<div class=\"elementor-element elementor-element-4645e66 elementor-widget elementor-widget-spacer\" data-id=\"4645e66\" data-element_type=\"widget\" data-widget_type=\"spacer.default\">\n\t\t\t\t<div class=\"elementor-widget-container\">\n\t\t\t\t\t\t\t<div class=\"elementor-spacer\">\n\t\t\t<div class=\"elementor-spacer-inner\"><\/div>\n\t\t<\/div>\n\t\t\t\t\t\t<\/div>\n\t\t\t\t<\/div>\n\t\t\t\t<div class=\"elementor-element elementor-element-f76d9a3 elementor-widget elementor-widget-text-editor\" data-id=\"f76d9a3\" data-element_type=\"widget\" data-widget_type=\"text-editor.default\">\n\t\t\t\t<div class=\"elementor-widget-container\">\n\t\t\t\t\t\t\t\t\t<p class=\"p1\"><strong>O jako\u015bci ksi\u0105\u017cki nie decyduje wy\u0142\u0105cznie sam druk \u015brodka<\/strong>. Du\u017ce znaczenie ma r\u00f3wnie\u017c oprawa, wygl\u0105d ok\u0142adki i wszystkie elementy, kt\u00f3re wp\u0142ywaj\u0105 na odbi\u00f3r publikacji po wzi\u0119ciu jej do r\u0119ki. Dlatego <strong>realizujemy zar\u00f3wno standardowe wydania u\u017cytkowe, jak i bardziej dopracowane wizualnie projekty<\/strong>, w kt\u00f3rych liczy si\u0119 estetyka, trwa\u0142o\u015b\u0107 i pierwsze wra\u017cenie.<\/p><p class=\"p1\">Dobrze dobrane uszlachetnienia mog\u0105 wyra\u017anie podnie\u015b\u0107 warto\u015b\u0107 gotowego wydania. <strong>Foliowanie, t\u0142oczenia, hot stamping czy lakier UV wybi\u00f3rczy<\/strong> nie s\u0105 tylko dodatkami dekoracyjnymi. W wielu przypadkach wp\u0142ywaj\u0105 te\u017c na trwa\u0142o\u015b\u0107 ok\u0142adki i to, jak publikacja jest odbierana przez klienta, czytelnika albo partnera biznesowego. W\u0142a\u015bnie dlatego warto patrze\u0107 na ksi\u0105\u017ck\u0119 jako na ca\u0142o\u015b\u0107, a nie tylko zestaw stron do wydrukowania.<\/p>\t\t\t\t\t\t\t\t<\/div>\n\t\t\t\t<\/div>\n\t\t\t\t<\/div>\n\t\t\t\t<\/div>\n\t\t\t\t\t<\/div>\n\t\t\t\t<\/div>\n\t\t<div class=\"elementor-element elementor-element-e79536f e-flex e-con-boxed e-con e-parent\" data-id=\"e79536f\" data-element_type=\"container\" data-settings=\"{&quot;background_background&quot;:&quot;classic&quot;}\">\n\t\t\t\t\t<div class=\"e-con-inner\">\n\t\t<div class=\"elementor-element elementor-element-e601970 e-con-full e-flex e-con e-child\" data-id=\"e601970\" data-element_type=\"container\" data-settings=\"{&quot;background_background&quot;:&quot;classic&quot;}\">\n\t\t<div class=\"elementor-element elementor-element-076e172 e-con-full e-flex e-con e-child\" data-id=\"076e172\" data-element_type=\"container\" data-settings=\"{&quot;background_background&quot;:&quot;classic&quot;}\">\n\t\t\t\t<div class=\"elementor-element elementor-element-9e47aee elementor-widget elementor-widget-heading\" data-id=\"9e47aee\" data-element_type=\"widget\" data-widget_type=\"heading.default\">\n\t\t\t\t<div class=\"elementor-widget-container\">\n\t\t\t\t\t<h2 class=\"elementor-heading-title elementor-size-default\">Jak wygl\u0105da zam\u00f3wienie druku ksi\u0105\u017cki<\/h2>\t\t\t\t<\/div>\n\t\t\t\t<\/div>\n\t\t\t\t<div class=\"elementor-element elementor-element-01b5efa elementor-widget elementor-widget-spacer\" data-id=\"01b5efa\" data-element_type=\"widget\" data-widget_type=\"spacer.default\">\n\t\t\t\t<div class=\"elementor-widget-container\">\n\t\t\t\t\t\t\t<div class=\"elementor-spacer\">\n\t\t\t<div class=\"elementor-spacer-inner\"><\/div>\n\t\t<\/div>\n\t\t\t\t\t\t<\/div>\n\t\t\t\t<\/div>\n\t\t\t\t<div class=\"elementor-element elementor-element-d8ee578 elementor-widget elementor-widget-text-editor\" data-id=\"d8ee578\" data-element_type=\"widget\" data-widget_type=\"text-editor.default\">\n\t\t\t\t<div class=\"elementor-widget-container\">\n\t\t\t\t\t\t\t\t\t<ol><li>Send PDF files or design for a quote.<\/li><li>You will receive an accurate quote and completion date within 24 hours.<\/li><li>After approval, we start printing.<\/li><li>Personal collection in Zabrze or courier delivery.<\/li><\/ol>\t\t\t\t\t\t\t\t<\/div>\n\t\t\t\t<\/div>\n\t\t\t\t<div class=\"elementor-element elementor-element-c4aa49d elementor-button-default elementor-widget elementor-widget-button\" data-id=\"c4aa49d\" data-element_type=\"widget\" data-widget_type=\"button.default\">\n\t\t\t\t<div class=\"elementor-widget-container\">\n\t\t\t\t\t\t\t\t\t<div class=\"elementor-button-wrapper\">\n\t\t\t\t\t<a class=\"elementor-button elementor-button-link elementor-size-sm\" href=\"https:\/\/drukarnia-danpol.pl\/en\/kontakt\/\">\n\t\t\t\t\t\t<span class=\"elementor-button-content-wrapper\">\n\t\t\t\t\t\t\t\t\t<span class=\"elementor-button-text\">Request a quote \u2192<\/span>\n\t\t\t\t\t<\/span>\n\t\t\t\t\t<\/a>\n\t\t\t\t<\/div>\n\t\t\t\t\t\t\t\t<\/div>\n\t\t\t\t<\/div>\n\t\t\t\t<\/div>\n\t\t\t\t<\/div>\n\t\t\t\t\t<\/div>\n\t\t\t\t<\/div>\n\t\t<div class=\"elementor-element elementor-element-c43a631 e-flex e-con-boxed e-con e-parent\" data-id=\"c43a631\" data-element_type=\"container\">\n\t\t\t\t\t<div class=\"e-con-inner\">\n\t\t<div class=\"elementor-element elementor-element-3251d68 e-con-full e-flex e-con e-child\" data-id=\"3251d68\" data-element_type=\"container\">\n\t\t<div class=\"elementor-element elementor-element-17d1bc8 e-con-full e-flex e-con e-child\" data-id=\"17d1bc8\" data-element_type=\"container\">\n\t\t\t\t<div class=\"elementor-element elementor-element-2fa9d47 elementor-widget elementor-widget-heading\" data-id=\"2fa9d47\" data-element_type=\"widget\" data-widget_type=\"heading.default\">\n\t\t\t\t<div class=\"elementor-widget-container\">\n\t\t\t\t\t<h2 class=\"elementor-heading-title elementor-size-default\">Od projektu do gotowego nak\u0142adu w jednym procesie<\/h2>\t\t\t\t<\/div>\n\t\t\t\t<\/div>\n\t\t\t\t<div class=\"elementor-element elementor-element-3151475 elementor-widget elementor-widget-spacer\" data-id=\"3151475\" data-element_type=\"widget\" data-widget_type=\"spacer.default\">\n\t\t\t\t<div class=\"elementor-widget-container\">\n\t\t\t\t\t\t\t<div class=\"elementor-spacer\">\n\t\t\t<div class=\"elementor-spacer-inner\"><\/div>\n\t\t<\/div>\n\t\t\t\t\t\t<\/div>\n\t\t\t\t<\/div>\n\t\t\t\t<div class=\"elementor-element elementor-element-408be76 elementor-widget elementor-widget-text-editor\" data-id=\"408be76\" data-element_type=\"widget\" data-widget_type=\"text-editor.default\">\n\t\t\t\t<div class=\"elementor-widget-container\">\n\t\t\t\t\t\t\t\t\t<p class=\"p1\">Dobra realizacja zaczyna si\u0119 wcze\u015bniej ni\u017c na etapie uruchomienia produkcji. Najpierw trzeba uporz\u0105dkowa\u0107 parametry ksi\u0105\u017cki, sprawdzi\u0107 materia\u0142y, dopasowa\u0107 technologi\u0119 i zdecydowa\u0107, jakie wyko\u0144czenie najlepiej sprawdzi si\u0119 w danym przypadku. Dopiero potem druk staje si\u0119 logicznym etapem wi\u0119kszego procesu, kt\u00f3ry prowadzi do gotowej publikacji.<\/p><p class=\"p1\">That&#039;s why <strong>zapewniamy pe\u0142n\u0105 obs\u0142ug\u0119<\/strong> obejmuj\u0105c\u0105 przygotowanie plik\u00f3w, produkcj\u0119, wyko\u0144czenie, pakowanie i wysy\u0142k\u0119. Klienci z <strong>Piekar \u015al\u0105skich<\/strong> mog\u0105 dzi\u0119ki temu przeprowadzi\u0107 ca\u0142e zam\u00f3wienie w jednym miejscu, bez potrzeby dzielenia projektu mi\u0119dzy kilka firm. To daje wi\u0119ksz\u0105 kontrol\u0119 nad jako\u015bci\u0105 i upraszcza organizacj\u0119 ca\u0142ej realizacji.<\/p><h3><span class=\"s1\"><b>Jakie publikacje realizujemy najcz\u0119\u015bciej:<\/b><\/span><\/h3><ul><li>Paperback and hardcover books<\/li><li>Novels, prose, poetry<\/li><li>Scientific and technical books<\/li><li>Premium albums and publications<\/li><li>Prints for publishers and individual authors<\/li><\/ul><h3><span class=\"s1\"><b>Wyko\u0144czenie ksi\u0105\u017cek i druk\u00f3w:<\/b><\/span><\/h3><ul><li>Matte \/ glossy \/ soft touch lamination<\/li><li>Hot stamping (gold\/silver)<\/li><li>Embossing and selective UV varnish<\/li><\/ul>\t\t\t\t\t\t\t\t<\/div>\n\t\t\t\t<\/div>\n\t\t\t\t<\/div>\n\t\t\t\t<\/div>\n\t\t\t\t\t<\/div>\n\t\t\t\t<\/div>\n\t\t<div class=\"elementor-element elementor-element-81e0009 e-flex e-con-boxed e-con e-parent\" data-id=\"81e0009\" data-element_type=\"container\" data-settings=\"{&quot;background_background&quot;:&quot;classic&quot;}\">\n\t\t\t\t\t<div class=\"e-con-inner\">\n\t\t<div class=\"elementor-element elementor-element-d9fdb61 e-con-full e-flex e-con e-child\" data-id=\"d9fdb61\" data-element_type=\"container\" data-settings=\"{&quot;background_background&quot;:&quot;classic&quot;}\">\n\t\t<div class=\"elementor-element elementor-element-976eeaa e-con-full e-flex e-con e-child\" data-id=\"976eeaa\" data-element_type=\"container\" data-settings=\"{&quot;background_background&quot;:&quot;classic&quot;}\">\n\t\t\t\t<div class=\"elementor-element elementor-element-c203ab8 elementor-widget elementor-widget-heading\" data-id=\"c203ab8\" data-element_type=\"widget\" data-widget_type=\"heading.default\">\n\t\t\t\t<div class=\"elementor-widget-container\">\n\t\t\t\t\t<h2 class=\"elementor-heading-title elementor-size-default\">Drukarnia ksi\u0105\u017cek dla klient\u00f3w z Piekar \u015al\u0105skich i okolic<\/h2>\t\t\t\t<\/div>\n\t\t\t\t<\/div>\n\t\t\t\t<div class=\"elementor-element elementor-element-d913d97 elementor-widget elementor-widget-spacer\" data-id=\"d913d97\" data-element_type=\"widget\" data-widget_type=\"spacer.default\">\n\t\t\t\t<div class=\"elementor-widget-container\">\n\t\t\t\t\t\t\t<div class=\"elementor-spacer\">\n\t\t\t<div class=\"elementor-spacer-inner\"><\/div>\n\t\t<\/div>\n\t\t\t\t\t\t<\/div>\n\t\t\t\t<\/div>\n\t\t\t\t<div class=\"elementor-element elementor-element-0ab858b elementor-widget elementor-widget-text-editor\" data-id=\"0ab858b\" data-element_type=\"widget\" data-widget_type=\"text-editor.default\">\n\t\t\t\t<div class=\"elementor-widget-container\">\n\t\t\t\t\t\t\t\t\t<p class=\"p1\"><strong>Obs\u0142ugujemy zam\u00f3wienia z Piekar \u015al\u0105skich<\/strong> oraz pobliskich miejscowo\u015bci, realizuj\u0105c zar\u00f3wno pojedyncze projekty, jak i wi\u0119ksze, regularne nak\u0142ady. Dla cz\u0119\u015bci klient\u00f3w najwa\u017cniejsza b\u0119dzie <strong>wygoda zam\u00f3wienia przez internet<\/strong>, dla innych znaczenie ma blisko\u015b\u0107 drukarni i <strong>mo\u017cliwo\u015b\u0107 szybkiego kontaktu<\/strong> w razie potrzeby. W obu przypadkach celem pozostaje to samo: dobrze wykonana ksi\u0105\u017cka, przygotowana w technologii dopasowanej do jej przeznaczenia.<\/p><p class=\"p1\">Je\u017celi zale\u017cy Ci na wsp\u00f3\u0142pracy z drukarni\u0105, kt\u00f3ra \u0142\u0105czy do\u015bwiadczenie, sensownie pouk\u0142adany proces i mo\u017cliwo\u015b\u0107 zam\u00f3wienia online, <strong>DANPOL<\/strong> b\u0119dzie dobrym wyborem tak\u017ce dla realizacji prowadzonych z <strong>Piekar \u015al\u0105skich.<\/strong><\/p><p>We also print for other nearby cities such as:<\/p><ul><li class=\"p1\"><a href=\"https:\/\/drukarnia-danpol.pl\/en\/drukarnia-ksiazek-gliwice\/\">Book printing Gliwice<\/a><\/li><li><a href=\"https:\/\/drukarnia-danpol.pl\/en\/drukarnia-ksiazek-katowice\/\">Book printing Katowice<\/a><\/li><\/ul>\t\t\t\t\t\t\t\t<\/div>\n\t\t\t\t<\/div>\n\t\t\t\t<div class=\"elementor-element elementor-element-6d432da elementor-button-default elementor-widget elementor-widget-button\" data-id=\"6d432da\" data-element_type=\"widget\" data-widget_type=\"button.default\">\n\t\t\t\t<div class=\"elementor-widget-container\">\n\t\t\t\t\t\t\t\t\t<div class=\"elementor-button-wrapper\">\n\t\t\t\t\t<a class=\"elementor-button elementor-button-link elementor-size-sm\" href=\"https:\/\/drukarnia-danpol.pl\/en\/kontakt\/\">\n\t\t\t\t\t\t<span class=\"elementor-button-content-wrapper\">\n\t\t\t\t\t\t\t\t\t<span class=\"elementor-button-text\">Contact us \u2192<\/span>\n\t\t\t\t\t<\/span>\n\t\t\t\t\t<\/a>\n\t\t\t\t<\/div>\n\t\t\t\t\t\t\t\t<\/div>\n\t\t\t\t<\/div>\n\t\t\t\t<div class=\"elementor-element elementor-element-3f5df39 elementor-widget elementor-widget-spacer\" data-id=\"3f5df39\" data-element_type=\"widget\" data-widget_type=\"spacer.default\">\n\t\t\t\t<div class=\"elementor-widget-container\">\n\t\t\t\t\t\t\t<div class=\"elementor-spacer\">\n\t\t\t<div class=\"elementor-spacer-inner\"><\/div>\n\t\t<\/div>\n\t\t\t\t\t\t<\/div>\n\t\t\t\t<\/div>\n\t\t\t\t<div class=\"elementor-element elementor-element-823f8a0 elementor-widget elementor-widget-html\" data-id=\"823f8a0\" data-element_type=\"widget\" data-widget_type=\"html.default\">\n\t\t\t\t<div class=\"elementor-widget-container\">\n\t\t\t\t\t<iframe src=\"https:\/\/www.google.com\/maps\/embed?pb=!1m18!1m12!1m3!1d81848.21397719938!2d18.895437087029663!3d50.37580002254283!2m3!1f0!2f0!3f0!3m2!1i1024!2i768!4f13.1!3m3!1m2!1s0x4716d483074c27ab%3A0xd2a7eac9adfe9e31!2zUGlla2FyeSDFmmzEhXNraWU!5e1!3m2!1sen!2spl!4v1777552262480!5m2!1sen!2spl\" width=\"100%\" height=\"377\" style=\"border:0;\" allowfullscreen=\"\" loading=\"lazy\" referrerpolicy=\"no-referrer-when-downgrade\"><\/iframe>\t\t\t\t<\/div>\n\t\t\t\t<\/div>\n\t\t\t\t<\/div>\n\t\t\t\t<\/div>\n\t\t\t\t\t<\/div>\n\t\t\t\t<\/div>\n\t\t\t\t<\/div>","protected":false},"excerpt":{"rendered":"<p>Drukarnia ksi\u0105\u017cek Piekary \u015al\u0105skie Wydanie ksi\u0105\u017cki to nie tylko kwestia druku, ale ca\u0142ego procesu, kt\u00f3ry wp\u0142ywa na ko\u0144cowy odbi\u00f3r publikacji. Dobrze przygotowany nak\u0142ad powinien by\u0107 sp\u00f3jny jako\u015bciowo, wygodny w u\u017cytkowaniu i dopasowany do tego, jak ksi\u0105\u017cka b\u0119dzie p\u00f3\u017aniej sprzedawana, przekazywana lub wykorzystywana. Dla jednych klient\u00f3w najwa\u017cniejszy jest niski nak\u0142ad i szybka realizacja, dla innych wi\u0119ksza [&hellip;]<\/p>\n","protected":false},"author":149,"featured_media":0,"parent":0,"menu_order":0,"comment_status":"closed","ping_status":"closed","template":"","meta":{"footnotes":""},"class_list":["post-11756","page","type-page","status-publish","hentry"],"_links":{"self":[{"href":"https:\/\/drukarnia-danpol.pl\/en\/wp-json\/wp\/v2\/pages\/11756","targetHints":{"allow":["GET"]}}],"collection":[{"href":"https:\/\/drukarnia-danpol.pl\/en\/wp-json\/wp\/v2\/pages"}],"about":[{"href":"https:\/\/drukarnia-danpol.pl\/en\/wp-json\/wp\/v2\/types\/page"}],"author":[{"embeddable":true,"href":"https:\/\/drukarnia-danpol.pl\/en\/wp-json\/wp\/v2\/users\/149"}],"replies":[{"embeddable":true,"href":"https:\/\/drukarnia-danpol.pl\/en\/wp-json\/wp\/v2\/comments?post=11756"}],"version-history":[{"count":4,"href":"https:\/\/drukarnia-danpol.pl\/en\/wp-json\/wp\/v2\/pages\/11756\/revisions"}],"predecessor-version":[{"id":11760,"href":"https:\/\/drukarnia-danpol.pl\/en\/wp-json\/wp\/v2\/pages\/11756\/revisions\/11760"}],"wp:attachment":[{"href":"https:\/\/drukarnia-danpol.pl\/en\/wp-json\/wp\/v2\/media?parent=11756"}],"curies":[{"name":"wp","href":"https:\/\/api.w.org\/{rel}","templated":true}]}}