{"id":11761,"date":"2026-04-30T11:45:11","date_gmt":"2026-04-30T09:45:11","guid":{"rendered":"https:\/\/drukarnia-danpol.pl\/?page_id=11761"},"modified":"2026-05-01T11:46:44","modified_gmt":"2026-05-01T09:46:44","slug":"drukarnia-ksiazek-siemianowice-slaskie","status":"publish","type":"page","link":"https:\/\/drukarnia-danpol.pl\/en\/drukarnia-ksiazek-siemianowice-slaskie\/","title":{"rendered":"Book Printing House Siemianowice \u015al\u0105skie"},"content":{"rendered":"<div data-elementor-type=\"wp-page\" data-elementor-id=\"11761\" class=\"elementor elementor-11761\">\n\t\t\t\t<div class=\"elementor-element elementor-element-b70a2ac e-flex e-con-boxed e-con e-parent\" data-id=\"b70a2ac\" data-element_type=\"container\">\n\t\t\t\t\t<div class=\"e-con-inner\">\n\t\t<div class=\"elementor-element elementor-element-c2bfeb2 e-con-full e-flex e-con e-child\" data-id=\"c2bfeb2\" data-element_type=\"container\">\n\t\t<div class=\"elementor-element elementor-element-c340858 e-con-full e-flex e-con e-child\" data-id=\"c340858\" data-element_type=\"container\">\n\t\t\t\t<div class=\"elementor-element elementor-element-98f7808 elementor-widget elementor-widget-spacer\" data-id=\"98f7808\" data-element_type=\"widget\" data-widget_type=\"spacer.default\">\n\t\t\t\t<div class=\"elementor-widget-container\">\n\t\t\t\t\t\t\t<div class=\"elementor-spacer\">\n\t\t\t<div class=\"elementor-spacer-inner\"><\/div>\n\t\t<\/div>\n\t\t\t\t\t\t<\/div>\n\t\t\t\t<\/div>\n\t\t\t\t<div class=\"elementor-element elementor-element-0d358d8 elementor-widget elementor-widget-heading\" data-id=\"0d358d8\" data-element_type=\"widget\" data-widget_type=\"heading.default\">\n\t\t\t\t<div class=\"elementor-widget-container\">\n\t\t\t\t\t<h1 class=\"elementor-heading-title elementor-size-default\">Book Printing House Siemianowice \u015al\u0105skie<\/h1>\t\t\t\t<\/div>\n\t\t\t\t<\/div>\n\t\t\t\t<div class=\"elementor-element elementor-element-2b13552 elementor-widget elementor-widget-spacer\" data-id=\"2b13552\" data-element_type=\"widget\" data-widget_type=\"spacer.default\">\n\t\t\t\t<div class=\"elementor-widget-container\">\n\t\t\t\t\t\t\t<div class=\"elementor-spacer\">\n\t\t\t<div class=\"elementor-spacer-inner\"><\/div>\n\t\t<\/div>\n\t\t\t\t\t\t<\/div>\n\t\t\t\t<\/div>\n\t\t\n\t\t<div class=\"elementor-element elementor-element-e0a7147 elementor-widget elementor-widget-text-editor\" data-id=\"e0a7147\" data-element_type=\"widget\" data-widget_type=\"text-editor.default\">\n\t\t\t\t<div class=\"elementor-widget-container\">\n\t\t\t\t\t\t\t\t\t<p class=\"p1\">S\u0105 ksi\u0105\u017cki, kt\u00f3re maj\u0105 po prostu zosta\u0107 wydrukowane, i s\u0105 takie, kt\u00f3re od pocz\u0105tku wymagaj\u0105 przemy\u015blanej realizacji. R\u00f3\u017cnica najcz\u0119\u015bciej wychodzi dopiero na ko\u0144cu &#8211; w jako\u015bci oprawy, wygodzie czytania, wygl\u0105dzie ok\u0142adki i tym, czy ca\u0142y nak\u0142ad trzyma r\u00f3wny poziom. Dlatego <strong>przy wyborze drukarni nie warto patrze\u0107 wy\u0142\u0105cznie na sam\u0105 cen\u0119<\/strong> albo lokalizacj\u0119. Znacznie wa\u017cniejsze jest to, czy projekt zostanie dobrze poprowadzony od strony technicznej i organizacyjnej.<\/p><p class=\"p1\"><strong>DANPOL<\/strong> to drukarnia z Zabrza, kt\u00f3ra realizuje ksi\u0105\u017cki dla klient\u00f3w z ca\u0142ego \u015al\u0105ska, tak\u017ce z <strong>Siemianowic \u015al\u0105skich<\/strong>. Wsp\u00f3\u0142pracujemy zar\u00f3wno z autorami przygotowuj\u0105cymi w\u0142asne publikacje, jak i z firmami, wydawnictwami czy instytucjami zamawiaj\u0105cymi wi\u0119ksze serie. <strong>Ca\u0142y proces mo\u017cna przeprowadzi\u0107 online, z wysy\u0142k\u0105 gotowego nak\u0142adu<\/strong>, ale w razie potrzeby pozostaje te\u017c mo\u017cliwo\u015b\u0107 bezpo\u015bredniego kontaktu i ustalenia szczeg\u00f3\u0142\u00f3w realizacji.<\/p>\t\t\t\t\t\t\t\t<\/div>\n\t\t\t\t<\/div>\n\t\t\t\t<div class=\"elementor-element elementor-element-e49ff4c elementor-widget elementor-widget-spacer\" data-id=\"e49ff4c\" data-element_type=\"widget\" data-widget_type=\"spacer.default\">\n\t\t\t\t<div class=\"elementor-widget-container\">\n\t\t\t\t\t\t\t<div class=\"elementor-spacer\">\n\t\t\t<div class=\"elementor-spacer-inner\"><\/div>\n\t\t<\/div>\n\t\t\t\t\t\t<\/div>\n\t\t\t\t<\/div>\n\t\t\t\t<div class=\"elementor-element elementor-element-c1ec6a3 elementor-button-default elementor-widget elementor-widget-button\" data-id=\"c1ec6a3\" data-element_type=\"widget\" data-widget_type=\"button.default\">\n\t\t\t\t<div class=\"elementor-widget-container\">\n\t\t\t\t\t\t\t\t\t<div class=\"elementor-button-wrapper\">\n\t\t\t\t\t<a class=\"elementor-button elementor-button-link elementor-size-sm\" href=\"https:\/\/drukarnia-danpol.pl\/en\/kontakt\/\">\n\t\t\t\t\t\t<span class=\"elementor-button-content-wrapper\">\n\t\t\t\t\t\t\t\t\t<span class=\"elementor-button-text\">Order a quote for book printing \u2192<\/span>\n\t\t\t\t\t<\/span>\n\t\t\t\t\t<\/a>\n\t\t\t\t<\/div>\n\t\t\t\t\t\t\t\t<\/div>\n\t\t\t\t<\/div>\n\t\t\t\t<\/div>\n\t\t\t\t<\/div>\n\t\t\t\t\t<\/div>\n\t\t\t\t<\/div>\n\t\t<div class=\"elementor-element elementor-element-61e0f52 e-flex e-con-boxed e-con e-parent\" data-id=\"61e0f52\" data-element_type=\"container\" data-settings=\"{&quot;background_background&quot;:&quot;classic&quot;}\">\n\t\t\t\t\t<div class=\"e-con-inner\">\n\t\t<div class=\"elementor-element elementor-element-6808c7e e-con-full e-flex e-con e-child\" data-id=\"6808c7e\" data-element_type=\"container\" data-settings=\"{&quot;background_background&quot;:&quot;classic&quot;}\">\n\t\t<div class=\"elementor-element elementor-element-76e6df8 e-con-full e-flex e-con e-child\" data-id=\"76e6df8\" data-element_type=\"container\" data-settings=\"{&quot;background_background&quot;:&quot;classic&quot;}\">\n\t\t\t\t<div class=\"elementor-element elementor-element-3bdfae7 elementor-widget elementor-widget-heading\" data-id=\"3bdfae7\" data-element_type=\"widget\" data-widget_type=\"heading.default\">\n\t\t\t\t<div class=\"elementor-widget-container\">\n\t\t\t\t\t<h2 class=\"elementor-heading-title elementor-size-default\">Profesjonalny druk ksi\u0105\u017cek dla autor\u00f3w, wydawnictw i firm<\/h2>\t\t\t\t<\/div>\n\t\t\t\t<\/div>\n\t\t\t\t<div class=\"elementor-element elementor-element-8465009 elementor-widget elementor-widget-spacer\" data-id=\"8465009\" data-element_type=\"widget\" data-widget_type=\"spacer.default\">\n\t\t\t\t<div class=\"elementor-widget-container\">\n\t\t\t\t\t\t\t<div class=\"elementor-spacer\">\n\t\t\t<div class=\"elementor-spacer-inner\"><\/div>\n\t\t<\/div>\n\t\t\t\t\t\t<\/div>\n\t\t\t\t<\/div>\n\t\t\t\t<div class=\"elementor-element elementor-element-02078ae elementor-widget elementor-widget-text-editor\" data-id=\"02078ae\" data-element_type=\"widget\" data-widget_type=\"text-editor.default\">\n\t\t\t\t<div class=\"elementor-widget-container\">\n\t\t\t\t\t\t\t\t\t<p class=\"p1\">Ka\u017cda publikacja ma w\u0142asny cel, dlatego inaczej pracuje si\u0119 nad ksi\u0105\u017ck\u0105 przeznaczon\u0105 do sprzeda\u017cy, inaczej nad wydaniem firmowym, a jeszcze inaczej nad kr\u00f3tk\u0105 seri\u0105 autorsk\u0105. Realizujemy <strong>powie\u015bci, poradniki, podr\u0119czniki<\/strong>, tomiki poezji, albumy, publikacje techniczne, ksi\u0105\u017cki naukowe i materia\u0142y szkoleniowe. To szeroki zakres projekt\u00f3w, ale \u0142\u0105czy je jedno &#8211; ka\u017cdy wymaga dobrze dobranej technologii, odpowiedniego papieru i rozs\u0105dnie zaplanowanego wyko\u0144czenia.<\/p><p class=\"p1\">For customers from <strong>Siemianowic \u015al\u0105skich<\/strong> wa\u017cne jest zwykle to, \u017ceby druk ksi\u0105\u017cki nie oznacza\u0142 konieczno\u015bci szukania osobno kilku wykonawc\u00f3w. W praktyce liczy si\u0119 mo\u017cliwo\u015b\u0107 zlecenia ca\u0142o\u015bci w jednym miejscu i uzyskania efektu, kt\u00f3ry b\u0119dzie dopasowany nie tylko do bud\u017cetu, ale te\u017c do charakteru publikacji.<\/p>\t\t\t\t\t\t\t\t<\/div>\n\t\t\t\t<\/div>\n\t\t\t\t<\/div>\n\t\t\t\t<\/div>\n\t\t\t\t\t<\/div>\n\t\t\t\t<\/div>\n\t\t<div class=\"elementor-element elementor-element-34bd0e4 e-flex e-con-boxed e-con e-parent\" data-id=\"34bd0e4\" data-element_type=\"container\">\n\t\t\t\t\t<div class=\"e-con-inner\">\n\t\t<div class=\"elementor-element elementor-element-d290a1d e-con-full e-flex e-con e-child\" data-id=\"d290a1d\" data-element_type=\"container\">\n\t\t<div class=\"elementor-element elementor-element-0cd0e27 e-con-full e-flex e-con e-child\" data-id=\"0cd0e27\" data-element_type=\"container\">\n\t\t\t\t<div class=\"elementor-element elementor-element-6a3f539 elementor-widget elementor-widget-heading\" data-id=\"6a3f539\" data-element_type=\"widget\" data-widget_type=\"heading.default\">\n\t\t\t\t<div class=\"elementor-widget-container\">\n\t\t\t\t\t<h2 class=\"elementor-heading-title elementor-size-default\">Kompleksowy druk ksi\u0105\u017cek z przygotowaniem, produkcj\u0105 i wysy\u0142k\u0105<\/h2>\t\t\t\t<\/div>\n\t\t\t\t<\/div>\n\t\t\t\t<div class=\"elementor-element elementor-element-9d4ab95 elementor-widget elementor-widget-spacer\" data-id=\"9d4ab95\" data-element_type=\"widget\" data-widget_type=\"spacer.default\">\n\t\t\t\t<div class=\"elementor-widget-container\">\n\t\t\t\t\t\t\t<div class=\"elementor-spacer\">\n\t\t\t<div class=\"elementor-spacer-inner\"><\/div>\n\t\t<\/div>\n\t\t\t\t\t\t<\/div>\n\t\t\t\t<\/div>\n\t\t\t\t<div class=\"elementor-element elementor-element-6d9c835 elementor-widget elementor-widget-text-editor\" data-id=\"6d9c835\" data-element_type=\"widget\" data-widget_type=\"text-editor.default\">\n\t\t\t\t<div class=\"elementor-widget-container\">\n\t\t\t\t\t\t\t\t\t<p class=\"p1\">Dobrze wykonana publikacja nie jest efektem jednego etapu, tylko ca\u0142ego ci\u0105gu dzia\u0142a\u0144, kt\u00f3re musz\u0105 do siebie pasowa\u0107. <strong>Najpierw trzeba sprawdzi\u0107 materia\u0142y, ustali\u0107 parametry techniczne, dobra\u0107 spos\u00f3b druku i zaplanowa\u0107 wyko\u0144czenie<\/strong>. Dopiero wtedy mo\u017cna przej\u015b\u0107 do produkcji z wi\u0119ksz\u0105 pewno\u015bci\u0105, \u017ce finalny nak\u0142ad b\u0119dzie sp\u00f3jny i zgodny z oczekiwaniami.<\/p><p class=\"p1\"><strong>Zapewniamy obs\u0142ug\u0119 obejmuj\u0105c\u0105 przygotowanie plik\u00f3w, druk, wyko\u0144czenie, pakowanie i wysy\u0142k\u0119 gotowych egzemplarzy<\/strong>. Dzi\u0119ki temu klienci z Siemianowic \u015al\u0105skich mog\u0105 zam\u00f3wi\u0107 ca\u0142o\u015b\u0107 w jednym miejscu, bez dzielenia procesu mi\u0119dzy kilka firm. To wygodniejsze, bardziej przewidywalne i bezpieczniejsze z punktu widzenia jako\u015bci ca\u0142ej realizacji.<\/p><h3><span class=\"s1\"><b>We most often print:<\/b><\/span><\/h3><ul><li>Paperback and hardcover books<\/li><li>Novels, prose, poetry<\/li><li>Scientific and technical books<\/li><li>Premium albums and publications<\/li><li>Prints for publishers and individual authors<\/li><\/ul><h3><span class=\"s1\"><b>Mo\u017cliwe opcje wyko\u0144czenia ksi\u0105\u017cek i druk\u00f3w:<\/b><\/span><\/h3><ul><li>Matte \/ glossy \/ soft touch lamination<\/li><li>Hot stamping (gold\/silver)<\/li><li>Embossing and selective UV varnish<\/li><\/ul>\t\t\t\t\t\t\t\t<\/div>\n\t\t\t\t<\/div>\n\t\t\t\t<\/div>\n\t\t\t\t<\/div>\n\t\t\t\t\t<\/div>\n\t\t\t\t<\/div>\n\t\t<div class=\"elementor-element elementor-element-2863e40 e-flex e-con-boxed e-con e-parent\" data-id=\"2863e40\" data-element_type=\"container\" data-settings=\"{&quot;background_background&quot;:&quot;classic&quot;}\">\n\t\t\t\t\t<div class=\"e-con-inner\">\n\t\t<div class=\"elementor-element elementor-element-79d9386 e-con-full e-flex e-con e-child\" data-id=\"79d9386\" data-element_type=\"container\" data-settings=\"{&quot;background_background&quot;:&quot;classic&quot;}\">\n\t\t<div class=\"elementor-element elementor-element-bd0eda2 e-con-full e-flex e-con e-child\" data-id=\"bd0eda2\" data-element_type=\"container\" data-settings=\"{&quot;background_background&quot;:&quot;classic&quot;}\">\n\t\t\t\t<div class=\"elementor-element elementor-element-93b8dfd elementor-widget elementor-widget-heading\" data-id=\"93b8dfd\" data-element_type=\"widget\" data-widget_type=\"heading.default\">\n\t\t\t\t<div class=\"elementor-widget-container\">\n\t\t\t\t\t<h2 class=\"elementor-heading-title elementor-size-default\">Jak zam\u00f3wi\u0107 druk ksi\u0105\u017cki?<\/h2>\t\t\t\t<\/div>\n\t\t\t\t<\/div>\n\t\t\t\t<div class=\"elementor-element elementor-element-06b12e5 elementor-widget elementor-widget-spacer\" data-id=\"06b12e5\" data-element_type=\"widget\" data-widget_type=\"spacer.default\">\n\t\t\t\t<div class=\"elementor-widget-container\">\n\t\t\t\t\t\t\t<div class=\"elementor-spacer\">\n\t\t\t<div class=\"elementor-spacer-inner\"><\/div>\n\t\t<\/div>\n\t\t\t\t\t\t<\/div>\n\t\t\t\t<\/div>\n\t\t\t\t<div class=\"elementor-element elementor-element-57e9332 elementor-widget elementor-widget-text-editor\" data-id=\"57e9332\" data-element_type=\"widget\" data-widget_type=\"text-editor.default\">\n\t\t\t\t<div class=\"elementor-widget-container\">\n\t\t\t\t\t\t\t\t\t<ol><li>Send PDF files or design for a quote.<\/li><li>You will receive an accurate quote and completion date within 24 hours.<\/li><li>After approval, we start printing.<\/li><li>Personal collection in Zabrze or courier delivery.<\/li><\/ol>\t\t\t\t\t\t\t\t<\/div>\n\t\t\t\t<\/div>\n\t\t\t\t<div class=\"elementor-element elementor-element-a084360 elementor-button-default elementor-widget elementor-widget-button\" data-id=\"a084360\" data-element_type=\"widget\" data-widget_type=\"button.default\">\n\t\t\t\t<div class=\"elementor-widget-container\">\n\t\t\t\t\t\t\t\t\t<div class=\"elementor-button-wrapper\">\n\t\t\t\t\t<a class=\"elementor-button elementor-button-link elementor-size-sm\" href=\"https:\/\/drukarnia-danpol.pl\/en\/kontakt\/\">\n\t\t\t\t\t\t<span class=\"elementor-button-content-wrapper\">\n\t\t\t\t\t\t\t\t\t<span class=\"elementor-button-text\">Request a quote \u2192<\/span>\n\t\t\t\t\t<\/span>\n\t\t\t\t\t<\/a>\n\t\t\t\t<\/div>\n\t\t\t\t\t\t\t\t<\/div>\n\t\t\t\t<\/div>\n\t\t\t\t<\/div>\n\t\t\t\t<\/div>\n\t\t\t\t\t<\/div>\n\t\t\t\t<\/div>\n\t\t<div class=\"elementor-element elementor-element-eed4e48 e-flex e-con-boxed e-con e-parent\" data-id=\"eed4e48\" data-element_type=\"container\">\n\t\t\t\t\t<div class=\"e-con-inner\">\n\t\t<div class=\"elementor-element elementor-element-9e6bb3f e-con-full e-flex e-con e-child\" data-id=\"9e6bb3f\" data-element_type=\"container\">\n\t\t<div class=\"elementor-element elementor-element-968e592 e-con-full e-flex e-con e-child\" data-id=\"968e592\" data-element_type=\"container\">\n\t\t\t\t<div class=\"elementor-element elementor-element-0ffca94 elementor-widget elementor-widget-heading\" data-id=\"0ffca94\" data-element_type=\"widget\" data-widget_type=\"heading.default\">\n\t\t\t\t<div class=\"elementor-widget-container\">\n\t\t\t\t\t<h2 class=\"elementor-heading-title elementor-size-default\">Co wp\u0142ywa na odbi\u00f3r gotowej ksi\u0105\u017cki opr\u00f3cz samego druku<\/h2>\t\t\t\t<\/div>\n\t\t\t\t<\/div>\n\t\t\t\t<div class=\"elementor-element elementor-element-c4e152f elementor-widget elementor-widget-spacer\" data-id=\"c4e152f\" data-element_type=\"widget\" data-widget_type=\"spacer.default\">\n\t\t\t\t<div class=\"elementor-widget-container\">\n\t\t\t\t\t\t\t<div class=\"elementor-spacer\">\n\t\t\t<div class=\"elementor-spacer-inner\"><\/div>\n\t\t<\/div>\n\t\t\t\t\t\t<\/div>\n\t\t\t\t<\/div>\n\t\t\t\t<div class=\"elementor-element elementor-element-184954f elementor-widget elementor-widget-text-editor\" data-id=\"184954f\" data-element_type=\"widget\" data-widget_type=\"text-editor.default\">\n\t\t\t\t<div class=\"elementor-widget-container\">\n\t\t\t\t\t\t\t\t\t<p class=\"p1\">Czytelnik albo klient ko\u0144cowy nie ocenia ksi\u0105\u017cki wy\u0142\u0105cznie po tre\u015bci. Ogromne znaczenie ma te\u017c to, jak publikacja prezentuje si\u0119 wizualnie, jak le\u017cy w d\u0142oni, czy ok\u0142adka wygl\u0105da solidnie i czy ca\u0142y egzemplarz sprawia wra\u017cenie dopracowanego. W\u0142a\u015bnie dlatego tak du\u017ce znaczenie maj\u0105 elementy, kt\u00f3re na pierwszy rzut oka bywaj\u0105 traktowane jako dodatki. <strong>Foliowanie, t\u0142oczenia, hot stamping czy lakier UV wybi\u00f3rczy<\/strong> potrafi\u0105 mocno wp\u0142yn\u0105\u0107 na odbi\u00f3r gotowego wydania. Dobrze dobrane wyko\u0144czenie zwi\u0119ksza nie tylko estetyk\u0119, ale cz\u0119sto tak\u017ce trwa\u0142o\u015b\u0107 publikacji. To szczeg\u00f3lnie wa\u017cne przy ksi\u0105\u017ckach sprzedawanych, prezentacyjnych i firmowych, gdzie pierwsze wra\u017cenie ma realne znaczenie.<\/p>\t\t\t\t\t\t\t\t<\/div>\n\t\t\t\t<\/div>\n\t\t\t\t<\/div>\n\t\t\t\t<\/div>\n\t\t\t\t\t<\/div>\n\t\t\t\t<\/div>\n\t\t<div class=\"elementor-element elementor-element-9190521 e-flex e-con-boxed e-con e-parent\" data-id=\"9190521\" data-element_type=\"container\" data-settings=\"{&quot;background_background&quot;:&quot;classic&quot;}\">\n\t\t\t\t\t<div class=\"e-con-inner\">\n\t\t<div class=\"elementor-element elementor-element-fc5004b e-con-full e-flex e-con e-child\" data-id=\"fc5004b\" data-element_type=\"container\" data-settings=\"{&quot;background_background&quot;:&quot;classic&quot;}\">\n\t\t<div class=\"elementor-element elementor-element-554178d e-con-full e-flex e-con e-child\" data-id=\"554178d\" data-element_type=\"container\" data-settings=\"{&quot;background_background&quot;:&quot;classic&quot;}\">\n\t\t\t\t<div class=\"elementor-element elementor-element-5f83433 elementor-widget elementor-widget-heading\" data-id=\"5f83433\" data-element_type=\"widget\" data-widget_type=\"heading.default\">\n\t\t\t\t<div class=\"elementor-widget-container\">\n\t\t\t\t\t<h2 class=\"elementor-heading-title elementor-size-default\">Drukarnia ksi\u0105\u017cek dla klient\u00f3w z Siemianowic \u015al\u0105skich i okolic<\/h2>\t\t\t\t<\/div>\n\t\t\t\t<\/div>\n\t\t\t\t<div class=\"elementor-element elementor-element-e1259ef elementor-widget elementor-widget-spacer\" data-id=\"e1259ef\" data-element_type=\"widget\" data-widget_type=\"spacer.default\">\n\t\t\t\t<div class=\"elementor-widget-container\">\n\t\t\t\t\t\t\t<div class=\"elementor-spacer\">\n\t\t\t<div class=\"elementor-spacer-inner\"><\/div>\n\t\t<\/div>\n\t\t\t\t\t\t<\/div>\n\t\t\t\t<\/div>\n\t\t\t\t<div class=\"elementor-element elementor-element-205ee6b elementor-widget elementor-widget-text-editor\" data-id=\"205ee6b\" data-element_type=\"widget\" data-widget_type=\"text-editor.default\">\n\t\t\t\t<div class=\"elementor-widget-container\">\n\t\t\t\t\t\t\t\t\t<p class=\"p1\">Realizujemy zam\u00f3wienia dla klient\u00f3w z <strong>Siemianowic \u015al\u0105skich<\/strong> oraz s\u0105siednich miejscowo\u015bci, <strong>obs\u0142uguj\u0105c zar\u00f3wno pojedyncze projekty, jak i wi\u0119ksze nak\u0142ady wykonywane cyklicznie<\/strong>. Dla jednych najwi\u0119ksz\u0105 zalet\u0105 b\u0119dzie mo\u017cliwo\u015b\u0107 <strong>wygodnego zam\u00f3wienia online<\/strong>, dla innych fakt, \u017ce drukarnia dzia\u0142a realnie na <strong>\u015al\u0105sku<\/strong> i w razie potrzeby mo\u017cna szybko ustali\u0107 szczeg\u00f3\u0142y wsp\u00f3\u0142pracy.<\/p><p class=\"p1\">Je\u017celi szukasz miejsca, w kt\u00f3rym druk ksi\u0105\u017cki b\u0119dzie potraktowany jako ca\u0142o\u015bciowy proces, a nie tylko szybka us\u0142uga techniczna, <strong>DANPOL<\/strong> b\u0119dzie dobrym wyborem tak\u017ce dla realizacji prowadzonych z <strong>Siemianowic \u015al\u0105skich<\/strong>.<\/p><p>We also print for other nearby cities such as:<\/p><ul><li class=\"p1\"><a href=\"https:\/\/drukarnia-danpol.pl\/en\/drukarnia-ksiazek-gliwice\/\">Book printing Gliwice<\/a><\/li><li><a href=\"https:\/\/drukarnia-danpol.pl\/en\/drukarnia-ksiazek-katowice\/\">Book printing Katowice<\/a><\/li><\/ul>\t\t\t\t\t\t\t\t<\/div>\n\t\t\t\t<\/div>\n\t\t\t\t<div class=\"elementor-element elementor-element-83ff27f elementor-button-default elementor-widget elementor-widget-button\" data-id=\"83ff27f\" data-element_type=\"widget\" data-widget_type=\"button.default\">\n\t\t\t\t<div class=\"elementor-widget-container\">\n\t\t\t\t\t\t\t\t\t<div class=\"elementor-button-wrapper\">\n\t\t\t\t\t<a class=\"elementor-button elementor-button-link elementor-size-sm\" href=\"https:\/\/drukarnia-danpol.pl\/en\/kontakt\/\">\n\t\t\t\t\t\t<span class=\"elementor-button-content-wrapper\">\n\t\t\t\t\t\t\t\t\t<span class=\"elementor-button-text\">Contact us \u2192<\/span>\n\t\t\t\t\t<\/span>\n\t\t\t\t\t<\/a>\n\t\t\t\t<\/div>\n\t\t\t\t\t\t\t\t<\/div>\n\t\t\t\t<\/div>\n\t\t\t\t<div class=\"elementor-element elementor-element-fe77e89 elementor-widget elementor-widget-spacer\" data-id=\"fe77e89\" data-element_type=\"widget\" data-widget_type=\"spacer.default\">\n\t\t\t\t<div class=\"elementor-widget-container\">\n\t\t\t\t\t\t\t<div class=\"elementor-spacer\">\n\t\t\t<div class=\"elementor-spacer-inner\"><\/div>\n\t\t<\/div>\n\t\t\t\t\t\t<\/div>\n\t\t\t\t<\/div>\n\t\t\t\t<div class=\"elementor-element elementor-element-81558a4 elementor-widget elementor-widget-html\" data-id=\"81558a4\" data-element_type=\"widget\" data-widget_type=\"html.default\">\n\t\t\t\t<div class=\"elementor-widget-container\">\n\t\t\t\t\t<iframe src=\"https:\/\/www.google.com\/maps\/embed?pb=!1m18!1m12!1m3!1d40978.824707079715!2d18.981995074948415!3d50.31234114033177!2m3!1f0!2f0!3f0!3m2!1i1024!2i768!4f13.1!3m3!1m2!1s0x4716d1856b6e7147%3A0xce181eb69a74764c!2sSiemianowice%20%C5%9Al%C4%85skie!5e1!3m2!1sen!2spl!4v1777574351865!5m2!1sen!2spl\" width=\"100%\" height=\"377\" style=\"border:0;\" allowfullscreen=\"\" loading=\"lazy\" referrerpolicy=\"no-referrer-when-downgrade\"><\/iframe>\t\t\t\t<\/div>\n\t\t\t\t<\/div>\n\t\t\t\t<\/div>\n\t\t\t\t<\/div>\n\t\t\t\t\t<\/div>\n\t\t\t\t<\/div>\n\t\t\t\t<\/div>","protected":false},"excerpt":{"rendered":"<p>Drukarnia ksi\u0105\u017cek Siemianowice \u015al\u0105skie S\u0105 ksi\u0105\u017cki, kt\u00f3re maj\u0105 po prostu zosta\u0107 wydrukowane, i s\u0105 takie, kt\u00f3re od pocz\u0105tku wymagaj\u0105 przemy\u015blanej realizacji. R\u00f3\u017cnica najcz\u0119\u015bciej wychodzi dopiero na ko\u0144cu &#8211; w jako\u015bci oprawy, wygodzie czytania, wygl\u0105dzie ok\u0142adki i tym, czy ca\u0142y nak\u0142ad trzyma r\u00f3wny poziom. Dlatego przy wyborze drukarni nie warto patrze\u0107 wy\u0142\u0105cznie na sam\u0105 cen\u0119 albo [&hellip;]<\/p>\n","protected":false},"author":149,"featured_media":0,"parent":0,"menu_order":0,"comment_status":"closed","ping_status":"closed","template":"","meta":{"footnotes":""},"class_list":["post-11761","page","type-page","status-publish","hentry"],"_links":{"self":[{"href":"https:\/\/drukarnia-danpol.pl\/en\/wp-json\/wp\/v2\/pages\/11761","targetHints":{"allow":["GET"]}}],"collection":[{"href":"https:\/\/drukarnia-danpol.pl\/en\/wp-json\/wp\/v2\/pages"}],"about":[{"href":"https:\/\/drukarnia-danpol.pl\/en\/wp-json\/wp\/v2\/types\/page"}],"author":[{"embeddable":true,"href":"https:\/\/drukarnia-danpol.pl\/en\/wp-json\/wp\/v2\/users\/149"}],"replies":[{"embeddable":true,"href":"https:\/\/drukarnia-danpol.pl\/en\/wp-json\/wp\/v2\/comments?post=11761"}],"version-history":[{"count":10,"href":"https:\/\/drukarnia-danpol.pl\/en\/wp-json\/wp\/v2\/pages\/11761\/revisions"}],"predecessor-version":[{"id":11772,"href":"https:\/\/drukarnia-danpol.pl\/en\/wp-json\/wp\/v2\/pages\/11761\/revisions\/11772"}],"wp:attachment":[{"href":"https:\/\/drukarnia-danpol.pl\/en\/wp-json\/wp\/v2\/media?parent=11761"}],"curies":[{"name":"wp","href":"https:\/\/api.w.org\/{rel}","templated":true}]}}