{"id":11773,"date":"2026-05-01T11:51:25","date_gmt":"2026-05-01T09:51:25","guid":{"rendered":"https:\/\/drukarnia-danpol.pl\/?page_id=11773"},"modified":"2026-05-01T12:12:16","modified_gmt":"2026-05-01T10:12:16","slug":"drukarnia-ksiazek-myslowice","status":"publish","type":"page","link":"https:\/\/drukarnia-danpol.pl\/en\/drukarnia-ksiazek-myslowice\/","title":{"rendered":"Book Printing House Mys\u0142owice"},"content":{"rendered":"<div data-elementor-type=\"wp-page\" data-elementor-id=\"11773\" class=\"elementor elementor-11773\">\n\t\t\t\t<div class=\"elementor-element elementor-element-70be428 e-flex e-con-boxed e-con e-parent\" data-id=\"70be428\" data-element_type=\"container\">\n\t\t\t\t\t<div class=\"e-con-inner\">\n\t\t<div class=\"elementor-element elementor-element-251b914 e-con-full e-flex e-con e-child\" data-id=\"251b914\" data-element_type=\"container\">\n\t\t<div class=\"elementor-element elementor-element-349d64b e-con-full e-flex e-con e-child\" data-id=\"349d64b\" data-element_type=\"container\">\n\t\t\t\t<div class=\"elementor-element elementor-element-aef5364 elementor-widget elementor-widget-spacer\" data-id=\"aef5364\" data-element_type=\"widget\" data-widget_type=\"spacer.default\">\n\t\t\t\t<div class=\"elementor-widget-container\">\n\t\t\t\t\t\t\t<div class=\"elementor-spacer\">\n\t\t\t<div class=\"elementor-spacer-inner\"><\/div>\n\t\t<\/div>\n\t\t\t\t\t\t<\/div>\n\t\t\t\t<\/div>\n\t\t\t\t<div class=\"elementor-element elementor-element-5c2f887 elementor-widget elementor-widget-heading\" data-id=\"5c2f887\" data-element_type=\"widget\" data-widget_type=\"heading.default\">\n\t\t\t\t<div class=\"elementor-widget-container\">\n\t\t\t\t\t<h1 class=\"elementor-heading-title elementor-size-default\">Book Printing House Mys\u0142owice<\/h1>\t\t\t\t<\/div>\n\t\t\t\t<\/div>\n\t\t\t\t<div class=\"elementor-element elementor-element-cfff64b elementor-widget elementor-widget-spacer\" data-id=\"cfff64b\" data-element_type=\"widget\" data-widget_type=\"spacer.default\">\n\t\t\t\t<div class=\"elementor-widget-container\">\n\t\t\t\t\t\t\t<div class=\"elementor-spacer\">\n\t\t\t<div class=\"elementor-spacer-inner\"><\/div>\n\t\t<\/div>\n\t\t\t\t\t\t<\/div>\n\t\t\t\t<\/div>\n\t\t\n\t\t<div class=\"elementor-element elementor-element-95d58e9 elementor-widget elementor-widget-text-editor\" data-id=\"95d58e9\" data-element_type=\"widget\" data-widget_type=\"text-editor.default\">\n\t\t\t\t<div class=\"elementor-widget-container\">\n\t\t\t\t\t\t\t\t\t<p class=\"p1\">S\u0105 publikacje, kt\u00f3re maj\u0105 trafi\u0107 do sprzeda\u017cy, s\u0105 ksi\u0105\u017cki przygotowywane dla klient\u00f3w firmy, a s\u0105 te\u017c wydania autorskie, przy kt\u00f3rych liczy si\u0119 ka\u017cdy detal. Niezale\u017cnie od celu jedna rzecz pozostaje wsp\u00f3lna &#8211; dobra realizacja nie zaczyna si\u0119 od samego druku, tylko od w\u0142a\u015bciwego zaplanowania ca\u0142ego procesu. <strong>Format, nak\u0142ad, papier, oprawa i spos\u00f3b wyko\u0144czenia<\/strong> wp\u0142ywaj\u0105 na to, jak ksi\u0105\u017cka b\u0119dzie wygl\u0105da\u0107 po odbiorze i jak sprawdzi si\u0119 p\u00f3\u017aniej w praktyce.<\/p><p class=\"p1\">W\u0142a\u015bnie dlatego wielu klient\u00f3w z Mys\u0142owic wybiera wsp\u00f3\u0142prac\u0119 z drukarni\u0105, kt\u00f3ra patrzy na publikacj\u0119 szerzej ni\u017c tylko przez pryzmat samego wydruku. <strong>W DANPOL realizujemy ksi\u0105\u017cki dla autor\u00f3w, wydawnictw, firm<\/strong> i instytucji, \u0142\u0105cz\u0105c zaplecze produkcyjne z wygodnym modelem zam\u00f3wie\u0144 online.<\/p><p class=\"p1\"><strong>Gotowe egzemplarze mo\u017cemy wys\u0142a\u0107 pod wskazany adres<\/strong>, a w razie potrzeby om\u00f3wi\u0107 projekt tak\u017ce bezpo\u015brednio przed rozpocz\u0119ciem realizacji.<\/p>\t\t\t\t\t\t\t\t<\/div>\n\t\t\t\t<\/div>\n\t\t\t\t<div class=\"elementor-element elementor-element-7f24612 elementor-widget elementor-widget-spacer\" data-id=\"7f24612\" data-element_type=\"widget\" data-widget_type=\"spacer.default\">\n\t\t\t\t<div class=\"elementor-widget-container\">\n\t\t\t\t\t\t\t<div class=\"elementor-spacer\">\n\t\t\t<div class=\"elementor-spacer-inner\"><\/div>\n\t\t<\/div>\n\t\t\t\t\t\t<\/div>\n\t\t\t\t<\/div>\n\t\t\t\t<div class=\"elementor-element elementor-element-9bff4f2 elementor-button-default elementor-widget elementor-widget-button\" data-id=\"9bff4f2\" data-element_type=\"widget\" data-widget_type=\"button.default\">\n\t\t\t\t<div class=\"elementor-widget-container\">\n\t\t\t\t\t\t\t\t\t<div class=\"elementor-button-wrapper\">\n\t\t\t\t\t<a class=\"elementor-button elementor-button-link elementor-size-sm\" href=\"https:\/\/drukarnia-danpol.pl\/en\/kontakt\/\">\n\t\t\t\t\t\t<span class=\"elementor-button-content-wrapper\">\n\t\t\t\t\t\t\t\t\t<span class=\"elementor-button-text\">Order a quote for book printing \u2192<\/span>\n\t\t\t\t\t<\/span>\n\t\t\t\t\t<\/a>\n\t\t\t\t<\/div>\n\t\t\t\t\t\t\t\t<\/div>\n\t\t\t\t<\/div>\n\t\t\t\t<\/div>\n\t\t\t\t<\/div>\n\t\t\t\t\t<\/div>\n\t\t\t\t<\/div>\n\t\t<div class=\"elementor-element elementor-element-b46cafe e-flex e-con-boxed e-con e-parent\" data-id=\"b46cafe\" data-element_type=\"container\" data-settings=\"{&quot;background_background&quot;:&quot;classic&quot;}\">\n\t\t\t\t\t<div class=\"e-con-inner\">\n\t\t<div class=\"elementor-element elementor-element-ac868bb e-con-full e-flex e-con e-child\" data-id=\"ac868bb\" data-element_type=\"container\" data-settings=\"{&quot;background_background&quot;:&quot;classic&quot;}\">\n\t\t<div class=\"elementor-element elementor-element-80a0c6d e-con-full e-flex e-con e-child\" data-id=\"80a0c6d\" data-element_type=\"container\" data-settings=\"{&quot;background_background&quot;:&quot;classic&quot;}\">\n\t\t\t\t<div class=\"elementor-element elementor-element-fb1a860 elementor-widget elementor-widget-heading\" data-id=\"fb1a860\" data-element_type=\"widget\" data-widget_type=\"heading.default\">\n\t\t\t\t<div class=\"elementor-widget-container\">\n\t\t\t\t\t<h2 class=\"elementor-heading-title elementor-size-default\">Profesjonalny druk ksi\u0105\u017cek dla wydawnictw, firm i autor\u00f3w<\/h2>\t\t\t\t<\/div>\n\t\t\t\t<\/div>\n\t\t\t\t<div class=\"elementor-element elementor-element-118ac9b elementor-widget elementor-widget-spacer\" data-id=\"118ac9b\" data-element_type=\"widget\" data-widget_type=\"spacer.default\">\n\t\t\t\t<div class=\"elementor-widget-container\">\n\t\t\t\t\t\t\t<div class=\"elementor-spacer\">\n\t\t\t<div class=\"elementor-spacer-inner\"><\/div>\n\t\t<\/div>\n\t\t\t\t\t\t<\/div>\n\t\t\t\t<\/div>\n\t\t\t\t<div class=\"elementor-element elementor-element-1591ca2 elementor-widget elementor-widget-text-editor\" data-id=\"1591ca2\" data-element_type=\"widget\" data-widget_type=\"text-editor.default\">\n\t\t\t\t<div class=\"elementor-widget-container\">\n\t\t\t\t\t\t\t\t\t<p class=\"p1\">Realizujemy ksi\u0105\u017cki o bardzo r\u00f3\u017cnym charakterze i przeznaczeniu. Powstaj\u0105 u nas <strong>powie\u015bci, poradniki, tomiki poezji, podr\u0119czniki, albumy, publikacje techniczne, materia\u0142y szkoleniowe<\/strong> oraz wydania przygotowywane na potrzeby biznesu. Ka\u017cdy z tych projekt\u00f3w wymaga innego podej\u015bcia, bo inne znaczenie ma szybki termin przy kr\u00f3tkiej serii, a inne op\u0142acalno\u015b\u0107 przy wi\u0119kszym nak\u0142adzie planowanym do sprzeda\u017cy lub dystrybucji.<\/p><p class=\"p1\"><strong>Dla klient\u00f3w z Mys\u0142owic<\/strong> wa\u017cne jest zwykle to, aby nie dopasowywa\u0107 ksi\u0105\u017cki do jednego sztywnego schematu, tylko odwrotnie &#8211; dobra\u0107 spos\u00f3b produkcji do realnych potrzeb publikacji. Inaczej pracuje si\u0119 nad debiutem autorskim, inaczej nad ksi\u0105\u017ck\u0105 firmow\u0105, a jeszcze inaczej nad kolejnym <strong>nak\u0142adem dla wydawnictwa<\/strong>. To w\u0142a\u015bnie na tym etapie naj\u0142atwiej podj\u0105\u0107 decyzje, kt\u00f3re p\u00f3\u017aniej wp\u0142ywaj\u0105 na jako\u015b\u0107, koszt i komfort dalszego wykorzystania gotowego wydania.<\/p>\t\t\t\t\t\t\t\t<\/div>\n\t\t\t\t<\/div>\n\t\t\t\t<\/div>\n\t\t\t\t<\/div>\n\t\t\t\t\t<\/div>\n\t\t\t\t<\/div>\n\t\t<div class=\"elementor-element elementor-element-55694ce e-flex e-con-boxed e-con e-parent\" data-id=\"55694ce\" data-element_type=\"container\">\n\t\t\t\t\t<div class=\"e-con-inner\">\n\t\t<div class=\"elementor-element elementor-element-8258f3a e-con-full e-flex e-con e-child\" data-id=\"8258f3a\" data-element_type=\"container\">\n\t\t<div class=\"elementor-element elementor-element-b4cfcf1 e-con-full e-flex e-con e-child\" data-id=\"b4cfcf1\" data-element_type=\"container\">\n\t\t\t\t<div class=\"elementor-element elementor-element-08a4e5e elementor-widget elementor-widget-heading\" data-id=\"08a4e5e\" data-element_type=\"widget\" data-widget_type=\"heading.default\">\n\t\t\t\t<div class=\"elementor-widget-container\">\n\t\t\t\t\t<h2 class=\"elementor-heading-title elementor-size-default\">Kompleksowa realizacja ksi\u0105\u017cki od pliku do gotowego nak\u0142adu<\/h2>\t\t\t\t<\/div>\n\t\t\t\t<\/div>\n\t\t\t\t<div class=\"elementor-element elementor-element-c2be66e elementor-widget elementor-widget-spacer\" data-id=\"c2be66e\" data-element_type=\"widget\" data-widget_type=\"spacer.default\">\n\t\t\t\t<div class=\"elementor-widget-container\">\n\t\t\t\t\t\t\t<div class=\"elementor-spacer\">\n\t\t\t<div class=\"elementor-spacer-inner\"><\/div>\n\t\t<\/div>\n\t\t\t\t\t\t<\/div>\n\t\t\t\t<\/div>\n\t\t\t\t<div class=\"elementor-element elementor-element-c469745 elementor-widget elementor-widget-text-editor\" data-id=\"c469745\" data-element_type=\"widget\" data-widget_type=\"text-editor.default\">\n\t\t\t\t<div class=\"elementor-widget-container\">\n\t\t\t\t\t\t\t\t\t<p class=\"p1\">Dobrze wykonana publikacja nie powstaje przypadkiem. Zanim rozpocznie si\u0119 sam druk, trzeba <strong>uporz\u0105dkowa\u0107 parametry techniczne, sprawdzi\u0107 materia\u0142y, dobra\u0107 odpowiedni\u0105 technologi\u0119<\/strong> i ustali\u0107 spos\u00f3b wyko\u0144czenia. Dzi\u0119ki temu ca\u0142a realizacja staje si\u0119 przewidywalna, a gotowy nak\u0142ad lepiej odpowiada za\u0142o\u017ceniom projektu.<\/p><p class=\"p1\">W praktyce oznacza to pe\u0142n\u0105 obs\u0142ug\u0119 kolejnych etap\u00f3w &#8211; <strong>od przygotowania plik\u00f3w, przez druk, po opraw\u0119, wyko\u0144czenie, pakowanie i wysy\u0142k\u0119<\/strong>. Dla klienta to wygodniejsze rozwi\u0105zanie, bo nie trzeba dzieli\u0107 jednej publikacji mi\u0119dzy kilka firm. Ca\u0142o\u015b\u0107 przebiega w jednym procesie, co u\u0142atwia kontrol\u0119 jako\u015bci, ogranicza ryzyko b\u0142\u0119d\u00f3w i porz\u0105dkuje organizacj\u0119 ca\u0142ego zam\u00f3wienia.<\/p><h3><span class=\"s1\"><b>Jakie ksi\u0105\u017cki realizujemy najcz\u0119\u015bciej<\/b><\/span>:<\/h3><ul><li>Paperback and hardcover books<\/li><li>Novels, prose, poetry<\/li><li>Scientific and technical books<\/li><li>Premium albums and publications<\/li><li>Prints for publishers and individual authors<\/li><\/ul><h3><span class=\"s1\"><b>Wyko\u0144czenie ksi\u0105\u017cki, kt\u00f3re buduje pierwsze wra\u017cenie<\/b><\/span>:<\/h3><ul><li>Matte \/ glossy \/ soft touch lamination<\/li><li>Hot stamping (gold\/silver)<\/li><li>Embossing and selective UV varnish<\/li><\/ul>\t\t\t\t\t\t\t\t<\/div>\n\t\t\t\t<\/div>\n\t\t\t\t<\/div>\n\t\t\t\t<\/div>\n\t\t\t\t\t<\/div>\n\t\t\t\t<\/div>\n\t\t<div class=\"elementor-element elementor-element-8f91bde e-flex e-con-boxed e-con e-parent\" data-id=\"8f91bde\" data-element_type=\"container\" data-settings=\"{&quot;background_background&quot;:&quot;classic&quot;}\">\n\t\t\t\t\t<div class=\"e-con-inner\">\n\t\t<div class=\"elementor-element elementor-element-09910ce e-con-full e-flex e-con e-child\" data-id=\"09910ce\" data-element_type=\"container\" data-settings=\"{&quot;background_background&quot;:&quot;classic&quot;}\">\n\t\t<div class=\"elementor-element elementor-element-4a60e5f e-con-full e-flex e-con e-child\" data-id=\"4a60e5f\" data-element_type=\"container\" data-settings=\"{&quot;background_background&quot;:&quot;classic&quot;}\">\n\t\t\t\t<div class=\"elementor-element elementor-element-e385d13 elementor-widget elementor-widget-heading\" data-id=\"e385d13\" data-element_type=\"widget\" data-widget_type=\"heading.default\">\n\t\t\t\t<div class=\"elementor-widget-container\">\n\t\t\t\t\t<h2 class=\"elementor-heading-title elementor-size-default\">Jak zam\u00f3wi\u0107 druk ksi\u0105\u017cki krok po kroku<\/h2>\t\t\t\t<\/div>\n\t\t\t\t<\/div>\n\t\t\t\t<div class=\"elementor-element elementor-element-92367ce elementor-widget elementor-widget-spacer\" data-id=\"92367ce\" data-element_type=\"widget\" data-widget_type=\"spacer.default\">\n\t\t\t\t<div class=\"elementor-widget-container\">\n\t\t\t\t\t\t\t<div class=\"elementor-spacer\">\n\t\t\t<div class=\"elementor-spacer-inner\"><\/div>\n\t\t<\/div>\n\t\t\t\t\t\t<\/div>\n\t\t\t\t<\/div>\n\t\t\t\t<div class=\"elementor-element elementor-element-48328e2 elementor-widget elementor-widget-text-editor\" data-id=\"48328e2\" data-element_type=\"widget\" data-widget_type=\"text-editor.default\">\n\t\t\t\t<div class=\"elementor-widget-container\">\n\t\t\t\t\t\t\t\t\t<p class=\"p1\">Ca\u0142y proces mo\u017cna rozpocz\u0105\u0107 od przes\u0142ania podstawowych informacji o publikacji. Najcz\u0119\u015bciej potrzebne s\u0105 dane dotycz\u0105ce formatu, liczby stron, rodzaju oprawy, przewidywanego nak\u0142adu oraz terminu realizacji. Na tej podstawie przygotowywana jest wycena i propozycja rozwi\u0105zania najlepiej dopasowanego do za\u0142o\u017ce\u0144 projektu.<\/p><p class=\"p1\"><strong>Po akceptacji ustale\u0144 przechodzimy do realizacji<\/strong>. Gotowe egzemplarze s\u0105 nast\u0119pnie przygotowywane do wysy\u0142ki albo odbioru. Taki model wsp\u00f3\u0142pracy pozwala przeprowadzi\u0107 zam\u00f3wienie spokojnie i bez niepotrzebnego chaosu, niezale\u017cnie od tego, czy chodzi o jedn\u0105 publikacj\u0119 autorsk\u0105, czy o wi\u0119kszy nak\u0142ad przygotowywany dla firmy lub wydawnictwa.<\/p><ol><li>Send PDF files or design for a quote.<\/li><li>You will receive an accurate quote and completion date within 24 hours.<\/li><li>After approval, we start printing.<\/li><li>Personal collection in Zabrze or courier delivery.<\/li><\/ol>\t\t\t\t\t\t\t\t<\/div>\n\t\t\t\t<\/div>\n\t\t\t\t<div class=\"elementor-element elementor-element-1faf796 elementor-button-default elementor-widget elementor-widget-button\" data-id=\"1faf796\" data-element_type=\"widget\" data-widget_type=\"button.default\">\n\t\t\t\t<div class=\"elementor-widget-container\">\n\t\t\t\t\t\t\t\t\t<div class=\"elementor-button-wrapper\">\n\t\t\t\t\t<a class=\"elementor-button elementor-button-link elementor-size-sm\" href=\"https:\/\/drukarnia-danpol.pl\/en\/kontakt\/\">\n\t\t\t\t\t\t<span class=\"elementor-button-content-wrapper\">\n\t\t\t\t\t\t\t\t\t<span class=\"elementor-button-text\">Request a quote \u2192<\/span>\n\t\t\t\t\t<\/span>\n\t\t\t\t\t<\/a>\n\t\t\t\t<\/div>\n\t\t\t\t\t\t\t\t<\/div>\n\t\t\t\t<\/div>\n\t\t\t\t<\/div>\n\t\t\t\t<\/div>\n\t\t\t\t\t<\/div>\n\t\t\t\t<\/div>\n\t\t<div class=\"elementor-element elementor-element-bcdc062 e-flex e-con-boxed e-con e-parent\" data-id=\"bcdc062\" data-element_type=\"container\">\n\t\t\t\t\t<div class=\"e-con-inner\">\n\t\t<div class=\"elementor-element elementor-element-ba39676 e-con-full e-flex e-con e-child\" data-id=\"ba39676\" data-element_type=\"container\">\n\t\t<div class=\"elementor-element elementor-element-eb5b0b7 e-con-full e-flex e-con e-child\" data-id=\"eb5b0b7\" data-element_type=\"container\">\n\t\t\t\t<div class=\"elementor-element elementor-element-752a5f4 elementor-widget elementor-widget-heading\" data-id=\"752a5f4\" data-element_type=\"widget\" data-widget_type=\"heading.default\">\n\t\t\t\t<div class=\"elementor-widget-container\">\n\t\t\t\t\t<h2 class=\"elementor-heading-title elementor-size-default\">Dlaczego klienci z Mys\u0142owic wybieraj\u0105 DANPOL<\/h2>\t\t\t\t<\/div>\n\t\t\t\t<\/div>\n\t\t\t\t<div class=\"elementor-element elementor-element-c6d6e7d elementor-widget elementor-widget-spacer\" data-id=\"c6d6e7d\" data-element_type=\"widget\" data-widget_type=\"spacer.default\">\n\t\t\t\t<div class=\"elementor-widget-container\">\n\t\t\t\t\t\t\t<div class=\"elementor-spacer\">\n\t\t\t<div class=\"elementor-spacer-inner\"><\/div>\n\t\t<\/div>\n\t\t\t\t\t\t<\/div>\n\t\t\t\t<\/div>\n\t\t\t\t<div class=\"elementor-element elementor-element-b736687 elementor-widget elementor-widget-text-editor\" data-id=\"b736687\" data-element_type=\"widget\" data-widget_type=\"text-editor.default\">\n\t\t\t\t<div class=\"elementor-widget-container\">\n\t\t\t\t\t\t\t\t\t<p class=\"p1\">W przypadku druku ksi\u0105\u017cek liczy si\u0119 nie tylko sam efekt ko\u0144cowy, ale te\u017c spos\u00f3b prowadzenia ca\u0142ego projektu. Dobra drukarnia powinna zapewnia\u0107 sprawny kontakt, rozs\u0105dne doradztwo, terminowo\u015b\u0107 i jako\u015b\u0107, kt\u00f3ra nie rozczarowuje po odebraniu nak\u0142adu. To szczeg\u00f3lnie wa\u017cne przy publikacjach, kt\u00f3re maj\u0105 reprezentowa\u0107 autora, mark\u0119 albo trafi\u0107 do regularnej sprzeda\u017cy.<\/p><p class=\"p1\"><strong>Klienci z Mys\u0142owic wybieraj\u0105 wsp\u00f3\u0142prac\u0119 z nami<\/strong> wtedy, gdy chc\u0105 po\u0142\u0105czy\u0107 wygod\u0119 zam\u00f3wienia online z zapleczem drukarni dzia\u0142aj\u0105cej realnie na \u015al\u0105sku. Dla jednych najwa\u017cniejsza b\u0119dzie logistyka i szybka wysy\u0142ka, dla innych mo\u017cliwo\u015b\u0107 spokojnego ustalenia parametr\u00f3w ksi\u0105\u017cki przed startem produkcji. W obu przypadkach chodzi o to samo &#8211; o realizacj\u0119, kt\u00f3ra jest dobrze przemy\u015blana, uporz\u0105dkowana i dopasowana do konkretnego celu publikacji.<\/p>\t\t\t\t\t\t\t\t<\/div>\n\t\t\t\t<\/div>\n\t\t\t\t<\/div>\n\t\t\t\t<\/div>\n\t\t\t\t\t<\/div>\n\t\t\t\t<\/div>\n\t\t<div class=\"elementor-element elementor-element-9593e15 e-flex e-con-boxed e-con e-parent\" data-id=\"9593e15\" data-element_type=\"container\" data-settings=\"{&quot;background_background&quot;:&quot;classic&quot;}\">\n\t\t\t\t\t<div class=\"e-con-inner\">\n\t\t<div class=\"elementor-element elementor-element-2773957 e-con-full e-flex e-con e-child\" data-id=\"2773957\" data-element_type=\"container\" data-settings=\"{&quot;background_background&quot;:&quot;classic&quot;}\">\n\t\t<div class=\"elementor-element elementor-element-c22c347 e-con-full e-flex e-con e-child\" data-id=\"c22c347\" data-element_type=\"container\" data-settings=\"{&quot;background_background&quot;:&quot;classic&quot;}\">\n\t\t\t\t<div class=\"elementor-element elementor-element-64d242e elementor-widget elementor-widget-heading\" data-id=\"64d242e\" data-element_type=\"widget\" data-widget_type=\"heading.default\">\n\t\t\t\t<div class=\"elementor-widget-container\">\n\t\t\t\t\t<h2 class=\"elementor-heading-title elementor-size-default\">Obs\u0142ugujemy zam\u00f3wienia z Mys\u0142owic i okolic<\/h2>\t\t\t\t<\/div>\n\t\t\t\t<\/div>\n\t\t\t\t<div class=\"elementor-element elementor-element-ee44b87 elementor-widget elementor-widget-spacer\" data-id=\"ee44b87\" data-element_type=\"widget\" data-widget_type=\"spacer.default\">\n\t\t\t\t<div class=\"elementor-widget-container\">\n\t\t\t\t\t\t\t<div class=\"elementor-spacer\">\n\t\t\t<div class=\"elementor-spacer-inner\"><\/div>\n\t\t<\/div>\n\t\t\t\t\t\t<\/div>\n\t\t\t\t<\/div>\n\t\t\t\t<div class=\"elementor-element elementor-element-de17e6e elementor-widget elementor-widget-text-editor\" data-id=\"de17e6e\" data-element_type=\"widget\" data-widget_type=\"text-editor.default\">\n\t\t\t\t<div class=\"elementor-widget-container\">\n\t\t\t\t\t\t\t\t\t<p class=\"p1\">We are implementing <strong>druk ksi\u0105\u017cek dla klient\u00f3w z Mys\u0142owic<\/strong> oraz pobliskich miejscowo\u015bci, niezale\u017cnie od tego, czy chodzi o pojedynczy tytu\u0142, pr\u00f3bny nak\u0142ad, wi\u0119ksz\u0105 seri\u0119 czy regularne dodruki. <strong>Cz\u0119\u015b\u0107 zam\u00f3wie\u0144 prowadzona jest ca\u0142kowicie online<\/strong>, inne wymagaj\u0105 dok\u0142adniejszych ustale\u0144 i bardziej indywidualnego podej\u015bcia. Najwa\u017cniejsze pozostaje jednak to, aby <strong>gotowa ksi\u0105\u017cka by\u0142a wykonana solidnie, estetycznie<\/strong> i w technologii dopasowanej do jej rzeczywistego przeznaczenia.<\/p><p class=\"p1\">If you want to cooperate with a printing house that combines experience, flexible approach and <strong>convenience of online ordering<\/strong>, <strong>DANPOL<\/strong> jest rozwi\u0105zaniem, kt\u00f3re dobrze odpowiada na potrzeby klient\u00f3w.<\/p><p>We also print for other nearby cities such as:<\/p><ul><li class=\"p1\"><a href=\"https:\/\/drukarnia-danpol.pl\/en\/drukarnia-ksiazek-gliwice\/\">Book printing Gliwice<\/a><\/li><li><a href=\"https:\/\/drukarnia-danpol.pl\/en\/drukarnia-ksiazek-katowice\/\">Book printing Katowice<\/a><\/li><\/ul>\t\t\t\t\t\t\t\t<\/div>\n\t\t\t\t<\/div>\n\t\t\t\t<div class=\"elementor-element elementor-element-2d50a6c elementor-button-default elementor-widget elementor-widget-button\" data-id=\"2d50a6c\" data-element_type=\"widget\" data-widget_type=\"button.default\">\n\t\t\t\t<div class=\"elementor-widget-container\">\n\t\t\t\t\t\t\t\t\t<div class=\"elementor-button-wrapper\">\n\t\t\t\t\t<a class=\"elementor-button elementor-button-link elementor-size-sm\" href=\"https:\/\/drukarnia-danpol.pl\/en\/kontakt\/\">\n\t\t\t\t\t\t<span class=\"elementor-button-content-wrapper\">\n\t\t\t\t\t\t\t\t\t<span class=\"elementor-button-text\">Contact us \u2192<\/span>\n\t\t\t\t\t<\/span>\n\t\t\t\t\t<\/a>\n\t\t\t\t<\/div>\n\t\t\t\t\t\t\t\t<\/div>\n\t\t\t\t<\/div>\n\t\t\t\t<div class=\"elementor-element elementor-element-284463a elementor-widget elementor-widget-spacer\" data-id=\"284463a\" data-element_type=\"widget\" data-widget_type=\"spacer.default\">\n\t\t\t\t<div class=\"elementor-widget-container\">\n\t\t\t\t\t\t\t<div class=\"elementor-spacer\">\n\t\t\t<div class=\"elementor-spacer-inner\"><\/div>\n\t\t<\/div>\n\t\t\t\t\t\t<\/div>\n\t\t\t\t<\/div>\n\t\t\t\t<div class=\"elementor-element elementor-element-e829f41 elementor-widget elementor-widget-html\" data-id=\"e829f41\" data-element_type=\"widget\" data-widget_type=\"html.default\">\n\t\t\t\t<div class=\"elementor-widget-container\">\n\t\t\t\t\t<iframe src=\"https:\/\/www.google.com\/maps\/embed?pb=!1m18!1m12!1m3!1d82134.63398546408!2d19.072016876765844!3d50.209588540828044!2m3!1f0!2f0!3f0!3m2!1i1024!2i768!4f13.1!3m3!1m2!1s0x4716c45eb25a2a0d%3A0x5b32f6a8cbb58ed!2sMys%C5%82owice!5e1!3m2!1sen!2spl!4v1777629015857!5m2!1sen!2spl\" width=\"100%\" height=\"377\" style=\"border:0;\" allowfullscreen=\"\" loading=\"lazy\" referrerpolicy=\"no-referrer-when-downgrade\"><\/iframe>\t\t\t\t<\/div>\n\t\t\t\t<\/div>\n\t\t\t\t<\/div>\n\t\t\t\t<\/div>\n\t\t\t\t\t<\/div>\n\t\t\t\t<\/div>\n\t\t\t\t<\/div>","protected":false},"excerpt":{"rendered":"<p>Drukarnia ksi\u0105\u017cek Mys\u0142owice S\u0105 publikacje, kt\u00f3re maj\u0105 trafi\u0107 do sprzeda\u017cy, s\u0105 ksi\u0105\u017cki przygotowywane dla klient\u00f3w firmy, a s\u0105 te\u017c wydania autorskie, przy kt\u00f3rych liczy si\u0119 ka\u017cdy detal. Niezale\u017cnie od celu jedna rzecz pozostaje wsp\u00f3lna &#8211; dobra realizacja nie zaczyna si\u0119 od samego druku, tylko od w\u0142a\u015bciwego zaplanowania ca\u0142ego procesu. Format, nak\u0142ad, papier, oprawa i spos\u00f3b [&hellip;]<\/p>\n","protected":false},"author":149,"featured_media":0,"parent":0,"menu_order":0,"comment_status":"closed","ping_status":"closed","template":"","meta":{"footnotes":""},"class_list":["post-11773","page","type-page","status-publish","hentry"],"_links":{"self":[{"href":"https:\/\/drukarnia-danpol.pl\/en\/wp-json\/wp\/v2\/pages\/11773","targetHints":{"allow":["GET"]}}],"collection":[{"href":"https:\/\/drukarnia-danpol.pl\/en\/wp-json\/wp\/v2\/pages"}],"about":[{"href":"https:\/\/drukarnia-danpol.pl\/en\/wp-json\/wp\/v2\/types\/page"}],"author":[{"embeddable":true,"href":"https:\/\/drukarnia-danpol.pl\/en\/wp-json\/wp\/v2\/users\/149"}],"replies":[{"embeddable":true,"href":"https:\/\/drukarnia-danpol.pl\/en\/wp-json\/wp\/v2\/comments?post=11773"}],"version-history":[{"count":4,"href":"https:\/\/drukarnia-danpol.pl\/en\/wp-json\/wp\/v2\/pages\/11773\/revisions"}],"predecessor-version":[{"id":11777,"href":"https:\/\/drukarnia-danpol.pl\/en\/wp-json\/wp\/v2\/pages\/11773\/revisions\/11777"}],"wp:attachment":[{"href":"https:\/\/drukarnia-danpol.pl\/en\/wp-json\/wp\/v2\/media?parent=11773"}],"curies":[{"name":"wp","href":"https:\/\/api.w.org\/{rel}","templated":true}]}}