{"id":11781,"date":"2026-05-01T12:15:39","date_gmt":"2026-05-01T10:15:39","guid":{"rendered":"https:\/\/drukarnia-danpol.pl\/?page_id=11781"},"modified":"2026-05-01T12:23:03","modified_gmt":"2026-05-01T10:23:03","slug":"drukarnia-ksiazek-bedzin","status":"publish","type":"page","link":"https:\/\/drukarnia-danpol.pl\/en\/drukarnia-ksiazek-bedzin\/","title":{"rendered":"Book Printing House B\u0119dzin"},"content":{"rendered":"<div data-elementor-type=\"wp-page\" data-elementor-id=\"11781\" class=\"elementor elementor-11781\">\n\t\t\t\t<div class=\"elementor-element elementor-element-996b13e e-flex e-con-boxed e-con e-parent\" data-id=\"996b13e\" data-element_type=\"container\">\n\t\t\t\t\t<div class=\"e-con-inner\">\n\t\t<div class=\"elementor-element elementor-element-e72da48 e-con-full e-flex e-con e-child\" data-id=\"e72da48\" data-element_type=\"container\">\n\t\t<div class=\"elementor-element elementor-element-5ef5795 e-con-full e-flex e-con e-child\" data-id=\"5ef5795\" data-element_type=\"container\">\n\t\t\t\t<div class=\"elementor-element elementor-element-18ffe38 elementor-widget elementor-widget-spacer\" data-id=\"18ffe38\" data-element_type=\"widget\" data-widget_type=\"spacer.default\">\n\t\t\t\t<div class=\"elementor-widget-container\">\n\t\t\t\t\t\t\t<div class=\"elementor-spacer\">\n\t\t\t<div class=\"elementor-spacer-inner\"><\/div>\n\t\t<\/div>\n\t\t\t\t\t\t<\/div>\n\t\t\t\t<\/div>\n\t\t\t\t<div class=\"elementor-element elementor-element-412fe3e elementor-widget elementor-widget-heading\" data-id=\"412fe3e\" data-element_type=\"widget\" data-widget_type=\"heading.default\">\n\t\t\t\t<div class=\"elementor-widget-container\">\n\t\t\t\t\t<h1 class=\"elementor-heading-title elementor-size-default\">Book Printing House B\u0119dzin<\/h1>\t\t\t\t<\/div>\n\t\t\t\t<\/div>\n\t\t\t\t<div class=\"elementor-element elementor-element-6e21d42 elementor-widget elementor-widget-spacer\" data-id=\"6e21d42\" data-element_type=\"widget\" data-widget_type=\"spacer.default\">\n\t\t\t\t<div class=\"elementor-widget-container\">\n\t\t\t\t\t\t\t<div class=\"elementor-spacer\">\n\t\t\t<div class=\"elementor-spacer-inner\"><\/div>\n\t\t<\/div>\n\t\t\t\t\t\t<\/div>\n\t\t\t\t<\/div>\n\t\t\n\t\t<div class=\"elementor-element elementor-element-180e860 elementor-widget elementor-widget-text-editor\" data-id=\"180e860\" data-element_type=\"widget\" data-widget_type=\"text-editor.default\">\n\t\t\t\t<div class=\"elementor-widget-container\">\n\t\t\t\t\t\t\t\t\t<p class=\"p1\">Ksi\u0105\u017cka mo\u017ce by\u0107 debiutem autora, narz\u0119dziem sprzeda\u017cowym firmy, materia\u0142em szkoleniowym albo publikacj\u0105 przygotowan\u0105 do regularnej dystrybucji. Za ka\u017cdym razem liczy si\u0119 jednak to samo &#8211; czy gotowy egzemplarz wygl\u0105da profesjonalnie i czy spos\u00f3b produkcji zosta\u0142 dobrze dopasowany do celu wydania. W\u0142a\u015bnie dlatego <strong>klienci z B\u0119dzina<\/strong> zamawiaj\u0105 druk ksi\u0105\u017cek nie tylko z my\u015bl\u0105 o samym wydruku, ale o ca\u0142ym efekcie ko\u0144cowym: od jako\u015bci papieru po wygl\u0105d ok\u0142adki i trwa\u0142o\u015b\u0107 oprawy.<\/p>\t\t\t\t\t\t\t\t<\/div>\n\t\t\t\t<\/div>\n\t\t\t\t<div class=\"elementor-element elementor-element-35852fd elementor-widget elementor-widget-spacer\" data-id=\"35852fd\" data-element_type=\"widget\" data-widget_type=\"spacer.default\">\n\t\t\t\t<div class=\"elementor-widget-container\">\n\t\t\t\t\t\t\t<div class=\"elementor-spacer\">\n\t\t\t<div class=\"elementor-spacer-inner\"><\/div>\n\t\t<\/div>\n\t\t\t\t\t\t<\/div>\n\t\t\t\t<\/div>\n\t\t\t\t<div class=\"elementor-element elementor-element-1c24006 elementor-button-default elementor-widget elementor-widget-button\" data-id=\"1c24006\" data-element_type=\"widget\" data-widget_type=\"button.default\">\n\t\t\t\t<div class=\"elementor-widget-container\">\n\t\t\t\t\t\t\t\t\t<div class=\"elementor-button-wrapper\">\n\t\t\t\t\t<a class=\"elementor-button elementor-button-link elementor-size-sm\" href=\"https:\/\/drukarnia-danpol.pl\/en\/kontakt\/\">\n\t\t\t\t\t\t<span class=\"elementor-button-content-wrapper\">\n\t\t\t\t\t\t\t\t\t<span class=\"elementor-button-text\">Order a quote for book printing \u2192<\/span>\n\t\t\t\t\t<\/span>\n\t\t\t\t\t<\/a>\n\t\t\t\t<\/div>\n\t\t\t\t\t\t\t\t<\/div>\n\t\t\t\t<\/div>\n\t\t\t\t<\/div>\n\t\t\t\t<\/div>\n\t\t\t\t\t<\/div>\n\t\t\t\t<\/div>\n\t\t<div class=\"elementor-element elementor-element-b258fda e-flex e-con-boxed e-con e-parent\" data-id=\"b258fda\" data-element_type=\"container\" data-settings=\"{&quot;background_background&quot;:&quot;classic&quot;}\">\n\t\t\t\t\t<div class=\"e-con-inner\">\n\t\t<div class=\"elementor-element elementor-element-fe08440 e-con-full e-flex e-con e-child\" data-id=\"fe08440\" data-element_type=\"container\" data-settings=\"{&quot;background_background&quot;:&quot;classic&quot;}\">\n\t\t<div class=\"elementor-element elementor-element-c5db370 e-con-full e-flex e-con e-child\" data-id=\"c5db370\" data-element_type=\"container\" data-settings=\"{&quot;background_background&quot;:&quot;classic&quot;}\">\n\t\t\t\t<div class=\"elementor-element elementor-element-d0a477a elementor-widget elementor-widget-heading\" data-id=\"d0a477a\" data-element_type=\"widget\" data-widget_type=\"heading.default\">\n\t\t\t\t<div class=\"elementor-widget-container\">\n\t\t\t\t\t<h2 class=\"elementor-heading-title elementor-size-default\">Druk ksi\u0105\u017cek w ma\u0142ym i du\u017cym nak\u0142adzie<\/h2>\t\t\t\t<\/div>\n\t\t\t\t<\/div>\n\t\t\t\t<div class=\"elementor-element elementor-element-83bd5d2 elementor-widget elementor-widget-spacer\" data-id=\"83bd5d2\" data-element_type=\"widget\" data-widget_type=\"spacer.default\">\n\t\t\t\t<div class=\"elementor-widget-container\">\n\t\t\t\t\t\t\t<div class=\"elementor-spacer\">\n\t\t\t<div class=\"elementor-spacer-inner\"><\/div>\n\t\t<\/div>\n\t\t\t\t\t\t<\/div>\n\t\t\t\t<\/div>\n\t\t\t\t<div class=\"elementor-element elementor-element-d707a78 elementor-widget elementor-widget-text-editor\" data-id=\"d707a78\" data-element_type=\"widget\" data-widget_type=\"text-editor.default\">\n\t\t\t\t<div class=\"elementor-widget-container\">\n\t\t\t\t\t\t\t\t\t<p class=\"p1\">Nie ka\u017cda publikacja wymaga od razu du\u017cej produkcji. Cz\u0119\u015b\u0107 klient\u00f3w potrzebuje kr\u00f3tkiej serii na start, pojedynczych egzemplarzy pokazowych albo pierwszego nak\u0142adu, kt\u00f3ry pozwoli sprawdzi\u0107 zainteresowanie tytu\u0142em. Inni od pocz\u0105tku planuj\u0105 wi\u0119ksz\u0105 liczb\u0119 egzemplarzy do sprzeda\u017cy, wysy\u0142ki lub dalszej dystrybucji. To w\u0142a\u015bnie od tej decyzji zale\u017cy bardzo du\u017co &#8211; <strong>koszt, technologia i organizacja ca\u0142ego procesu<\/strong>.<\/p><p class=\"p1\">Dlatego <strong>druk ksi\u0105\u017cek warto planowa\u0107 pod k\u0105tem realnego zastosowania<\/strong>, a nie tylko samej obj\u0119to\u015bci czy formatu. Inaczej produkuje si\u0119 wydanie autorskie, inaczej publikacj\u0119 dla firmy, a jeszcze inaczej seri\u0119 przeznaczon\u0105 dla <strong>wydawnictwa<\/strong> lub partner\u00f3w handlowych.<\/p>\t\t\t\t\t\t\t\t<\/div>\n\t\t\t\t<\/div>\n\t\t\t\t<\/div>\n\t\t\t\t<\/div>\n\t\t\t\t\t<\/div>\n\t\t\t\t<\/div>\n\t\t<div class=\"elementor-element elementor-element-03305d8 e-flex e-con-boxed e-con e-parent\" data-id=\"03305d8\" data-element_type=\"container\">\n\t\t\t\t\t<div class=\"e-con-inner\">\n\t\t<div class=\"elementor-element elementor-element-26a7956 e-con-full e-flex e-con e-child\" data-id=\"26a7956\" data-element_type=\"container\">\n\t\t<div class=\"elementor-element elementor-element-8507ef7 e-con-full e-flex e-con e-child\" data-id=\"8507ef7\" data-element_type=\"container\">\n\t\t\t\t<div class=\"elementor-element elementor-element-b50341d elementor-widget elementor-widget-heading\" data-id=\"b50341d\" data-element_type=\"widget\" data-widget_type=\"heading.default\">\n\t\t\t\t<div class=\"elementor-widget-container\">\n\t\t\t\t\t<h2 class=\"elementor-heading-title elementor-size-default\">Kiedy ksi\u0105\u017cka ma wygl\u0105da\u0107 dobrze nie tylko na ekranie<\/h2>\t\t\t\t<\/div>\n\t\t\t\t<\/div>\n\t\t\t\t<div class=\"elementor-element elementor-element-d81e347 elementor-widget elementor-widget-spacer\" data-id=\"d81e347\" data-element_type=\"widget\" data-widget_type=\"spacer.default\">\n\t\t\t\t<div class=\"elementor-widget-container\">\n\t\t\t\t\t\t\t<div class=\"elementor-spacer\">\n\t\t\t<div class=\"elementor-spacer-inner\"><\/div>\n\t\t<\/div>\n\t\t\t\t\t\t<\/div>\n\t\t\t\t<\/div>\n\t\t\t\t<div class=\"elementor-element elementor-element-378b9f4 elementor-widget elementor-widget-text-editor\" data-id=\"378b9f4\" data-element_type=\"widget\" data-widget_type=\"text-editor.default\">\n\t\t\t\t<div class=\"elementor-widget-container\">\n\t\t\t\t\t\t\t\t\t<p class=\"p1\">Projekt mo\u017ce prezentowa\u0107 si\u0119 \u015bwietnie w PDF-ie, ale dopiero po wydruku wida\u0107, czy wszystko zosta\u0142o dobrze zaplanowane. Znaczenie ma <strong>nasycenie kolor\u00f3w, czytelno\u015b\u0107 tekstu, dob\u00f3r papieru, sztywno\u015b\u0107 ok\u0142adki<\/strong> i to, jak ksi\u0105\u017cka zachowuje si\u0119 w d\u0142oni. W praktyce w\u0142a\u015bnie na tym etapie wychodzi r\u00f3\u017cnica mi\u0119dzy publikacj\u0105 przeci\u0119tn\u0105 a tak\u0105, kt\u00f3ra od razu robi lepsze wra\u017cenie.<\/p><p class=\"p1\">Dla <strong>klient\u00f3w z B\u0119dzina<\/strong>, kt\u00f3rzy chc\u0105 zam\u00f3wi\u0107 ksi\u0105\u017ck\u0119 estetyczn\u0105 i dopracowan\u0105, wa\u017cne jest wi\u0119c nie tylko samo uruchomienie druku, ale te\u017c wcze\u015bniejsze przemy\u015blenie wyko\u0144czenia. To szczeg\u00f3lnie istotne przy albumach, wydaniach premium, ksi\u0105\u017ckach firmowych i tytu\u0142ach przeznaczonych do sprzeda\u017cy.<\/p><h3>Co najcz\u0119\u015bciej drukujemy:<\/h3><ul><li>Paperback and hardcover books<\/li><li>Novels, prose, poetry<\/li><li>Scientific and technical books<\/li><li>Premium albums and publications<\/li><li>Prints for publishers and individual authors<\/li><\/ul><h3><span class=\"s1\"><b>Co najmocniej wp\u0142ywa na odbi\u00f3r gotowego wydania<\/b><\/span>:<\/h3><ul><li>Matte \/ glossy \/ soft touch lamination<\/li><li>Hot stamping (gold\/silver)<\/li><li>Embossing and selective UV varnish<\/li><\/ul>\t\t\t\t\t\t\t\t<\/div>\n\t\t\t\t<\/div>\n\t\t\t\t<\/div>\n\t\t\t\t<\/div>\n\t\t\t\t\t<\/div>\n\t\t\t\t<\/div>\n\t\t<div class=\"elementor-element elementor-element-a59d3f9 e-flex e-con-boxed e-con e-parent\" data-id=\"a59d3f9\" data-element_type=\"container\" data-settings=\"{&quot;background_background&quot;:&quot;classic&quot;}\">\n\t\t\t\t\t<div class=\"e-con-inner\">\n\t\t<div class=\"elementor-element elementor-element-0e9d6c3 e-con-full e-flex e-con e-child\" data-id=\"0e9d6c3\" data-element_type=\"container\" data-settings=\"{&quot;background_background&quot;:&quot;classic&quot;}\">\n\t\t<div class=\"elementor-element elementor-element-6a2573b e-con-full e-flex e-con e-child\" data-id=\"6a2573b\" data-element_type=\"container\" data-settings=\"{&quot;background_background&quot;:&quot;classic&quot;}\">\n\t\t\t\t<div class=\"elementor-element elementor-element-7d7e8ed elementor-widget elementor-widget-heading\" data-id=\"7d7e8ed\" data-element_type=\"widget\" data-widget_type=\"heading.default\">\n\t\t\t\t<div class=\"elementor-widget-container\">\n\t\t\t\t\t<h2 class=\"elementor-heading-title elementor-size-default\">Jak zam\u00f3wi\u0107 druk ksi\u0105\u017cek?<\/h2>\t\t\t\t<\/div>\n\t\t\t\t<\/div>\n\t\t\t\t<div class=\"elementor-element elementor-element-35fa849 elementor-widget elementor-widget-spacer\" data-id=\"35fa849\" data-element_type=\"widget\" data-widget_type=\"spacer.default\">\n\t\t\t\t<div class=\"elementor-widget-container\">\n\t\t\t\t\t\t\t<div class=\"elementor-spacer\">\n\t\t\t<div class=\"elementor-spacer-inner\"><\/div>\n\t\t<\/div>\n\t\t\t\t\t\t<\/div>\n\t\t\t\t<\/div>\n\t\t\t\t<div class=\"elementor-element elementor-element-3661b44 elementor-widget elementor-widget-text-editor\" data-id=\"3661b44\" data-element_type=\"widget\" data-widget_type=\"text-editor.default\">\n\t\t\t\t<div class=\"elementor-widget-container\">\n\t\t\t\t\t\t\t\t\t<ol><li>Send PDF files or design for a quote.<\/li><li>You will receive an accurate quote and completion date within 24 hours.<\/li><li>After approval, we start printing.<\/li><li>Personal collection in Zabrze or courier delivery.<\/li><\/ol>\t\t\t\t\t\t\t\t<\/div>\n\t\t\t\t<\/div>\n\t\t\t\t<div class=\"elementor-element elementor-element-1b0f212 elementor-button-default elementor-widget elementor-widget-button\" data-id=\"1b0f212\" data-element_type=\"widget\" data-widget_type=\"button.default\">\n\t\t\t\t<div class=\"elementor-widget-container\">\n\t\t\t\t\t\t\t\t\t<div class=\"elementor-button-wrapper\">\n\t\t\t\t\t<a class=\"elementor-button elementor-button-link elementor-size-sm\" href=\"https:\/\/drukarnia-danpol.pl\/en\/kontakt\/\">\n\t\t\t\t\t\t<span class=\"elementor-button-content-wrapper\">\n\t\t\t\t\t\t\t\t\t<span class=\"elementor-button-text\">Request a quote \u2192<\/span>\n\t\t\t\t\t<\/span>\n\t\t\t\t\t<\/a>\n\t\t\t\t<\/div>\n\t\t\t\t\t\t\t\t<\/div>\n\t\t\t\t<\/div>\n\t\t\t\t<\/div>\n\t\t\t\t<\/div>\n\t\t\t\t\t<\/div>\n\t\t\t\t<\/div>\n\t\t<div class=\"elementor-element elementor-element-0d8dd50 e-flex e-con-boxed e-con e-parent\" data-id=\"0d8dd50\" data-element_type=\"container\">\n\t\t\t\t\t<div class=\"e-con-inner\">\n\t\t<div class=\"elementor-element elementor-element-0bc8804 e-con-full e-flex e-con e-child\" data-id=\"0bc8804\" data-element_type=\"container\">\n\t\t<div class=\"elementor-element elementor-element-b963a12 e-con-full e-flex e-con e-child\" data-id=\"b963a12\" data-element_type=\"container\">\n\t\t\t\t<div class=\"elementor-element elementor-element-9517754 elementor-widget elementor-widget-heading\" data-id=\"9517754\" data-element_type=\"widget\" data-widget_type=\"heading.default\">\n\t\t\t\t<div class=\"elementor-widget-container\">\n\t\t\t\t\t<h2 class=\"elementor-heading-title elementor-size-default\">Druk cyfrowy a offsetowy - co wybra\u0107 przy zam\u00f3wieniu ksi\u0105\u017cki<\/h2>\t\t\t\t<\/div>\n\t\t\t\t<\/div>\n\t\t\t\t<div class=\"elementor-element elementor-element-7520382 elementor-widget elementor-widget-spacer\" data-id=\"7520382\" data-element_type=\"widget\" data-widget_type=\"spacer.default\">\n\t\t\t\t<div class=\"elementor-widget-container\">\n\t\t\t\t\t\t\t<div class=\"elementor-spacer\">\n\t\t\t<div class=\"elementor-spacer-inner\"><\/div>\n\t\t<\/div>\n\t\t\t\t\t\t<\/div>\n\t\t\t\t<\/div>\n\t\t\t\t<div class=\"elementor-element elementor-element-43bfaa4 elementor-widget elementor-widget-text-editor\" data-id=\"43bfaa4\" data-element_type=\"widget\" data-widget_type=\"text-editor.default\">\n\t\t\t\t<div class=\"elementor-widget-container\">\n\t\t\t\t\t\t\t\t\t<p class=\"p1\"><strong>Je\u015bli nak\u0142ad jest niewielki<\/strong>, a liczy si\u0119 elastyczno\u015b\u0107 i szybki termin, bardzo dobrze sprawdza si\u0119 druk cyfrowy. To rozwi\u0105zanie ch\u0119tnie wybierane przez autor\u00f3w niezale\u017cnych, klient\u00f3w zamawiaj\u0105cych pierwsz\u0105 seri\u0119 oraz firmy potrzebuj\u0105ce kr\u00f3tszych publikacji bez du\u017cego kosztu startowego.<\/p><p class=\"p1\"><strong>Przy wi\u0119kszych nak\u0142adach<\/strong> przewag\u0119 zyskuje druk offsetowy. Daje korzystniejsz\u0105 cen\u0119 jednostkow\u0105 i bardzo dobr\u0105 powtarzalno\u015b\u0107 ca\u0142ej produkcji. W\u0142a\u015bnie dlatego wyb\u00f3r technologii nie powinien by\u0107 automatyczny. Najlepszy efekt daje dopiero wtedy, gdy zostanie dopasowany do skali projektu i celu publikacji.<\/p>\t\t\t\t\t\t\t\t<\/div>\n\t\t\t\t<\/div>\n\t\t\t\t<\/div>\n\t\t\t\t<\/div>\n\t\t\t\t\t<\/div>\n\t\t\t\t<\/div>\n\t\t<div class=\"elementor-element elementor-element-c298616 e-flex e-con-boxed e-con e-parent\" data-id=\"c298616\" data-element_type=\"container\" data-settings=\"{&quot;background_background&quot;:&quot;classic&quot;}\">\n\t\t\t\t\t<div class=\"e-con-inner\">\n\t\t<div class=\"elementor-element elementor-element-f198a30 e-con-full e-flex e-con e-child\" data-id=\"f198a30\" data-element_type=\"container\" data-settings=\"{&quot;background_background&quot;:&quot;classic&quot;}\">\n\t\t<div class=\"elementor-element elementor-element-8986d42 e-con-full e-flex e-con e-child\" data-id=\"8986d42\" data-element_type=\"container\" data-settings=\"{&quot;background_background&quot;:&quot;classic&quot;}\">\n\t\t\t\t<div class=\"elementor-element elementor-element-242dfc2 elementor-widget elementor-widget-heading\" data-id=\"242dfc2\" data-element_type=\"widget\" data-widget_type=\"heading.default\">\n\t\t\t\t<div class=\"elementor-widget-container\">\n\t\t\t\t\t<h2 class=\"elementor-heading-title elementor-size-default\">Realizacja ksi\u0105\u017cek dla klient\u00f3w z B\u0119dzina i okolic<\/h2>\t\t\t\t<\/div>\n\t\t\t\t<\/div>\n\t\t\t\t<div class=\"elementor-element elementor-element-c12fb64 elementor-widget elementor-widget-spacer\" data-id=\"c12fb64\" data-element_type=\"widget\" data-widget_type=\"spacer.default\">\n\t\t\t\t<div class=\"elementor-widget-container\">\n\t\t\t\t\t\t\t<div class=\"elementor-spacer\">\n\t\t\t<div class=\"elementor-spacer-inner\"><\/div>\n\t\t<\/div>\n\t\t\t\t\t\t<\/div>\n\t\t\t\t<\/div>\n\t\t\t\t<div class=\"elementor-element elementor-element-89b5af6 elementor-widget elementor-widget-text-editor\" data-id=\"89b5af6\" data-element_type=\"widget\" data-widget_type=\"text-editor.default\">\n\t\t\t\t<div class=\"elementor-widget-container\">\n\t\t\t\t\t\t\t\t\t<p class=\"p1\">Zam\u00f3wienia z <strong>B\u0119dzina<\/strong> mo\u017cna prowadzi\u0107 <strong>wygodnie online<\/strong>, z wysy\u0142k\u0105 gotowych egzemplarzy pod wskazany adres. To dobre rozwi\u0105zanie dla klient\u00f3w, kt\u00f3rzy chc\u0105 zamkn\u0105\u0107 ca\u0142o\u015b\u0107 sprawnie i bez zb\u0119dnych formalno\u015bci. Jednocze\u015bnie wsp\u00f3\u0142praca odbywa si\u0119 z <strong>drukarni\u0105 dzia\u0142aj\u0105c\u0105 realnie na \u015al\u0105sku<\/strong>, co daje wi\u0119ksze poczucie kontroli nad jako\u015bci\u0105 i przebiegiem realizacji.<\/p><p class=\"p1\">Je\u017celi zale\u017cy Ci na ksi\u0105\u017cce, kt\u00f3ra ma by\u0107 nie tylko wydrukowana, ale te\u017c dobrze przygotowana jako produkt ko\u0144cowy, taki model wsp\u00f3\u0142pracy sprawdza si\u0119 zdecydowanie lepiej ni\u017c przypadkowe sk\u0142adanie ca\u0142ego procesu z kilku osobnych us\u0142ug.<\/p><p>We also print for other nearby cities such as:<\/p><ul><li class=\"p1\"><a href=\"https:\/\/drukarnia-danpol.pl\/en\/drukarnia-ksiazek-gliwice\/\">Book printing Gliwice<\/a><\/li><li><a href=\"https:\/\/drukarnia-danpol.pl\/en\/drukarnia-ksiazek-katowice\/\">Book printing Katowice<\/a><\/li><\/ul>\t\t\t\t\t\t\t\t<\/div>\n\t\t\t\t<\/div>\n\t\t\t\t<div class=\"elementor-element elementor-element-afecbe2 elementor-button-default elementor-widget elementor-widget-button\" data-id=\"afecbe2\" data-element_type=\"widget\" data-widget_type=\"button.default\">\n\t\t\t\t<div class=\"elementor-widget-container\">\n\t\t\t\t\t\t\t\t\t<div class=\"elementor-button-wrapper\">\n\t\t\t\t\t<a class=\"elementor-button elementor-button-link elementor-size-sm\" href=\"https:\/\/drukarnia-danpol.pl\/en\/kontakt\/\">\n\t\t\t\t\t\t<span class=\"elementor-button-content-wrapper\">\n\t\t\t\t\t\t\t\t\t<span class=\"elementor-button-text\">Contact us \u2192<\/span>\n\t\t\t\t\t<\/span>\n\t\t\t\t\t<\/a>\n\t\t\t\t<\/div>\n\t\t\t\t\t\t\t\t<\/div>\n\t\t\t\t<\/div>\n\t\t\t\t<div class=\"elementor-element elementor-element-d236410 elementor-widget elementor-widget-spacer\" data-id=\"d236410\" data-element_type=\"widget\" data-widget_type=\"spacer.default\">\n\t\t\t\t<div class=\"elementor-widget-container\">\n\t\t\t\t\t\t\t<div class=\"elementor-spacer\">\n\t\t\t<div class=\"elementor-spacer-inner\"><\/div>\n\t\t<\/div>\n\t\t\t\t\t\t<\/div>\n\t\t\t\t<\/div>\n\t\t\t\t<div class=\"elementor-element elementor-element-34325c6 elementor-widget elementor-widget-html\" data-id=\"34325c6\" data-element_type=\"widget\" data-widget_type=\"html.default\">\n\t\t\t\t<div class=\"elementor-widget-container\">\n\t\t\t\t\t<iframe src=\"https:\/\/www.google.com\/maps\/embed?pb=!1m18!1m12!1m3!1d40958.64801709255!2d19.082733575305603!3d50.33574784145464!2m3!1f0!2f0!3f0!3m2!1i1024!2i768!4f13.1!3m3!1m2!1s0x4716d0a03e33763b%3A0xd318f08cd34eb713!2zQsSZZHppbg!5e1!3m2!1sen!2spl!4v1777630608446!5m2!1sen!2spl\" width=\"100%\" height=\"377\" style=\"border:0;\" allowfullscreen=\"\" loading=\"lazy\" referrerpolicy=\"no-referrer-when-downgrade\"><\/iframe>\t\t\t\t<\/div>\n\t\t\t\t<\/div>\n\t\t\t\t<\/div>\n\t\t\t\t<\/div>\n\t\t\t\t\t<\/div>\n\t\t\t\t<\/div>\n\t\t\t\t<\/div>","protected":false},"excerpt":{"rendered":"<p>Drukarnia ksi\u0105\u017cek B\u0119dzin Ksi\u0105\u017cka mo\u017ce by\u0107 debiutem autora, narz\u0119dziem sprzeda\u017cowym firmy, materia\u0142em szkoleniowym albo publikacj\u0105 przygotowan\u0105 do regularnej dystrybucji. Za ka\u017cdym razem liczy si\u0119 jednak to samo &#8211; czy gotowy egzemplarz wygl\u0105da profesjonalnie i czy spos\u00f3b produkcji zosta\u0142 dobrze dopasowany do celu wydania. W\u0142a\u015bnie dlatego klienci z B\u0119dzina zamawiaj\u0105 druk ksi\u0105\u017cek nie tylko z my\u015bl\u0105 [&hellip;]<\/p>\n","protected":false},"author":149,"featured_media":0,"parent":0,"menu_order":0,"comment_status":"closed","ping_status":"closed","template":"","meta":{"footnotes":""},"class_list":["post-11781","page","type-page","status-publish","hentry"],"_links":{"self":[{"href":"https:\/\/drukarnia-danpol.pl\/en\/wp-json\/wp\/v2\/pages\/11781","targetHints":{"allow":["GET"]}}],"collection":[{"href":"https:\/\/drukarnia-danpol.pl\/en\/wp-json\/wp\/v2\/pages"}],"about":[{"href":"https:\/\/drukarnia-danpol.pl\/en\/wp-json\/wp\/v2\/types\/page"}],"author":[{"embeddable":true,"href":"https:\/\/drukarnia-danpol.pl\/en\/wp-json\/wp\/v2\/users\/149"}],"replies":[{"embeddable":true,"href":"https:\/\/drukarnia-danpol.pl\/en\/wp-json\/wp\/v2\/comments?post=11781"}],"version-history":[{"count":7,"href":"https:\/\/drukarnia-danpol.pl\/en\/wp-json\/wp\/v2\/pages\/11781\/revisions"}],"predecessor-version":[{"id":11788,"href":"https:\/\/drukarnia-danpol.pl\/en\/wp-json\/wp\/v2\/pages\/11781\/revisions\/11788"}],"wp:attachment":[{"href":"https:\/\/drukarnia-danpol.pl\/en\/wp-json\/wp\/v2\/media?parent=11781"}],"curies":[{"name":"wp","href":"https:\/\/api.w.org\/{rel}","templated":true}]}}