{"id":11797,"date":"2026-05-01T13:22:30","date_gmt":"2026-05-01T11:22:30","guid":{"rendered":"https:\/\/drukarnia-danpol.pl\/?page_id=11797"},"modified":"2026-05-01T13:29:16","modified_gmt":"2026-05-01T11:29:16","slug":"drukarnia-ksiazek-pyskowice","status":"publish","type":"page","link":"https:\/\/drukarnia-danpol.pl\/en\/drukarnia-ksiazek-pyskowice\/","title":{"rendered":"Pyskowice Book Printing House"},"content":{"rendered":"<div data-elementor-type=\"wp-page\" data-elementor-id=\"11797\" class=\"elementor elementor-11797\">\n\t\t\t\t<div class=\"elementor-element elementor-element-9cbe1c7 e-flex e-con-boxed e-con e-parent\" data-id=\"9cbe1c7\" data-element_type=\"container\">\n\t\t\t\t\t<div class=\"e-con-inner\">\n\t\t<div class=\"elementor-element elementor-element-3e3b302 e-con-full e-flex e-con e-child\" data-id=\"3e3b302\" data-element_type=\"container\">\n\t\t<div class=\"elementor-element elementor-element-254f698 e-con-full e-flex e-con e-child\" data-id=\"254f698\" data-element_type=\"container\">\n\t\t\t\t<div class=\"elementor-element elementor-element-8d0dcd2 elementor-widget elementor-widget-spacer\" data-id=\"8d0dcd2\" data-element_type=\"widget\" data-widget_type=\"spacer.default\">\n\t\t\t\t<div class=\"elementor-widget-container\">\n\t\t\t\t\t\t\t<div class=\"elementor-spacer\">\n\t\t\t<div class=\"elementor-spacer-inner\"><\/div>\n\t\t<\/div>\n\t\t\t\t\t\t<\/div>\n\t\t\t\t<\/div>\n\t\t\t\t<div class=\"elementor-element elementor-element-ac5418b elementor-widget elementor-widget-heading\" data-id=\"ac5418b\" data-element_type=\"widget\" data-widget_type=\"heading.default\">\n\t\t\t\t<div class=\"elementor-widget-container\">\n\t\t\t\t\t<h1 class=\"elementor-heading-title elementor-size-default\">Pyskowice Book Printing House<\/h1>\t\t\t\t<\/div>\n\t\t\t\t<\/div>\n\t\t\t\t<div class=\"elementor-element elementor-element-b46d0b3 elementor-widget elementor-widget-spacer\" data-id=\"b46d0b3\" data-element_type=\"widget\" data-widget_type=\"spacer.default\">\n\t\t\t\t<div class=\"elementor-widget-container\">\n\t\t\t\t\t\t\t<div class=\"elementor-spacer\">\n\t\t\t<div class=\"elementor-spacer-inner\"><\/div>\n\t\t<\/div>\n\t\t\t\t\t\t<\/div>\n\t\t\t\t<\/div>\n\t\t\n\t\t<div class=\"elementor-element elementor-element-51c51a8 elementor-widget elementor-widget-text-editor\" data-id=\"51c51a8\" data-element_type=\"widget\" data-widget_type=\"text-editor.default\">\n\t\t\t\t<div class=\"elementor-widget-container\">\n\t\t\t\t\t\t\t\t\t<p class=\"p1\">Przy druku ksi\u0105\u017cek najwi\u0119cej zale\u017cy od <strong>decyzji, kt\u00f3re podejmuje si\u0119 jeszcze przed startem produkcji<\/strong>. To wtedy ustala si\u0119, czy publikacja ma by\u0107 ekonomiczna, reprezentacyjna, wygodna w codziennym u\u017cytkowaniu czy przygotowana pod sprzeda\u017c w wi\u0119kszym nak\u0142adzie. Sam wydruk to dopiero jeden z etap\u00f3w. R\u00f3wnie wa\u017cne s\u0105 <strong>papier, oprawa, spos\u00f3b wyko\u0144czenia<\/strong> oraz to, czy ca\u0142y proces da si\u0119 przeprowadzi\u0107 spokojnie i bez organizacyjnego chaosu.<\/p><p class=\"p1\">W\u0142a\u015bnie dlatego wydawnictwa z <strong>Pyskowic<\/strong> coraz cz\u0119\u015bciej wybieraj\u0105 wsp\u00f3\u0142prac\u0119 z drukarni\u0105, kt\u00f3ra nie dzia\u0142a wy\u0142\u0105cznie \u201ena formularz\u201d, ale potrafi spojrze\u0107 na ksi\u0105\u017ck\u0119 szerzej. U nas w <strong>DANPOL<\/strong> realizujemy publikacje dla autor\u00f3w, firm, wydawnictw i instytucji, \u0142\u0105cz\u0105c zaplecze produkcyjne z wygodnym modelem zam\u00f3wie\u0144 online. <strong>Gotowe egzemplarze mo\u017cemy wys\u0142a\u0107 pod wskazany adres<\/strong>, a je\u015bli projekt wymaga dok\u0142adniejszych ustale\u0144, <strong>mo\u017cna r\u00f3wnie\u017c skonsultowa\u0107 szczeg\u00f3\u0142y na \u017cywo u nas w Zabrzu<\/strong> przed rozpocz\u0119ciem realizacji.<\/p>\t\t\t\t\t\t\t\t<\/div>\n\t\t\t\t<\/div>\n\t\t\t\t<div class=\"elementor-element elementor-element-fe9b544 elementor-widget elementor-widget-spacer\" data-id=\"fe9b544\" data-element_type=\"widget\" data-widget_type=\"spacer.default\">\n\t\t\t\t<div class=\"elementor-widget-container\">\n\t\t\t\t\t\t\t<div class=\"elementor-spacer\">\n\t\t\t<div class=\"elementor-spacer-inner\"><\/div>\n\t\t<\/div>\n\t\t\t\t\t\t<\/div>\n\t\t\t\t<\/div>\n\t\t\t\t<div class=\"elementor-element elementor-element-67d1354 elementor-button-default elementor-widget elementor-widget-button\" data-id=\"67d1354\" data-element_type=\"widget\" data-widget_type=\"button.default\">\n\t\t\t\t<div class=\"elementor-widget-container\">\n\t\t\t\t\t\t\t\t\t<div class=\"elementor-button-wrapper\">\n\t\t\t\t\t<a class=\"elementor-button elementor-button-link elementor-size-sm\" href=\"https:\/\/drukarnia-danpol.pl\/en\/kontakt\/\">\n\t\t\t\t\t\t<span class=\"elementor-button-content-wrapper\">\n\t\t\t\t\t\t\t\t\t<span class=\"elementor-button-text\">Order a quote for book printing \u2192<\/span>\n\t\t\t\t\t<\/span>\n\t\t\t\t\t<\/a>\n\t\t\t\t<\/div>\n\t\t\t\t\t\t\t\t<\/div>\n\t\t\t\t<\/div>\n\t\t\t\t<\/div>\n\t\t\t\t<\/div>\n\t\t\t\t\t<\/div>\n\t\t\t\t<\/div>\n\t\t<div class=\"elementor-element elementor-element-346b9ab e-flex e-con-boxed e-con e-parent\" data-id=\"346b9ab\" data-element_type=\"container\" data-settings=\"{&quot;background_background&quot;:&quot;classic&quot;}\">\n\t\t\t\t\t<div class=\"e-con-inner\">\n\t\t<div class=\"elementor-element elementor-element-fbd6a2c e-con-full e-flex e-con e-child\" data-id=\"fbd6a2c\" data-element_type=\"container\" data-settings=\"{&quot;background_background&quot;:&quot;classic&quot;}\">\n\t\t<div class=\"elementor-element elementor-element-58822b9 e-con-full e-flex e-con e-child\" data-id=\"58822b9\" data-element_type=\"container\" data-settings=\"{&quot;background_background&quot;:&quot;classic&quot;}\">\n\t\t\t\t<div class=\"elementor-element elementor-element-41b287e elementor-widget elementor-widget-heading\" data-id=\"41b287e\" data-element_type=\"widget\" data-widget_type=\"heading.default\">\n\t\t\t\t<div class=\"elementor-widget-container\">\n\t\t\t\t\t<h2 class=\"elementor-heading-title elementor-size-default\">Drukarnia ksi\u0105\u017cek dla autor\u00f3w niezale\u017cnych, firm i wydawnictw<\/h2>\t\t\t\t<\/div>\n\t\t\t\t<\/div>\n\t\t\t\t<div class=\"elementor-element elementor-element-a54cbb3 elementor-widget elementor-widget-spacer\" data-id=\"a54cbb3\" data-element_type=\"widget\" data-widget_type=\"spacer.default\">\n\t\t\t\t<div class=\"elementor-widget-container\">\n\t\t\t\t\t\t\t<div class=\"elementor-spacer\">\n\t\t\t<div class=\"elementor-spacer-inner\"><\/div>\n\t\t<\/div>\n\t\t\t\t\t\t<\/div>\n\t\t\t\t<\/div>\n\t\t\t\t<div class=\"elementor-element elementor-element-6915198 elementor-widget elementor-widget-text-editor\" data-id=\"6915198\" data-element_type=\"widget\" data-widget_type=\"text-editor.default\">\n\t\t\t\t<div class=\"elementor-widget-container\">\n\t\t\t\t\t\t\t\t\t<p class=\"p1\">Nie ka\u017cda ksi\u0105\u017cka powstaje z tych samych powod\u00f3w. Jedna ma by\u0107 pierwszym krokiem autora w stron\u0119 w\u0142asnego wydania, inna cz\u0119\u015bci\u0105 wi\u0119kszego planu wydawniczego, a jeszcze inna narz\u0119dziem sprzeda\u017cowym lub wizerunkowym firmy. <strong>To w\u0142a\u015bnie dlatego spos\u00f3b realizacji nie powinien by\u0107 przypadkowy<\/strong>. Inaczej planuje si\u0119 kameralny nak\u0142ad powie\u015bci, inaczej album, a jeszcze inaczej publikacj\u0119 szkoleniow\u0105 czy techniczn\u0105, kt\u00f3ra ma trafi\u0107 do konkretnych odbiorc\u00f3w i dobrze znosi\u0107 codzienne u\u017cytkowanie.<\/p><p class=\"p1\">Dla <strong>autor\u00f3w ksi\u0105\u017cek z Pyskowic<\/strong> wa\u017cne jest to, \u017ce ksi\u0105\u017cka nie musi by\u0107 dopasowywana do jednego sztywnego modelu produkcji. Znacznie lepiej dzia\u0142a podej\u015bcie, w kt\u00f3rym parametry druku dobiera si\u0119 do przeznaczenia publikacji, planowanego nak\u0142adu i bud\u017cetu. Dzi\u0119ki temu \u0142atwiej unikn\u0105\u0107 sytuacji, w kt\u00f3rej gotowe wydanie wygl\u0105da poprawnie, ale nie spe\u0142nia swojej funkcji ani sprzeda\u017cowej, ani u\u017cytkowej.<\/p>\t\t\t\t\t\t\t\t<\/div>\n\t\t\t\t<\/div>\n\t\t\t\t<\/div>\n\t\t\t\t<\/div>\n\t\t\t\t\t<\/div>\n\t\t\t\t<\/div>\n\t\t<div class=\"elementor-element elementor-element-677d590 e-flex e-con-boxed e-con e-parent\" data-id=\"677d590\" data-element_type=\"container\">\n\t\t\t\t\t<div class=\"e-con-inner\">\n\t\t<div class=\"elementor-element elementor-element-d5c61e4 e-con-full e-flex e-con e-child\" data-id=\"d5c61e4\" data-element_type=\"container\">\n\t\t<div class=\"elementor-element elementor-element-936cc4d e-con-full e-flex e-con e-child\" data-id=\"936cc4d\" data-element_type=\"container\">\n\t\t\t\t<div class=\"elementor-element elementor-element-cf86a46 elementor-widget elementor-widget-heading\" data-id=\"cf86a46\" data-element_type=\"widget\" data-widget_type=\"heading.default\">\n\t\t\t\t<div class=\"elementor-widget-container\">\n\t\t\t\t\t<h2 class=\"elementor-heading-title elementor-size-default\">Wydanie ksi\u0105\u017cki bez dzielenia wszystkiego na kilka osobnych us\u0142ug<\/h2>\t\t\t\t<\/div>\n\t\t\t\t<\/div>\n\t\t\t\t<div class=\"elementor-element elementor-element-afe5e34 elementor-widget elementor-widget-spacer\" data-id=\"afe5e34\" data-element_type=\"widget\" data-widget_type=\"spacer.default\">\n\t\t\t\t<div class=\"elementor-widget-container\">\n\t\t\t\t\t\t\t<div class=\"elementor-spacer\">\n\t\t\t<div class=\"elementor-spacer-inner\"><\/div>\n\t\t<\/div>\n\t\t\t\t\t\t<\/div>\n\t\t\t\t<\/div>\n\t\t\t\t<div class=\"elementor-element elementor-element-2b90b0c elementor-widget elementor-widget-text-editor\" data-id=\"2b90b0c\" data-element_type=\"widget\" data-widget_type=\"text-editor.default\">\n\t\t\t\t<div class=\"elementor-widget-container\">\n\t\t\t\t\t\t\t\t\t<p class=\"p1\"><strong>Jednym z najcz\u0119stszych problem\u00f3w przy takich realizacjach jest rozbijanie projektu na kilka etap\u00f3w prowadzonych przez r\u00f3\u017cne firmy<\/strong>. Osobno przygotowanie, osobno druk, osobno oprawa, osobno wyko\u0144czenie. W teorii brzmi to prosto, ale w praktyce bardzo cz\u0119sto ko\u0144czy si\u0119 niepotrzebnym zamieszaniem, gorsz\u0105 komunikacj\u0105 i trudno\u015bci\u0105 w dopilnowaniu jako\u015bci ca\u0142ego nak\u0142adu.<\/p><p class=\"p1\">Znacznie wygodniej jest przeprowadzi\u0107 ksi\u0105\u017ck\u0119 przez jeden <strong>sp\u00f3jny proces<\/strong> i tak to w\u0142a\u015bnie wygl\u0105da w naszej drukarni <strong>DANPOL<\/strong>. Od ustalenia parametr\u00f3w i przygotowania materia\u0142\u00f3w, przez druk, a\u017c po wyko\u0144czenie, pakowanie i wysy\u0142k\u0119. Taki model daje wi\u0119kszy porz\u0105dek, lepsz\u0105 przewidywalno\u015b\u0107 i mniej miejsc, w kt\u00f3rych co\u015b mo\u017ce si\u0119 rozjecha\u0107.<\/p><p class=\"p1\">Przy publikacjach przygotowywanych do sprzeda\u017cy, prezentacji albo regularnych dodruk\u00f3w ma to naprawd\u0119 du\u017ce znaczenie.<\/p><h3>Co drukujemy najcz\u0119\u015bciej:<\/h3><ul><li>Paperback and hardcover books<\/li><li>Novels, prose, poetry<\/li><li>Scientific and technical books<\/li><li>Premium albums and publications<\/li><li>Prints for publishers and individual authors<\/li><\/ul><h3><span class=\"s1\"><b>Ok\u0142adka, oprawa i wyko\u0144czenie<\/b><\/span>:<\/h3><ul><li>Matte \/ glossy \/ soft touch lamination<\/li><li>Hot stamping (gold\/silver)<\/li><li>Embossing and selective UV varnish<\/li><\/ul>\t\t\t\t\t\t\t\t<\/div>\n\t\t\t\t<\/div>\n\t\t\t\t<\/div>\n\t\t\t\t<\/div>\n\t\t\t\t\t<\/div>\n\t\t\t\t<\/div>\n\t\t<div class=\"elementor-element elementor-element-9aec942 e-flex e-con-boxed e-con e-parent\" data-id=\"9aec942\" data-element_type=\"container\" data-settings=\"{&quot;background_background&quot;:&quot;classic&quot;}\">\n\t\t\t\t\t<div class=\"e-con-inner\">\n\t\t<div class=\"elementor-element elementor-element-852599a e-con-full e-flex e-con e-child\" data-id=\"852599a\" data-element_type=\"container\" data-settings=\"{&quot;background_background&quot;:&quot;classic&quot;}\">\n\t\t<div class=\"elementor-element elementor-element-1472b83 e-con-full e-flex e-con e-child\" data-id=\"1472b83\" data-element_type=\"container\" data-settings=\"{&quot;background_background&quot;:&quot;classic&quot;}\">\n\t\t\t\t<div class=\"elementor-element elementor-element-817a753 elementor-widget elementor-widget-heading\" data-id=\"817a753\" data-element_type=\"widget\" data-widget_type=\"heading.default\">\n\t\t\t\t<div class=\"elementor-widget-container\">\n\t\t\t\t\t<h2 class=\"elementor-heading-title elementor-size-default\">Instrukcja jak z\u0142o\u017cy\u0107 zam\u00f3wienie na druk<\/h2>\t\t\t\t<\/div>\n\t\t\t\t<\/div>\n\t\t\t\t<div class=\"elementor-element elementor-element-4e7af99 elementor-widget elementor-widget-spacer\" data-id=\"4e7af99\" data-element_type=\"widget\" data-widget_type=\"spacer.default\">\n\t\t\t\t<div class=\"elementor-widget-container\">\n\t\t\t\t\t\t\t<div class=\"elementor-spacer\">\n\t\t\t<div class=\"elementor-spacer-inner\"><\/div>\n\t\t<\/div>\n\t\t\t\t\t\t<\/div>\n\t\t\t\t<\/div>\n\t\t\t\t<div class=\"elementor-element elementor-element-2937545 elementor-widget elementor-widget-text-editor\" data-id=\"2937545\" data-element_type=\"widget\" data-widget_type=\"text-editor.default\">\n\t\t\t\t<div class=\"elementor-widget-container\">\n\t\t\t\t\t\t\t\t\t<ol><li>Send PDF files or design for a quote.<\/li><li>You will receive an accurate quote and completion date within 24 hours.<\/li><li>After approval, we start printing.<\/li><li>Personal collection in Zabrze or courier delivery.<\/li><\/ol>\t\t\t\t\t\t\t\t<\/div>\n\t\t\t\t<\/div>\n\t\t\t\t<div class=\"elementor-element elementor-element-cea1bbf elementor-button-default elementor-widget elementor-widget-button\" data-id=\"cea1bbf\" data-element_type=\"widget\" data-widget_type=\"button.default\">\n\t\t\t\t<div class=\"elementor-widget-container\">\n\t\t\t\t\t\t\t\t\t<div class=\"elementor-button-wrapper\">\n\t\t\t\t\t<a class=\"elementor-button elementor-button-link elementor-size-sm\" href=\"https:\/\/drukarnia-danpol.pl\/en\/kontakt\/\">\n\t\t\t\t\t\t<span class=\"elementor-button-content-wrapper\">\n\t\t\t\t\t\t\t\t\t<span class=\"elementor-button-text\">Request a quote \u2192<\/span>\n\t\t\t\t\t<\/span>\n\t\t\t\t\t<\/a>\n\t\t\t\t<\/div>\n\t\t\t\t\t\t\t\t<\/div>\n\t\t\t\t<\/div>\n\t\t\t\t<\/div>\n\t\t\t\t<\/div>\n\t\t\t\t\t<\/div>\n\t\t\t\t<\/div>\n\t\t<div class=\"elementor-element elementor-element-d7a6501 e-flex e-con-boxed e-con e-parent\" data-id=\"d7a6501\" data-element_type=\"container\">\n\t\t\t\t\t<div class=\"e-con-inner\">\n\t\t<div class=\"elementor-element elementor-element-3c12796 e-con-full e-flex e-con e-child\" data-id=\"3c12796\" data-element_type=\"container\">\n\t\t<div class=\"elementor-element elementor-element-84d9222 e-con-full e-flex e-con e-child\" data-id=\"84d9222\" data-element_type=\"container\">\n\t\t\t\t<div class=\"elementor-element elementor-element-fc37c5a elementor-widget elementor-widget-heading\" data-id=\"fc37c5a\" data-element_type=\"widget\" data-widget_type=\"heading.default\">\n\t\t\t\t<div class=\"elementor-widget-container\">\n\t\t\t\t\t<h2 class=\"elementor-heading-title elementor-size-default\">Ma\u0142y nak\u0142ad czy wi\u0119ksza seria - jak dobra\u0107 technologi\u0119 druku?<\/h2>\t\t\t\t<\/div>\n\t\t\t\t<\/div>\n\t\t\t\t<div class=\"elementor-element elementor-element-5a6609c elementor-widget elementor-widget-spacer\" data-id=\"5a6609c\" data-element_type=\"widget\" data-widget_type=\"spacer.default\">\n\t\t\t\t<div class=\"elementor-widget-container\">\n\t\t\t\t\t\t\t<div class=\"elementor-spacer\">\n\t\t\t<div class=\"elementor-spacer-inner\"><\/div>\n\t\t<\/div>\n\t\t\t\t\t\t<\/div>\n\t\t\t\t<\/div>\n\t\t\t\t<div class=\"elementor-element elementor-element-108c992 elementor-widget elementor-widget-text-editor\" data-id=\"108c992\" data-element_type=\"widget\" data-widget_type=\"text-editor.default\">\n\t\t\t\t<div class=\"elementor-widget-container\">\n\t\t\t\t\t\t\t\t\t<p class=\"p1\"><strong>Nie ma jednej technologii, kt\u00f3ra by\u0142aby idealna dla ka\u017cdej ksi\u0105\u017cki<\/strong>. Przy mniejszych nak\u0142adach, pierwszych wydaniach, dodrukach i projektach, kt\u00f3re trzeba zrealizowa\u0107 szybko, bardzo dobrze sprawdza si\u0119 <strong>digital printing<\/strong>. Daje wi\u0119ksz\u0105 elastyczno\u015b\u0107 i pozwala rozs\u0105dniej podej\u015b\u0107 do koszt\u00f3w przy kr\u00f3tszych seriach.<\/p><p class=\"p1\">Z kolei <strong>offset printing<\/strong> ma przewag\u0119 tam, gdzie liczy si\u0119 wi\u0119ksza liczba egzemplarzy, dobra cena jednostkowa i wysoka powtarzalno\u015b\u0107 ca\u0142ej produkcji. To rozwi\u0105zanie szczeg\u00f3lnie korzystne przy publikacjach planowanych do dalszej sprzeda\u017cy, regularnej dystrybucji albo wsp\u00f3\u0142pracy z partnerami handlowymi. Najwa\u017cniejsze jest jednak nie samo has\u0142o \u201ecyfra\u201d lub \u201eoffset\u201d, ale to, \u017ceby <strong>technologia by\u0142a dopasowana do konkretnego celu ksi\u0105\u017cki<\/strong>, a nie wybierana automatycznie.<\/p>\t\t\t\t\t\t\t\t<\/div>\n\t\t\t\t<\/div>\n\t\t\t\t<\/div>\n\t\t\t\t<\/div>\n\t\t\t\t\t<\/div>\n\t\t\t\t<\/div>\n\t\t<div class=\"elementor-element elementor-element-10aff36 e-flex e-con-boxed e-con e-parent\" data-id=\"10aff36\" data-element_type=\"container\" data-settings=\"{&quot;background_background&quot;:&quot;classic&quot;}\">\n\t\t\t\t\t<div class=\"e-con-inner\">\n\t\t<div class=\"elementor-element elementor-element-ad24828 e-con-full e-flex e-con e-child\" data-id=\"ad24828\" data-element_type=\"container\" data-settings=\"{&quot;background_background&quot;:&quot;classic&quot;}\">\n\t\t<div class=\"elementor-element elementor-element-6d2da0d e-con-full e-flex e-con e-child\" data-id=\"6d2da0d\" data-element_type=\"container\" data-settings=\"{&quot;background_background&quot;:&quot;classic&quot;}\">\n\t\t\t\t<div class=\"elementor-element elementor-element-7e57add elementor-widget elementor-widget-heading\" data-id=\"7e57add\" data-element_type=\"widget\" data-widget_type=\"heading.default\">\n\t\t\t\t<div class=\"elementor-widget-container\">\n\t\t\t\t\t<h2 class=\"elementor-heading-title elementor-size-default\">Realizacja ksi\u0105\u017cek dla firm z Pyskowic i okolic<\/h2>\t\t\t\t<\/div>\n\t\t\t\t<\/div>\n\t\t\t\t<div class=\"elementor-element elementor-element-a094c5d elementor-widget elementor-widget-spacer\" data-id=\"a094c5d\" data-element_type=\"widget\" data-widget_type=\"spacer.default\">\n\t\t\t\t<div class=\"elementor-widget-container\">\n\t\t\t\t\t\t\t<div class=\"elementor-spacer\">\n\t\t\t<div class=\"elementor-spacer-inner\"><\/div>\n\t\t<\/div>\n\t\t\t\t\t\t<\/div>\n\t\t\t\t<\/div>\n\t\t\t\t<div class=\"elementor-element elementor-element-f1dbc77 elementor-widget elementor-widget-text-editor\" data-id=\"f1dbc77\" data-element_type=\"widget\" data-widget_type=\"text-editor.default\">\n\t\t\t\t<div class=\"elementor-widget-container\">\n\t\t\t\t\t\t\t\t\t<p class=\"p1\">Obs\u0142ugujemy zam\u00f3wienia z <strong>Pyskowic<\/strong> oraz pobliskich miejscowo\u015bci, <strong>realizuj\u0105c zar\u00f3wno pojedyncze projekty, jak i wi\u0119ksze serie<\/strong> przygotowywane do sprzeda\u017cy, prezentacji albo regularnych dodruk\u00f3w. Cz\u0119\u015b\u0107 klient\u00f3w wybiera <strong>pe\u0142n\u0105 obs\u0142ug\u0119 zdaln\u0105<\/strong>, inni wol\u0105 <strong>spotka\u0107 si\u0119 na \u017cywo w naszej firmie w Zabrzu<\/strong> i dok\u0142adniej om\u00f3wi\u0107 parametry i dopracowa\u0107 szczeg\u00f3\u0142y publikacji przed rozpocz\u0119ciem druku. Oba modele da si\u0119 po\u0142\u0105czy\u0107 w spos\u00f3b wygodny i przewidywalny.<\/p><p class=\"p1\">Je\u015bli zale\u017cy Ci na ksi\u0105\u017cce, kt\u00f3ra ma by\u0107 nie tylko wydrukowana, ale te\u017c dobrze przygotowana jako gotowy produkt, warto postawi\u0107 na realizacj\u0119, w kt\u00f3rej technologia, oprawa i wyko\u0144czenie nie s\u0105 przypadkiem. W\u0142a\u015bnie w taki spos\u00f3b prowadzimy projekty dla <strong>wydawnictw, firm i autor\u00f3w z Pyskowic<\/strong>.<\/p><p>We also print for other nearby cities such as:<\/p><ul><li class=\"p1\"><a href=\"https:\/\/drukarnia-danpol.pl\/en\/drukarnia-ksiazek-gliwice\/\">Book printing Gliwice<\/a><\/li><li><a href=\"https:\/\/drukarnia-danpol.pl\/en\/drukarnia-ksiazek-katowice\/\">Book printing Katowice<\/a><\/li><\/ul>\t\t\t\t\t\t\t\t<\/div>\n\t\t\t\t<\/div>\n\t\t\t\t<div class=\"elementor-element elementor-element-862c14b elementor-button-default elementor-widget elementor-widget-button\" data-id=\"862c14b\" data-element_type=\"widget\" data-widget_type=\"button.default\">\n\t\t\t\t<div class=\"elementor-widget-container\">\n\t\t\t\t\t\t\t\t\t<div class=\"elementor-button-wrapper\">\n\t\t\t\t\t<a class=\"elementor-button elementor-button-link elementor-size-sm\" href=\"https:\/\/drukarnia-danpol.pl\/en\/kontakt\/\">\n\t\t\t\t\t\t<span class=\"elementor-button-content-wrapper\">\n\t\t\t\t\t\t\t\t\t<span class=\"elementor-button-text\">Contact us \u2192<\/span>\n\t\t\t\t\t<\/span>\n\t\t\t\t\t<\/a>\n\t\t\t\t<\/div>\n\t\t\t\t\t\t\t\t<\/div>\n\t\t\t\t<\/div>\n\t\t\t\t<div class=\"elementor-element elementor-element-cdfd235 elementor-widget elementor-widget-spacer\" data-id=\"cdfd235\" data-element_type=\"widget\" data-widget_type=\"spacer.default\">\n\t\t\t\t<div class=\"elementor-widget-container\">\n\t\t\t\t\t\t\t<div class=\"elementor-spacer\">\n\t\t\t<div class=\"elementor-spacer-inner\"><\/div>\n\t\t<\/div>\n\t\t\t\t\t\t<\/div>\n\t\t\t\t<\/div>\n\t\t\t\t<div class=\"elementor-element elementor-element-e8a8f27 elementor-widget elementor-widget-html\" data-id=\"e8a8f27\" data-element_type=\"widget\" data-widget_type=\"html.default\">\n\t\t\t\t<div class=\"elementor-widget-container\">\n\t\t\t\t\t<iframe src=\"https:\/\/www.google.com\/maps\/embed?pb=!1m18!1m12!1m3!1d40910.45064451878!2d18.559670276158812!3d50.39162889415527!2m3!1f0!2f0!3f0!3m2!1i1024!2i768!4f13.1!3m3!1m2!1s0x471124f7f2872407%3A0x4d6aa5a4e3f5b4c9!2sPyskowice!5e1!3m2!1sen!2spl!4v1777633471352!5m2!1sen!2spl\" width=\"100%\" height=\"377\" style=\"border:0;\" allowfullscreen=\"\" loading=\"lazy\" referrerpolicy=\"no-referrer-when-downgrade\"><\/iframe>\t\t\t\t<\/div>\n\t\t\t\t<\/div>\n\t\t\t\t<\/div>\n\t\t\t\t<\/div>\n\t\t\t\t\t<\/div>\n\t\t\t\t<\/div>\n\t\t\t\t<\/div>","protected":false},"excerpt":{"rendered":"<p>Drukarnia ksi\u0105\u017cek Pyskowice Przy druku ksi\u0105\u017cek najwi\u0119cej zale\u017cy od decyzji, kt\u00f3re podejmuje si\u0119 jeszcze przed startem produkcji. To wtedy ustala si\u0119, czy publikacja ma by\u0107 ekonomiczna, reprezentacyjna, wygodna w codziennym u\u017cytkowaniu czy przygotowana pod sprzeda\u017c w wi\u0119kszym nak\u0142adzie. Sam wydruk to dopiero jeden z etap\u00f3w. R\u00f3wnie wa\u017cne s\u0105 papier, oprawa, spos\u00f3b wyko\u0144czenia oraz to, czy [&hellip;]<\/p>\n","protected":false},"author":149,"featured_media":0,"parent":0,"menu_order":0,"comment_status":"closed","ping_status":"closed","template":"","meta":{"footnotes":""},"class_list":["post-11797","page","type-page","status-publish","hentry"],"_links":{"self":[{"href":"https:\/\/drukarnia-danpol.pl\/en\/wp-json\/wp\/v2\/pages\/11797","targetHints":{"allow":["GET"]}}],"collection":[{"href":"https:\/\/drukarnia-danpol.pl\/en\/wp-json\/wp\/v2\/pages"}],"about":[{"href":"https:\/\/drukarnia-danpol.pl\/en\/wp-json\/wp\/v2\/types\/page"}],"author":[{"embeddable":true,"href":"https:\/\/drukarnia-danpol.pl\/en\/wp-json\/wp\/v2\/users\/149"}],"replies":[{"embeddable":true,"href":"https:\/\/drukarnia-danpol.pl\/en\/wp-json\/wp\/v2\/comments?post=11797"}],"version-history":[{"count":7,"href":"https:\/\/drukarnia-danpol.pl\/en\/wp-json\/wp\/v2\/pages\/11797\/revisions"}],"predecessor-version":[{"id":11805,"href":"https:\/\/drukarnia-danpol.pl\/en\/wp-json\/wp\/v2\/pages\/11797\/revisions\/11805"}],"wp:attachment":[{"href":"https:\/\/drukarnia-danpol.pl\/en\/wp-json\/wp\/v2\/media?parent=11797"}],"curies":[{"name":"wp","href":"https:\/\/api.w.org\/{rel}","templated":true}]}}