
{"id":10370,"date":"2025-02-15T10:46:17","date_gmt":"2025-02-15T09:46:17","guid":{"rendered":"https:\/\/drukarnia-danpol.pl\/?page_id=10370"},"modified":"2025-12-12T14:17:45","modified_gmt":"2025-12-12T13:17:45","slug":"information-sur-le-financement","status":"publish","type":"page","link":"https:\/\/drukarnia-danpol.pl\/fr\/informacja-o-dofinansowaniu\/","title":{"rendered":"Informations sur le financement"},"content":{"rendered":"<div data-elementor-type=\"wp-page\" data-elementor-id=\"10370\" class=\"elementor elementor-10370\">\n\t\t\t\t<div class=\"elementor-element elementor-element-c8382a3 e-flex e-con-boxed e-con e-parent\" data-id=\"c8382a3\" data-element_type=\"container\" data-e-type=\"container\">\n\t\t\t\t\t<div class=\"e-con-inner\">\n\t\t\t\t<div class=\"elementor-element elementor-element-2f532b5a elementor-widget elementor-widget-text-editor\" data-id=\"2f532b5a\" data-element_type=\"widget\" data-e-type=\"widget\" data-widget_type=\"text-editor.default\">\n\t\t\t\t<div class=\"elementor-widget-container\">\n\t\t\t\t\t\t\t\t\t<p><\/p>\n<figure class=\"wp-block-image\"><img decoding=\"async\" src=\"https:\/\/lh7-rt.googleusercontent.com\/docsz\/AD_4nXfcjgAV7bjJzTKHnMudofv4-z7PtIeYgPEmSyIttQffZfUO3GAJLYZnhY6qX5Xa3RGuW3ghywUQImtSBZIl7TXotGRtjajbNY-XMN1Zs9D_KBg6Ftu3UM-xtU_r8C8zaO0EL3dfp0Us02pC7Dv97gg?key=l4R1zo8m9tUuzxTlJK5sbb5K\" alt=\"W stopce pisma znajduje si\u0119: znak Funduszy Europejskich, czyli bia\u0142a, \u017c\u00f3\u0142ta i czerwona gwiazda na niebieskim tle wraz z nazw\u0105 programu Fundusze Europejskie dla \u015al\u0105skiego, bia\u0142o-czerwona flaga z napisem Rzeczpospolita Polska, flaga Unii Europejskiej, czyli okr\u0105g u\u0142o\u017cony z dwunastu \u017c\u00f3\u0142tych gwiazd na niebieskim tle z napisem Dofinansowane przez Uni\u0119 Europejsk\u0105 oraz herb wojew\u00f3dztwa \u015bl\u0105skiego, czyli z\u0142oty orze\u0142 na niebieskim tle.\" \/><\/figure>\n<p><\/p>\n<p><strong>DAN-POL PRZEDSI\u0118BIORSTWO WIELOBRAN\u017bOWE WITKOWSKI DANIEL <\/strong>uzyska\u0142o dotacj\u0119 z Unii Europejskiej na realizacj\u0119 projektu <em>Automatyzacja, cyfryzacja i inwestycje pro-\u015brodowiskowe motorem rozwoju drukarni.<\/em><\/p>\n<p><\/p>\n<p>Celem projektu jest wzrost automatyzacji procesu druku wydawniczego w naszej Drukarni, cyfryzacja procesu sk\u0142adania zam\u00f3wie\u0144 na produkty ksi\u0105\u017ckowe, w tym self-publishing oraz zwi\u0119kszenie neutralno\u015bci klimatycznej firmy.<\/p>\n<p><\/p>\n<p>Cele osi\u0105gni\u0119te zostan\u0105 poprzez zakup nowoczesnego tr\u00f3jno\u017ca, stworzenie zaawansowanego portalu web2print oraz inwestycj\u0119 w zakresie OZE. Zakup tr\u00f3jno\u017ca pozwoli stworzy\u0107 kompletn\u0105<\/p>\n<p><\/p>\n<p>zautomatyzowan\u0105 lini\u0119 produkcyjn\u0105 do druku wydawniczego. W wyniku realizacji projektu odpowiemy na rosn\u0105ce zapotrzebowanie rynku na us\u0142ugi niskonak\u0142adowego &#8222;druku na \u017c\u0105danie&#8221;.<\/p>\n<p><\/p>\n<p>Ulepszone zostan\u0105 grupy produkt\u00f3w \u2013 klejone ksi\u0105\u017cki, klejone foldery\/katalogi. Do oferty wdro\u017cone zostan\u0105 nowe produkty &#8211; ksi\u0105\u017cki z ok\u0142adk\u0105 ze skrzyde\u0142kami, ksi\u0105\u017cki z doci\u0119tymi naro\u017cami oraz nowa us\u0142uga self-publishingu.<\/p>\n<p><\/p>\n<p>Poprzez stworzenie interaktywnej platformy sk\u0142adania zam\u00f3wie\u0144 dedykowanej drukowi wydawniczemu otwieramy si\u0119 na potrzeby naszych klient\u00f3w proponuj\u0105c rozbudowany portal umo\u017cliwiaj\u0105cy wyb\u00f3r parametr\u00f3w zlecanego wydruku, jego personalizacj\u0119, automatyczn\u0105 kalkulacj\u0119 ceny ju\u017c od jednego egzemplarza oraz wyliczenie czasu realizacji zam\u00f3wienia. Sztuczna inteligencja zaproponuje projekt graficzny w oparciu o podan\u0105 fraz\u0119.<\/p>\n<p><\/p>\n<p>Nasz projekt realizuje r\u00f3wnie\u017c cele \u015brodowiskowe. Dzi\u0119ki inwestycji w panele fotowoltaiczne przewa\u017caj\u0105ca wi\u0119kszo\u015b\u0107 zapotrzebowania na pr\u0105d b\u0119dzie pokrywana b\u0119dzie z odnawialnych \u017ar\u00f3de\u0142 energii. Zakupiony energooszcz\u0119dny tr\u00f3jn\u00f3\u017c zwi\u0119kszy efektywno\u015b\u0107 energetyczn\u0105 firmy, a tak\u017ce ograniczy zu\u017cycie papieru w procesie produkcyjnym i zredukuje ilo\u015b\u0107 odpad\u00f3w makulaturowych.<\/p>\n<p><\/p>\n<p>Projekt przyczyni si\u0119 do wzrostu zatrudnienia w firmie oraz wzrost konkurencyjno\u015bci naszej Drukarni. Wdra\u017cana inwestycja wp\u0142ynie na wzrost liczby zlece\u0144, co prze\u0142o\u017cy si\u0119 na utrzymanie dotychczasowego zatrudnienia i zapewni jego stabilno\u015b\u0107.<\/p>\n<p><\/p>\n<p>Grup\u0105 docelow\u0105 projektu jest w g\u0142\u00f3wnej mierze polski rynek firm wydawniczych, firmy szkoleniowe, przedsi\u0119biorstwa sektora M\u015aP realizuj\u0105ce druk katalog\u00f3w\/folder\u00f3w, a tak\u017ce klienci indywidualni korzystaj\u0105cy z oferty self-publishingu czy autorzy tekst\u00f3w.<\/p>\n<p><\/p>\n<p>#FunduszeUE\u00a0 \u00a0 #FunduszeEuropejskie<\/p>\n<p><\/p>\n<p>Warto\u015b\u0107 projektu: 1 053 000,00 PLN<\/p>\n<p><\/p>\n<p>Wysoko\u015b\u0107 wk\u0142adu Funduszy Europejskich: 520\u00a0020, 00 PLN<br \/><br \/>\u0179r\u00f3d\u0142o finansowania: Fundusz na rzecz Sprawiedliwej Transformacji. Projekt jest dofinansowany w ramach programu Fundusze Europejskie dla \u015al\u0105skiego 2021-2027 (FE SL 2021-2027), dzia\u0142anie FESL.10.03 Wsparcie M\u015aP na rzecz transformacji.<br \/>Typ projektu: Mikroinwestycje w M\u015aP.<\/p>\n<p><\/p>\n<p class=\"has-normal-font-size\">\u00a0<\/p>\n<p><\/p>\n<h2 class=\"wp-block-heading\">Fonds europ\u00e9en de d\u00e9veloppement r\u00e9gional<\/h2>\n<p><\/p>\n<p>Firma DAN-POL PRZEDSI\u0118BIORSTWO WIELOBRAN\u017bOWE WITKOWSKI DANIEL realizuje projekt dofinansowany z funduszy europejskich:<\/p>\n<p><\/p>\n<p><strong>Zmiana sposobu \u015bwiadczenia us\u0142ug oraz rozszerzenie oferty szans\u0105 na wzrost konkurencyjno\u015bci firmy w czasach kryzysu.<\/strong><\/p>\n<p><\/p>\n<p><strong>Cel projektu:<\/strong> wzrost konkurencyjno\u015bci firmy i rozbudowa posiadanej infrastruktury technicznej,<br \/>skutkuj\u0105ce utrzymaniem rentowno\u015bci Drukarni i poziomu zatrudnienia w czasach kryzysu.<\/p>\n<p><\/p>\n<p><strong>Planowane efekty realizacji projektu:<\/strong> przedmiotem projektu by\u0142a zmiana procesu \u015bwiadczenia us\u0142ug<br \/>post-press w Drukarni poprzez zakup foliarki i oklejarki. W rezultacie firma uniezale\u017cni\u0142a si\u0119 od<br \/>korzystania z us\u0142ug zewn\u0119trznych, zyska\u0142a konkurencyjno\u015b\u0107 cenow\u0105 i zwi\u0119kszy\u0142a atrakcyjno\u015b\u0107<br \/>\u015bwiadczonych us\u0142ug. W wyniku realizacji projektu wprowadzone zosta\u0142y do oferty nowe grupy<br \/>produkt\u00f3w: klejone katalogi i ksi\u0105\u017cki oraz ekologiczne materia\u0142y reklamowe, a tak\u017ce nowa us\u0142uga<br \/>uszlachetniania wydruk\u00f3w foli\u0105 metalizowan\u0105.<\/p>\n<p><\/p>\n<p>Warto\u015b\u0107 projektu: 595 311,11 PLN<\/p>\n<p><\/p>\n<p>Dofinansowanie projektu z Funduszy Europejskich: 403 166,33 PLN<\/p>\n<p><\/p>\n<p><\/p>\n<div class=\"wp-block-columns alignwide is-layout-flex wp-container-core-columns-is-layout-9d6595d7 wp-block-columns-is-layout-flex\">\n<p><\/p>\n<div class=\"wp-block-column is-layout-flow wp-block-column-is-layout-flow\">\n<p><\/p>\n<figure class=\"wp-block-image size-large\"><a href=\"https:\/\/drukarnia-danpol.pl\/wp-content\/uploads\/2024\/08\/EFRR_POZIOM_kolor.jpg\"><img fetchpriority=\"high\" decoding=\"async\" width=\"1024\" height=\"103\" class=\"wp-image-10337\" src=\"https:\/\/drukarnia-danpol.pl\/wp-content\/uploads\/2024\/08\/EFRR_POZIOM_kolor-1024x103.jpg\" alt=\"\" srcset=\"https:\/\/drukarnia-danpol.pl\/wp-content\/uploads\/2024\/08\/EFRR_POZIOM_kolor-1024x103.jpg 1024w, https:\/\/drukarnia-danpol.pl\/wp-content\/uploads\/2024\/08\/EFRR_POZIOM_kolor-450x45.jpg 450w, https:\/\/drukarnia-danpol.pl\/wp-content\/uploads\/2024\/08\/EFRR_POZIOM_kolor-800x81.jpg 800w, https:\/\/drukarnia-danpol.pl\/wp-content\/uploads\/2024\/08\/EFRR_POZIOM_kolor-300x30.jpg 300w, https:\/\/drukarnia-danpol.pl\/wp-content\/uploads\/2024\/08\/EFRR_POZIOM_kolor-768x77.jpg 768w, https:\/\/drukarnia-danpol.pl\/wp-content\/uploads\/2024\/08\/EFRR_POZIOM_kolor.jpg 1261w\" sizes=\"(max-width: 1024px) 100vw, 1024px\" \/><\/a><\/figure>\n<p><\/p>\n<\/div>\n<p><\/p>\n<\/div>\n<p><\/p>\t\t\t\t\t\t\t\t<\/div>\n\t\t\t\t<\/div>\n\t\t\t\t\t<\/div>\n\t\t\t\t<\/div>\n\t\t\t\t<\/div>","protected":false},"excerpt":{"rendered":"<p>DAN-POL PRZEDSI\u0118BIORSTWO WIELOBRAN\u017bOWE WITKOWSKI DANIEL uzyska\u0142o dotacj\u0119 z Unii Europejskiej na realizacj\u0119 projektu Automatyzacja, cyfryzacja i inwestycje pro-\u015brodowiskowe motorem rozwoju drukarni. Celem projektu jest wzrost automatyzacji procesu druku wydawniczego w naszej Drukarni, cyfryzacja procesu sk\u0142adania zam\u00f3wie\u0144 na produkty ksi\u0105\u017ckowe, w tym self-publishing oraz zwi\u0119kszenie neutralno\u015bci klimatycznej firmy. Cele osi\u0105gni\u0119te zostan\u0105 poprzez zakup nowoczesnego tr\u00f3jno\u017ca, stworzenie [&hellip;]<\/p>\n","protected":false},"author":1,"featured_media":0,"parent":0,"menu_order":0,"comment_status":"closed","ping_status":"closed","template":"","meta":{"footnotes":""},"class_list":["post-10370","page","type-page","status-publish","hentry"],"_links":{"self":[{"href":"https:\/\/drukarnia-danpol.pl\/fr\/wp-json\/wp\/v2\/pages\/10370","targetHints":{"allow":["GET"]}}],"collection":[{"href":"https:\/\/drukarnia-danpol.pl\/fr\/wp-json\/wp\/v2\/pages"}],"about":[{"href":"https:\/\/drukarnia-danpol.pl\/fr\/wp-json\/wp\/v2\/types\/page"}],"author":[{"embeddable":true,"href":"https:\/\/drukarnia-danpol.pl\/fr\/wp-json\/wp\/v2\/users\/1"}],"replies":[{"embeddable":true,"href":"https:\/\/drukarnia-danpol.pl\/fr\/wp-json\/wp\/v2\/comments?post=10370"}],"version-history":[{"count":6,"href":"https:\/\/drukarnia-danpol.pl\/fr\/wp-json\/wp\/v2\/pages\/10370\/revisions"}],"predecessor-version":[{"id":11408,"href":"https:\/\/drukarnia-danpol.pl\/fr\/wp-json\/wp\/v2\/pages\/10370\/revisions\/11408"}],"wp:attachment":[{"href":"https:\/\/drukarnia-danpol.pl\/fr\/wp-json\/wp\/v2\/media?parent=10370"}],"curies":[{"name":"wp","href":"https:\/\/api.w.org\/{rel}","templated":true}]}}