{"id":11528,"date":"2026-02-24T11:24:51","date_gmt":"2026-02-24T10:24:51","guid":{"rendered":"https:\/\/drukarnia-danpol.pl\/?page_id=11528"},"modified":"2026-03-28T15:37:26","modified_gmt":"2026-03-28T14:37:26","slug":"impression-de-livres-bytom","status":"publish","type":"page","link":"https:\/\/drukarnia-danpol.pl\/fr\/drukarnia-ksiazek-bytom\/","title":{"rendered":"Imprimerie de livres Bytom"},"content":{"rendered":"<div data-elementor-type=\"wp-page\" data-elementor-id=\"11528\" class=\"elementor elementor-11528\">\n\t\t\t\t<div class=\"elementor-element elementor-element-6831564 e-flex e-con-boxed e-con e-parent\" data-id=\"6831564\" data-element_type=\"container\" data-e-type=\"container\">\n\t\t\t\t\t<div class=\"e-con-inner\">\n\t\t\t\t<div class=\"elementor-element elementor-element-b309317 elementor-widget elementor-widget-spacer\" data-id=\"b309317\" data-element_type=\"widget\" data-e-type=\"widget\" data-widget_type=\"spacer.default\">\n\t\t\t\t<div class=\"elementor-widget-container\">\n\t\t\t\t\t\t\t<div class=\"elementor-spacer\">\n\t\t\t<div class=\"elementor-spacer-inner\"><\/div>\n\t\t<\/div>\n\t\t\t\t\t\t<\/div>\n\t\t\t\t<\/div>\n\t\t\t\t<div class=\"elementor-element elementor-element-94eda68 elementor-widget elementor-widget-heading\" data-id=\"94eda68\" data-element_type=\"widget\" data-e-type=\"widget\" data-widget_type=\"heading.default\">\n\t\t\t\t<div class=\"elementor-widget-container\">\n\t\t\t\t\t<h1 class=\"elementor-heading-title elementor-size-default\">Imprimerie de livres Bytom<\/h1>\t\t\t\t<\/div>\n\t\t\t\t<\/div>\n\t\t\t\t<div class=\"elementor-element elementor-element-c81ddb5 elementor-widget elementor-widget-spacer\" data-id=\"c81ddb5\" data-element_type=\"widget\" data-e-type=\"widget\" data-widget_type=\"spacer.default\">\n\t\t\t\t<div class=\"elementor-widget-container\">\n\t\t\t\t\t\t\t<div class=\"elementor-spacer\">\n\t\t\t<div class=\"elementor-spacer-inner\"><\/div>\n\t\t<\/div>\n\t\t\t\t\t\t<\/div>\n\t\t\t\t<\/div>\n\t\t\n\t\t<div class=\"elementor-element elementor-element-7d82a08 elementor-widget elementor-widget-text-editor\" data-id=\"7d82a08\" data-element_type=\"widget\" data-e-type=\"widget\" data-widget_type=\"text-editor.default\">\n\t\t\t\t<div class=\"elementor-widget-container\">\n\t\t\t\t\t\t\t\t\t<p>Szukasz sprawdzonej drukarni w Bytomiu, kt\u00f3ra specjalizuje si\u0119 w profesjonalnym druku ksi\u0105\u017cek? Drukarnia DANPOL mie\u015bci si\u0119 w Zabrzu, zaledwie kilkana\u015bcie minut drogi od Bytomia, i od ponad 25 lat wspiera autor\u00f3w, self-publisher\u00f3w oraz wydawnictwa z ca\u0142ego \u015al\u0105ska.<\/p>\n<p>Realizujemy wysokojako\u015bciowy druk cyfrowy i offsetowy, a dzi\u0119ki sklepowi internetowemu umo\u017cliwiamy wygodne sk\u0142adanie zam\u00f3wie\u0144 online z wysy\u0142k\u0105 na terenie ca\u0142ej Polski, zachowuj\u0105c jednocze\u015bnie mo\u017cliwo\u015b\u0107 bezpo\u015bredniego kontaktu i konsultacji na miejscu w naszej siedzibie w Zabrzu.<\/p>\t\t\t\t\t\t\t\t<\/div>\n\t\t\t\t<\/div>\n\t\t\t\t<div class=\"elementor-element elementor-element-403d2fc elementor-widget elementor-widget-spacer\" data-id=\"403d2fc\" data-element_type=\"widget\" data-e-type=\"widget\" data-widget_type=\"spacer.default\">\n\t\t\t\t<div class=\"elementor-widget-container\">\n\t\t\t\t\t\t\t<div class=\"elementor-spacer\">\n\t\t\t<div class=\"elementor-spacer-inner\"><\/div>\n\t\t<\/div>\n\t\t\t\t\t\t<\/div>\n\t\t\t\t<\/div>\n\t\t\t\t<div class=\"elementor-element elementor-element-c67d4a3 elementor-button-default elementor-widget elementor-widget-button\" data-id=\"c67d4a3\" data-element_type=\"widget\" data-e-type=\"widget\" data-widget_type=\"button.default\">\n\t\t\t\t<div class=\"elementor-widget-container\">\n\t\t\t\t\t\t\t\t\t<div class=\"elementor-button-wrapper\">\n\t\t\t\t\t<a class=\"elementor-button elementor-button-link elementor-size-sm\" href=\"https:\/\/drukarnia-danpol.pl\/fr\/kontakt\/\">\n\t\t\t\t\t\t<span class=\"elementor-button-content-wrapper\">\n\t\t\t\t\t\t\t\t\t<span class=\"elementor-button-text\">Demander un devis pour l&#039;impression de livres \u2192<\/span>\n\t\t\t\t\t<\/span>\n\t\t\t\t\t<\/a>\n\t\t\t\t<\/div>\n\t\t\t\t\t\t\t\t<\/div>\n\t\t\t\t<\/div>\n\t\t\t\t\t<\/div>\n\t\t\t\t<\/div>\n\t\t<div class=\"elementor-element elementor-element-bae6a5e e-flex e-con-boxed e-con e-parent\" data-id=\"bae6a5e\" data-element_type=\"container\" data-e-type=\"container\" data-settings=\"{&quot;background_background&quot;:&quot;classic&quot;}\">\n\t\t\t\t\t<div class=\"e-con-inner\">\n\t\t\t\t<div class=\"elementor-element elementor-element-0665c9b elementor-widget elementor-widget-heading\" data-id=\"0665c9b\" data-element_type=\"widget\" data-e-type=\"widget\" data-widget_type=\"heading.default\">\n\t\t\t\t<div class=\"elementor-widget-container\">\n\t\t\t\t\t<h2 class=\"elementor-heading-title elementor-size-default\">Profesjonalny druk ksi\u0105\u017cek dla autor\u00f3w i firm z Bytomia\n<\/h2>\t\t\t\t<\/div>\n\t\t\t\t<\/div>\n\t\t\t\t<div class=\"elementor-element elementor-element-bb1e3a6 elementor-widget elementor-widget-spacer\" data-id=\"bb1e3a6\" data-element_type=\"widget\" data-e-type=\"widget\" data-widget_type=\"spacer.default\">\n\t\t\t\t<div class=\"elementor-widget-container\">\n\t\t\t\t\t\t\t<div class=\"elementor-spacer\">\n\t\t\t<div class=\"elementor-spacer-inner\"><\/div>\n\t\t<\/div>\n\t\t\t\t\t\t<\/div>\n\t\t\t\t<\/div>\n\t\t\t\t<div class=\"elementor-element elementor-element-7eae67d elementor-widget elementor-widget-text-editor\" data-id=\"7eae67d\" data-element_type=\"widget\" data-e-type=\"widget\" data-widget_type=\"text-editor.default\">\n\t\t\t\t<div class=\"elementor-widget-container\">\n\t\t\t\t\t\t\t\t\t<p>Od wielu lat koncentrujemy si\u0119 na profesjonalnym druku ksi\u0105\u017cek, realizuj\u0105c zar\u00f3wno powie\u015bci, podr\u0119czniki i poradniki, jak i albumy, reporta\u017ce czy tomiki poezji. Obs\u0142ugujemy autor\u00f3w indywidualnych, wydawnictwa oraz firmy z ca\u0142ego regionu, zapewniaj\u0105c sp\u00f3jn\u0105 jako\u015b\u0107 wykonania i przewidywalno\u015b\u0107 produkcji nawet przy bardziej wymagaj\u0105cych projektach. Sta\u0142a wsp\u00f3\u0142praca z partnerami bran\u017cowymi pozwala nam utrzymywa\u0107 dopracowane procesy technologiczne i dotrzymywa\u0107 ustalonych termin\u00f3w.<\/p><p>Dzi\u0119ki po\u0142\u0105czeniu druku cyfrowego i offsetowego mo\u017cemy elastycznie dopasowa\u0107 metod\u0119 produkcji do nak\u0142adu, bud\u017cetu i charakteru publikacji, realizuj\u0105c zar\u00f3wno pojedyncze egzemplarze, jak i wi\u0119ksze serie. Nasza drukarnia znajduje si\u0119 w Zabrzu, jednak dla klient\u00f3w z Bytomia jest to bardzo wygodna lokalizacja \u2014 dojazd zajmuje zwykle kilkana\u015bcie minut. Jednocze\u015bnie wszystkie zam\u00f3wienia mo\u017cna z\u0142o\u017cy\u0107 online z dostaw\u0105 na terenie ca\u0142ej Polski, a w razie potrzeby skorzysta\u0107 z osobistego kontaktu i konsultacji na miejscu.<\/p>\t\t\t\t\t\t\t\t<\/div>\n\t\t\t\t<\/div>\n\t\t\t\t\t<\/div>\n\t\t\t\t<\/div>\n\t\t<div class=\"elementor-element elementor-element-46518ef e-flex e-con-boxed e-con e-parent\" data-id=\"46518ef\" data-element_type=\"container\" data-e-type=\"container\">\n\t\t\t\t\t<div class=\"e-con-inner\">\n\t\t\t\t<div class=\"elementor-element elementor-element-b38b334 elementor-widget elementor-widget-heading\" data-id=\"b38b334\" data-element_type=\"widget\" data-e-type=\"widget\" data-widget_type=\"heading.default\">\n\t\t\t\t<div class=\"elementor-widget-container\">\n\t\t\t\t\t<h2 class=\"elementor-heading-title elementor-size-default\">Zakres us\u0142ug oferowanych przez nasz\u0105 drukarni\u0119<\/h2>\t\t\t\t<\/div>\n\t\t\t\t<\/div>\n\t\t\t\t<div class=\"elementor-element elementor-element-7e37cb0 elementor-widget elementor-widget-spacer\" data-id=\"7e37cb0\" data-element_type=\"widget\" data-e-type=\"widget\" data-widget_type=\"spacer.default\">\n\t\t\t\t<div class=\"elementor-widget-container\">\n\t\t\t\t\t\t\t<div class=\"elementor-spacer\">\n\t\t\t<div class=\"elementor-spacer-inner\"><\/div>\n\t\t<\/div>\n\t\t\t\t\t\t<\/div>\n\t\t\t\t<\/div>\n\t\t\t\t<div class=\"elementor-element elementor-element-f0f4535 elementor-widget elementor-widget-text-editor\" data-id=\"f0f4535\" data-element_type=\"widget\" data-e-type=\"widget\" data-widget_type=\"text-editor.default\">\n\t\t\t\t<div class=\"elementor-widget-container\">\n\t\t\t\t\t\t\t\t\t<p><strong>Realizujemy kompleksowy druk ksi\u0105\u017cek<\/strong> dla autor\u00f3w, firm, wydawnictw i hurtowni w Bytomiu oraz w ca\u0142ym wojew\u00f3dztwie \u015bl\u0105skim. Oferujemy pe\u0142n\u0105 obs\u0142ug\u0119 od przygotowania plik\u00f3w po finalne pakowanie i wysy\u0142k\u0119.<\/p>\n<h3>Co drukujemy:<\/h3>\n<ul>\n<li>Livres broch\u00e9s et reli\u00e9s<\/li>\n<li>Romans, prose, po\u00e9sie<\/li>\n<li>Livres scientifiques et techniques<\/li>\n<li>Albums et publications de qualit\u00e9 sup\u00e9rieure<\/li>\n<li>Tirages pour \u00e9diteurs et auteurs individuels<\/li>\n<\/ul>\n<h3>Uszlachetnienia ksi\u0105\u017cek i druk\u00f3w:<\/h3>\n<ul>\n<li>Pelliculage mat \/ brillant \/ doux au toucher<\/li>\n<li>Marquage \u00e0 chaud (or\/argent)<\/li>\n<li>Gaufrage et vernis UV s\u00e9lectif<\/li>\n<\/ul>\t\t\t\t\t\t\t\t<\/div>\n\t\t\t\t<\/div>\n\t\t\t\t\t<\/div>\n\t\t\t\t<\/div>\n\t\t<div class=\"elementor-element elementor-element-77c9be0 e-flex e-con-boxed e-con e-parent\" data-id=\"77c9be0\" data-element_type=\"container\" data-e-type=\"container\" data-settings=\"{&quot;background_background&quot;:&quot;classic&quot;}\">\n\t\t\t\t\t<div class=\"e-con-inner\">\n\t\t\t\t<div class=\"elementor-element elementor-element-4cf5f22 elementor-widget elementor-widget-heading\" data-id=\"4cf5f22\" data-element_type=\"widget\" data-e-type=\"widget\" data-widget_type=\"heading.default\">\n\t\t\t\t<div class=\"elementor-widget-container\">\n\t\t\t\t\t<h2 class=\"elementor-heading-title elementor-size-default\">Jak z\u0142o\u017cy\u0107 zam\u00f3wienie na druk?<\/h2>\t\t\t\t<\/div>\n\t\t\t\t<\/div>\n\t\t\t\t<div class=\"elementor-element elementor-element-f405f7c elementor-widget elementor-widget-spacer\" data-id=\"f405f7c\" data-element_type=\"widget\" data-e-type=\"widget\" data-widget_type=\"spacer.default\">\n\t\t\t\t<div class=\"elementor-widget-container\">\n\t\t\t\t\t\t\t<div class=\"elementor-spacer\">\n\t\t\t<div class=\"elementor-spacer-inner\"><\/div>\n\t\t<\/div>\n\t\t\t\t\t\t<\/div>\n\t\t\t\t<\/div>\n\t\t\t\t<div class=\"elementor-element elementor-element-b71a495 elementor-widget elementor-widget-text-editor\" data-id=\"b71a495\" data-element_type=\"widget\" data-e-type=\"widget\" data-widget_type=\"text-editor.default\">\n\t\t\t\t<div class=\"elementor-widget-container\">\n\t\t\t\t\t\t\t\t\t<ol><li>Envoyez vos fichiers PDF ou votre design pour obtenir un devis.<\/li><li>Vous recevrez un devis pr\u00e9cis et une date d&#039;ach\u00e8vement dans les 24 heures.<\/li><li>Apr\u00e8s validation, nous lan\u00e7ons l&#039;impression.<\/li><li>Retrait en personne \u00e0 Zabrze ou envoi par coursier.<\/li><\/ol>\t\t\t\t\t\t\t\t<\/div>\n\t\t\t\t<\/div>\n\t\t\t\t<div class=\"elementor-element elementor-element-0c08457 elementor-button-default elementor-widget elementor-widget-button\" data-id=\"0c08457\" data-element_type=\"widget\" data-e-type=\"widget\" data-widget_type=\"button.default\">\n\t\t\t\t<div class=\"elementor-widget-container\">\n\t\t\t\t\t\t\t\t\t<div class=\"elementor-button-wrapper\">\n\t\t\t\t\t<a class=\"elementor-button elementor-button-link elementor-size-sm\" href=\"https:\/\/drukarnia-danpol.pl\/fr\/kontakt\/\">\n\t\t\t\t\t\t<span class=\"elementor-button-content-wrapper\">\n\t\t\t\t\t\t\t\t\t<span class=\"elementor-button-text\">Demander un devis \u2192<\/span>\n\t\t\t\t\t<\/span>\n\t\t\t\t\t<\/a>\n\t\t\t\t<\/div>\n\t\t\t\t\t\t\t\t<\/div>\n\t\t\t\t<\/div>\n\t\t\t\t\t<\/div>\n\t\t\t\t<\/div>\n\t\t<div class=\"elementor-element elementor-element-e655ea8 e-flex e-con-boxed e-con e-parent\" data-id=\"e655ea8\" data-element_type=\"container\" data-e-type=\"container\">\n\t\t\t\t\t<div class=\"e-con-inner\">\n\t\t\t\t<div class=\"elementor-element elementor-element-96d0eb9 elementor-widget elementor-widget-heading\" data-id=\"96d0eb9\" data-element_type=\"widget\" data-e-type=\"widget\" data-widget_type=\"heading.default\">\n\t\t\t\t<div class=\"elementor-widget-container\">\n\t\t\t\t\t<h2 class=\"elementor-heading-title elementor-size-default\">Dlaczego klienci z Bytomia wybieraj\u0105 DANPOL?<\/h2>\t\t\t\t<\/div>\n\t\t\t\t<\/div>\n\t\t\t\t<div class=\"elementor-element elementor-element-70fa118 elementor-widget elementor-widget-spacer\" data-id=\"70fa118\" data-element_type=\"widget\" data-e-type=\"widget\" data-widget_type=\"spacer.default\">\n\t\t\t\t<div class=\"elementor-widget-container\">\n\t\t\t\t\t\t\t<div class=\"elementor-spacer\">\n\t\t\t<div class=\"elementor-spacer-inner\"><\/div>\n\t\t<\/div>\n\t\t\t\t\t\t<\/div>\n\t\t\t\t<\/div>\n\t\t\t\t<div class=\"elementor-element elementor-element-f02743a elementor-widget elementor-widget-text-editor\" data-id=\"f02743a\" data-element_type=\"widget\" data-e-type=\"widget\" data-widget_type=\"text-editor.default\">\n\t\t\t\t<div class=\"elementor-widget-container\">\n\t\t\t\t\t\t\t\t\t<p>Jeste\u015bmy rodzinn\u0105 drukarni\u0105 z wieloletnim do\u015bwiadczeniem, kt\u00f3ra od lat wspiera autor\u00f3w, wydawnictwa oraz firmy z ca\u0142ego regionu. Klienci z <strong>Bytomia<\/strong> ceni\u0105 nas przede wszystkim za rzetelno\u015b\u0107, terminow\u0105 realizacj\u0119 zam\u00f3wie\u0144 oraz wysok\u0105 jako\u015b\u0107 druku, kt\u00f3ra pozostaje powtarzalna niezale\u017cnie od wielko\u015bci nak\u0142adu. Du\u017ce znaczenie ma r\u00f3wnie\u017c bezpo\u015bredni kontakt i fachowe doradztwo na ka\u017cdym etapie &#8211; od wyboru technologii druku i papieru po wyko\u0144czenie gotowej publikacji.<\/p><p>Realizujemy zar\u00f3wno du\u017ce nak\u0142ady dla wydawnictw i instytucji, jak i kr\u00f3tkie serie czy pojedyncze egzemplarze dla autor\u00f3w niezale\u017cnych, self-publisher\u00f3w oraz firm potrzebuj\u0105cych materia\u0142\u00f3w drukowanych na zam\u00f3wienie. Dzi\u0119ki elastycznemu podej\u015bciu i po\u0142\u0105czeniu nowoczesnych technologii z do\u015bwiadczeniem mo\u017cemy dopasowa\u0107 proces produkcji do konkretnych potrzeb projektu, zapewniaj\u0105c wysok\u0105 jako\u015b\u0107 i sprawn\u0105 obs\u0142ug\u0119.<\/p>\t\t\t\t\t\t\t\t<\/div>\n\t\t\t\t<\/div>\n\t\t\t\t\t<\/div>\n\t\t\t\t<\/div>\n\t\t<div class=\"elementor-element elementor-element-6ebc23b e-flex e-con-boxed e-con e-parent\" data-id=\"6ebc23b\" data-element_type=\"container\" data-e-type=\"container\" data-settings=\"{&quot;background_background&quot;:&quot;classic&quot;}\">\n\t\t\t\t\t<div class=\"e-con-inner\">\n\t\t\t\t<div class=\"elementor-element elementor-element-b7cb8c3 elementor-widget elementor-widget-heading\" data-id=\"b7cb8c3\" data-element_type=\"widget\" data-e-type=\"widget\" data-widget_type=\"heading.default\">\n\t\t\t\t<div class=\"elementor-widget-container\">\n\t\t\t\t\t<h2 class=\"elementor-heading-title elementor-size-default\">Obs\u0142ugujemy ca\u0142y Bytom i okolice<\/h2>\t\t\t\t<\/div>\n\t\t\t\t<\/div>\n\t\t\t\t<div class=\"elementor-element elementor-element-fcb77ac elementor-widget elementor-widget-spacer\" data-id=\"fcb77ac\" data-element_type=\"widget\" data-e-type=\"widget\" data-widget_type=\"spacer.default\">\n\t\t\t\t<div class=\"elementor-widget-container\">\n\t\t\t\t\t\t\t<div class=\"elementor-spacer\">\n\t\t\t<div class=\"elementor-spacer-inner\"><\/div>\n\t\t<\/div>\n\t\t\t\t\t\t<\/div>\n\t\t\t\t<\/div>\n\t\t\t\t<div class=\"elementor-element elementor-element-249ffc8 elementor-widget elementor-widget-text-editor\" data-id=\"249ffc8\" data-element_type=\"widget\" data-e-type=\"widget\" data-widget_type=\"text-editor.default\">\n\t\t\t\t<div class=\"elementor-widget-container\">\n\t\t\t\t\t\t\t\t\t<p>Nasza drukarnia mie\u015bci si\u0119 w Zabrzu, jednak du\u017c\u0105 cz\u0119\u015b\u0107 zlece\u0144 ksi\u0105\u017ckowych realizujemy dla klient\u00f3w z Bytomia &#8211; zar\u00f3wno z centrum miasta, jak i z dzielnic takich jak Szombierki, Miechowice, Stroszek, Karb, Rozbark, \u0141agiewniki czy Bobrek.<\/p><p>Bliska odleg\u0142o\u015b\u0107 sprawia, \u017ce wielu klient\u00f3w decyduje si\u0119 na bezpo\u015bredni kontakt, konsultacje na miejscu lub osobisty odbi\u00f3r gotowych publikacji, cho\u0107 wszystkie zam\u00f3wienia mo\u017cna r\u00f3wnie\u017c wygodnie z\u0142o\u017cy\u0107 online z dostaw\u0105 pod wskazany adres.<\/p><p>Nous imprimons \u00e9galement pour d&#039;autres villes voisines telles que\u00a0:<\/p><ul><li class=\"p1\"><a href=\"https:\/\/drukarnia-danpol.pl\/fr\/drukarnia-ksiazek-gliwice\/\">Impression de livres \u00e0 Gliwice<\/a><\/li><li><a href=\"https:\/\/drukarnia-danpol.pl\/fr\/drukarnia-ksiazek-katowice\/\">Impression de livres \u00e0 Katowice<\/a><\/li><\/ul>\t\t\t\t\t\t\t\t<\/div>\n\t\t\t\t<\/div>\n\t\t\t\t<div class=\"elementor-element elementor-element-39b55d8 elementor-button-default elementor-widget elementor-widget-button\" data-id=\"39b55d8\" data-element_type=\"widget\" data-e-type=\"widget\" data-widget_type=\"button.default\">\n\t\t\t\t<div class=\"elementor-widget-container\">\n\t\t\t\t\t\t\t\t\t<div class=\"elementor-button-wrapper\">\n\t\t\t\t\t<a class=\"elementor-button elementor-button-link elementor-size-sm\" href=\"https:\/\/drukarnia-danpol.pl\/fr\/kontakt\/\">\n\t\t\t\t\t\t<span class=\"elementor-button-content-wrapper\">\n\t\t\t\t\t\t\t\t\t<span class=\"elementor-button-text\">Contactez-nous \u2192<\/span>\n\t\t\t\t\t<\/span>\n\t\t\t\t\t<\/a>\n\t\t\t\t<\/div>\n\t\t\t\t\t\t\t\t<\/div>\n\t\t\t\t<\/div>\n\t\t\t\t<div class=\"elementor-element elementor-element-261c236 elementor-widget elementor-widget-spacer\" data-id=\"261c236\" data-element_type=\"widget\" data-e-type=\"widget\" data-widget_type=\"spacer.default\">\n\t\t\t\t<div class=\"elementor-widget-container\">\n\t\t\t\t\t\t\t<div class=\"elementor-spacer\">\n\t\t\t<div class=\"elementor-spacer-inner\"><\/div>\n\t\t<\/div>\n\t\t\t\t\t\t<\/div>\n\t\t\t\t<\/div>\n\t\t\t\t<div class=\"elementor-element elementor-element-bd2dbda elementor-widget elementor-widget-html\" data-id=\"bd2dbda\" data-element_type=\"widget\" data-e-type=\"widget\" data-widget_type=\"html.default\">\n\t\t\t\t<div class=\"elementor-widget-container\">\n\t\t\t\t\t<iframe src=\"https:\/\/www.google.com\/maps\/embed?pb=!1m18!1m12!1m3!1d81442.35775201148!2d18.79394014979818!3d50.365179191894235!2m3!1f0!2f0!3f0!3m2!1i1024!2i768!4f13.1!3m3!1m2!1s0x47112cec67fe9f4b%3A0x15441c90c4a37c96!2sBytom!5e1!3m2!1sen!2spl!4v1771927521355!5m2!1sen!2spl\" width=\"100%\" height=\"377\" style=\"border:0;\" allowfullscreen=\"\" loading=\"lazy\" referrerpolicy=\"no-referrer-when-downgrade\"><\/iframe>\t\t\t\t<\/div>\n\t\t\t\t<\/div>\n\t\t\t\t\t<\/div>\n\t\t\t\t<\/div>\n\t\t\t\t<\/div>","protected":false},"excerpt":{"rendered":"<p>Drukarnia ksi\u0105\u017cek Bytom Szukasz sprawdzonej drukarni w Bytomiu, kt\u00f3ra specjalizuje si\u0119 w profesjonalnym druku ksi\u0105\u017cek? Drukarnia DANPOL mie\u015bci si\u0119 w Zabrzu, zaledwie kilkana\u015bcie minut drogi od Bytomia, i od ponad 25 lat wspiera autor\u00f3w, self-publisher\u00f3w oraz wydawnictwa z ca\u0142ego \u015al\u0105ska. Realizujemy wysokojako\u015bciowy druk cyfrowy i offsetowy, a dzi\u0119ki sklepowi internetowemu umo\u017cliwiamy wygodne sk\u0142adanie zam\u00f3wie\u0144 online [&hellip;]<\/p>\n","protected":false},"author":149,"featured_media":0,"parent":0,"menu_order":0,"comment_status":"closed","ping_status":"closed","template":"","meta":{"footnotes":""},"class_list":["post-11528","page","type-page","status-publish","hentry"],"_links":{"self":[{"href":"https:\/\/drukarnia-danpol.pl\/fr\/wp-json\/wp\/v2\/pages\/11528","targetHints":{"allow":["GET"]}}],"collection":[{"href":"https:\/\/drukarnia-danpol.pl\/fr\/wp-json\/wp\/v2\/pages"}],"about":[{"href":"https:\/\/drukarnia-danpol.pl\/fr\/wp-json\/wp\/v2\/types\/page"}],"author":[{"embeddable":true,"href":"https:\/\/drukarnia-danpol.pl\/fr\/wp-json\/wp\/v2\/users\/149"}],"replies":[{"embeddable":true,"href":"https:\/\/drukarnia-danpol.pl\/fr\/wp-json\/wp\/v2\/comments?post=11528"}],"version-history":[{"count":131,"href":"https:\/\/drukarnia-danpol.pl\/fr\/wp-json\/wp\/v2\/pages\/11528\/revisions"}],"predecessor-version":[{"id":11726,"href":"https:\/\/drukarnia-danpol.pl\/fr\/wp-json\/wp\/v2\/pages\/11528\/revisions\/11726"}],"wp:attachment":[{"href":"https:\/\/drukarnia-danpol.pl\/fr\/wp-json\/wp\/v2\/media?parent=11528"}],"curies":[{"name":"wp","href":"https:\/\/api.w.org\/{rel}","templated":true}]}}