{"id":11664,"date":"2026-03-28T14:47:52","date_gmt":"2026-03-28T13:47:52","guid":{"rendered":"https:\/\/drukarnia-danpol.pl\/?page_id=11664"},"modified":"2026-03-28T15:41:41","modified_gmt":"2026-03-28T14:41:41","slug":"drukarnia-ksiazek-ruda-slaska","status":"publish","type":"page","link":"https:\/\/drukarnia-danpol.pl\/fr\/drukarnia-ksiazek-ruda-slaska\/","title":{"rendered":"Imprimerie de livres Ruda \u015al\u0105ska"},"content":{"rendered":"<div data-elementor-type=\"wp-page\" data-elementor-id=\"11664\" class=\"elementor elementor-11664\">\n\t\t\t\t<div class=\"elementor-element elementor-element-d54d767 e-flex e-con-boxed e-con e-parent\" data-id=\"d54d767\" data-element_type=\"container\" data-e-type=\"container\">\n\t\t\t\t\t<div class=\"e-con-inner\">\n\t\t<div class=\"elementor-element elementor-element-907c913 e-con-full e-flex e-con e-child\" data-id=\"907c913\" data-element_type=\"container\" data-e-type=\"container\">\n\t\t\t\t<div class=\"elementor-element elementor-element-ab2d035 elementor-widget elementor-widget-spacer\" data-id=\"ab2d035\" data-element_type=\"widget\" data-e-type=\"widget\" data-widget_type=\"spacer.default\">\n\t\t\t\t<div class=\"elementor-widget-container\">\n\t\t\t\t\t\t\t<div class=\"elementor-spacer\">\n\t\t\t<div class=\"elementor-spacer-inner\"><\/div>\n\t\t<\/div>\n\t\t\t\t\t\t<\/div>\n\t\t\t\t<\/div>\n\t\t\t\t<div class=\"elementor-element elementor-element-32065b9 elementor-widget elementor-widget-heading\" data-id=\"32065b9\" data-element_type=\"widget\" data-e-type=\"widget\" data-widget_type=\"heading.default\">\n\t\t\t\t<div class=\"elementor-widget-container\">\n\t\t\t\t\t<h1 class=\"elementor-heading-title elementor-size-default\">Imprimerie de livres Ruda \u015al\u0105ska<\/h1>\t\t\t\t<\/div>\n\t\t\t\t<\/div>\n\t\t\t\t<div class=\"elementor-element elementor-element-77571cf elementor-widget elementor-widget-spacer\" data-id=\"77571cf\" data-element_type=\"widget\" data-e-type=\"widget\" data-widget_type=\"spacer.default\">\n\t\t\t\t<div class=\"elementor-widget-container\">\n\t\t\t\t\t\t\t<div class=\"elementor-spacer\">\n\t\t\t<div class=\"elementor-spacer-inner\"><\/div>\n\t\t<\/div>\n\t\t\t\t\t\t<\/div>\n\t\t\t\t<\/div>\n\t\t\n\t\t<div class=\"elementor-element elementor-element-7875cbc elementor-widget elementor-widget-text-editor\" data-id=\"7875cbc\" data-element_type=\"widget\" data-e-type=\"widget\" data-widget_type=\"text-editor.default\">\n\t\t\t\t<div class=\"elementor-widget-container\">\n\t\t\t\t\t\t\t\t\t<p class=\"p1\">Szukasz miejsca, w kt\u00f3rym zam\u00f3wisz profesjonalny druk ksi\u0105\u017cek dla firmy, wydawnictwa albo w\u0142asnego projektu autorskiego? <strong>DANPOL<\/strong> to drukarnia z Zabrza, kt\u00f3ra od lat obs\u0142uguje klient\u00f3w z <strong>Rudy \u015al\u0105skiej<\/strong> i ca\u0142ego regionu, realizuj\u0105c zar\u00f3wno mniejsze nak\u0142ady, jak i wi\u0119ksze zam\u00f3wienia wydawnicze. Bliska odleg\u0142o\u015b\u0107 sprawia, \u017ce w razie potrzeby mo\u017cesz szybko podjecha\u0107 do naszej siedziby, om\u00f3wi\u0107 szczeg\u00f3\u0142y projektu lub odebra\u0107 gotowe publikacje, ale ca\u0142y proces r\u00f3wnie wygodnie da si\u0119 przeprowadzi\u0107 online.<\/p><p class=\"p1\">\u0141\u0105czymy druk cyfrowy i offsetowy, dlatego dobieramy technologi\u0119 do nak\u0142adu, rodzaju publikacji i oczekiwanego efektu ko\u0144cowego. <strong>Zam\u00f3wienia przyjmujemy przez internet z wysy\u0142k\u0105 na terenie ca\u0142ej Polski<\/strong>, a jednocze\u015bnie zapewniamy bezpo\u015bredni kontakt z drukarni\u0105, co dla wielu klient\u00f3w z Rudy \u015al\u0105skiej jest wa\u017cnym atutem.<\/p>\t\t\t\t\t\t\t\t<\/div>\n\t\t\t\t<\/div>\n\t\t\t\t<div class=\"elementor-element elementor-element-7ef1432 elementor-widget elementor-widget-spacer\" data-id=\"7ef1432\" data-element_type=\"widget\" data-e-type=\"widget\" data-widget_type=\"spacer.default\">\n\t\t\t\t<div class=\"elementor-widget-container\">\n\t\t\t\t\t\t\t<div class=\"elementor-spacer\">\n\t\t\t<div class=\"elementor-spacer-inner\"><\/div>\n\t\t<\/div>\n\t\t\t\t\t\t<\/div>\n\t\t\t\t<\/div>\n\t\t\t\t<div class=\"elementor-element elementor-element-1ec6b88 elementor-button-default elementor-widget elementor-widget-button\" data-id=\"1ec6b88\" data-element_type=\"widget\" data-e-type=\"widget\" data-widget_type=\"button.default\">\n\t\t\t\t<div class=\"elementor-widget-container\">\n\t\t\t\t\t\t\t\t\t<div class=\"elementor-button-wrapper\">\n\t\t\t\t\t<a class=\"elementor-button elementor-button-link elementor-size-sm\" href=\"https:\/\/drukarnia-danpol.pl\/fr\/kontakt\/\">\n\t\t\t\t\t\t<span class=\"elementor-button-content-wrapper\">\n\t\t\t\t\t\t\t\t\t<span class=\"elementor-button-text\">Demander un devis pour l&#039;impression de livres \u2192<\/span>\n\t\t\t\t\t<\/span>\n\t\t\t\t\t<\/a>\n\t\t\t\t<\/div>\n\t\t\t\t\t\t\t\t<\/div>\n\t\t\t\t<\/div>\n\t\t\t\t<\/div>\n\t\t\t\t\t<\/div>\n\t\t\t\t<\/div>\n\t\t<div class=\"elementor-element elementor-element-d3b8df3 e-flex e-con-boxed e-con e-parent\" data-id=\"d3b8df3\" data-element_type=\"container\" data-e-type=\"container\" data-settings=\"{&quot;background_background&quot;:&quot;classic&quot;}\">\n\t\t\t\t\t<div class=\"e-con-inner\">\n\t\t<div class=\"elementor-element elementor-element-33fc010 e-con-full e-flex e-con e-child\" data-id=\"33fc010\" data-element_type=\"container\" data-e-type=\"container\" data-settings=\"{&quot;background_background&quot;:&quot;classic&quot;}\">\n\t\t\t\t<div class=\"elementor-element elementor-element-0f39d9c elementor-widget elementor-widget-heading\" data-id=\"0f39d9c\" data-element_type=\"widget\" data-e-type=\"widget\" data-widget_type=\"heading.default\">\n\t\t\t\t<div class=\"elementor-widget-container\">\n\t\t\t\t\t<h2 class=\"elementor-heading-title elementor-size-default\">Druk ksi\u0105\u017cek dla autor\u00f3w, wydawnictw i firm z Rudy \u015al\u0105skiej\u200b\u200b<\/h2>\t\t\t\t<\/div>\n\t\t\t\t<\/div>\n\t\t\t\t<div class=\"elementor-element elementor-element-5dc1f37 elementor-widget elementor-widget-spacer\" data-id=\"5dc1f37\" data-element_type=\"widget\" data-e-type=\"widget\" data-widget_type=\"spacer.default\">\n\t\t\t\t<div class=\"elementor-widget-container\">\n\t\t\t\t\t\t\t<div class=\"elementor-spacer\">\n\t\t\t<div class=\"elementor-spacer-inner\"><\/div>\n\t\t<\/div>\n\t\t\t\t\t\t<\/div>\n\t\t\t\t<\/div>\n\t\t\t\t<div class=\"elementor-element elementor-element-35df869 elementor-widget elementor-widget-text-editor\" data-id=\"35df869\" data-element_type=\"widget\" data-e-type=\"widget\" data-widget_type=\"text-editor.default\">\n\t\t\t\t<div class=\"elementor-widget-container\">\n\t\t\t\t\t\t\t\t\t<p class=\"p1\">Realizujemy druk ksi\u0105\u017cek w r\u00f3\u017cnych wariantach, dopasowanych do charakteru publikacji i planowanego nak\u0142adu. Przygotowujemy powie\u015bci, poradniki, podr\u0119czniki, albumy, reporta\u017ce, tomiki poezji, publikacje firmowe i materia\u0142y szkoleniowe. Pracujemy zar\u00f3wno z autorami niezale\u017cnymi, kt\u00f3rzy chc\u0105 wydrukowa\u0107 pierwsz\u0105 ksi\u0105\u017ck\u0119, jak i z wydawnictwami oraz firmami potrzebuj\u0105cymi sprawdzonego partnera do regularnych realizacji.<\/p><p class=\"p1\">Dzi\u0119ki do\u015bwiadczeniu oraz w\u0142asnemu zapleczu produkcyjnemu mo\u017cemy zadba\u0107 nie tylko o sam druk, ale r\u00f3wnie\u017c o jako\u015b\u0107 wyko\u0144czenia, sp\u00f3jno\u015b\u0107 kolorystyczn\u0105 i powtarzalno\u015b\u0107 kolejnych nak\u0142ad\u00f3w. To wa\u017cne szczeg\u00f3lnie wtedy, gdy ksi\u0105\u017cka ma trafi\u0107 do sprzeda\u017cy, dystrybucji lub sta\u0142ej oferty wydawniczej.<\/p>\t\t\t\t\t\t\t\t<\/div>\n\t\t\t\t<\/div>\n\t\t\t\t<\/div>\n\t\t\t\t\t<\/div>\n\t\t\t\t<\/div>\n\t\t<div class=\"elementor-element elementor-element-3ff9161 e-flex e-con-boxed e-con e-parent\" data-id=\"3ff9161\" data-element_type=\"container\" data-e-type=\"container\">\n\t\t\t\t\t<div class=\"e-con-inner\">\n\t\t<div class=\"elementor-element elementor-element-018afae e-con-full e-flex e-con e-child\" data-id=\"018afae\" data-element_type=\"container\" data-e-type=\"container\">\n\t\t\t\t<div class=\"elementor-element elementor-element-96fe7a7 elementor-widget elementor-widget-heading\" data-id=\"96fe7a7\" data-element_type=\"widget\" data-e-type=\"widget\" data-widget_type=\"heading.default\">\n\t\t\t\t<div class=\"elementor-widget-container\">\n\t\t\t\t\t<h2 class=\"elementor-heading-title elementor-size-default\">Jakie publikacje i wyko\u0144czenia realizujemy<\/h2>\t\t\t\t<\/div>\n\t\t\t\t<\/div>\n\t\t\t\t<div class=\"elementor-element elementor-element-2ca186d elementor-widget elementor-widget-spacer\" data-id=\"2ca186d\" data-element_type=\"widget\" data-e-type=\"widget\" data-widget_type=\"spacer.default\">\n\t\t\t\t<div class=\"elementor-widget-container\">\n\t\t\t\t\t\t\t<div class=\"elementor-spacer\">\n\t\t\t<div class=\"elementor-spacer-inner\"><\/div>\n\t\t<\/div>\n\t\t\t\t\t\t<\/div>\n\t\t\t\t<\/div>\n\t\t\t\t<div class=\"elementor-element elementor-element-3fe8619 elementor-widget elementor-widget-text-editor\" data-id=\"3fe8619\" data-element_type=\"widget\" data-e-type=\"widget\" data-widget_type=\"text-editor.default\">\n\t\t\t\t<div class=\"elementor-widget-container\">\n\t\t\t\t\t\t\t\t\t<p class=\"p1\">W naszej drukarni przygotowujemy <strong>ksi\u0105\u017cki w oprawie mi\u0119kkiej i twardej<\/strong>, a tak\u017ce r\u00f3\u017cnego rodzaju druki uzupe\u0142niaj\u0105ce, kt\u00f3re wymagaj\u0105 starannego wyko\u0144czenia. Opr\u00f3cz samego druku oferujemy r\u00f3wnie\u017c us\u0142ugi introligatorskie i uszlachetnienia, kt\u00f3re wp\u0142ywaj\u0105 na trwa\u0142o\u015b\u0107 oraz odbi\u00f3r gotowej publikacji. W zale\u017cno\u015bci od projektu mo\u017cliwe jest zastosowanie foliowania, wybranych form oprawy czy dodatkowych rozwi\u0105za\u0144 poprawiaj\u0105cych estetyk\u0119 ok\u0142adki i komfort u\u017cytkowania.<\/p><p class=\"p1\">To podej\u015bcie daje wi\u0119ksz\u0105 swobod\u0119 przy tworzeniu ksi\u0105\u017cek o r\u00f3\u017cnym charakterze &#8211; od prostych wyda\u0144 u\u017cytkowych po bardziej dopracowane publikacje prezentacyjne i sprzeda\u017cowe. Dzi\u0119ki temu klienci z Rudy \u015al\u0105skiej mog\u0105 zam\u00f3wi\u0107 w jednym miejscu ca\u0142y proces produkcji, bez konieczno\u015bci dzielenia realizacji mi\u0119dzy kilka firm.<\/p><h3>Co drukujemy:<\/h3><ul><li>Livres broch\u00e9s et reli\u00e9s<\/li><li>Romans, prose, po\u00e9sie<\/li><li>Livres scientifiques et techniques<\/li><li>Albums et publications de qualit\u00e9 sup\u00e9rieure<\/li><li>Tirages pour \u00e9diteurs et auteurs individuels<\/li><\/ul><h3>Uszlachetnienia ksi\u0105\u017cek i druk\u00f3w:<\/h3><ul><li>Pelliculage mat \/ brillant \/ doux au toucher<\/li><li>Marquage \u00e0 chaud (or\/argent)<\/li><li>Gaufrage et vernis UV s\u00e9lectif<\/li><\/ul>\t\t\t\t\t\t\t\t<\/div>\n\t\t\t\t<\/div>\n\t\t\t\t<\/div>\n\t\t\t\t\t<\/div>\n\t\t\t\t<\/div>\n\t\t<div class=\"elementor-element elementor-element-ac4e1fc e-flex e-con-boxed e-con e-parent\" data-id=\"ac4e1fc\" data-element_type=\"container\" data-e-type=\"container\" data-settings=\"{&quot;background_background&quot;:&quot;classic&quot;}\">\n\t\t\t\t\t<div class=\"e-con-inner\">\n\t\t<div class=\"elementor-element elementor-element-15e3426 e-con-full e-flex e-con e-child\" data-id=\"15e3426\" data-element_type=\"container\" data-e-type=\"container\" data-settings=\"{&quot;background_background&quot;:&quot;classic&quot;}\">\n\t\t\t\t<div class=\"elementor-element elementor-element-07c7523 elementor-widget elementor-widget-heading\" data-id=\"07c7523\" data-element_type=\"widget\" data-e-type=\"widget\" data-widget_type=\"heading.default\">\n\t\t\t\t<div class=\"elementor-widget-container\">\n\t\t\t\t\t<h2 class=\"elementor-heading-title elementor-size-default\">Jak wygl\u0105da wsp\u00f3\u0142praca przy druku ksi\u0105\u017cki?<\/h2>\t\t\t\t<\/div>\n\t\t\t\t<\/div>\n\t\t\t\t<div class=\"elementor-element elementor-element-1d4859f elementor-widget elementor-widget-spacer\" data-id=\"1d4859f\" data-element_type=\"widget\" data-e-type=\"widget\" data-widget_type=\"spacer.default\">\n\t\t\t\t<div class=\"elementor-widget-container\">\n\t\t\t\t\t\t\t<div class=\"elementor-spacer\">\n\t\t\t<div class=\"elementor-spacer-inner\"><\/div>\n\t\t<\/div>\n\t\t\t\t\t\t<\/div>\n\t\t\t\t<\/div>\n\t\t\t\t<div class=\"elementor-element elementor-element-fd74f7e elementor-widget elementor-widget-text-editor\" data-id=\"fd74f7e\" data-element_type=\"widget\" data-e-type=\"widget\" data-widget_type=\"text-editor.default\">\n\t\t\t\t<div class=\"elementor-widget-container\">\n\t\t\t\t\t\t\t\t\t<p class=\"p1\">Proces zam\u00f3wienia staramy si\u0119 utrzymywa\u0107 w prostej i czytelnej formie. Na pocz\u0105tku wystarczy <strong>przes\u0142a\u0107 pliki<\/strong> lub zapytanie z podstawowymi parametrami publikacji. Na tej podstawie <strong>przygotowujemy wycen\u0119 i proponujemy rozwi\u0105zanie<\/strong> dopasowane do nak\u0142adu, papieru, formatu oraz rodzaju oprawy. Po akceptacji przechodzimy do realizacji, a gotowe ksi\u0105\u017cki przekazujemy do odbioru lub wysy\u0142ki.<\/p><p class=\"p1\">Taki spos\u00f3b pracy pozwala sprawnie obs\u0142ugiwa\u0107 zar\u00f3wno klient\u00f3w, kt\u00f3rzy dok\u0142adnie wiedz\u0105, czego potrzebuj\u0105, jak i osoby zamawiaj\u0105ce druk ksi\u0105\u017cki po raz pierwszy. <strong>Dla wielu autor\u00f3w i firm z Rudy \u015al\u0105skiej<\/strong> istotne jest to, \u017ce mog\u0105 liczy\u0107 nie tylko na sam wydruk, ale te\u017c na pomoc w uporz\u0105dkowaniu ca\u0142ego procesu produkcyjnego.<\/p>\t\t\t\t\t\t\t\t<\/div>\n\t\t\t\t<\/div>\n\t\t\t\t<div class=\"elementor-element elementor-element-de7c985 elementor-button-default elementor-widget elementor-widget-button\" data-id=\"de7c985\" data-element_type=\"widget\" data-e-type=\"widget\" data-widget_type=\"button.default\">\n\t\t\t\t<div class=\"elementor-widget-container\">\n\t\t\t\t\t\t\t\t\t<div class=\"elementor-button-wrapper\">\n\t\t\t\t\t<a class=\"elementor-button elementor-button-link elementor-size-sm\" href=\"https:\/\/drukarnia-danpol.pl\/fr\/kontakt\/\">\n\t\t\t\t\t\t<span class=\"elementor-button-content-wrapper\">\n\t\t\t\t\t\t\t\t\t<span class=\"elementor-button-text\">Demander un devis \u2192<\/span>\n\t\t\t\t\t<\/span>\n\t\t\t\t\t<\/a>\n\t\t\t\t<\/div>\n\t\t\t\t\t\t\t\t<\/div>\n\t\t\t\t<\/div>\n\t\t\t\t<\/div>\n\t\t\t\t\t<\/div>\n\t\t\t\t<\/div>\n\t\t<div class=\"elementor-element elementor-element-e6dd185 e-flex e-con-boxed e-con e-parent\" data-id=\"e6dd185\" data-element_type=\"container\" data-e-type=\"container\">\n\t\t\t\t\t<div class=\"e-con-inner\">\n\t\t<div class=\"elementor-element elementor-element-6667c60 e-con-full e-flex e-con e-child\" data-id=\"6667c60\" data-element_type=\"container\" data-e-type=\"container\">\n\t\t\t\t<div class=\"elementor-element elementor-element-153433b elementor-widget elementor-widget-heading\" data-id=\"153433b\" data-element_type=\"widget\" data-e-type=\"widget\" data-widget_type=\"heading.default\">\n\t\t\t\t<div class=\"elementor-widget-container\">\n\t\t\t\t\t<h2 class=\"elementor-heading-title elementor-size-default\">Dlaczego klienci z Rudy \u015al\u0105skiej wybieraj\u0105 DANPOL?<\/h2>\t\t\t\t<\/div>\n\t\t\t\t<\/div>\n\t\t\t\t<div class=\"elementor-element elementor-element-b3febc4 elementor-widget elementor-widget-spacer\" data-id=\"b3febc4\" data-element_type=\"widget\" data-e-type=\"widget\" data-widget_type=\"spacer.default\">\n\t\t\t\t<div class=\"elementor-widget-container\">\n\t\t\t\t\t\t\t<div class=\"elementor-spacer\">\n\t\t\t<div class=\"elementor-spacer-inner\"><\/div>\n\t\t<\/div>\n\t\t\t\t\t\t<\/div>\n\t\t\t\t<\/div>\n\t\t\t\t<div class=\"elementor-element elementor-element-6bb3c36 elementor-widget elementor-widget-text-editor\" data-id=\"6bb3c36\" data-element_type=\"widget\" data-e-type=\"widget\" data-widget_type=\"text-editor.default\">\n\t\t\t\t<div class=\"elementor-widget-container\">\n\t\t\t\t\t\t\t\t\t<p class=\"p1\">Dla wielu klient\u00f3w najwa\u017cniejsze s\u0105 trzy rzeczy: jako\u015b\u0107, przewidywalno\u015b\u0107 i sprawna komunikacja. Jako rodzinna drukarnia z du\u017cym do\u015bwiadczeniem stawiamy w\u0142a\u015bnie na te elementy. Realizujemy zar\u00f3wno niskie nak\u0142ady, jak i wi\u0119ksze serie, utrzymuj\u0105c wysoki standard wykonania i dopasowuj\u0105c technologi\u0119 do konkretnego projektu. Sta\u0142a wsp\u00f3\u0142praca z wydawnictwami i firmami pozwoli\u0142a nam wypracowa\u0107 procesy, kt\u00f3re dobrze sprawdzaj\u0105 si\u0119 tak\u017ce przy bardziej wymagaj\u0105cych publikacjach.<\/p><p class=\"p1\">Znaczenie ma r\u00f3wnie\u017c lokalizacja. <strong>Z Rudy \u015al\u0105skiej do Zabrza jest blisko<\/strong>, wi\u0119c w razie potrzeby mo\u017cna szybko skonsultowa\u0107 projekt, om\u00f3wi\u0107 szczeg\u00f3\u0142y realizacji albo odebra\u0107 gotowy nak\u0142ad. Jednocze\u015bnie sklep internetowy i <strong>wysy\u0142ka na terenie ca\u0142ej Polski<\/strong> sprawiaj\u0105, \u017ce wsp\u00f3\u0142praca pozostaje wygodna tak\u017ce wtedy, gdy wszystko chcesz za\u0142atwi\u0107 zdalnie.<\/p>\t\t\t\t\t\t\t\t<\/div>\n\t\t\t\t<\/div>\n\t\t\t\t<\/div>\n\t\t\t\t\t<\/div>\n\t\t\t\t<\/div>\n\t\t<div class=\"elementor-element elementor-element-5be1dae e-flex e-con-boxed e-con e-parent\" data-id=\"5be1dae\" data-element_type=\"container\" data-e-type=\"container\" data-settings=\"{&quot;background_background&quot;:&quot;classic&quot;}\">\n\t\t\t\t\t<div class=\"e-con-inner\">\n\t\t<div class=\"elementor-element elementor-element-7a78052 e-con-full e-flex e-con e-child\" data-id=\"7a78052\" data-element_type=\"container\" data-e-type=\"container\" data-settings=\"{&quot;background_background&quot;:&quot;classic&quot;}\">\n\t\t\t\t<div class=\"elementor-element elementor-element-7e0b16b elementor-widget elementor-widget-heading\" data-id=\"7e0b16b\" data-element_type=\"widget\" data-e-type=\"widget\" data-widget_type=\"heading.default\">\n\t\t\t\t<div class=\"elementor-widget-container\">\n\t\t\t\t\t<h2 class=\"elementor-heading-title elementor-size-default\">Obs\u0142ugujemy klient\u00f3w z ca\u0142ej Rudy \u015al\u0105skiej<\/h2>\t\t\t\t<\/div>\n\t\t\t\t<\/div>\n\t\t\t\t<div class=\"elementor-element elementor-element-7386a40 elementor-widget elementor-widget-spacer\" data-id=\"7386a40\" data-element_type=\"widget\" data-e-type=\"widget\" data-widget_type=\"spacer.default\">\n\t\t\t\t<div class=\"elementor-widget-container\">\n\t\t\t\t\t\t\t<div class=\"elementor-spacer\">\n\t\t\t<div class=\"elementor-spacer-inner\"><\/div>\n\t\t<\/div>\n\t\t\t\t\t\t<\/div>\n\t\t\t\t<\/div>\n\t\t\t\t<div class=\"elementor-element elementor-element-9479cdc elementor-widget elementor-widget-text-editor\" data-id=\"9479cdc\" data-element_type=\"widget\" data-e-type=\"widget\" data-widget_type=\"text-editor.default\">\n\t\t\t\t<div class=\"elementor-widget-container\">\n\t\t\t\t\t\t\t\t\t<p class=\"p1\">Realizujemy zam\u00f3wienia dla klient\u00f3w z r\u00f3\u017cnych cz\u0119\u015bci Rudy \u015al\u0105skiej, zar\u00f3wno z centralnych rejon\u00f3w miasta, jak i z pozosta\u0142ych dzielnic. Blisko\u015b\u0107 naszej drukarni sprawia, \u017ce wiele os\u00f3b traktuje Zabrze jako naturalne miejsce do szybkiego kontaktu i realizacji zlecenia, szczeg\u00f3lnie wtedy, gdy liczy si\u0119 czas, konsultacja techniczna albo wygodny odbi\u00f3r gotowych ksi\u0105\u017cek.<\/p><p class=\"p1\">Je\u015bli jednak wolisz zam\u00f3wi\u0107 druk ca\u0142kowicie online, r\u00f3wnie\u017c nie ma z tym problemu. Przyjmujemy zam\u00f3wienia przez internet, przygotowujemy wycen\u0119, realizujemy druk i wysy\u0142amy gotowe publikacje pod wskazany adres. Dzi\u0119ki temu klienci z Rudy \u015al\u0105skiej mog\u0105 korzysta\u0107 z profesjonalnego druku ksi\u0105\u017cek bez zb\u0119dnych formalno\u015bci.<\/p><p>Nous imprimons \u00e9galement pour d&#039;autres villes voisines telles que\u00a0:<\/p><ul><li class=\"p1\"><a href=\"https:\/\/drukarnia-danpol.pl\/fr\/drukarnia-ksiazek-gliwice\/\">Impression de livres \u00e0 Gliwice<\/a><\/li><li><a href=\"https:\/\/drukarnia-danpol.pl\/fr\/drukarnia-ksiazek-katowice\/\">Impression de livres \u00e0 Katowice<\/a><\/li><\/ul>\t\t\t\t\t\t\t\t<\/div>\n\t\t\t\t<\/div>\n\t\t\t\t<div class=\"elementor-element elementor-element-0606b44 elementor-button-default elementor-widget elementor-widget-button\" data-id=\"0606b44\" data-element_type=\"widget\" data-e-type=\"widget\" data-widget_type=\"button.default\">\n\t\t\t\t<div class=\"elementor-widget-container\">\n\t\t\t\t\t\t\t\t\t<div class=\"elementor-button-wrapper\">\n\t\t\t\t\t<a class=\"elementor-button elementor-button-link elementor-size-sm\" href=\"https:\/\/drukarnia-danpol.pl\/fr\/kontakt\/\">\n\t\t\t\t\t\t<span class=\"elementor-button-content-wrapper\">\n\t\t\t\t\t\t\t\t\t<span class=\"elementor-button-text\">Contactez-nous \u2192<\/span>\n\t\t\t\t\t<\/span>\n\t\t\t\t\t<\/a>\n\t\t\t\t<\/div>\n\t\t\t\t\t\t\t\t<\/div>\n\t\t\t\t<\/div>\n\t\t\t\t<div class=\"elementor-element elementor-element-d30af60 elementor-widget elementor-widget-spacer\" data-id=\"d30af60\" data-element_type=\"widget\" data-e-type=\"widget\" data-widget_type=\"spacer.default\">\n\t\t\t\t<div class=\"elementor-widget-container\">\n\t\t\t\t\t\t\t<div class=\"elementor-spacer\">\n\t\t\t<div class=\"elementor-spacer-inner\"><\/div>\n\t\t<\/div>\n\t\t\t\t\t\t<\/div>\n\t\t\t\t<\/div>\n\t\t\t\t<div class=\"elementor-element elementor-element-eaaaa17 elementor-widget elementor-widget-html\" data-id=\"eaaaa17\" data-element_type=\"widget\" data-e-type=\"widget\" data-widget_type=\"html.default\">\n\t\t\t\t<div class=\"elementor-widget-container\">\n\t\t\t\t\t<iframe src=\"https:\/\/www.google.com\/maps\/embed?pb=!1m18!1m12!1m3!1d81605.33911637242!2d18.791851619281573!3d50.270143197949714!2m3!1f0!2f0!3f0!3m2!1i1024!2i768!4f13.1!3m3!1m2!1s0x4716cd24589e39b5%3A0xeb0357f65372cf8f!2zUnVkYSDFmmzEhXNrYQ!5e0!3m2!1sen!2spl!4v1774705729766!5m2!1sen!2spl\" width=\"100%\" height=\"377\" style=\"border:0;\" allowfullscreen=\"\" loading=\"lazy\" referrerpolicy=\"no-referrer-when-downgrade\"><\/iframe>\t\t\t\t<\/div>\n\t\t\t\t<\/div>\n\t\t\t\t<\/div>\n\t\t\t\t\t<\/div>\n\t\t\t\t<\/div>\n\t\t\t\t<\/div>","protected":false},"excerpt":{"rendered":"<p>Drukarnia ksi\u0105\u017cek Ruda \u015al\u0105ska Szukasz miejsca, w kt\u00f3rym zam\u00f3wisz profesjonalny druk ksi\u0105\u017cek dla firmy, wydawnictwa albo w\u0142asnego projektu autorskiego? DANPOL to drukarnia z Zabrza, kt\u00f3ra od lat obs\u0142uguje klient\u00f3w z Rudy \u015al\u0105skiej i ca\u0142ego regionu, realizuj\u0105c zar\u00f3wno mniejsze nak\u0142ady, jak i wi\u0119ksze zam\u00f3wienia wydawnicze. Bliska odleg\u0142o\u015b\u0107 sprawia, \u017ce w razie potrzeby mo\u017cesz szybko podjecha\u0107 do [&hellip;]<\/p>\n","protected":false},"author":149,"featured_media":0,"parent":0,"menu_order":0,"comment_status":"closed","ping_status":"closed","template":"","meta":{"footnotes":""},"class_list":["post-11664","page","type-page","status-publish","hentry"],"_links":{"self":[{"href":"https:\/\/drukarnia-danpol.pl\/fr\/wp-json\/wp\/v2\/pages\/11664","targetHints":{"allow":["GET"]}}],"collection":[{"href":"https:\/\/drukarnia-danpol.pl\/fr\/wp-json\/wp\/v2\/pages"}],"about":[{"href":"https:\/\/drukarnia-danpol.pl\/fr\/wp-json\/wp\/v2\/types\/page"}],"author":[{"embeddable":true,"href":"https:\/\/drukarnia-danpol.pl\/fr\/wp-json\/wp\/v2\/users\/149"}],"replies":[{"embeddable":true,"href":"https:\/\/drukarnia-danpol.pl\/fr\/wp-json\/wp\/v2\/comments?post=11664"}],"version-history":[{"count":22,"href":"https:\/\/drukarnia-danpol.pl\/fr\/wp-json\/wp\/v2\/pages\/11664\/revisions"}],"predecessor-version":[{"id":11692,"href":"https:\/\/drukarnia-danpol.pl\/fr\/wp-json\/wp\/v2\/pages\/11664\/revisions\/11692"}],"wp:attachment":[{"href":"https:\/\/drukarnia-danpol.pl\/fr\/wp-json\/wp\/v2\/media?parent=11664"}],"curies":[{"name":"wp","href":"https:\/\/api.w.org\/{rel}","templated":true}]}}