{"id":11696,"date":"2026-03-15T16:24:20","date_gmt":"2026-03-15T15:24:20","guid":{"rendered":"https:\/\/drukarnia-danpol.pl\/?page_id=11696"},"modified":"2026-03-29T16:39:51","modified_gmt":"2026-03-29T14:39:51","slug":"impression-de-livres-chorzow","status":"publish","type":"page","link":"https:\/\/drukarnia-danpol.pl\/fr\/drukarnia-ksiazek-chorzow\/","title":{"rendered":"Imprimerie de livres Chorz\u00f3w"},"content":{"rendered":"<div data-elementor-type=\"wp-page\" data-elementor-id=\"11696\" class=\"elementor elementor-11696\">\n\t\t\t\t<div class=\"elementor-element elementor-element-e3362f6 e-flex e-con-boxed e-con e-parent\" data-id=\"e3362f6\" data-element_type=\"container\" data-e-type=\"container\">\n\t\t\t\t\t<div class=\"e-con-inner\">\n\t\t<div class=\"elementor-element elementor-element-8f855fc e-con-full e-flex e-con e-child\" data-id=\"8f855fc\" data-element_type=\"container\" data-e-type=\"container\">\n\t\t\t\t<div class=\"elementor-element elementor-element-eb01a29 elementor-widget elementor-widget-spacer\" data-id=\"eb01a29\" data-element_type=\"widget\" data-e-type=\"widget\" data-widget_type=\"spacer.default\">\n\t\t\t\t<div class=\"elementor-widget-container\">\n\t\t\t\t\t\t\t<div class=\"elementor-spacer\">\n\t\t\t<div class=\"elementor-spacer-inner\"><\/div>\n\t\t<\/div>\n\t\t\t\t\t\t<\/div>\n\t\t\t\t<\/div>\n\t\t\t\t<div class=\"elementor-element elementor-element-43332bf elementor-widget elementor-widget-heading\" data-id=\"43332bf\" data-element_type=\"widget\" data-e-type=\"widget\" data-widget_type=\"heading.default\">\n\t\t\t\t<div class=\"elementor-widget-container\">\n\t\t\t\t\t<h1 class=\"elementor-heading-title elementor-size-default\">Imprimerie de livres Chorz\u00f3w<\/h1>\t\t\t\t<\/div>\n\t\t\t\t<\/div>\n\t\t\t\t<div class=\"elementor-element elementor-element-935cb01 elementor-widget elementor-widget-spacer\" data-id=\"935cb01\" data-element_type=\"widget\" data-e-type=\"widget\" data-widget_type=\"spacer.default\">\n\t\t\t\t<div class=\"elementor-widget-container\">\n\t\t\t\t\t\t\t<div class=\"elementor-spacer\">\n\t\t\t<div class=\"elementor-spacer-inner\"><\/div>\n\t\t<\/div>\n\t\t\t\t\t\t<\/div>\n\t\t\t\t<\/div>\n\t\t\n\t\t<div class=\"elementor-element elementor-element-37efaa3 elementor-widget elementor-widget-text-editor\" data-id=\"37efaa3\" data-element_type=\"widget\" data-e-type=\"widget\" data-widget_type=\"text-editor.default\">\n\t\t\t\t<div class=\"elementor-widget-container\">\n\t\t\t\t\t\t\t\t\t<p class=\"p1\">Nie ka\u017cda ksi\u0105\u017cka wymaga takiego samego podej\u015bcia. Jedne publikacje powstaj\u0105 w kr\u00f3tkich seriach, inne od razu planowane s\u0105 pod wi\u0119kszy nak\u0142ad, sprzeda\u017c lub dystrybucj\u0119 do partner\u00f3w handlowych. Dlatego przy druku ksi\u0105\u017cek liczy si\u0119 nie tylko sam efekt ko\u0144cowy, ale te\u017c dobrze dobrana technologia, sprawny kontakt i mo\u017cliwo\u015b\u0107 wygodnego zam\u00f3wienia ca\u0142ego procesu. <strong>DANPOL<\/strong> to drukarnia z Zabrza, kt\u00f3ra od lat realizuje tego typu zlecenia dla klient\u00f3w z <strong>Chorzowa<\/strong> i ca\u0142ego regionu, \u0142\u0105cz\u0105c lokaln\u0105 dost\u0119pno\u015b\u0107 z <strong>obs\u0142ug\u0105 online i wysy\u0142k\u0105 na terenie ca\u0142ej Polski<\/strong>.<\/p><p class=\"p1\"><strong>Blisko\u015b\u0107 Chorzowa i Zabrza<\/strong> sprawia, \u017ce cz\u0119\u015b\u0107 klient\u00f3w wybiera bezpo\u015bredni kontakt z drukarni\u0105, konsultacje na miejscu albo osobisty odbi\u00f3r gotowych publikacji. R\u00f3wnie dobrze ca\u0142y proces mo\u017cna jednak przeprowadzi\u0107 zdalnie, korzystaj\u0105c ze sklepu internetowego oraz indywidualnych ustale\u0144 dotycz\u0105cych parametr\u00f3w druku, oprawy i wyko\u0144czenia. Taki model wsp\u00f3\u0142pracy sprawdza si\u0119 zar\u00f3wno przy pojedynczych projektach autorskich, jak i przy wi\u0119kszych <strong>realizacjach dla wydawnictw oraz firm.<\/strong><\/p>\t\t\t\t\t\t\t\t<\/div>\n\t\t\t\t<\/div>\n\t\t\t\t<div class=\"elementor-element elementor-element-93f9c64 elementor-widget elementor-widget-spacer\" data-id=\"93f9c64\" data-element_type=\"widget\" data-e-type=\"widget\" data-widget_type=\"spacer.default\">\n\t\t\t\t<div class=\"elementor-widget-container\">\n\t\t\t\t\t\t\t<div class=\"elementor-spacer\">\n\t\t\t<div class=\"elementor-spacer-inner\"><\/div>\n\t\t<\/div>\n\t\t\t\t\t\t<\/div>\n\t\t\t\t<\/div>\n\t\t\t\t<div class=\"elementor-element elementor-element-fe1db08 elementor-button-default elementor-widget elementor-widget-button\" data-id=\"fe1db08\" data-element_type=\"widget\" data-e-type=\"widget\" data-widget_type=\"button.default\">\n\t\t\t\t<div class=\"elementor-widget-container\">\n\t\t\t\t\t\t\t\t\t<div class=\"elementor-button-wrapper\">\n\t\t\t\t\t<a class=\"elementor-button elementor-button-link elementor-size-sm\" href=\"https:\/\/drukarnia-danpol.pl\/fr\/kontakt\/\">\n\t\t\t\t\t\t<span class=\"elementor-button-content-wrapper\">\n\t\t\t\t\t\t\t\t\t<span class=\"elementor-button-text\">Demander un devis pour l&#039;impression de livres \u2192<\/span>\n\t\t\t\t\t<\/span>\n\t\t\t\t\t<\/a>\n\t\t\t\t<\/div>\n\t\t\t\t\t\t\t\t<\/div>\n\t\t\t\t<\/div>\n\t\t\t\t<\/div>\n\t\t\t\t\t<\/div>\n\t\t\t\t<\/div>\n\t\t<div class=\"elementor-element elementor-element-3ef05dc e-flex e-con-boxed e-con e-parent\" data-id=\"3ef05dc\" data-element_type=\"container\" data-e-type=\"container\" data-settings=\"{&quot;background_background&quot;:&quot;classic&quot;}\">\n\t\t\t\t\t<div class=\"e-con-inner\">\n\t\t<div class=\"elementor-element elementor-element-59a3f39 e-con-full e-flex e-con e-child\" data-id=\"59a3f39\" data-element_type=\"container\" data-e-type=\"container\" data-settings=\"{&quot;background_background&quot;:&quot;classic&quot;}\">\n\t\t\t\t<div class=\"elementor-element elementor-element-2fedb50 elementor-widget elementor-widget-heading\" data-id=\"2fedb50\" data-element_type=\"widget\" data-e-type=\"widget\" data-widget_type=\"heading.default\">\n\t\t\t\t<div class=\"elementor-widget-container\">\n\t\t\t\t\t<h2 class=\"elementor-heading-title elementor-size-default\">Ksi\u0105\u017cki drukowane z my\u015bl\u0105 o sprzeda\u017cy, promocji i dystrybucji\n<\/h2>\t\t\t\t<\/div>\n\t\t\t\t<\/div>\n\t\t\t\t<div class=\"elementor-element elementor-element-8da5710 elementor-widget elementor-widget-spacer\" data-id=\"8da5710\" data-element_type=\"widget\" data-e-type=\"widget\" data-widget_type=\"spacer.default\">\n\t\t\t\t<div class=\"elementor-widget-container\">\n\t\t\t\t\t\t\t<div class=\"elementor-spacer\">\n\t\t\t<div class=\"elementor-spacer-inner\"><\/div>\n\t\t<\/div>\n\t\t\t\t\t\t<\/div>\n\t\t\t\t<\/div>\n\t\t\t\t<div class=\"elementor-element elementor-element-e18ba27 elementor-widget elementor-widget-text-editor\" data-id=\"e18ba27\" data-element_type=\"widget\" data-e-type=\"widget\" data-widget_type=\"text-editor.default\">\n\t\t\t\t<div class=\"elementor-widget-container\">\n\t\t\t\t\t\t\t\t\t<p class=\"p1\">Realizujemy druk ksi\u0105\u017cek o r\u00f3\u017cnym charakterze i przeznaczeniu. Powstaj\u0105 u nas powie\u015bci, poradniki, podr\u0119czniki, albumy, publikacje firmowe, materia\u0142y szkoleniowe i inne projekty, w kt\u00f3rych wa\u017cna jest nie tylko czytelno\u015b\u0107 druku, ale te\u017c estetyka ca\u0142ego wydania. Dla jednych klient\u00f3w najwa\u017cniejsza jest mo\u017cliwo\u015b\u0107 wydrukowania niewielkiego nak\u0142adu, dla innych kluczowe znaczenie ma powtarzalno\u015b\u0107 wi\u0119kszej serii. W obu przypadkach liczy si\u0119 to samo &#8211; dobrze przygotowany proces, stabilna jako\u015b\u0107 i dopasowanie produkcji do celu, jaki ma spe\u0142nia\u0107 gotowa ksi\u0105\u017cka.<\/p><p class=\"p1\"><strong>Wsp\u00f3\u0142pracujemy zar\u00f3wno z autorami niezale\u017cnymi, jak i z wydawnictwami oraz firmami<\/strong>, kt\u00f3re potrzebuj\u0105 sprawdzonego wykonawcy do regularnych zam\u00f3wie\u0144. Dzi\u0119ki temu dobrze rozumiemy r\u00f3\u017cnice mi\u0119dzy projektem debiutanckim a publikacj\u0105 przygotowywan\u0105 pod handel, dzia\u0142ania marketingowe lub dystrybucj\u0119 hurtow\u0105. Ka\u017cde zlecenie wymaga troch\u0119 innego podej\u015bcia, dlatego nie opieramy si\u0119 na jednym sztywnym modelu realizacji.<\/p>\t\t\t\t\t\t\t\t<\/div>\n\t\t\t\t<\/div>\n\t\t\t\t<\/div>\n\t\t\t\t\t<\/div>\n\t\t\t\t<\/div>\n\t\t<div class=\"elementor-element elementor-element-ce5f7c8 e-flex e-con-boxed e-con e-parent\" data-id=\"ce5f7c8\" data-element_type=\"container\" data-e-type=\"container\">\n\t\t\t\t\t<div class=\"e-con-inner\">\n\t\t<div class=\"elementor-element elementor-element-a91e5d3 e-con-full e-flex e-con e-child\" data-id=\"a91e5d3\" data-element_type=\"container\" data-e-type=\"container\">\n\t\t\t\t<div class=\"elementor-element elementor-element-f5eec43 elementor-widget elementor-widget-heading\" data-id=\"f5eec43\" data-element_type=\"widget\" data-e-type=\"widget\" data-widget_type=\"heading.default\">\n\t\t\t\t<div class=\"elementor-widget-container\">\n\t\t\t\t\t<h2 class=\"elementor-heading-title elementor-size-default\">Nasza oferta druku i wyko\u0144czenia ksi\u0105\u017cek<\/h2>\t\t\t\t<\/div>\n\t\t\t\t<\/div>\n\t\t\t\t<div class=\"elementor-element elementor-element-af7cfac elementor-widget elementor-widget-spacer\" data-id=\"af7cfac\" data-element_type=\"widget\" data-e-type=\"widget\" data-widget_type=\"spacer.default\">\n\t\t\t\t<div class=\"elementor-widget-container\">\n\t\t\t\t\t\t\t<div class=\"elementor-spacer\">\n\t\t\t<div class=\"elementor-spacer-inner\"><\/div>\n\t\t<\/div>\n\t\t\t\t\t\t<\/div>\n\t\t\t\t<\/div>\n\t\t\t\t<div class=\"elementor-element elementor-element-9ce8225 elementor-widget elementor-widget-text-editor\" data-id=\"9ce8225\" data-element_type=\"widget\" data-e-type=\"widget\" data-widget_type=\"text-editor.default\">\n\t\t\t\t<div class=\"elementor-widget-container\">\n\t\t\t\t\t\t\t\t\t<p class=\"p1\">Pour les clients de <strong>Chorzowa<\/strong> realizujemy <strong>druk ksi\u0105\u017cek<\/strong> i prace wyko\u0144czeniowe w modelu wygodnym zar\u00f3wno dla autor\u00f3w indywidualnych, jak i firm czy wydawnictw. Zam\u00f3wienie mo\u017cna z\u0142o\u017cy\u0107 <strong>online z wysy\u0142k\u0105 gotowych publikacji<\/strong>, a dzi\u0119ki bliskiej odleg\u0142o\u015bci od Zabrza mo\u017cliwy jest tak\u017ce szybki kontakt z drukarni\u0105 i bezpo\u015brednie ustalenie szczeg\u00f3\u0142\u00f3w realizacji.<\/p><h3>Co drukujemy:<\/h3><ul><li>Livres broch\u00e9s et reli\u00e9s<\/li><li>Romans, prose, po\u00e9sie<\/li><li>Livres scientifiques et techniques<\/li><li>Albums et publications de qualit\u00e9 sup\u00e9rieure<\/li><li>Tirages pour \u00e9diteurs et auteurs individuels<\/li><\/ul><h3>Uszlachetnienia ksi\u0105\u017cek i druk\u00f3w:<\/h3><ul><li>Pelliculage mat \/ brillant \/ doux au toucher<\/li><li>Marquage \u00e0 chaud (or\/argent)<\/li><li>Gaufrage et vernis UV s\u00e9lectif<\/li><\/ul>\t\t\t\t\t\t\t\t<\/div>\n\t\t\t\t<\/div>\n\t\t\t\t<\/div>\n\t\t\t\t\t<\/div>\n\t\t\t\t<\/div>\n\t\t<div class=\"elementor-element elementor-element-55eba8b e-flex e-con-boxed e-con e-parent\" data-id=\"55eba8b\" data-element_type=\"container\" data-e-type=\"container\" data-settings=\"{&quot;background_background&quot;:&quot;classic&quot;}\">\n\t\t\t\t\t<div class=\"e-con-inner\">\n\t\t<div class=\"elementor-element elementor-element-0b6f7f6 e-con-full e-flex e-con e-child\" data-id=\"0b6f7f6\" data-element_type=\"container\" data-e-type=\"container\" data-settings=\"{&quot;background_background&quot;:&quot;classic&quot;}\">\n\t\t\t\t<div class=\"elementor-element elementor-element-2252dcf elementor-widget elementor-widget-heading\" data-id=\"2252dcf\" data-element_type=\"widget\" data-e-type=\"widget\" data-widget_type=\"heading.default\">\n\t\t\t\t<div class=\"elementor-widget-container\">\n\t\t\t\t\t<h2 class=\"elementor-heading-title elementor-size-default\">Jak z\u0142o\u017cy\u0107 zam\u00f3wienie?<\/h2>\t\t\t\t<\/div>\n\t\t\t\t<\/div>\n\t\t\t\t<div class=\"elementor-element elementor-element-6b3aa29 elementor-widget elementor-widget-spacer\" data-id=\"6b3aa29\" data-element_type=\"widget\" data-e-type=\"widget\" data-widget_type=\"spacer.default\">\n\t\t\t\t<div class=\"elementor-widget-container\">\n\t\t\t\t\t\t\t<div class=\"elementor-spacer\">\n\t\t\t<div class=\"elementor-spacer-inner\"><\/div>\n\t\t<\/div>\n\t\t\t\t\t\t<\/div>\n\t\t\t\t<\/div>\n\t\t\t\t<div class=\"elementor-element elementor-element-c03cd4f elementor-widget elementor-widget-text-editor\" data-id=\"c03cd4f\" data-element_type=\"widget\" data-e-type=\"widget\" data-widget_type=\"text-editor.default\">\n\t\t\t\t<div class=\"elementor-widget-container\">\n\t\t\t\t\t\t\t\t\t<ol><li>Envoyez vos fichiers PDF ou votre design pour obtenir un devis.<\/li><li>Vous recevrez un devis pr\u00e9cis et une date d&#039;ach\u00e8vement dans les 24 heures.<\/li><li>Apr\u00e8s validation, nous lan\u00e7ons l&#039;impression.<\/li><li>Retrait en personne \u00e0 Zabrze ou envoi par coursier.<\/li><\/ol>\t\t\t\t\t\t\t\t<\/div>\n\t\t\t\t<\/div>\n\t\t\t\t<div class=\"elementor-element elementor-element-8aecbc1 elementor-button-default elementor-widget elementor-widget-button\" data-id=\"8aecbc1\" data-element_type=\"widget\" data-e-type=\"widget\" data-widget_type=\"button.default\">\n\t\t\t\t<div class=\"elementor-widget-container\">\n\t\t\t\t\t\t\t\t\t<div class=\"elementor-button-wrapper\">\n\t\t\t\t\t<a class=\"elementor-button elementor-button-link elementor-size-sm\" href=\"https:\/\/drukarnia-danpol.pl\/fr\/kontakt\/\">\n\t\t\t\t\t\t<span class=\"elementor-button-content-wrapper\">\n\t\t\t\t\t\t\t\t\t<span class=\"elementor-button-text\">Demander un devis \u2192<\/span>\n\t\t\t\t\t<\/span>\n\t\t\t\t\t<\/a>\n\t\t\t\t<\/div>\n\t\t\t\t\t\t\t\t<\/div>\n\t\t\t\t<\/div>\n\t\t\t\t<\/div>\n\t\t\t\t\t<\/div>\n\t\t\t\t<\/div>\n\t\t<div class=\"elementor-element elementor-element-5189ebd e-flex e-con-boxed e-con e-parent\" data-id=\"5189ebd\" data-element_type=\"container\" data-e-type=\"container\">\n\t\t\t\t\t<div class=\"e-con-inner\">\n\t\t<div class=\"elementor-element elementor-element-ec240f1 e-con-full e-flex e-con e-child\" data-id=\"ec240f1\" data-element_type=\"container\" data-e-type=\"container\">\n\t\t\t\t<div class=\"elementor-element elementor-element-aa8b8f6 elementor-widget elementor-widget-heading\" data-id=\"aa8b8f6\" data-element_type=\"widget\" data-e-type=\"widget\" data-widget_type=\"heading.default\">\n\t\t\t\t<div class=\"elementor-widget-container\">\n\t\t\t\t\t<h2 class=\"elementor-heading-title elementor-size-default\">Dlaczego klienci z Chorzowa zlecaj\u0105 druk ksi\u0105\u017cek w\u0142a\u015bnie nam?<\/h2>\t\t\t\t<\/div>\n\t\t\t\t<\/div>\n\t\t\t\t<div class=\"elementor-element elementor-element-0997f37 elementor-widget elementor-widget-spacer\" data-id=\"0997f37\" data-element_type=\"widget\" data-e-type=\"widget\" data-widget_type=\"spacer.default\">\n\t\t\t\t<div class=\"elementor-widget-container\">\n\t\t\t\t\t\t\t<div class=\"elementor-spacer\">\n\t\t\t<div class=\"elementor-spacer-inner\"><\/div>\n\t\t<\/div>\n\t\t\t\t\t\t<\/div>\n\t\t\t\t<\/div>\n\t\t\t\t<div class=\"elementor-element elementor-element-0cff46a elementor-widget elementor-widget-text-editor\" data-id=\"0cff46a\" data-element_type=\"widget\" data-e-type=\"widget\" data-widget_type=\"text-editor.default\">\n\t\t\t\t<div class=\"elementor-widget-container\">\n\t\t\t\t\t\t\t\t\t<p class=\"p1\">W przypadku ksi\u0105\u017cek znaczenie ma nie tylko cena, ale te\u017c przewidywalno\u015b\u0107 realizacji. Klienci z Chorzowa powierzaj\u0105 nam swoje projekty dlatego, \u017ce szukaj\u0105 drukarni, kt\u00f3ra potrafi po\u0142\u0105czy\u0107 jako\u015b\u0107 wykonania z terminowo\u015bci\u0105 i normalnym, rzeczowym kontaktem. Jako <strong>rodzinna firma z do\u015bwiadczeniem<\/strong> wiemy, \u017ce dobra wsp\u00f3\u0142praca nie polega na samym wydruku, ale tak\u017ce na w\u0142a\u015bciwym doradztwie, rozs\u0105dnym dopasowaniu technologii i sprawnym przeprowadzeniu ca\u0142ego procesu. Du\u017cym atutem pozostaje r\u00f3wnie\u017c nasza lokalizacja. <strong>Zabrze jest dla klient\u00f3w z Chorzowa miejscem \u0142atwo dost\u0119pnym<\/strong>, a jednocze\u015bnie <strong>obs\u0142uga online<\/strong> sprawia, \u017ce nie trzeba traci\u0107 czasu na dojazdy przy ka\u017cdym etapie zam\u00f3wienia. To w\u0142a\u015bnie ta elastyczno\u015b\u0107 powoduje, \u017ce wsp\u00f3\u0142pracuj\u0105 z nami zar\u00f3wno autorzy zamawiaj\u0105cy pierwsz\u0105 ksi\u0105\u017ck\u0119, jak i firmy czy wydawnictwa realizuj\u0105ce wi\u0119ksze nak\u0142ady.<\/p>\t\t\t\t\t\t\t\t<\/div>\n\t\t\t\t<\/div>\n\t\t\t\t<\/div>\n\t\t\t\t\t<\/div>\n\t\t\t\t<\/div>\n\t\t<div class=\"elementor-element elementor-element-c557b43 e-flex e-con-boxed e-con e-parent\" data-id=\"c557b43\" data-element_type=\"container\" data-e-type=\"container\" data-settings=\"{&quot;background_background&quot;:&quot;classic&quot;}\">\n\t\t\t\t\t<div class=\"e-con-inner\">\n\t\t<div class=\"elementor-element elementor-element-16b2bed e-con-full e-flex e-con e-child\" data-id=\"16b2bed\" data-element_type=\"container\" data-e-type=\"container\" data-settings=\"{&quot;background_background&quot;:&quot;classic&quot;}\">\n\t\t\t\t<div class=\"elementor-element elementor-element-24856a8 elementor-widget elementor-widget-heading\" data-id=\"24856a8\" data-element_type=\"widget\" data-e-type=\"widget\" data-widget_type=\"heading.default\">\n\t\t\t\t<div class=\"elementor-widget-container\">\n\t\t\t\t\t<h2 class=\"elementor-heading-title elementor-size-default\">Realizacja zam\u00f3wie\u0144 dla r\u00f3\u017cnych cz\u0119\u015bci Chorzowa<\/h2>\t\t\t\t<\/div>\n\t\t\t\t<\/div>\n\t\t\t\t<div class=\"elementor-element elementor-element-e0c9cbf elementor-widget elementor-widget-spacer\" data-id=\"e0c9cbf\" data-element_type=\"widget\" data-e-type=\"widget\" data-widget_type=\"spacer.default\">\n\t\t\t\t<div class=\"elementor-widget-container\">\n\t\t\t\t\t\t\t<div class=\"elementor-spacer\">\n\t\t\t<div class=\"elementor-spacer-inner\"><\/div>\n\t\t<\/div>\n\t\t\t\t\t\t<\/div>\n\t\t\t\t<\/div>\n\t\t\t\t<div class=\"elementor-element elementor-element-fe7fd99 elementor-widget elementor-widget-text-editor\" data-id=\"fe7fd99\" data-element_type=\"widget\" data-e-type=\"widget\" data-widget_type=\"text-editor.default\">\n\t\t\t\t<div class=\"elementor-widget-container\">\n\t\t\t\t\t\t\t\t\t<p class=\"p1\"><strong>Obs\u0142ugujemy klient\u00f3w z ca\u0142ego Chorzowa<\/strong>, niezale\u017cnie od tego, czy dzia\u0142aj\u0105 bli\u017cej centrum, czy w innych cz\u0119\u015bciach miasta. W praktyce znaczenie ma przede wszystkim wygoda wsp\u00f3\u0142pracy i mo\u017cliwo\u015b\u0107 dopasowania jej do w\u0142asnych potrzeb. Jedni wol\u0105 szybkie zam\u00f3wienie przez internet, inni kontakt telefoniczny lub mailowy, a jeszcze inni chc\u0105 przyjecha\u0107 do drukarni i om\u00f3wi\u0107 szczeg\u00f3\u0142y osobi\u015bcie. Ka\u017cdy z tych modeli jest mo\u017cliwy.<\/p><p class=\"p1\">Dzi\u0119ki temu <strong>druk ksi\u0105\u017cek dla klient\u00f3w z Chorzowa<\/strong> mo\u017ce przebiega\u0107 w spos\u00f3b uporz\u0105dkowany i przewidywalny, bez zb\u0119dnych komplikacji. Niezale\u017cnie od tego, czy chodzi o jednorazowy projekt, czy o d\u0142u\u017csz\u0105 wsp\u00f3\u0142prac\u0119, celem pozostaje ten sam &#8211; <strong>dobrze wydrukowana ksi\u0105\u017cka<\/strong>, dopasowana do potrzeb i gotowa do dalszego wykorzystania.<\/p><p>Nous imprimons \u00e9galement pour d&#039;autres villes voisines telles que\u00a0:<\/p><ul><li class=\"p1\"><a href=\"https:\/\/drukarnia-danpol.pl\/fr\/drukarnia-ksiazek-gliwice\/\">Impression de livres \u00e0 Gliwice<\/a><\/li><li><a href=\"https:\/\/drukarnia-danpol.pl\/fr\/drukarnia-ksiazek-katowice\/\">Impression de livres \u00e0 Katowice<\/a><\/li><\/ul>\t\t\t\t\t\t\t\t<\/div>\n\t\t\t\t<\/div>\n\t\t\t\t<div class=\"elementor-element elementor-element-196ae07 elementor-button-default elementor-widget elementor-widget-button\" data-id=\"196ae07\" data-element_type=\"widget\" data-e-type=\"widget\" data-widget_type=\"button.default\">\n\t\t\t\t<div class=\"elementor-widget-container\">\n\t\t\t\t\t\t\t\t\t<div class=\"elementor-button-wrapper\">\n\t\t\t\t\t<a class=\"elementor-button elementor-button-link elementor-size-sm\" href=\"https:\/\/drukarnia-danpol.pl\/fr\/kontakt\/\">\n\t\t\t\t\t\t<span class=\"elementor-button-content-wrapper\">\n\t\t\t\t\t\t\t\t\t<span class=\"elementor-button-text\">Contactez-nous \u2192<\/span>\n\t\t\t\t\t<\/span>\n\t\t\t\t\t<\/a>\n\t\t\t\t<\/div>\n\t\t\t\t\t\t\t\t<\/div>\n\t\t\t\t<\/div>\n\t\t\t\t<div class=\"elementor-element elementor-element-d13c7ee elementor-widget elementor-widget-spacer\" data-id=\"d13c7ee\" data-element_type=\"widget\" data-e-type=\"widget\" data-widget_type=\"spacer.default\">\n\t\t\t\t<div class=\"elementor-widget-container\">\n\t\t\t\t\t\t\t<div class=\"elementor-spacer\">\n\t\t\t<div class=\"elementor-spacer-inner\"><\/div>\n\t\t<\/div>\n\t\t\t\t\t\t<\/div>\n\t\t\t\t<\/div>\n\t\t\t\t<div class=\"elementor-element elementor-element-7cff3e0 elementor-widget elementor-widget-html\" data-id=\"7cff3e0\" data-element_type=\"widget\" data-e-type=\"widget\" data-widget_type=\"html.default\">\n\t\t\t\t<div class=\"elementor-widget-container\">\n\t\t\t\t\t<iframe src=\"https:\/\/www.google.com\/maps\/embed?pb=!1m18!1m12!1m3!1d81605.33911637242!2d18.791851619281573!3d50.270143197949714!2m3!1f0!2f0!3f0!3m2!1i1024!2i768!4f13.1!3m3!1m2!1s0x4716cd85dbacf809%3A0xa9a0223a58c2dc7b!2zQ2hvcnrDs3c!5e0!3m2!1sen!2spl!4v1774794423681!5m2!1sen!2spl\" width=\"100%\" height=\"377\" style=\"border:0;\" allowfullscreen=\"\" loading=\"lazy\" referrerpolicy=\"no-referrer-when-downgrade\"><\/iframe>\t\t\t\t<\/div>\n\t\t\t\t<\/div>\n\t\t\t\t<\/div>\n\t\t\t\t\t<\/div>\n\t\t\t\t<\/div>\n\t\t\t\t<\/div>","protected":false},"excerpt":{"rendered":"<p>Drukarnia ksi\u0105\u017cek Chorz\u00f3w Nie ka\u017cda ksi\u0105\u017cka wymaga takiego samego podej\u015bcia. Jedne publikacje powstaj\u0105 w kr\u00f3tkich seriach, inne od razu planowane s\u0105 pod wi\u0119kszy nak\u0142ad, sprzeda\u017c lub dystrybucj\u0119 do partner\u00f3w handlowych. Dlatego przy druku ksi\u0105\u017cek liczy si\u0119 nie tylko sam efekt ko\u0144cowy, ale te\u017c dobrze dobrana technologia, sprawny kontakt i mo\u017cliwo\u015b\u0107 wygodnego zam\u00f3wienia ca\u0142ego procesu. DANPOL [&hellip;]<\/p>\n","protected":false},"author":149,"featured_media":0,"parent":0,"menu_order":0,"comment_status":"closed","ping_status":"closed","template":"","meta":{"footnotes":""},"class_list":["post-11696","page","type-page","status-publish","hentry"],"_links":{"self":[{"href":"https:\/\/drukarnia-danpol.pl\/fr\/wp-json\/wp\/v2\/pages\/11696","targetHints":{"allow":["GET"]}}],"collection":[{"href":"https:\/\/drukarnia-danpol.pl\/fr\/wp-json\/wp\/v2\/pages"}],"about":[{"href":"https:\/\/drukarnia-danpol.pl\/fr\/wp-json\/wp\/v2\/types\/page"}],"author":[{"embeddable":true,"href":"https:\/\/drukarnia-danpol.pl\/fr\/wp-json\/wp\/v2\/users\/149"}],"replies":[{"embeddable":true,"href":"https:\/\/drukarnia-danpol.pl\/fr\/wp-json\/wp\/v2\/comments?post=11696"}],"version-history":[{"count":7,"href":"https:\/\/drukarnia-danpol.pl\/fr\/wp-json\/wp\/v2\/pages\/11696\/revisions"}],"predecessor-version":[{"id":11703,"href":"https:\/\/drukarnia-danpol.pl\/fr\/wp-json\/wp\/v2\/pages\/11696\/revisions\/11703"}],"wp:attachment":[{"href":"https:\/\/drukarnia-danpol.pl\/fr\/wp-json\/wp\/v2\/media?parent=11696"}],"curies":[{"name":"wp","href":"https:\/\/api.w.org\/{rel}","templated":true}]}}