
{"id":11704,"date":"2026-03-29T17:41:49","date_gmt":"2026-03-29T15:41:49","guid":{"rendered":"https:\/\/drukarnia-danpol.pl\/?page_id=11704"},"modified":"2026-03-29T17:45:35","modified_gmt":"2026-03-29T15:45:35","slug":"drukarnia-ksiazek-tarnowskie-gory","status":"publish","type":"page","link":"https:\/\/drukarnia-danpol.pl\/fr\/drukarnia-ksiazek-tarnowskie-gory\/","title":{"rendered":"Imprimerie de livres Tarnowskie G\u00f3ry"},"content":{"rendered":"<div data-elementor-type=\"wp-page\" data-elementor-id=\"11704\" class=\"elementor elementor-11704\">\n\t\t\t\t<div class=\"elementor-element elementor-element-aef0fc9 e-flex e-con-boxed e-con e-parent\" data-id=\"aef0fc9\" data-element_type=\"container\" data-e-type=\"container\">\n\t\t\t\t\t<div class=\"e-con-inner\">\n\t\t<div class=\"elementor-element elementor-element-b79a2f9 e-con-full e-flex e-con e-child\" data-id=\"b79a2f9\" data-element_type=\"container\" data-e-type=\"container\">\n\t\t\t\t<div class=\"elementor-element elementor-element-2fac26a elementor-widget elementor-widget-spacer\" data-id=\"2fac26a\" data-element_type=\"widget\" data-e-type=\"widget\" data-widget_type=\"spacer.default\">\n\t\t\t\t<div class=\"elementor-widget-container\">\n\t\t\t\t\t\t\t<div class=\"elementor-spacer\">\n\t\t\t<div class=\"elementor-spacer-inner\"><\/div>\n\t\t<\/div>\n\t\t\t\t\t\t<\/div>\n\t\t\t\t<\/div>\n\t\t\t\t<div class=\"elementor-element elementor-element-cb67607 elementor-widget elementor-widget-heading\" data-id=\"cb67607\" data-element_type=\"widget\" data-e-type=\"widget\" data-widget_type=\"heading.default\">\n\t\t\t\t<div class=\"elementor-widget-container\">\n\t\t\t\t\t<h1 class=\"elementor-heading-title elementor-size-default\">Imprimerie de livres Tarnowskie G\u00f3ry<\/h1>\t\t\t\t<\/div>\n\t\t\t\t<\/div>\n\t\t\t\t<div class=\"elementor-element elementor-element-f1836ad elementor-widget elementor-widget-spacer\" data-id=\"f1836ad\" data-element_type=\"widget\" data-e-type=\"widget\" data-widget_type=\"spacer.default\">\n\t\t\t\t<div class=\"elementor-widget-container\">\n\t\t\t\t\t\t\t<div class=\"elementor-spacer\">\n\t\t\t<div class=\"elementor-spacer-inner\"><\/div>\n\t\t<\/div>\n\t\t\t\t\t\t<\/div>\n\t\t\t\t<\/div>\n\t\t\t\t<div class=\"elementor-element elementor-element-495e568 elementor-widget elementor-widget-text-editor\" data-id=\"495e568\" data-element_type=\"widget\" data-e-type=\"widget\" data-widget_type=\"text-editor.default\">\n\t\t\t\t<div class=\"elementor-widget-container\">\n\t\t\t\t\t\t\t\t\t<p class=\"p1\">W przypadku druku ksi\u0105\u017cek liczy si\u0119 nie tylko sam wydruk, ale ca\u0142y proces prowadz\u0105cy do gotowej publikacji. <strong>Dla autor\u00f3w, wydawnictw i firm z Tarnowskich G\u00f3r<\/strong> wa\u017cna jest jako\u015b\u0107, terminowo\u015b\u0107 oraz mo\u017cliwo\u015b\u0107 wygodnego zam\u00f3wienia ksi\u0105\u017cek bez zb\u0119dnego komplikowania wsp\u00f3\u0142pracy. <strong>DANPOL to drukarnia z<\/strong> Zabrza, kt\u00f3ra od lat realizuje publikacje o r\u00f3\u017cnym charakterze, obs\u0142uguj\u0105c klient\u00f3w z ca\u0142ego \u015al\u0105ska zar\u00f3wno stacjonarnie, jak i online.<\/p><p class=\"p1\">Bliska odleg\u0142o\u015b\u0107 sprawia, \u017ce w razie potrzeby mo\u017cna szybko skonsultowa\u0107 projekt na miejscu, ale r\u00f3wnie dobrze ca\u0142y proces da si\u0119 przeprowadzi\u0107 zdalnie, od wyceny po wysy\u0142k\u0119 gotowego nak\u0142adu.<\/p><p class=\"p1\">Realizujemy <strong>druk ksi\u0105\u017cek<\/strong> w r\u00f3\u017cnych wariantach, dopasowuj\u0105c technologi\u0119 do rodzaju publikacji, planowanej liczby egzemplarzy i oczekiwanego efektu ko\u0144cowego. Dzi\u0119ki temu obs\u0142ugujemy zar\u00f3wno autor\u00f3w zamawiaj\u0105cych pierwsz\u0105 ksi\u0105\u017ck\u0119, jak i firmy czy wydawnictwa potrzebuj\u0105ce wi\u0119kszych, regularnych realizacji. Dla klient\u00f3w z <strong>Tarnowskich G\u00f3r<\/strong> oznacza to mo\u017cliwo\u015b\u0107 wsp\u00f3\u0142pracy z drukarni\u0105, kt\u00f3ra jest blisko, a jednocze\u015bnie dzia\u0142a w modelu nowoczesnej obs\u0142ugi internetowej.<\/p>\t\t\t\t\t\t\t\t<\/div>\n\t\t\t\t<\/div>\n\t\t\t\t<div class=\"elementor-element elementor-element-7b491b9 elementor-widget elementor-widget-spacer\" data-id=\"7b491b9\" data-element_type=\"widget\" data-e-type=\"widget\" data-widget_type=\"spacer.default\">\n\t\t\t\t<div class=\"elementor-widget-container\">\n\t\t\t\t\t\t\t<div class=\"elementor-spacer\">\n\t\t\t<div class=\"elementor-spacer-inner\"><\/div>\n\t\t<\/div>\n\t\t\t\t\t\t<\/div>\n\t\t\t\t<\/div>\n\t\t\t\t<div class=\"elementor-element elementor-element-f7d1b73 elementor-button-default elementor-widget elementor-widget-button\" data-id=\"f7d1b73\" data-element_type=\"widget\" data-e-type=\"widget\" data-widget_type=\"button.default\">\n\t\t\t\t<div class=\"elementor-widget-container\">\n\t\t\t\t\t\t\t\t\t<div class=\"elementor-button-wrapper\">\n\t\t\t\t\t<a class=\"elementor-button elementor-button-link elementor-size-sm\" href=\"https:\/\/drukarnia-danpol.pl\/fr\/kontakt\/\">\n\t\t\t\t\t\t<span class=\"elementor-button-content-wrapper\">\n\t\t\t\t\t\t\t\t\t<span class=\"elementor-button-text\">Demander un devis pour l&#039;impression de livres \u2192<\/span>\n\t\t\t\t\t<\/span>\n\t\t\t\t\t<\/a>\n\t\t\t\t<\/div>\n\t\t\t\t\t\t\t\t<\/div>\n\t\t\t\t<\/div>\n\t\t\t\t<\/div>\n\t\t\t\t\t<\/div>\n\t\t\t\t<\/div>\n\t\t<div class=\"elementor-element elementor-element-ccb3820 e-flex e-con-boxed e-con e-parent\" data-id=\"ccb3820\" data-element_type=\"container\" data-e-type=\"container\" data-settings=\"{&quot;background_background&quot;:&quot;classic&quot;}\">\n\t\t\t\t\t<div class=\"e-con-inner\">\n\t\t<div class=\"elementor-element elementor-element-80f02fa e-con-full e-flex e-con e-child\" data-id=\"80f02fa\" data-element_type=\"container\" data-e-type=\"container\" data-settings=\"{&quot;background_background&quot;:&quot;classic&quot;}\">\n\t\t\t\t<div class=\"elementor-element elementor-element-3b93836 elementor-widget elementor-widget-heading\" data-id=\"3b93836\" data-element_type=\"widget\" data-e-type=\"widget\" data-widget_type=\"heading.default\">\n\t\t\t\t<div class=\"elementor-widget-container\">\n\t\t\t\t\t<h2 class=\"elementor-heading-title elementor-size-default\">Profesjonalny druk ksi\u0105\u017cek dla klient\u00f3w z Tarnowskich G\u00f3r<\/h2>\t\t\t\t<\/div>\n\t\t\t\t<\/div>\n\t\t\t\t<div class=\"elementor-element elementor-element-4f0ddfc elementor-widget elementor-widget-spacer\" data-id=\"4f0ddfc\" data-element_type=\"widget\" data-e-type=\"widget\" data-widget_type=\"spacer.default\">\n\t\t\t\t<div class=\"elementor-widget-container\">\n\t\t\t\t\t\t\t<div class=\"elementor-spacer\">\n\t\t\t<div class=\"elementor-spacer-inner\"><\/div>\n\t\t<\/div>\n\t\t\t\t\t\t<\/div>\n\t\t\t\t<\/div>\n\t\t\t\t<div class=\"elementor-element elementor-element-60b32c3 elementor-widget elementor-widget-text-editor\" data-id=\"60b32c3\" data-element_type=\"widget\" data-e-type=\"widget\" data-widget_type=\"text-editor.default\">\n\t\t\t\t<div class=\"elementor-widget-container\">\n\t\t\t\t\t\t\t\t\t<p class=\"p1\">Druk ksi\u0105\u017cek wymaga do\u015bwiadczenia i dobrego zaplecza technologicznego, zw\u0142aszcza gdy publikacja ma dobrze wygl\u0105da\u0107, by\u0107 trwa\u0142a i gotowa do sprzeda\u017cy, dystrybucji lub wykorzystania firmowego. <strong>Realizujemy powie\u015bci, poradniki, podr\u0119czniki, albumy, reporta\u017ce, tomiki poezji, publikacje edukacyjne<\/strong> oraz materia\u0142y przygotowywane na potrzeby firm i instytucji. Ka\u017cdy projekt traktujemy indywidualnie, poniewa\u017c innego podej\u015bcia wymaga kr\u00f3tka seria autorska, a innego wi\u0119kszy nak\u0142ad przygotowany z my\u015bl\u0105 o szerszym obiegu.<\/p><p class=\"p1\">Klienci z <strong>Tarnowskich G\u00f3r<\/strong> korzystaj\u0105 z naszej oferty zar\u00f3wno wtedy, gdy chc\u0105 wydrukowa\u0107 pojedyncze egzemplarze, jak i wtedy, gdy potrzebuj\u0105 wi\u0119kszej produkcji z zachowaniem wysokiej powtarzalno\u015bci. W obu przypadkach istotne s\u0105 te same elementy: dobra jako\u015b\u0107 druku, w\u0142a\u015bciwy dob\u00f3r papieru, odpowiednia oprawa oraz sprawna realizacja ca\u0142ego zam\u00f3wienia.<\/p>\t\t\t\t\t\t\t\t<\/div>\n\t\t\t\t<\/div>\n\t\t\t\t<\/div>\n\t\t\t\t\t<\/div>\n\t\t\t\t<\/div>\n\t\t<div class=\"elementor-element elementor-element-e7519fa e-flex e-con-boxed e-con e-parent\" data-id=\"e7519fa\" data-element_type=\"container\" data-e-type=\"container\">\n\t\t\t\t\t<div class=\"e-con-inner\">\n\t\t<div class=\"elementor-element elementor-element-19ad187 e-con-full e-flex e-con e-child\" data-id=\"19ad187\" data-element_type=\"container\" data-e-type=\"container\">\n\t\t\t\t<div class=\"elementor-element elementor-element-2fe41d3 elementor-widget elementor-widget-heading\" data-id=\"2fe41d3\" data-element_type=\"widget\" data-e-type=\"widget\" data-widget_type=\"heading.default\">\n\t\t\t\t<div class=\"elementor-widget-container\">\n\t\t\t\t\t<h2 class=\"elementor-heading-title elementor-size-default\">Zakres us\u0142ug oferowanych przez nasz\u0105 drukarni\u0119<\/h2>\t\t\t\t<\/div>\n\t\t\t\t<\/div>\n\t\t\t\t<div class=\"elementor-element elementor-element-fcb4f16 elementor-widget elementor-widget-spacer\" data-id=\"fcb4f16\" data-element_type=\"widget\" data-e-type=\"widget\" data-widget_type=\"spacer.default\">\n\t\t\t\t<div class=\"elementor-widget-container\">\n\t\t\t\t\t\t\t<div class=\"elementor-spacer\">\n\t\t\t<div class=\"elementor-spacer-inner\"><\/div>\n\t\t<\/div>\n\t\t\t\t\t\t<\/div>\n\t\t\t\t<\/div>\n\t\t\t\t<div class=\"elementor-element elementor-element-44ec092 elementor-widget elementor-widget-text-editor\" data-id=\"44ec092\" data-element_type=\"widget\" data-e-type=\"widget\" data-widget_type=\"text-editor.default\">\n\t\t\t\t<div class=\"elementor-widget-container\">\n\t\t\t\t\t\t\t\t\t<p class=\"p1\">Realizujemy <strong>kompleksowy druk ksi\u0105\u017cek<\/strong> dla autor\u00f3w, firm, wydawnictw i hurtowni z <strong>Tarnowskich G\u00f3r<\/strong> oraz ca\u0142ego wojew\u00f3dztwa \u015bl\u0105skiego. Oferujemy pe\u0142n\u0105 obs\u0142ug\u0119 od przygotowania plik\u00f3w po finalne pakowanie i wysy\u0142k\u0119.<\/p><h3>Co drukujemy:<\/h3><ul><li>Livres broch\u00e9s et reli\u00e9s<\/li><li>Romans, prose, po\u00e9sie<\/li><li>Livres scientifiques et techniques<\/li><li>Albums et publications de qualit\u00e9 sup\u00e9rieure<\/li><li>Tirages pour \u00e9diteurs et auteurs individuels<\/li><\/ul><h3>Uszlachetnienia ksi\u0105\u017cek i druk\u00f3w:<\/h3><ul><li>Pelliculage mat \/ brillant \/ doux au toucher<\/li><li>Marquage \u00e0 chaud (or\/argent)<\/li><li>Gaufrage et vernis UV s\u00e9lectif<\/li><\/ul>\t\t\t\t\t\t\t\t<\/div>\n\t\t\t\t<\/div>\n\t\t\t\t<\/div>\n\t\t\t\t\t<\/div>\n\t\t\t\t<\/div>\n\t\t<div class=\"elementor-element elementor-element-10f716e e-flex e-con-boxed e-con e-parent\" data-id=\"10f716e\" data-element_type=\"container\" data-e-type=\"container\" data-settings=\"{&quot;background_background&quot;:&quot;classic&quot;}\">\n\t\t\t\t\t<div class=\"e-con-inner\">\n\t\t<div class=\"elementor-element elementor-element-fe95b2b e-con-full e-flex e-con e-child\" data-id=\"fe95b2b\" data-element_type=\"container\" data-e-type=\"container\" data-settings=\"{&quot;background_background&quot;:&quot;classic&quot;}\">\n\t\t\t\t<div class=\"elementor-element elementor-element-27ebf7d elementor-widget elementor-widget-heading\" data-id=\"27ebf7d\" data-element_type=\"widget\" data-e-type=\"widget\" data-widget_type=\"heading.default\">\n\t\t\t\t<div class=\"elementor-widget-container\">\n\t\t\t\t\t<h2 class=\"elementor-heading-title elementor-size-default\">Jak z\u0142o\u017cy\u0107 zam\u00f3wienie na druk?<\/h2>\t\t\t\t<\/div>\n\t\t\t\t<\/div>\n\t\t\t\t<div class=\"elementor-element elementor-element-7d76f1e elementor-widget elementor-widget-spacer\" data-id=\"7d76f1e\" data-element_type=\"widget\" data-e-type=\"widget\" data-widget_type=\"spacer.default\">\n\t\t\t\t<div class=\"elementor-widget-container\">\n\t\t\t\t\t\t\t<div class=\"elementor-spacer\">\n\t\t\t<div class=\"elementor-spacer-inner\"><\/div>\n\t\t<\/div>\n\t\t\t\t\t\t<\/div>\n\t\t\t\t<\/div>\n\t\t\t\t<div class=\"elementor-element elementor-element-668d4b2 elementor-widget elementor-widget-text-editor\" data-id=\"668d4b2\" data-element_type=\"widget\" data-e-type=\"widget\" data-widget_type=\"text-editor.default\">\n\t\t\t\t<div class=\"elementor-widget-container\">\n\t\t\t\t\t\t\t\t\t<ol><li>Envoyez vos fichiers PDF ou votre design pour obtenir un devis.<\/li><li>Vous recevrez un devis pr\u00e9cis et une date d&#039;ach\u00e8vement dans les 24 heures.<\/li><li>Apr\u00e8s validation, nous lan\u00e7ons l&#039;impression.<\/li><li>Retrait en personne \u00e0 Zabrze ou envoi par coursier.<\/li><\/ol>\t\t\t\t\t\t\t\t<\/div>\n\t\t\t\t<\/div>\n\t\t\t\t<div class=\"elementor-element elementor-element-da5e6da elementor-button-default elementor-widget elementor-widget-button\" data-id=\"da5e6da\" data-element_type=\"widget\" data-e-type=\"widget\" data-widget_type=\"button.default\">\n\t\t\t\t<div class=\"elementor-widget-container\">\n\t\t\t\t\t\t\t\t\t<div class=\"elementor-button-wrapper\">\n\t\t\t\t\t<a class=\"elementor-button elementor-button-link elementor-size-sm\" href=\"https:\/\/drukarnia-danpol.pl\/fr\/kontakt\/\">\n\t\t\t\t\t\t<span class=\"elementor-button-content-wrapper\">\n\t\t\t\t\t\t\t\t\t<span class=\"elementor-button-text\">Demander un devis \u2192<\/span>\n\t\t\t\t\t<\/span>\n\t\t\t\t\t<\/a>\n\t\t\t\t<\/div>\n\t\t\t\t\t\t\t\t<\/div>\n\t\t\t\t<\/div>\n\t\t\t\t<\/div>\n\t\t\t\t\t<\/div>\n\t\t\t\t<\/div>\n\t\t<div class=\"elementor-element elementor-element-aa7eea3 e-flex e-con-boxed e-con e-parent\" data-id=\"aa7eea3\" data-element_type=\"container\" data-e-type=\"container\">\n\t\t\t\t\t<div class=\"e-con-inner\">\n\t\t<div class=\"elementor-element elementor-element-3ee4656 e-con-full e-flex e-con e-child\" data-id=\"3ee4656\" data-element_type=\"container\" data-e-type=\"container\">\n\t\t\t\t<div class=\"elementor-element elementor-element-96d9a47 elementor-widget elementor-widget-heading\" data-id=\"96d9a47\" data-element_type=\"widget\" data-e-type=\"widget\" data-widget_type=\"heading.default\">\n\t\t\t\t<div class=\"elementor-widget-container\">\n\t\t\t\t\t<h2 class=\"elementor-heading-title elementor-size-default\">Druk cyfrowy i offsetowy dopasowany do nak\u0142adu<\/h2>\t\t\t\t<\/div>\n\t\t\t\t<\/div>\n\t\t\t\t<div class=\"elementor-element elementor-element-e520d0f elementor-widget elementor-widget-spacer\" data-id=\"e520d0f\" data-element_type=\"widget\" data-e-type=\"widget\" data-widget_type=\"spacer.default\">\n\t\t\t\t<div class=\"elementor-widget-container\">\n\t\t\t\t\t\t\t<div class=\"elementor-spacer\">\n\t\t\t<div class=\"elementor-spacer-inner\"><\/div>\n\t\t<\/div>\n\t\t\t\t\t\t<\/div>\n\t\t\t\t<\/div>\n\t\t\t\t<div class=\"elementor-element elementor-element-07a185e elementor-widget elementor-widget-text-editor\" data-id=\"07a185e\" data-element_type=\"widget\" data-e-type=\"widget\" data-widget_type=\"text-editor.default\">\n\t\t\t\t<div class=\"elementor-widget-container\">\n\t\t\t\t\t\t\t\t\t<p class=\"p1\">Przy produkcji ksi\u0105\u017cek nie ma jednego rozwi\u0105zania, kt\u00f3re sprawdzi si\u0119 w ka\u017cdym przypadku. Dlatego korzystamy zar\u00f3wno z druku cyfrowego, jak i offsetowego, dobieraj\u0105c technologi\u0119 do konkretnego projektu.<\/p><p class=\"p1\"><strong>Druk cyfrowy<\/strong> dobrze sprawdza si\u0119 przy kr\u00f3tkich seriach, dodrukach i realizacjach, gdzie wa\u017cna jest elastyczno\u015b\u0107 oraz szybki termin wykonania. To rozwi\u0105zanie cz\u0119sto wybierane przez autor\u00f3w niezale\u017cnych, klient\u00f3w testuj\u0105cych nowy tytu\u0142 albo firmy potrzebuj\u0105ce mniejszych nak\u0142ad\u00f3w.<\/p><p class=\"p1\"><strong>Druk offsetowy<\/strong> jest z kolei korzystnym wyborem przy wi\u0119kszych zam\u00f3wieniach, gdy liczy si\u0119 dobra cena jednostkowa, wysoka powtarzalno\u015b\u0107 i stabilna jako\u015b\u0107 ca\u0142ej serii. Dzi\u0119ki po\u0142\u0105czeniu obu technologii mo\u017cemy dopasowa\u0107 produkcj\u0119 do bud\u017cetu, obj\u0119to\u015bci publikacji i planowanego sposobu dystrybucji.<\/p><p class=\"p1\">Pour les clients de <strong>Tarnowskich G\u00f3r<\/strong> oznacza to bardziej \u015bwiadomie zaplanowany druk ksi\u0105\u017cki i lepiej dobrane rozwi\u0105zanie ju\u017c na etapie zam\u00f3wienia.<\/p>\t\t\t\t\t\t\t\t<\/div>\n\t\t\t\t<\/div>\n\t\t\t\t<\/div>\n\t\t\t\t\t<\/div>\n\t\t\t\t<\/div>\n\t\t<div class=\"elementor-element elementor-element-9752ce2 e-flex e-con-boxed e-con e-parent\" data-id=\"9752ce2\" data-element_type=\"container\" data-e-type=\"container\" data-settings=\"{&quot;background_background&quot;:&quot;classic&quot;}\">\n\t\t\t\t\t<div class=\"e-con-inner\">\n\t\t<div class=\"elementor-element elementor-element-c79f378 e-con-full e-flex e-con e-child\" data-id=\"c79f378\" data-element_type=\"container\" data-e-type=\"container\" data-settings=\"{&quot;background_background&quot;:&quot;classic&quot;}\">\n\t\t\t\t<div class=\"elementor-element elementor-element-c7832fd elementor-widget elementor-widget-heading\" data-id=\"c7832fd\" data-element_type=\"widget\" data-e-type=\"widget\" data-widget_type=\"heading.default\">\n\t\t\t\t<div class=\"elementor-widget-container\">\n\t\t\t\t\t<h2 class=\"elementor-heading-title elementor-size-default\">Obs\u0142ugujemy zam\u00f3wienia z Tarnowskich G\u00f3r i okolic<\/h2>\t\t\t\t<\/div>\n\t\t\t\t<\/div>\n\t\t\t\t<div class=\"elementor-element elementor-element-cc6d025 elementor-widget elementor-widget-spacer\" data-id=\"cc6d025\" data-element_type=\"widget\" data-e-type=\"widget\" data-widget_type=\"spacer.default\">\n\t\t\t\t<div class=\"elementor-widget-container\">\n\t\t\t\t\t\t\t<div class=\"elementor-spacer\">\n\t\t\t<div class=\"elementor-spacer-inner\"><\/div>\n\t\t<\/div>\n\t\t\t\t\t\t<\/div>\n\t\t\t\t<\/div>\n\t\t\t\t<div class=\"elementor-element elementor-element-31b0521 elementor-widget elementor-widget-text-editor\" data-id=\"31b0521\" data-element_type=\"widget\" data-e-type=\"widget\" data-widget_type=\"text-editor.default\">\n\t\t\t\t<div class=\"elementor-widget-container\">\n\t\t\t\t\t\t\t\t\t<p class=\"p1\">Realizujemy <strong>druk ksi\u0105\u017cek dla klient\u00f3w z Tarnowskich G\u00f3r<\/strong> oraz pobliskich miejscowo\u015bci, obs\u0142uguj\u0105c zar\u00f3wno pojedyncze projekty, jak i bardziej rozbudowane zam\u00f3wienia cykliczne. Dla cz\u0119\u015bci klient\u00f3w najwa\u017cniejsza jest mo\u017cliwo\u015b\u0107 szybkiego zam\u00f3wienia online, dla innych du\u017ce znaczenie ma blisko\u015b\u0107 drukarni i opcja bezpo\u015bredniego ustalenia szczeg\u00f3\u0142\u00f3w na miejscu. W obu przypadkach najwa\u017cniejszy pozostaje efekt ko\u0144cowy, czyli dobrze wykonana publikacja, przygotowana zgodnie z za\u0142o\u017ceniami projektu.<\/p><p class=\"p1\">Je\u017celi ksi\u0105\u017cka ma by\u0107 wydrukowana solidnie, estetycznie i w technologii dopasowanej do jej przeznaczenia, <strong>warto postawi\u0107 na wsp\u00f3\u0142prac\u0119 z drukarni\u0105, kt\u00f3ra \u0142\u0105czy lokaln\u0105 dost\u0119pno\u015b\u0107 z wygod\u0105 obs\u0142ugi internetowej<\/strong>. W\u0142a\u015bnie w taki spos\u00f3b pracujemy z klientami z Tarnowskich G\u00f3r i ca\u0142ego regionu.<\/p><p>Nous imprimons \u00e9galement pour d&#039;autres villes voisines telles que\u00a0:<\/p><ul><li class=\"p1\"><a href=\"https:\/\/drukarnia-danpol.pl\/fr\/drukarnia-ksiazek-gliwice\/\">Impression de livres \u00e0 Gliwice<\/a><\/li><li><a href=\"https:\/\/drukarnia-danpol.pl\/fr\/drukarnia-ksiazek-katowice\/\">Impression de livres \u00e0 Katowice<\/a><\/li><\/ul>\t\t\t\t\t\t\t\t<\/div>\n\t\t\t\t<\/div>\n\t\t\t\t<div class=\"elementor-element elementor-element-1850b65 elementor-button-default elementor-widget elementor-widget-button\" data-id=\"1850b65\" data-element_type=\"widget\" data-e-type=\"widget\" data-widget_type=\"button.default\">\n\t\t\t\t<div class=\"elementor-widget-container\">\n\t\t\t\t\t\t\t\t\t<div class=\"elementor-button-wrapper\">\n\t\t\t\t\t<a class=\"elementor-button elementor-button-link elementor-size-sm\" href=\"https:\/\/drukarnia-danpol.pl\/fr\/kontakt\/\">\n\t\t\t\t\t\t<span class=\"elementor-button-content-wrapper\">\n\t\t\t\t\t\t\t\t\t<span class=\"elementor-button-text\">Contactez-nous \u2192<\/span>\n\t\t\t\t\t<\/span>\n\t\t\t\t\t<\/a>\n\t\t\t\t<\/div>\n\t\t\t\t\t\t\t\t<\/div>\n\t\t\t\t<\/div>\n\t\t\t\t<div class=\"elementor-element elementor-element-f684944 elementor-widget elementor-widget-spacer\" data-id=\"f684944\" data-element_type=\"widget\" data-e-type=\"widget\" data-widget_type=\"spacer.default\">\n\t\t\t\t<div class=\"elementor-widget-container\">\n\t\t\t\t\t\t\t<div class=\"elementor-spacer\">\n\t\t\t<div class=\"elementor-spacer-inner\"><\/div>\n\t\t<\/div>\n\t\t\t\t\t\t<\/div>\n\t\t\t\t<\/div>\n\t\t\t\t<div class=\"elementor-element elementor-element-0e4014a elementor-widget elementor-widget-html\" data-id=\"0e4014a\" data-element_type=\"widget\" data-e-type=\"widget\" data-widget_type=\"html.default\">\n\t\t\t\t<div class=\"elementor-widget-container\">\n\t\t\t\t\t<iframe src=\"https:\/\/www.google.com\/maps\/embed?pb=!1m18!1m12!1m3!1d81269.80452265425!2d18.759495405663177!3d50.465657413411215!2m3!1f0!2f0!3f0!3m2!1i1024!2i768!4f13.1!3m3!1m2!1s0x471129ee71a16e17%3A0xd069d15a6f1c3f94!2sTarnowskie%20G%C3%B3ry!5e0!3m2!1sen!2spl!4v1774798038800!5m2!1sen!2spl\" width=\"100%\" height=\"377\" style=\"border:0;\" allowfullscreen=\"\" loading=\"lazy\" referrerpolicy=\"no-referrer-when-downgrade\"><\/iframe>\t\t\t\t<\/div>\n\t\t\t\t<\/div>\n\t\t\t\t<\/div>\n\t\t\t\t\t<\/div>\n\t\t\t\t<\/div>\n\t\t\t\t<\/div>","protected":false},"excerpt":{"rendered":"<p>Drukarnia ksi\u0105\u017cek Tarnowskie G\u00f3ry W przypadku druku ksi\u0105\u017cek liczy si\u0119 nie tylko sam wydruk, ale ca\u0142y proces prowadz\u0105cy do gotowej publikacji. Dla autor\u00f3w, wydawnictw i firm z Tarnowskich G\u00f3r wa\u017cna jest jako\u015b\u0107, terminowo\u015b\u0107 oraz mo\u017cliwo\u015b\u0107 wygodnego zam\u00f3wienia ksi\u0105\u017cek bez zb\u0119dnego komplikowania wsp\u00f3\u0142pracy. DANPOL to drukarnia z Zabrza, kt\u00f3ra od lat realizuje publikacje o r\u00f3\u017cnym charakterze, [&hellip;]<\/p>\n","protected":false},"author":149,"featured_media":0,"parent":0,"menu_order":0,"comment_status":"closed","ping_status":"closed","template":"","meta":{"footnotes":""},"class_list":["post-11704","page","type-page","status-publish","hentry"],"_links":{"self":[{"href":"https:\/\/drukarnia-danpol.pl\/fr\/wp-json\/wp\/v2\/pages\/11704","targetHints":{"allow":["GET"]}}],"collection":[{"href":"https:\/\/drukarnia-danpol.pl\/fr\/wp-json\/wp\/v2\/pages"}],"about":[{"href":"https:\/\/drukarnia-danpol.pl\/fr\/wp-json\/wp\/v2\/types\/page"}],"author":[{"embeddable":true,"href":"https:\/\/drukarnia-danpol.pl\/fr\/wp-json\/wp\/v2\/users\/149"}],"replies":[{"embeddable":true,"href":"https:\/\/drukarnia-danpol.pl\/fr\/wp-json\/wp\/v2\/comments?post=11704"}],"version-history":[{"count":10,"href":"https:\/\/drukarnia-danpol.pl\/fr\/wp-json\/wp\/v2\/pages\/11704\/revisions"}],"predecessor-version":[{"id":11714,"href":"https:\/\/drukarnia-danpol.pl\/fr\/wp-json\/wp\/v2\/pages\/11704\/revisions\/11714"}],"wp:attachment":[{"href":"https:\/\/drukarnia-danpol.pl\/fr\/wp-json\/wp\/v2\/media?parent=11704"}],"curies":[{"name":"wp","href":"https:\/\/api.w.org\/{rel}","templated":true}]}}