{"id":11761,"date":"2026-04-30T11:45:11","date_gmt":"2026-04-30T09:45:11","guid":{"rendered":"https:\/\/drukarnia-danpol.pl\/?page_id=11761"},"modified":"2026-05-01T11:46:44","modified_gmt":"2026-05-01T09:46:44","slug":"imprimerie-de-livres-siemianowice-slaskie","status":"publish","type":"page","link":"https:\/\/drukarnia-danpol.pl\/fr\/drukarnia-ksiazek-siemianowice-slaskie\/","title":{"rendered":"Imprimerie de livres Siemianowice \u015al\u0105skie"},"content":{"rendered":"<div data-elementor-type=\"wp-page\" data-elementor-id=\"11761\" class=\"elementor elementor-11761\">\n\t\t\t\t<div class=\"elementor-element elementor-element-b70a2ac e-flex e-con-boxed e-con e-parent\" data-id=\"b70a2ac\" data-element_type=\"container\" data-e-type=\"container\">\n\t\t\t\t\t<div class=\"e-con-inner\">\n\t\t<div class=\"elementor-element elementor-element-c2bfeb2 e-con-full e-flex e-con e-child\" data-id=\"c2bfeb2\" data-element_type=\"container\" data-e-type=\"container\">\n\t\t<div class=\"elementor-element elementor-element-c340858 e-con-full e-flex e-con e-child\" data-id=\"c340858\" data-element_type=\"container\" data-e-type=\"container\">\n\t\t\t\t<div class=\"elementor-element elementor-element-98f7808 elementor-widget elementor-widget-spacer\" data-id=\"98f7808\" data-element_type=\"widget\" data-e-type=\"widget\" data-widget_type=\"spacer.default\">\n\t\t\t\t<div class=\"elementor-widget-container\">\n\t\t\t\t\t\t\t<div class=\"elementor-spacer\">\n\t\t\t<div class=\"elementor-spacer-inner\"><\/div>\n\t\t<\/div>\n\t\t\t\t\t\t<\/div>\n\t\t\t\t<\/div>\n\t\t\t\t<div class=\"elementor-element elementor-element-0d358d8 elementor-widget elementor-widget-heading\" data-id=\"0d358d8\" data-element_type=\"widget\" data-e-type=\"widget\" data-widget_type=\"heading.default\">\n\t\t\t\t<div class=\"elementor-widget-container\">\n\t\t\t\t\t<h1 class=\"elementor-heading-title elementor-size-default\">Imprimerie de livres Siemianowice \u015al\u0105skie<\/h1>\t\t\t\t<\/div>\n\t\t\t\t<\/div>\n\t\t\t\t<div class=\"elementor-element elementor-element-2b13552 elementor-widget elementor-widget-spacer\" data-id=\"2b13552\" data-element_type=\"widget\" data-e-type=\"widget\" data-widget_type=\"spacer.default\">\n\t\t\t\t<div class=\"elementor-widget-container\">\n\t\t\t\t\t\t\t<div class=\"elementor-spacer\">\n\t\t\t<div class=\"elementor-spacer-inner\"><\/div>\n\t\t<\/div>\n\t\t\t\t\t\t<\/div>\n\t\t\t\t<\/div>\n\t\t\n\t\t<div class=\"elementor-element elementor-element-e0a7147 elementor-widget elementor-widget-text-editor\" data-id=\"e0a7147\" data-element_type=\"widget\" data-e-type=\"widget\" data-widget_type=\"text-editor.default\">\n\t\t\t\t<div class=\"elementor-widget-container\">\n\t\t\t\t\t\t\t\t\t<p class=\"p1\">Certains livres n\u00e9cessitent simplement d&#039;\u00eatre imprim\u00e9s, tandis que d&#039;autres requi\u00e8rent une planification minutieuse d\u00e8s le d\u00e9part. La diff\u00e9rence ne se r\u00e9v\u00e8le g\u00e9n\u00e9ralement qu&#039;\u00e0 la fin\u00a0: dans la qualit\u00e9 de la reliure, le confort de lecture, l&#039;aspect de la couverture et l&#039;homog\u00e9n\u00e9it\u00e9 de l&#039;ensemble du tirage. Par cons\u00e9quent, <strong>Lors du choix d&#039;une imprimerie, il ne faut pas se fier uniquement au prix.<\/strong> ou l&#039;emplacement. Ce qui importe bien plus, c&#039;est que le projet soit bien g\u00e9r\u00e9 d&#039;un point de vue technique et organisationnel.<\/p><p class=\"p1\"><strong>DANPOL<\/strong> est une imprimerie de Zabrze qui produit des livres pour des clients de toute la Sil\u00e9sie, notamment <strong>Siemianowice \u015al\u0105skie<\/strong>. Nous travaillons avec des auteurs qui pr\u00e9parent leurs propres publications, ainsi qu&#039;avec des entreprises, des maisons d&#039;\u00e9dition et des institutions qui commandent des s\u00e9ries plus importantes. <strong>L&#039;ensemble du processus peut \u00eatre r\u00e9alis\u00e9 en ligne, et le produit fini est exp\u00e9di\u00e9.<\/strong>, mais, si n\u00e9cessaire, il est \u00e9galement possible de prendre contact directement et de d\u00e9terminer les modalit\u00e9s de mise en \u0153uvre.<\/p>\t\t\t\t\t\t\t\t<\/div>\n\t\t\t\t<\/div>\n\t\t\t\t<div class=\"elementor-element elementor-element-e49ff4c elementor-widget elementor-widget-spacer\" data-id=\"e49ff4c\" data-element_type=\"widget\" data-e-type=\"widget\" data-widget_type=\"spacer.default\">\n\t\t\t\t<div class=\"elementor-widget-container\">\n\t\t\t\t\t\t\t<div class=\"elementor-spacer\">\n\t\t\t<div class=\"elementor-spacer-inner\"><\/div>\n\t\t<\/div>\n\t\t\t\t\t\t<\/div>\n\t\t\t\t<\/div>\n\t\t\t\t<div class=\"elementor-element elementor-element-c1ec6a3 elementor-button-default elementor-widget elementor-widget-button\" data-id=\"c1ec6a3\" data-element_type=\"widget\" data-e-type=\"widget\" data-widget_type=\"button.default\">\n\t\t\t\t<div class=\"elementor-widget-container\">\n\t\t\t\t\t\t\t\t\t<div class=\"elementor-button-wrapper\">\n\t\t\t\t\t<a class=\"elementor-button elementor-button-link elementor-size-sm\" href=\"https:\/\/drukarnia-danpol.pl\/fr\/kontakt\/\">\n\t\t\t\t\t\t<span class=\"elementor-button-content-wrapper\">\n\t\t\t\t\t\t\t\t\t<span class=\"elementor-button-text\">Demander un devis pour l&#039;impression de livres \u2192<\/span>\n\t\t\t\t\t<\/span>\n\t\t\t\t\t<\/a>\n\t\t\t\t<\/div>\n\t\t\t\t\t\t\t\t<\/div>\n\t\t\t\t<\/div>\n\t\t\t\t<\/div>\n\t\t\t\t<\/div>\n\t\t\t\t\t<\/div>\n\t\t\t\t<\/div>\n\t\t<div class=\"elementor-element elementor-element-61e0f52 e-flex e-con-boxed e-con e-parent\" data-id=\"61e0f52\" data-element_type=\"container\" data-e-type=\"container\" data-settings=\"{&quot;background_background&quot;:&quot;classic&quot;}\">\n\t\t\t\t\t<div class=\"e-con-inner\">\n\t\t<div class=\"elementor-element elementor-element-6808c7e e-con-full e-flex e-con e-child\" data-id=\"6808c7e\" data-element_type=\"container\" data-e-type=\"container\" data-settings=\"{&quot;background_background&quot;:&quot;classic&quot;}\">\n\t\t<div class=\"elementor-element elementor-element-76e6df8 e-con-full e-flex e-con e-child\" data-id=\"76e6df8\" data-element_type=\"container\" data-e-type=\"container\" data-settings=\"{&quot;background_background&quot;:&quot;classic&quot;}\">\n\t\t\t\t<div class=\"elementor-element elementor-element-3bdfae7 elementor-widget elementor-widget-heading\" data-id=\"3bdfae7\" data-element_type=\"widget\" data-e-type=\"widget\" data-widget_type=\"heading.default\">\n\t\t\t\t<div class=\"elementor-widget-container\">\n\t\t\t\t\t<h2 class=\"elementor-heading-title elementor-size-default\">Impression de livres professionnelle pour auteurs, \u00e9diteurs et entreprises<\/h2>\t\t\t\t<\/div>\n\t\t\t\t<\/div>\n\t\t\t\t<div class=\"elementor-element elementor-element-8465009 elementor-widget elementor-widget-spacer\" data-id=\"8465009\" data-element_type=\"widget\" data-e-type=\"widget\" data-widget_type=\"spacer.default\">\n\t\t\t\t<div class=\"elementor-widget-container\">\n\t\t\t\t\t\t\t<div class=\"elementor-spacer\">\n\t\t\t<div class=\"elementor-spacer-inner\"><\/div>\n\t\t<\/div>\n\t\t\t\t\t\t<\/div>\n\t\t\t\t<\/div>\n\t\t\t\t<div class=\"elementor-element elementor-element-02078ae elementor-widget elementor-widget-text-editor\" data-id=\"02078ae\" data-element_type=\"widget\" data-e-type=\"widget\" data-widget_type=\"text-editor.default\">\n\t\t\t\t<div class=\"elementor-widget-container\">\n\t\t\t\t\t\t\t\t\t<p class=\"p1\">Chaque publication a son propre objectif ; travailler sur un livre destin\u00e9 \u00e0 la vente est donc diff\u00e9rent de travailler sur une \u00e9dition d&#039;entreprise, et travailler sur une courte s\u00e9rie originale l&#039;est encore plus. <strong>romans, guides, manuels scolaires<\/strong>, Recueils de po\u00e9sie, albums, publications techniques, ouvrages scientifiques et supports de formation : autant de projets vari\u00e9s qui ont un point commun : ils requi\u00e8rent tous une technologie soigneusement s\u00e9lectionn\u00e9e, un papier adapt\u00e9 et une finition m\u00e9ticuleusement planifi\u00e9e.<\/p><p class=\"p1\">Pour les clients de <strong>Siemianowice \u015al\u0105skie<\/strong> Il est g\u00e9n\u00e9ralement important que l&#039;impression d&#039;un livre ne n\u00e9cessite pas de faire appel \u00e0 plusieurs prestataires s\u00e9par\u00e9ment. En pratique, cela signifie pouvoir tout commander aupr\u00e8s d&#039;un seul et m\u00eame interlocuteur et obtenir un r\u00e9sultat adapt\u00e9 non seulement au budget, mais aussi \u00e0 la nature de la publication.<\/p>\t\t\t\t\t\t\t\t<\/div>\n\t\t\t\t<\/div>\n\t\t\t\t<\/div>\n\t\t\t\t<\/div>\n\t\t\t\t\t<\/div>\n\t\t\t\t<\/div>\n\t\t<div class=\"elementor-element elementor-element-34bd0e4 e-flex e-con-boxed e-con e-parent\" data-id=\"34bd0e4\" data-element_type=\"container\" data-e-type=\"container\">\n\t\t\t\t\t<div class=\"e-con-inner\">\n\t\t<div class=\"elementor-element elementor-element-d290a1d e-con-full e-flex e-con e-child\" data-id=\"d290a1d\" data-element_type=\"container\" data-e-type=\"container\">\n\t\t<div class=\"elementor-element elementor-element-0cd0e27 e-con-full e-flex e-con e-child\" data-id=\"0cd0e27\" data-element_type=\"container\" data-e-type=\"container\">\n\t\t\t\t<div class=\"elementor-element elementor-element-6a3f539 elementor-widget elementor-widget-heading\" data-id=\"6a3f539\" data-element_type=\"widget\" data-e-type=\"widget\" data-widget_type=\"heading.default\">\n\t\t\t\t<div class=\"elementor-widget-container\">\n\t\t\t\t\t<h2 class=\"elementor-heading-title elementor-size-default\">Impression de livres compl\u00e8te avec pr\u00e9paration, production et exp\u00e9dition<\/h2>\t\t\t\t<\/div>\n\t\t\t\t<\/div>\n\t\t\t\t<div class=\"elementor-element elementor-element-9d4ab95 elementor-widget elementor-widget-spacer\" data-id=\"9d4ab95\" data-element_type=\"widget\" data-e-type=\"widget\" data-widget_type=\"spacer.default\">\n\t\t\t\t<div class=\"elementor-widget-container\">\n\t\t\t\t\t\t\t<div class=\"elementor-spacer\">\n\t\t\t<div class=\"elementor-spacer-inner\"><\/div>\n\t\t<\/div>\n\t\t\t\t\t\t<\/div>\n\t\t\t\t<\/div>\n\t\t\t\t<div class=\"elementor-element elementor-element-6d9c835 elementor-widget elementor-widget-text-editor\" data-id=\"6d9c835\" data-element_type=\"widget\" data-e-type=\"widget\" data-widget_type=\"text-editor.default\">\n\t\t\t\t<div class=\"elementor-widget-container\">\n\t\t\t\t\t\t\t\t\t<p class=\"p1\">Une publication r\u00e9ussie n&#039;est pas le fruit d&#039;une seule \u00e9tape, mais de toute une s\u00e9rie d&#039;activit\u00e9s qui doivent s&#039;imbriquer parfaitement. <strong>Il faut d&#039;abord v\u00e9rifier les mat\u00e9riaux, d\u00e9terminer les param\u00e8tres techniques, choisir la m\u00e9thode d&#039;impression et planifier la finition.<\/strong>. Ce n&#039;est qu&#039;alors que nous pourrons passer \u00e0 la production avec une plus grande certitude que le r\u00e9sultat final sera coh\u00e9rent et conforme aux attentes.<\/p><p class=\"p1\"><strong>Nous proposons des services incluant la pr\u00e9paration des fichiers, l&#039;impression, la finition, l&#039;emballage et l&#039;exp\u00e9dition des exemplaires finis.<\/strong>. Cela permet aux clients de Siemianowice \u015al\u0105skie de commander l&#039;ensemble de leurs prestations aupr\u00e8s d&#039;un seul et m\u00eame interlocuteur, sans avoir \u00e0 faire intervenir plusieurs entreprises. C&#039;est plus pratique, plus pr\u00e9visible et plus s\u00fbr pour la qualit\u00e9 du projet dans son ensemble.<\/p><h3><span class=\"s1\"><b>Nous imprimons le plus souvent\u00a0:<\/b><\/span><\/h3><ul><li>Livres broch\u00e9s et reli\u00e9s<\/li><li>Romans, prose, po\u00e9sie<\/li><li>Livres scientifiques et techniques<\/li><li>Albums et publications de qualit\u00e9 sup\u00e9rieure<\/li><li>Tirages pour \u00e9diteurs et auteurs individuels<\/li><\/ul><h3><span class=\"s1\"><b>Options de finition possibles pour les livres et les estampes\u00a0:<\/b><\/span><\/h3><ul><li>Pelliculage mat \/ brillant \/ doux au toucher<\/li><li>Marquage \u00e0 chaud (or\/argent)<\/li><li>Gaufrage et vernis UV s\u00e9lectif<\/li><\/ul>\t\t\t\t\t\t\t\t<\/div>\n\t\t\t\t<\/div>\n\t\t\t\t<\/div>\n\t\t\t\t<\/div>\n\t\t\t\t\t<\/div>\n\t\t\t\t<\/div>\n\t\t<div class=\"elementor-element elementor-element-2863e40 e-flex e-con-boxed e-con e-parent\" data-id=\"2863e40\" data-element_type=\"container\" data-e-type=\"container\" data-settings=\"{&quot;background_background&quot;:&quot;classic&quot;}\">\n\t\t\t\t\t<div class=\"e-con-inner\">\n\t\t<div class=\"elementor-element elementor-element-79d9386 e-con-full e-flex e-con e-child\" data-id=\"79d9386\" data-element_type=\"container\" data-e-type=\"container\" data-settings=\"{&quot;background_background&quot;:&quot;classic&quot;}\">\n\t\t<div class=\"elementor-element elementor-element-bd0eda2 e-con-full e-flex e-con e-child\" data-id=\"bd0eda2\" data-element_type=\"container\" data-e-type=\"container\" data-settings=\"{&quot;background_background&quot;:&quot;classic&quot;}\">\n\t\t\t\t<div class=\"elementor-element elementor-element-93b8dfd elementor-widget elementor-widget-heading\" data-id=\"93b8dfd\" data-element_type=\"widget\" data-e-type=\"widget\" data-widget_type=\"heading.default\">\n\t\t\t\t<div class=\"elementor-widget-container\">\n\t\t\t\t\t<h2 class=\"elementor-heading-title elementor-size-default\">Comment commander un exemplaire imprim\u00e9 d&#039;un livre ?<\/h2>\t\t\t\t<\/div>\n\t\t\t\t<\/div>\n\t\t\t\t<div class=\"elementor-element elementor-element-06b12e5 elementor-widget elementor-widget-spacer\" data-id=\"06b12e5\" data-element_type=\"widget\" data-e-type=\"widget\" data-widget_type=\"spacer.default\">\n\t\t\t\t<div class=\"elementor-widget-container\">\n\t\t\t\t\t\t\t<div class=\"elementor-spacer\">\n\t\t\t<div class=\"elementor-spacer-inner\"><\/div>\n\t\t<\/div>\n\t\t\t\t\t\t<\/div>\n\t\t\t\t<\/div>\n\t\t\t\t<div class=\"elementor-element elementor-element-57e9332 elementor-widget elementor-widget-text-editor\" data-id=\"57e9332\" data-element_type=\"widget\" data-e-type=\"widget\" data-widget_type=\"text-editor.default\">\n\t\t\t\t<div class=\"elementor-widget-container\">\n\t\t\t\t\t\t\t\t\t<ol><li>Envoyez vos fichiers PDF ou votre design pour obtenir un devis.<\/li><li>Vous recevrez un devis pr\u00e9cis et une date d&#039;ach\u00e8vement dans les 24 heures.<\/li><li>Apr\u00e8s validation, nous lan\u00e7ons l&#039;impression.<\/li><li>Retrait en personne \u00e0 Zabrze ou envoi par coursier.<\/li><\/ol>\t\t\t\t\t\t\t\t<\/div>\n\t\t\t\t<\/div>\n\t\t\t\t<div class=\"elementor-element elementor-element-a084360 elementor-button-default elementor-widget elementor-widget-button\" data-id=\"a084360\" data-element_type=\"widget\" data-e-type=\"widget\" data-widget_type=\"button.default\">\n\t\t\t\t<div class=\"elementor-widget-container\">\n\t\t\t\t\t\t\t\t\t<div class=\"elementor-button-wrapper\">\n\t\t\t\t\t<a class=\"elementor-button elementor-button-link elementor-size-sm\" href=\"https:\/\/drukarnia-danpol.pl\/fr\/kontakt\/\">\n\t\t\t\t\t\t<span class=\"elementor-button-content-wrapper\">\n\t\t\t\t\t\t\t\t\t<span class=\"elementor-button-text\">Demander un devis \u2192<\/span>\n\t\t\t\t\t<\/span>\n\t\t\t\t\t<\/a>\n\t\t\t\t<\/div>\n\t\t\t\t\t\t\t\t<\/div>\n\t\t\t\t<\/div>\n\t\t\t\t<\/div>\n\t\t\t\t<\/div>\n\t\t\t\t\t<\/div>\n\t\t\t\t<\/div>\n\t\t<div class=\"elementor-element elementor-element-eed4e48 e-flex e-con-boxed e-con e-parent\" data-id=\"eed4e48\" data-element_type=\"container\" data-e-type=\"container\">\n\t\t\t\t\t<div class=\"e-con-inner\">\n\t\t<div class=\"elementor-element elementor-element-9e6bb3f e-con-full e-flex e-con e-child\" data-id=\"9e6bb3f\" data-element_type=\"container\" data-e-type=\"container\">\n\t\t<div class=\"elementor-element elementor-element-968e592 e-con-full e-flex e-con e-child\" data-id=\"968e592\" data-element_type=\"container\" data-e-type=\"container\">\n\t\t\t\t<div class=\"elementor-element elementor-element-0ffca94 elementor-widget elementor-widget-heading\" data-id=\"0ffca94\" data-element_type=\"widget\" data-e-type=\"widget\" data-widget_type=\"heading.default\">\n\t\t\t\t<div class=\"elementor-widget-container\">\n\t\t\t\t\t<h2 class=\"elementor-heading-title elementor-size-default\">Qu\u2019est-ce qui influence la r\u00e9ception d\u2019un livre achev\u00e9, outre l\u2019impression elle-m\u00eame\u00a0?<\/h2>\t\t\t\t<\/div>\n\t\t\t\t<\/div>\n\t\t\t\t<div class=\"elementor-element elementor-element-c4e152f elementor-widget elementor-widget-spacer\" data-id=\"c4e152f\" data-element_type=\"widget\" data-e-type=\"widget\" data-widget_type=\"spacer.default\">\n\t\t\t\t<div class=\"elementor-widget-container\">\n\t\t\t\t\t\t\t<div class=\"elementor-spacer\">\n\t\t\t<div class=\"elementor-spacer-inner\"><\/div>\n\t\t<\/div>\n\t\t\t\t\t\t<\/div>\n\t\t\t\t<\/div>\n\t\t\t\t<div class=\"elementor-element elementor-element-184954f elementor-widget elementor-widget-text-editor\" data-id=\"184954f\" data-element_type=\"widget\" data-e-type=\"widget\" data-widget_type=\"text-editor.default\">\n\t\t\t\t<div class=\"elementor-widget-container\">\n\t\t\t\t\t\t\t\t\t<p class=\"p1\">Un lecteur ou un client final ne juge pas un livre uniquement sur son contenu. L&#039;aspect visuel de l&#039;ouvrage, sa prise en main, la solidit\u00e9 de la couverture et la qualit\u00e9 g\u00e9n\u00e9rale de l&#039;impression sont tout aussi importants. C&#039;est pourquoi des \u00e9l\u00e9ments qui, au premier abord, semblent souvent superflus, sont en r\u00e9alit\u00e9 si essentiels. <strong>Dorure \u00e0 chaud, gaufrage, marquage \u00e0 chaud ou vernis UV s\u00e9lectif<\/strong> Elles peuvent influencer consid\u00e9rablement la perception de l&#039;\u00e9dition finale. Une finition soign\u00e9e am\u00e9liore non seulement l&#039;esth\u00e9tique, mais aussi souvent la durabilit\u00e9 de la publication. C&#039;est particuli\u00e8rement important pour les livres destin\u00e9s \u00e0 la vente, aux pr\u00e9sentations et \u00e0 un usage professionnel, o\u00f9 la premi\u00e8re impression compte.<\/p>\t\t\t\t\t\t\t\t<\/div>\n\t\t\t\t<\/div>\n\t\t\t\t<\/div>\n\t\t\t\t<\/div>\n\t\t\t\t\t<\/div>\n\t\t\t\t<\/div>\n\t\t<div class=\"elementor-element elementor-element-9190521 e-flex e-con-boxed e-con e-parent\" data-id=\"9190521\" data-element_type=\"container\" data-e-type=\"container\" data-settings=\"{&quot;background_background&quot;:&quot;classic&quot;}\">\n\t\t\t\t\t<div class=\"e-con-inner\">\n\t\t<div class=\"elementor-element elementor-element-fc5004b e-con-full e-flex e-con e-child\" data-id=\"fc5004b\" data-element_type=\"container\" data-e-type=\"container\" data-settings=\"{&quot;background_background&quot;:&quot;classic&quot;}\">\n\t\t<div class=\"elementor-element elementor-element-554178d e-con-full e-flex e-con e-child\" data-id=\"554178d\" data-element_type=\"container\" data-e-type=\"container\" data-settings=\"{&quot;background_background&quot;:&quot;classic&quot;}\">\n\t\t\t\t<div class=\"elementor-element elementor-element-5f83433 elementor-widget elementor-widget-heading\" data-id=\"5f83433\" data-element_type=\"widget\" data-e-type=\"widget\" data-widget_type=\"heading.default\">\n\t\t\t\t<div class=\"elementor-widget-container\">\n\t\t\t\t\t<h2 class=\"elementor-heading-title elementor-size-default\">Imprimerie de livres pour les clients de Siemianowice \u015al\u0105skie et des environs<\/h2>\t\t\t\t<\/div>\n\t\t\t\t<\/div>\n\t\t\t\t<div class=\"elementor-element elementor-element-e1259ef elementor-widget elementor-widget-spacer\" data-id=\"e1259ef\" data-element_type=\"widget\" data-e-type=\"widget\" data-widget_type=\"spacer.default\">\n\t\t\t\t<div class=\"elementor-widget-container\">\n\t\t\t\t\t\t\t<div class=\"elementor-spacer\">\n\t\t\t<div class=\"elementor-spacer-inner\"><\/div>\n\t\t<\/div>\n\t\t\t\t\t\t<\/div>\n\t\t\t\t<\/div>\n\t\t\t\t<div class=\"elementor-element elementor-element-205ee6b elementor-widget elementor-widget-text-editor\" data-id=\"205ee6b\" data-element_type=\"widget\" data-e-type=\"widget\" data-widget_type=\"text-editor.default\">\n\t\t\t\t<div class=\"elementor-widget-container\">\n\t\t\t\t\t\t\t\t\t<p class=\"p1\">Nous traitons les commandes des clients de <strong>Siemianowice \u015al\u0105skie<\/strong> et les villes voisines, <strong>gestion de projets ponctuels et de volumes plus importants r\u00e9alis\u00e9s de mani\u00e8re cyclique<\/strong>. Pour certains, le plus grand avantage sera la capacit\u00e9 <strong>commande en ligne pratique<\/strong>, pour d&#039;autres, le fait que l&#039;imprimerie fonctionne r\u00e9ellement <strong>Sil\u00e9sie<\/strong> et, si n\u00e9cessaire, vous pouvez rapidement d\u00e9terminer les modalit\u00e9s de la coop\u00e9ration.<\/p><p class=\"p1\">Si vous recherchez un endroit o\u00f9 l&#039;impression de livres est consid\u00e9r\u00e9e comme un processus complet, et non comme un simple service technique ponctuel, <strong>DANPOL<\/strong> sera \u00e9galement un bon choix pour les projets r\u00e9alis\u00e9s avec <strong>Siemianowice \u015al\u0105skie<\/strong>.<\/p><p>Nous imprimons \u00e9galement pour d&#039;autres villes voisines telles que\u00a0:<\/p><ul><li class=\"p1\"><a href=\"https:\/\/drukarnia-danpol.pl\/fr\/drukarnia-ksiazek-gliwice\/\">Impression de livres \u00e0 Gliwice<\/a><\/li><li><a href=\"https:\/\/drukarnia-danpol.pl\/fr\/drukarnia-ksiazek-katowice\/\">Impression de livres \u00e0 Katowice<\/a><\/li><\/ul>\t\t\t\t\t\t\t\t<\/div>\n\t\t\t\t<\/div>\n\t\t\t\t<div class=\"elementor-element elementor-element-83ff27f elementor-button-default elementor-widget elementor-widget-button\" data-id=\"83ff27f\" data-element_type=\"widget\" data-e-type=\"widget\" data-widget_type=\"button.default\">\n\t\t\t\t<div class=\"elementor-widget-container\">\n\t\t\t\t\t\t\t\t\t<div class=\"elementor-button-wrapper\">\n\t\t\t\t\t<a class=\"elementor-button elementor-button-link elementor-size-sm\" href=\"https:\/\/drukarnia-danpol.pl\/fr\/kontakt\/\">\n\t\t\t\t\t\t<span class=\"elementor-button-content-wrapper\">\n\t\t\t\t\t\t\t\t\t<span class=\"elementor-button-text\">Contactez-nous \u2192<\/span>\n\t\t\t\t\t<\/span>\n\t\t\t\t\t<\/a>\n\t\t\t\t<\/div>\n\t\t\t\t\t\t\t\t<\/div>\n\t\t\t\t<\/div>\n\t\t\t\t<div class=\"elementor-element elementor-element-fe77e89 elementor-widget elementor-widget-spacer\" data-id=\"fe77e89\" data-element_type=\"widget\" data-e-type=\"widget\" data-widget_type=\"spacer.default\">\n\t\t\t\t<div class=\"elementor-widget-container\">\n\t\t\t\t\t\t\t<div class=\"elementor-spacer\">\n\t\t\t<div class=\"elementor-spacer-inner\"><\/div>\n\t\t<\/div>\n\t\t\t\t\t\t<\/div>\n\t\t\t\t<\/div>\n\t\t\t\t<div class=\"elementor-element elementor-element-81558a4 elementor-widget elementor-widget-html\" data-id=\"81558a4\" data-element_type=\"widget\" data-e-type=\"widget\" data-widget_type=\"html.default\">\n\t\t\t\t<div class=\"elementor-widget-container\">\n\t\t\t\t\t<iframe src=\"https:\/\/www.google.com\/maps\/embed?pb=!1m18!1m12!1m3!1d40978.824707079715!2d18.981995074948415!3d50.31234114033177!2m3!1f0!2f0!3f0!3m2!1i1024!2i768!4f13.1!3m3!1m2!1s0x4716d1856b6e7147%3A0xce181eb69a74764c!2sSiemianowice%20%C5%9Al%C4%85skie!5e1!3m2!1sen!2spl!4v1777574351865!5m2!1sen!2spl\" width=\"100%\" height=\"377\" style=\"border:0;\" allowfullscreen=\"\" loading=\"lazy\" referrerpolicy=\"no-referrer-when-downgrade\"><\/iframe>\t\t\t\t<\/div>\n\t\t\t\t<\/div>\n\t\t\t\t<\/div>\n\t\t\t\t<\/div>\n\t\t\t\t\t<\/div>\n\t\t\t\t<\/div>\n\t\t\t\t<\/div>","protected":false},"excerpt":{"rendered":"<p>Drukarnia ksi\u0105\u017cek Siemianowice \u015al\u0105skie S\u0105 ksi\u0105\u017cki, kt\u00f3re maj\u0105 po prostu zosta\u0107 wydrukowane, i s\u0105 takie, kt\u00f3re od pocz\u0105tku wymagaj\u0105 przemy\u015blanej realizacji. R\u00f3\u017cnica najcz\u0119\u015bciej wychodzi dopiero na ko\u0144cu &#8211; w jako\u015bci oprawy, wygodzie czytania, wygl\u0105dzie ok\u0142adki i tym, czy ca\u0142y nak\u0142ad trzyma r\u00f3wny poziom. Dlatego przy wyborze drukarni nie warto patrze\u0107 wy\u0142\u0105cznie na sam\u0105 cen\u0119 albo [&hellip;]<\/p>\n","protected":false},"author":149,"featured_media":0,"parent":0,"menu_order":0,"comment_status":"closed","ping_status":"closed","template":"","meta":{"footnotes":""},"class_list":["post-11761","page","type-page","status-publish","hentry"],"_links":{"self":[{"href":"https:\/\/drukarnia-danpol.pl\/fr\/wp-json\/wp\/v2\/pages\/11761","targetHints":{"allow":["GET"]}}],"collection":[{"href":"https:\/\/drukarnia-danpol.pl\/fr\/wp-json\/wp\/v2\/pages"}],"about":[{"href":"https:\/\/drukarnia-danpol.pl\/fr\/wp-json\/wp\/v2\/types\/page"}],"author":[{"embeddable":true,"href":"https:\/\/drukarnia-danpol.pl\/fr\/wp-json\/wp\/v2\/users\/149"}],"replies":[{"embeddable":true,"href":"https:\/\/drukarnia-danpol.pl\/fr\/wp-json\/wp\/v2\/comments?post=11761"}],"version-history":[{"count":10,"href":"https:\/\/drukarnia-danpol.pl\/fr\/wp-json\/wp\/v2\/pages\/11761\/revisions"}],"predecessor-version":[{"id":11772,"href":"https:\/\/drukarnia-danpol.pl\/fr\/wp-json\/wp\/v2\/pages\/11761\/revisions\/11772"}],"wp:attachment":[{"href":"https:\/\/drukarnia-danpol.pl\/fr\/wp-json\/wp\/v2\/media?parent=11761"}],"curies":[{"name":"wp","href":"https:\/\/api.w.org\/{rel}","templated":true}]}}