{"id":9978,"date":"2023-02-22T02:41:42","date_gmt":"2023-02-22T02:41:42","guid":{"rendered":"https:\/\/source.wpopal.com\/printec\/?page_id=5448"},"modified":"2026-01-28T13:25:01","modified_gmt":"2026-01-28T12:25:01","slug":"demander-un-devis","status":"publish","type":"page","link":"https:\/\/drukarnia-danpol.pl\/fr\/popros-o-wycene\/","title":{"rendered":"Demander un devis"},"content":{"rendered":"<div data-elementor-type=\"wp-page\" data-elementor-id=\"9978\" class=\"elementor elementor-9978\">\n\t\t\t\t\t\t<div class=\"elementor-section elementor-top-section elementor-element elementor-element-1dc69fa elementor-section-stretched elementor-section-boxed elementor-section-height-default elementor-section-height-default\" data-id=\"1dc69fa\" data-element_type=\"section\" data-e-type=\"section\" data-settings=\"{&quot;stretch_section&quot;:&quot;section-stretched&quot;}\">\n\t\t\t\t\t\t<div class=\"elementor-container elementor-column-gap-no\">\n\t\t\t\t\t<div class=\"elementor-column elementor-col-50 elementor-top-column elementor-element elementor-element-7518f0b\" data-id=\"7518f0b\" data-element_type=\"column\" data-e-type=\"column\">\n\t\t\t<div class=\"elementor-widget-wrap elementor-element-populated\">\n\t\t\t\t\t\t<div class=\"elementor-element elementor-element-8bf4187 elementor-widget__width-initial elementor-absolute elementor-widget elementor-widget-spacer\" data-id=\"8bf4187\" data-element_type=\"widget\" data-e-type=\"widget\" data-settings=\"{&quot;_position&quot;:&quot;absolute&quot;}\" data-widget_type=\"spacer.default\">\n\t\t\t\t<div class=\"elementor-widget-container\">\n\t\t\t\t\t\t\t<div class=\"elementor-spacer\">\n\t\t\t<div class=\"elementor-spacer-inner\"><\/div>\n\t\t<\/div>\n\t\t\t\t\t\t<\/div>\n\t\t\t\t<\/div>\n\t\t\t\t<div class=\"elementor-element elementor-element-d148925 elementor-widget__width-initial elementor-absolute elementor-widget elementor-widget-spacer\" data-id=\"d148925\" data-element_type=\"widget\" data-e-type=\"widget\" data-settings=\"{&quot;_position&quot;:&quot;absolute&quot;}\" data-widget_type=\"spacer.default\">\n\t\t\t\t<div class=\"elementor-widget-container\">\n\t\t\t\t\t\t\t<div class=\"elementor-spacer\">\n\t\t\t<div class=\"elementor-spacer-inner\"><\/div>\n\t\t<\/div>\n\t\t\t\t\t\t<\/div>\n\t\t\t\t<\/div>\n\t\t\n\t\t<div class=\"elementor-element elementor-element-4ca8735 elementor-widget__width-initial elementor-widget elementor-widget-printec_animated-headline\" data-id=\"4ca8735\" data-element_type=\"widget\" data-e-type=\"widget\" data-widget_type=\"printec_animated-headline.default\">\n\t\t\t\t<div class=\"elementor-widget-container\">\n\t\t\t\t\t        <h1  class=\"elementor-headline\">\n                    <span class=\"elementor-headline-plain-text elementor-headline-text-wrapper\">Z\u0142\u00f3\u017c zlecenie<\/span>\n                <span class=\"elementor-headline-dynamic-wrapper elementor-headline-text-wrapper\">\n                    <span class=\"elementor-headline-dynamic-text elementor-headline-text-active\">druku ksi\u0105\u017cek<\/span>\n        \t\t<\/span>\n                    <span class=\"elementor-headline-plain-text elementor-headline-text-wrapper\">lub popro\u015b o wycen\u0119<\/span>\n                <\/h1>\n        \t\t\t\t<\/div>\n\t\t\t\t<\/div>\n\t\t\t\t<div class=\"elementor-element elementor-element-958f059 elementor-widget elementor-widget-image\" data-id=\"958f059\" data-element_type=\"widget\" data-e-type=\"widget\" data-widget_type=\"image.default\">\n\t\t\t\t<div class=\"elementor-widget-container\">\n\t\t\t\t\t\t\t\t\t\t\t\t\t\t\t<img decoding=\"async\" src=\"https:\/\/source.wpopal.com\/printec\/wp-content\/uploads\/2023\/02\/h1_img-7.png\" title=\"\" alt=\"\" loading=\"lazy\" \/>\t\t\t\t\t\t\t\t\t\t\t\t\t\t\t<\/div>\n\t\t\t\t<\/div>\n\t\t\t\t<div class=\"elementor-element elementor-element-2c6ac4b elementor-widget elementor-widget-text-editor\" data-id=\"2c6ac4b\" data-element_type=\"widget\" data-e-type=\"widget\" data-widget_type=\"text-editor.default\">\n\t\t\t\t<div class=\"elementor-widget-container\">\n\t\t\t\t\t\t\t\t\t<p class=\"p1\">Chcesz zam\u00f3wi\u0107 <strong>druk ksi\u0105\u017cki, katalogu, ulotki lub materia\u0142\u00f3w reklamowych<\/strong>? A mo\u017ce potrzebujesz indywidualnej wyceny? Wype\u0142nij formularz &#8211; im wi\u0119cej szczeg\u00f3\u0142\u00f3w podasz, tym szybciej i dok\u0142adniej przygotujemy ofert\u0119.<\/p><p class=\"p1\">Dla wi\u0119kszo\u015bci projekt\u00f3w drukarskich (np. <strong>ksi\u0105\u017cki, broszury, ulotki, wizyt\u00f3wki<\/strong>) potrzebujemy informacji takich jak: format, nak\u0142ad, gramatura papieru, kolorystyka (<span class=\"s1\">4<\/span>\/<span class=\"s1\">4<\/span>, <span class=\"s1\">1<\/span>\/<span class=\"s1\">0<\/span> itd.), jednostronny czy dwustronny druk oraz dodatkowe uszlachetnienia &#8211; np. foliowanie, bigowanie, lakier UV.<\/p><p class=\"p1\">W przypadku ksi\u0105\u017cek mo\u017cesz te\u017c zaznaczy\u0107 typ oprawy, liczby stron, rodzaj papieru \u015brodka i ok\u0142adki. Za\u0142\u0105cz plik lub opisz projekt a my zajmiemy si\u0119 reszt\u0105!<\/p><p class=\"p1\">Je\u015bli masz pytania to <strong>skontaktuj si\u0119 z nami, ch\u0119tnie doradzimy<\/strong>.<\/p>\t\t\t\t\t\t\t\t<\/div>\n\t\t\t\t<\/div>\n\t\t\t\t\t<\/div>\n\t\t<\/div>\n\t\t\t\t<div class=\"elementor-column elementor-col-50 elementor-top-column elementor-element elementor-element-2b2aa52\" data-id=\"2b2aa52\" data-element_type=\"column\" data-e-type=\"column\" data-settings=\"{&quot;background_background&quot;:&quot;classic&quot;}\">\n\t\t\t<div class=\"elementor-widget-wrap elementor-element-populated\">\n\t\t\t\t\t\t<div class=\"elementor-element elementor-element-22a28a1 elementor-widget elementor-widget-heading\" data-id=\"22a28a1\" data-element_type=\"widget\" data-e-type=\"widget\" data-widget_type=\"heading.default\">\n\t\t\t\t<div class=\"elementor-widget-container\">\n\t\t\t\t\t<h2 class=\"elementor-heading-title elementor-size-default\">Zam\u00f3wienie, wycena lub pytanie na temat druku ksi\u0105\u017cek?<\/h2>\t\t\t\t<\/div>\n\t\t\t\t<\/div>\n\t\t\t\t<div class=\"elementor-element elementor-element-a841ee9 elementor-widget elementor-widget-text-editor\" data-id=\"a841ee9\" data-element_type=\"widget\" data-e-type=\"widget\" data-widget_type=\"text-editor.default\">\n\t\t\t\t<div class=\"elementor-widget-container\">\n\t\t\t\t\t\t\t\t\t<p>Wype\u0142nij formularz a nasz zesp\u00f3\u0142 odpowie najszybciej, jak to mo\u017cliwe.<\/p>\t\t\t\t\t\t\t\t<\/div>\n\t\t\t\t<\/div>\n\t\t\t\t<div class=\"elementor-element elementor-element-07c2701 elementor-widget elementor-widget-printec-contactform\" data-id=\"07c2701\" data-element_type=\"widget\" data-e-type=\"widget\" data-widget_type=\"printec-contactform.default\">\n\t\t\t\t<div class=\"elementor-widget-container\">\n\t\t\t\t\t\n<div class=\"wpcf7 no-js\" id=\"wpcf7-f9750-o1\" lang=\"en-US\" dir=\"ltr\" data-wpcf7-id=\"9750\">\n<div class=\"screen-reader-response\"><p role=\"status\" aria-live=\"polite\" aria-atomic=\"true\"><\/p> <ul><\/ul><\/div>\n<form action=\"\/fr\/wp-json\/wp\/v2\/pages\/9978#wpcf7-f9750-o1\" method=\"post\" class=\"wpcf7-form init\" aria-label=\"Contact form\" enctype=\"multipart\/form-data\" novalidate=\"novalidate\" data-status=\"init\" data-trp-original-action=\"\/fr\/wp-json\/wp\/v2\/pages\/9978#wpcf7-f9750-o1\">\n<fieldset class=\"hidden-fields-container\"><input type=\"hidden\" name=\"_wpcf7\" value=\"9750\" \/><input type=\"hidden\" name=\"_wpcf7_version\" value=\"6.1.5\" \/><input type=\"hidden\" name=\"_wpcf7_locale\" value=\"en_US\" \/><input type=\"hidden\" name=\"_wpcf7_unit_tag\" value=\"wpcf7-f9750-o1\" \/><input type=\"hidden\" name=\"_wpcf7_container_post\" value=\"0\" \/><input type=\"hidden\" name=\"_wpcf7_posted_data_hash\" value=\"\" \/><input type=\"hidden\" name=\"_wpcf7_recaptcha_response\" value=\"\" \/>\n<\/fieldset>\n<div class=\"form-rq\">\n\t<div class=\"row ct-form-2\">\n\n <!-- Temat zg\u0142oszenia -->\n\t\t<div class=\"column-12 column-tablet-12 column-desktop-12\">\n\t\t\t<div class=\"text\">\n\t\t\t\t<div class=\"ct-header\">\n\t\t\t\t\t<p>Temat\n\t\t\t\t\t<\/p>\n\t\t\t\t<\/div>\n\t\t\t\t<div class=\"ct-sub\">\n\t\t\t\t\t<p>Co najlepiej opisuje Twoje zapytanie?\n\t\t\t\t\t<\/p>\n\t\t\t\t<\/div>\n\t\t\t<\/div>\n\t\t\t<p><span class=\"wpcf7-form-control-wrap\" data-name=\"your-option\"><select class=\"wpcf7-form-control wpcf7-select wpcf7-validates-as-required\" aria-required=\"true\" aria-invalid=\"false\" name=\"your-option\"><option value=\"Pro\u015bba o wycen\u0119\">Pro\u015bba o wycen\u0119<\/option><option value=\"Zam\u00f3wienie druku\">Zam\u00f3wienie druku<\/option><option value=\"Pytanie techniczne\">Pytanie techniczne<\/option><option value=\"Projekt graficzny\">Projekt graficzny<\/option><option value=\"Digitalizacja \/ skanowanie\">Digitalizacja \/ skanowanie<\/option><option value=\"Inne\">Inne<\/option><\/select><\/span>\n\t\t\t<\/p>\n\t\t<\/div>\n\n <!-- Wiadomo\u015b\u0107 -->\n\t\t<div class=\"column-12 column-tablet-12 column-desktop-12\">\n\t\t\t<div class=\"text\">\n\t\t\t\t<div class=\"ct-header\">\n\t\t\t\t\t<p>Twoja wiadomo\u015b\u0107\n\t\t\t\t\t<\/p>\n\t\t\t\t<\/div>\n\t\t\t\t<div class=\"ct-sub\">\n\t\t\t\t\t<p>Opisz sw\u00f3j projekt jak najdok\u0142adniej (np. format, ilo\u015b\u0107 stron, nak\u0142ad, oprawa, kolorystyka itp.)\n\t\t\t\t\t<\/p>\n\t\t\t\t<\/div>\n\t\t\t<\/div>\n\t\t\t<div class=\"message\">\n\t\t\t\t<p><span class=\"wpcf7-form-control-wrap\" data-name=\"your-message\"><textarea cols=\"40\" rows=\"6\" maxlength=\"2000\" class=\"wpcf7-form-control wpcf7-textarea wpcf7-validates-as-required\" aria-required=\"true\" aria-invalid=\"false\" placeholder=\"Wiadomo\u015b\u0107\" name=\"your-message\"><\/textarea><\/span>\n\t\t\t\t<\/p>\n\t\t\t<\/div>\n\t\t\t<div class=\"text\">\n\t\t\t\t<div class=\"ct-header\">\n\t\t\t\t\t<p>Pliki projektu\n\t\t\t\t\t<\/p>\n\t\t\t\t<\/div>\n\t\t\t\t<div class=\"ct-sub\">\n\t\t\t\t\t<p>Je\u015bli posiadasz gotowe pliki produkcyjne lub projekt graficzny, za\u0142\u0105cz je tutaj (PDF, JPG, PNG, ZIP).<br \/>\nNa ich podstawie przygotujemy precyzyjn\u0105 wycen\u0119.\n\t\t\t\t\t<\/p>\n\t\t\t\t<\/div>\n\t\t\t<\/div>\n\t\t\t<div>\n\t\t\t\t<p><div id=\"mfcf7_zl_multifilecontainer\"><span class=\"mfcf7-zl-multiline-sample\" style=\"display:none\"><p class=\"wpcf7-form-control-wrap multilinefile-571\"><input size=\"40\" class=\"wpcf7-form-control wpcf7-multilinefile\" multiple=\"multiple\" value=\"Wgraj pliki\" aria-invalid=\"false\" type=\"file\" name=\"multilinefile-571[]\" \/> <span class=\"mfcf7-zl-multifile-name\"><\/span><a href=\"javascript:void(0);\" class=\"mfcf7_zl_delete_file\"><span class=\"delete-file\" aria-hidden=\"true\">&#x274C;<\/span><\/a><\/p><\/span><\/div><span class=\"wpcf7-form-control-wrap zl-form-control-wrap multilinefile-571\"><input size=\"40\" class=\"wpcf7-form-control wpcf7-multilinefile\" multiple=\"multiple\" value=\"Wgraj pliki\" aria-invalid=\"false\" type=\"file\" name=\"multilinefile-571[]\" \/> <span class=\"mfcf7-zl-multifile-name\"><\/span><a href=\"javascript:void(0);\" class=\"mfcf7_zl_delete_file\"><span class=\"delete-file\" aria-hidden=\"true\">&#x274C;<\/span><\/a><\/span><p><label><span class=\"wpcf7-form-control-wrap\" data-name=\"multilinefile-571-zl-mfcf7-upld-btn\"><input type=\"button\" name=\"multilinefile-571-zl-mfcf7-upld-btn\" class=\"button button-primary qbutton\" id=\"mfcf7_zl_add_file\" value=\"Wgraj pliki\"><\/span><\/label><\/p>\n\t\t\t\t<\/p>\n\t\t\t<\/div>\n\t\t<\/div>\n\n <!-- Dane kontaktowe -->\n\t\t<div class=\"column-12 column-tablet-12 column-desktop-12\">\n\t\t\t<div class=\"text\">\n\t\t\t\t<div class=\"ct-header\">\n\t\t\t\t\t<p>Dane kontaktowe\n\t\t\t\t\t<\/p>\n\t\t\t\t<\/div>\n\t\t\t<\/div>\n\t\t\t<div class=\"row\">\n\t\t\t\t<div class=\"column-12 column-tablet-6 column-desktop-6\">\n\t\t\t\t\t<p><span class=\"wpcf7-form-control-wrap\" data-name=\"your-name\"><input size=\"40\" maxlength=\"400\" class=\"wpcf7-form-control wpcf7-text wpcf7-validates-as-required\" aria-required=\"true\" aria-invalid=\"false\" placeholder=\"Imi\u0119\" value=\"\" type=\"text\" name=\"your-name\" \/><\/span>\n\t\t\t\t\t<\/p>\n\t\t\t\t<\/div>\n\t\t\t\t<div class=\"column-12 column-tablet-6 column-desktop-6\">\n\t\t\t\t\t<p><span class=\"wpcf7-form-control-wrap\" data-name=\"your-surname\"><input size=\"40\" maxlength=\"400\" class=\"wpcf7-form-control wpcf7-text wpcf7-validates-as-required\" aria-required=\"true\" aria-invalid=\"false\" placeholder=\"Nazwisko\" value=\"\" type=\"text\" name=\"your-surname\" \/><\/span>\n\t\t\t\t\t<\/p>\n\t\t\t\t<\/div>\n\t\t\t\t<div class=\"column-12 column-tablet-6 column-desktop-6\">\n\t\t\t\t\t<p><span class=\"wpcf7-form-control-wrap\" data-name=\"your-email\"><input size=\"40\" maxlength=\"400\" class=\"wpcf7-form-control wpcf7-email wpcf7-validates-as-required wpcf7-text wpcf7-validates-as-email\" aria-required=\"true\" aria-invalid=\"false\" placeholder=\"Adres e-mail\" value=\"\" type=\"email\" name=\"your-email\" \/><\/span>\n\t\t\t\t\t<\/p>\n\t\t\t\t<\/div>\n\t\t\t\t<div class=\"column-12 column-tablet-6 column-desktop-6\">\n\t\t\t\t\t<p><span class=\"wpcf7-form-control-wrap\" data-name=\"your-phone\"><input size=\"40\" maxlength=\"400\" class=\"wpcf7-form-control wpcf7-tel wpcf7-validates-as-required wpcf7-text wpcf7-validates-as-tel\" aria-required=\"true\" aria-invalid=\"false\" placeholder=\"Numer telefonu\" value=\"\" type=\"tel\" name=\"your-phone\" \/><\/span>\n\t\t\t\t\t<\/p>\n\t\t\t\t<\/div>\n\t\t\t\t<div class=\"column-12 column-tablet-12 column-desktop-12\">\n\t\t\t\t\t<p><span class=\"wpcf7-form-control-wrap\" data-name=\"your-product\"><input size=\"40\" maxlength=\"400\" class=\"wpcf7-form-control wpcf7-text\" aria-invalid=\"false\" placeholder=\"Nazwa produktu lub us\u0142ugi (opcjonalnie)\" value=\"\" type=\"text\" name=\"your-product\" \/><\/span>\n\t\t\t\t\t<\/p>\n\t\t\t\t<\/div>\n\t\t\t<\/div>\n\t\t<\/div>\n\n <!-- Przycisk wy\u015blij -->\n\t\t<div class=\"column-12 column-tablet-12 column-desktop-12\">\n\t\t\t<div class=\"wpcf7-button\">\n\t\t\t\t<p><input class=\"wpcf7-form-control wpcf7-submit has-spinner btn-theme\" type=\"submit\" value=\"Demander un devis\" \/>\n\t\t\t\t<\/p>\n\t\t\t<\/div>\n\t\t<\/div>\n\t<\/div>\n<\/div><div class=\"wpcf7-response-output\" aria-hidden=\"true\"><\/div>\n<input type=\"hidden\" name=\"trp-form-language\" value=\"fr\"\/><\/form>\n<\/div>\n\t\t\t\t<\/div>\n\t\t\t\t<\/div>\n\t\t\t\t\t<\/div>\n\t\t<\/div>\n\t\t\t\t\t<\/div>\n\t\t<\/div>\n\t\t\t\t<\/div>","protected":false},"excerpt":{"rendered":"<p>Z\u0142\u00f3\u017c zlecenie druku ksi\u0105\u017cek lub popro\u015b o wycen\u0119 Chcesz zam\u00f3wi\u0107 druk ksi\u0105\u017cki, katalogu, ulotki lub materia\u0142\u00f3w reklamowych? A mo\u017ce potrzebujesz indywidualnej wyceny? Wype\u0142nij formularz &#8211; im wi\u0119cej szczeg\u00f3\u0142\u00f3w podasz, tym szybciej i dok\u0142adniej przygotujemy ofert\u0119. Dla wi\u0119kszo\u015bci projekt\u00f3w drukarskich (np. ksi\u0105\u017cki, broszury, ulotki, wizyt\u00f3wki) potrzebujemy informacji takich jak: format, nak\u0142ad, gramatura papieru, kolorystyka (4\/4, 1\/0 [&hellip;]<\/p>\n","protected":false},"author":1,"featured_media":0,"parent":0,"menu_order":0,"comment_status":"closed","ping_status":"closed","template":"template-homepage.php","meta":{"footnotes":""},"class_list":["post-9978","page","type-page","status-publish","hentry"],"_links":{"self":[{"href":"https:\/\/drukarnia-danpol.pl\/fr\/wp-json\/wp\/v2\/pages\/9978","targetHints":{"allow":["GET"]}}],"collection":[{"href":"https:\/\/drukarnia-danpol.pl\/fr\/wp-json\/wp\/v2\/pages"}],"about":[{"href":"https:\/\/drukarnia-danpol.pl\/fr\/wp-json\/wp\/v2\/types\/page"}],"author":[{"embeddable":true,"href":"https:\/\/drukarnia-danpol.pl\/fr\/wp-json\/wp\/v2\/users\/1"}],"replies":[{"embeddable":true,"href":"https:\/\/drukarnia-danpol.pl\/fr\/wp-json\/wp\/v2\/comments?post=9978"}],"version-history":[{"count":7,"href":"https:\/\/drukarnia-danpol.pl\/fr\/wp-json\/wp\/v2\/pages\/9978\/revisions"}],"predecessor-version":[{"id":11473,"href":"https:\/\/drukarnia-danpol.pl\/fr\/wp-json\/wp\/v2\/pages\/9978\/revisions\/11473"}],"wp:attachment":[{"href":"https:\/\/drukarnia-danpol.pl\/fr\/wp-json\/wp\/v2\/media?parent=9978"}],"curies":[{"name":"wp","href":"https:\/\/api.w.org\/{rel}","templated":true}]}}