{"id":10422,"date":"2025-05-01T13:39:59","date_gmt":"2025-05-01T11:39:59","guid":{"rendered":"https:\/\/drukarnia-danpol.pl\/?post_type=product&#038;p=10422"},"modified":"2026-03-23T14:25:16","modified_gmt":"2026-03-23T13:25:16","slug":"livres-eco","status":"publish","type":"product","link":"https:\/\/drukarnia-danpol.pl\/fr\/produkt\/ksiazki-eko\/","title":{"rendered":"Livres \u00e9cologiques"},"content":{"rendered":"<h2 style=\"font-size: 34px;\"><b>Livres DANPOL EKO en papier recycl\u00e9<\/b><b><\/b><\/h2>\n<p class=\"p3\">Votre texte m\u00e9rite une \u00e9dition \u00e9cologique. Dans la version ECO <strong>Nous imprimons nos livres sur du papier recycl\u00e9 certifi\u00e9.<\/strong>.<\/p>\n<p class=\"p3\"><span class=\"s1\"><b>\u00a0 \u00a0 \u00a0 \u00a0 \u00a0 \u00a0Document \u00e9cologique<\/b><\/span>Nautilus, SuperWhite, blanc, non couch\u00e9, p\u00e2te recycl\u00e9e 100%, 80 g\/m\u00b2, certifi\u00e9 FSC Recycled 100%<\/p>\n<p>\u00a0 \u00a0 \u00a0 \u00a0 \u00a0 \u00a0 \u00a0 \u00a0 \u00a0 \u00a0 \u00a0 \u00a0 \u00a0 \u00a0 \u00a0 \u00a0 \u00a0 \u00a0 \u00a0 \u00a0 \u00a0 \u00a0 \u00a0 Cocoon, SOIE, satin, couch\u00e9 double face, blanc, p\u00e2te recycl\u00e9e 100%, cr\u00e9dit FSC Recycled<\/p>\n<ul>\n<li>\n<p class=\"p1\"><span class=\"s1\"><b>Impression durable<\/b><\/span>: peintures \u00e0 base d&#039;eau.<\/p>\n<\/li>\n<li>\n<p class=\"p1\"><span class=\"s1\"><b>Installations<\/b><\/span>: doux<\/p>\n<\/li>\n<li>\n<p class=\"p1\"><span class=\"s1\"><b>Circulation<\/b><\/span>: \u00e0 partir d&#039;un exemplaire \u2013 impression num\u00e9rique ou offset selon le volume.<\/p>\n<\/li>\n<\/ul>\n<p><strong>Choisir des livres \u00e9cologiques<\/strong>, Vous obtenez ainsi un produit professionnel, esth\u00e9tique et respectueux de l&#039;environnement.<\/p>\n<p><strong>Livres imprim\u00e9s sur papier \u00e9cologique par notre imprimerie DANPOL<\/strong> Cette option s&#039;adresse aux auteurs, aux \u00e9diteurs et aux entreprises qui se soucient non seulement du contenu, mais aussi de l&#039;impact de l&#039;\u00e9dition sur l&#039;environnement. <strong>L&#039;impression est r\u00e9alis\u00e9e sur du papier recycl\u00e9 certifi\u00e9.<\/strong> \u00e0 l&#039;int\u00e9rieur comme sur la couverture, ce qui signifie une empreinte \u00e9cologique r\u00e9duite sans sacrifier la qualit\u00e9. <strong>Papier Nautilus SuperWhite 80 g<\/strong> \u00e0 forte teneur en mati\u00e8res recycl\u00e9es et \u00e9cologique <strong>Couverture Cocoon 250 g<\/strong> Ils cr\u00e9ent une publication coh\u00e9rente et \u00e9cologique, agr\u00e9able \u00e0 lire et esth\u00e9tiquement plaisante. Vous pouvez choisir parmi diff\u00e9rents formats, couleurs et finitions, et chaque exemplaire est r\u00e9alis\u00e9 avec un souci du d\u00e9tail \u2013 de l&#039;impression num\u00e9rique \u00e0 l&#039;offset, selon le tirage et la conception. Gr\u00e2ce \u00e0 cela <strong>Livres \u00e9cologiques<\/strong> sont une solution qui allie impression durable et aspect professionnel de la publication finale.<\/p>\n<h2 style=\"font-size: 34px;\">Impression de livres \u00e9cologiques \u00e0 Zabrze ou boutique en ligne<\/h2>\n<p>En choisissant la variante ECO dans notre imprimerie de Zabrze, vous b\u00e9n\u00e9ficiez non seulement d&#039;un produit respectueux de l&#039;environnement, mais aussi d&#039;un avantage tarifaire. <strong>Remise automatique 5% lors de la commande de cette variante de livre<\/strong>, visible apr\u00e8s ajout au panier. Le papier \u00e9cologique et les encres \u00e0 base d&#039;eau font de cette publication un choix populaire aupr\u00e8s des auteurs auto\u00e9dit\u00e9s, des \u00e9diteurs et des entreprises qui planifient des s\u00e9ries \u00e9ducatives, des guides ou des publications institutionnelles.<\/p>\n<p><strong>Notre imprimerie locale<\/strong> Elle allie les valeurs traditionnelles d&#039;une production responsable \u00e0 une approche moderne de la commande en ligne, ce qui garantit une ex\u00e9cution efficace m\u00eame avec des d\u00e9lais serr\u00e9s. <strong>Vous pouvez commander les livres EKO avec livraison \u00e0 domicile, au bureau ou dans votre entreprise.<\/strong>, tout en soulignant le caract\u00e8re socialement responsable de sa publication.<\/p>\n<h2 style=\"font-size: 34px;\">Pourquoi est-il judicieux de choisir du papier recycl\u00e9 pour l&#039;impression de livres\u00a0?<\/h2>\n<p>Le papier recycl\u00e9 est un choix important non seulement pour l&#039;environnement, mais aussi pour les destinataires de votre livre. <strong>De plus en plus de lecteurs et de partenaires commerciaux s&#039;int\u00e9ressent au d\u00e9veloppement durable.<\/strong> et des actions socialement responsables ; par cons\u00e9quent, les publications cr\u00e9\u00e9es sur du papier \u00e9cologique acqui\u00e8rent une valeur ajout\u00e9e.<\/p>\n<p>Ce type de papier est fabriqu\u00e9 \u00e0 partir de mati\u00e8res premi\u00e8res recycl\u00e9es, ce qui r\u00e9duit la consommation d&#039;\u00e9nergie et d&#039;eau ainsi que les \u00e9missions de CO\u2082 associ\u00e9es \u00e0 la production de papier brut, tout en maintenant de bons param\u00e8tres d&#039;impression. <strong>le ton naturel et l\u00e9g\u00e8rement cr\u00e9meux des pages, que beaucoup associent \u00e0 une exp\u00e9rience de lecture traditionnelle et agr\u00e9able<\/strong>. L\u2019impression de livres \u00e9cologiques constitue ainsi une solution qui allie esth\u00e9tique, fonctionnalit\u00e9 et respect des g\u00e9n\u00e9rations futures de lecteurs.<\/p>","protected":false},"excerpt":{"rendered":"<h2 style=\"font-size: 34px;\">Impression de livres \u00e9cologiques sur papier recycl\u00e9 certifi\u00e9<\/h2>\n<p class=\"p1\">Les pages centrales sont imprim\u00e9es sur du papier Nautilus 80g, SuperWhite, blanc, non couch\u00e9, 100% en p\u00e2te recycl\u00e9e.<\/p>\n<p class=\"p1\">Film d&#039;emballage Cocoon, SOIE, satin, enduit double face, blanc, p\u00e2te recycl\u00e9e 100%, 250 g\/m\u00b2<\/p>\n<p class=\"p1\"><strong>Couverture artisanale couleur cr\u00e8me naturelle<\/strong> lui conf\u00e9rer un caract\u00e8re \u00e9cologique tout en garantissant une qualit\u00e9 d&#039;impression professionnelle d\u00e8s le premier exemplaire.<\/p>\n<div style=\"background-color: #e5f7e0; border-left: 6px solid #4caf50; padding: 12px; margin-top: 16px; border-radius: 8px;\">\n<p><strong>\ud83c\udf3f \u00c9co-premium :<\/strong> Lors de la commande d&#039;un livre dans le <strong>\u00c9CO<\/strong> vous recevez automatiquement <strong>remise 5%<\/strong> en signe de notre soutien aux choix responsables en mati\u00e8re d&#039;impression respectueuse de l&#039;environnement.<\/p>\n<p><em>La r\u00e9duction est visible apr\u00e8s l&#039;ajout du produit au panier.<\/em><\/p>\n<\/div>","protected":false},"featured_media":10932,"template":"","meta":[],"product_cat":[85],"product_tag":[97,103,101,96,104,98,99,95,100,102],"class_list":{"0":"post-10422","1":"product","2":"type-product","3":"status-publish","4":"has-post-thumbnail","6":"product_cat-ksiazki","7":"product_tag-biodegradowalny-papier","8":"product_tag-certyfikat-fsc","9":"product_tag-druk-bez-chemii","10":"product_tag-druk-ekologiczny","11":"product_tag-druk-niskonakladowy","12":"product_tag-ksiazki-na-zamowienie","13":"product_tag-miekka-oprawa","14":"product_tag-papier-ekologiczny","15":"product_tag-selfpublishing","16":"product_tag-zrownowazony-druk","18":"first","19":"instock","20":"taxable","21":"shipping-taxable","22":"purchasable","23":"product-type-simple"},"_links":{"self":[{"href":"https:\/\/drukarnia-danpol.pl\/fr\/wp-json\/wp\/v2\/product\/10422","targetHints":{"allow":["GET"]}}],"collection":[{"href":"https:\/\/drukarnia-danpol.pl\/fr\/wp-json\/wp\/v2\/product"}],"about":[{"href":"https:\/\/drukarnia-danpol.pl\/fr\/wp-json\/wp\/v2\/types\/product"}],"version-history":[{"count":6,"href":"https:\/\/drukarnia-danpol.pl\/fr\/wp-json\/wp\/v2\/product\/10422\/revisions"}],"predecessor-version":[{"id":11482,"href":"https:\/\/drukarnia-danpol.pl\/fr\/wp-json\/wp\/v2\/product\/10422\/revisions\/11482"}],"wp:featuredmedia":[{"embeddable":true,"href":"https:\/\/drukarnia-danpol.pl\/fr\/wp-json\/wp\/v2\/media\/10932"}],"wp:attachment":[{"href":"https:\/\/drukarnia-danpol.pl\/fr\/wp-json\/wp\/v2\/media?parent=10422"}],"wp:term":[{"taxonomy":"product_cat","embeddable":true,"href":"https:\/\/drukarnia-danpol.pl\/fr\/wp-json\/wp\/v2\/product_cat?post=10422"},{"taxonomy":"product_tag","embeddable":true,"href":"https:\/\/drukarnia-danpol.pl\/fr\/wp-json\/wp\/v2\/product_tag?post=10422"}],"curies":[{"name":"wp","href":"https:\/\/api.w.org\/{rel}","templated":true}]}}